{"id":12648,"date":"2022-02-23T13:04:32","date_gmt":"2022-02-23T12:04:32","guid":{"rendered":"https:\/\/semmelweis.hu\/gytk\/?page_id=12648"},"modified":"2023-09-21T11:30:29","modified_gmt":"2023-09-21T09:30:29","slug":"kari-tanacs-valasztas-2022","status":"publish","type":"page","link":"https:\/\/semmelweis.hu\/gytk\/a-karrol\/kari-tanacs\/kari-tanacs-valasztas-2022\/","title":{"rendered":"KARI TAN\u00c1CS V\u00c1LASZT\u00c1S 2022."},"content":{"rendered":"<p><a href=\"https:\/\/semmelweis.hu\/gytk\/files\/2022\/02\/SE_GYTK_Kar_Kari_Tanacs_valasztas_2022_valasztasi_kiiras.pdf\" target=\"_blank\" rel=\"noopener\">V\u00e1laszt\u00e1si ki\u00edr\u00e1s<\/a><br \/>\n<a href=\"https:\/\/semmelweis.hu\/gytk\/files\/2022\/02\/GYTK-Kari-Tanacs-valasztas-naptar-2022.pdf\" target=\"_blank\" rel=\"noopener\">V\u00e1laszt\u00e1si napt\u00e1r<\/a><br \/>\n<a href=\"https:\/\/semmelweis.hu\/gytk\/files\/2022\/03\/TAJEKOZTATO-a-Valasztasi-Bizottsag-szemelyi-osszetetelerol-valasztasi-kozremukodok.pdf\" target=\"_blank\" rel=\"noopener\">T\u00c1J\u00c9KOZTAT\u00d3 a V\u00e1laszt\u00e1si Bizotts\u00e1g szem\u00e9lyi \u00f6sszet\u00e9tel\u00e9r\u0151l, v\u00e1laszt\u00e1si k\u00f6zrem\u0171k\u00f6d\u0151k<\/a><br \/>\n<a href=\"https:\/\/semmelweis.hu\/gytk\/files\/2022\/03\/tajekoztato_valasztasra_jogosultak_reszere_20220228_honlapra.pdf\" target=\"_blank\" rel=\"noopener\">T\u00c1J\u00c9KOZTAT\u00d3 v\u00e1laszt\u00e1sra jogosultak r\u00e9sz\u00e9re<\/a><br \/>\n<a href=\"https:\/\/semmelweis.hu\/gytk\/files\/2022\/02\/ajanloiv_minta_KT_valasztas.docx\" target=\"_blank\" rel=\"noopener\">Aj\u00e1nl\u00f3\u00edv minta<\/a><br \/>\n<a href=\"https:\/\/semmelweis.hu\/gytk\/files\/2022\/02\/S-Z-A-V-A-Z-O-L-A-P_minta_KT_valasztas_2022.docx\" target=\"_blank\" rel=\"noopener\">Szavaz\u00f3lap minta<\/a><\/p>\n<p>V\u00e1laszt\u00e1si Bizotts\u00e1g hat\u00e1rozatai<\/p>\n<ul>\n<li><a href=\"https:\/\/semmelweis.hu\/gytk\/files\/2022\/03\/1_20220307GYTKKT_VB.pdf\" target=\"_blank\" rel=\"noopener\">1\/2022 (03.07.) GYTKKT-VB<\/a><\/li>\n<li><a href=\"https:\/\/semmelweis.hu\/gytk\/files\/2022\/03\/2_202203_17GYTKKT-VB.pdf\" target=\"_blank\" rel=\"noopener\">2\/2022 (03.17.) GYTKKT-VB<\/a><\/li>\n<li><a href=\"https:\/\/semmelweis.hu\/gytk\/files\/2022\/03\/3_202203_29GYTKKT_VB.pdf\" target=\"_blank\" rel=\"noopener\">3\/2022 (03. 29.)GYTKKT-VB<\/a><\/li>\n<\/ul>\n<p>&nbsp;<\/p>\n","protected":false},"excerpt":{"rendered":"<p><a href=\"https:\/\/semmelweis.hu\/gytk\/files\/2022\/02\/SE_GYTK_Kar_Kari_Tanacs_valasztas_2022_valasztasi_kiiras.pdf\" target=\"_blank\" rel=\"noopener\">V\u00e1laszt\u00e1si ki\u00edr\u00e1s<\/a><br \/>\n<a href=\"https:\/\/semmelweis.hu\/gytk\/files\/2022\/02\/GYTK-Kari-Tanacs-valasztas-naptar-2022.pdf\" target=\"_blank\" rel=\"noopener\">V\u00e1laszt\u00e1si napt\u00e1r<\/a><br \/>\n<a href=\"https:\/\/semmelweis.hu\/gytk\/files\/2022\/03\/TAJEKOZTATO-a-Valasztasi-Bizottsag-szemelyi-osszetetelerol-valasztasi-kozremukodok.pdf\" target=\"_blank\" rel=\"noopener\">T\u00c1J\u00c9KOZTAT\u00d3 a V\u00e1laszt\u00e1si Bizotts\u00e1g szem\u00e9lyi \u00f6sszet\u00e9tel\u00e9r\u0151l, v\u00e1laszt\u00e1si k\u00f6zrem\u0171k\u00f6d\u0151k<\/a><br \/>\n<a href=\"https:\/\/semmelweis.hu\/gytk\/files\/2022\/03\/tajekoztato_valasztasra_jogosultak_reszere_20220228_honlapra.pdf\" target=\"_blank\" rel=\"noopener\">T\u00c1J\u00c9KOZTAT\u00d3 v\u00e1laszt\u00e1sra jogosultak r\u00e9sz\u00e9re<\/a><br \/>\n<a href=\"https:\/\/semmelweis.hu\/gytk\/files\/2022\/02\/ajanloiv_minta_KT_valasztas.docx\" target=\"_blank\" rel=\"noopener\">Aj\u00e1nl\u00f3\u00edv minta<\/a><br \/>\n<a href=\"https:\/\/semmelweis.hu\/gytk\/files\/2022\/02\/S-Z-A-V-A-Z-O-L-A-P_minta_KT_valasztas_2022.docx\" target=\"_blank\" rel=\"noopener\">Szavaz\u00f3lap minta<\/a><br \/>\nV\u00e1laszt\u00e1si Bizotts\u00e1g hat\u00e1rozatai<\/p>\n<p><a href=\"https:\/\/semmelweis.hu\/gytk\/files\/2022\/03\/1_20220307GYTKKT_VB.pdf\" target=\"_blank\" rel=\"noopener\">1\/2022 (03.07.) GYTKKT-VB<\/a><br \/>\n<a href=\"https:\/\/semmelweis.hu\/gytk\/files\/2022\/03\/2_202203_17GYTKKT-VB.pdf\" target=\"_blank\" rel=\"noopener\">2\/2022 (03.17.) GYTKKT-VB<\/a><br \/>\n<a href=\"https:\/\/semmelweis.hu\/gytk\/files\/2022\/03\/3_202203_29GYTKKT_VB.pdf\" target=\"_blank\" rel=\"noopener\">3\/2022 (03. 29.)GYTKKT-VB<\/a><\/p>\n<p>&nbsp;<\/p>\n","protected":false},"author":101431,"featured_media":0,"parent":15,"menu_order":3,"comment_status":"closed","ping_status":"closed","template":"","meta":{"_acf_changed":false,"footnotes":""},"categories":[],"tags":[],"class_list":["post-12648","page","type-page","status-publish","hentry"],"acf":[],"_links":{"self":[{"href":"https:\/\/semmelweis.hu\/gytk\/wp-json\/wp\/v2\/pages\/12648","targetHints":{"allow":["GET"]}}],"collection":[{"href":"https:\/\/semmelweis.hu\/gytk\/wp-json\/wp\/v2\/pages"}],"about":[{"href":"https:\/\/semmelweis.hu\/gytk\/wp-json\/wp\/v2\/types\/page"}],"author":[{"embeddable":true,"href":"https:\/\/semmelweis.hu\/gytk\/wp-json\/wp\/v2\/users\/101431"}],"replies":[{"embeddable":true,"href":"https:\/\/semmelweis.hu\/gytk\/wp-json\/wp\/v2\/comments?post=12648"}],"version-history":[{"count":10,"href":"https:\/\/semmelweis.hu\/gytk\/wp-json\/wp\/v2\/pages\/12648\/revisions"}],"predecessor-version":[{"id":12730,"href":"https:\/\/semmelweis.hu\/gytk\/wp-json\/wp\/v2\/pages\/12648\/revisions\/12730"}],"up":[{"embeddable":true,"href":"https:\/\/semmelweis.hu\/gytk\/wp-json\/wp\/v2\/pages\/15"}],"wp:attachment":[{"href":"https:\/\/semmelweis.hu\/gytk\/wp-json\/wp\/v2\/media?parent=12648"}],"wp:term":[{"taxonomy":"category","embeddable":true,"href":"https:\/\/semmelweis.hu\/gytk\/wp-json\/wp\/v2\/categories?post=12648"},{"taxonomy":"post_tag","embeddable":true,"href":"https:\/\/semmelweis.hu\/gytk\/wp-json\/wp\/v2\/tags?post=12648"}],"curies":[{"name":"wp","href":"https:\/\/api.w.org\/{rel}","templated":true}]}}