{"id":12572,"date":"2022-01-24T12:17:09","date_gmt":"2022-01-24T11:17:09","guid":{"rendered":"https:\/\/semmelweis.hu\/gytk\/?page_id=12572"},"modified":"2022-05-11T14:35:16","modified_gmt":"2022-05-11T12:35:16","slug":"kari-tanacs-2022-januar-18-20","status":"publish","type":"page","link":"https:\/\/semmelweis.hu\/gytk\/a-karrol\/kari-tanacs\/kari-tanacs-eloterjesztesek\/kari-tanacs-2022-januar-18-20\/","title":{"rendered":"2022. janu\u00e1r 18-20. elektronikus szavaz\u00e1s"},"content":{"rendered":"<p style=\"text-align: center\"><strong>Kari Tan\u00e1cs elektronikus szavaz\u00e1s 2022. janu\u00e1r 18. 14:00- janu\u00e1r 20. 16:00<\/strong><\/p>\n<p><a href=\"https:\/\/semmelweis.hu\/gytk\/files\/2022\/01\/KT_Eloterjesztes_ujszabval_targyak_bevezetese_elokovetelmeny_modositas.pdf\" target=\"_blank\" rel=\"noopener\">KT_El\u0151terjeszt\u00e9s_\u00fajszabval_t\u00e1rgyak_bevezet\u00e9se_el\u0151k\u00f6vetelm\u00e9ny_m\u00f3dos\u00edt\u00e1s<\/a><\/p>\n<ul>\n<li><a href=\"https:\/\/semmelweis.hu\/gytk\/files\/2022\/01\/1napirend_2sz_melleklet_a_mai_orvosi_terminologia_kialakulasanak_tortenete_tantargyi_adatlap.pdf\" target=\"_blank\" rel=\"noopener\">2sz_mell\u00e9klet_a_mai_orvosi_terminologia_kialakul\u00e1s\u00e1nak_t\u00f6rtenete_tant\u00e1rgyi_adatlap<\/a><\/li>\n<li><a href=\"https:\/\/semmelweis.hu\/gytk\/files\/2022\/01\/1napirend_3sz_melleklet_magyar_orvosi_nyelv_tantargyi_adatlap.pdf\" target=\"_blank\" rel=\"noopener\">3sz_mell\u00e9klet_magyar_orvosi_nyelv_tant\u00e1rgyi_adatlap<\/a><\/li>\n<li><a href=\"https:\/\/semmelweis.hu\/gytk\/files\/2022\/01\/1napirend_4sz_melleklet_a_hatoanyagfelszivodas_elorejelzesen.pdf\" target=\"_blank\" rel=\"noopener\">4sz_mell\u00e9klet_a_hat\u00f3anyagfelsz\u00edv\u00f3d\u00e1s_el\u0151rejelz\u00e9s\u00e9nek_vizsg\u00e1l\u00f3m\u00f3dszerei_tant\u00e1rgyi_adatlap<\/a><\/li>\n<\/ul>\n","protected":false},"excerpt":{"rendered":"<p>Kari Tan\u00e1cs elektronikus szavaz\u00e1s 2022. janu\u00e1r 18. 14:00- janu\u00e1r 20. 16:00<br \/>\n<a href=\"https:\/\/semmelweis.hu\/gytk\/files\/2022\/01\/KT_Eloterjesztes_ujszabval_targyak_bevezetese_elokovetelmeny_modositas.pdf\" target=\"_blank\" rel=\"noopener\">KT_El\u0151terjeszt\u00e9s_\u00fajszabval_t\u00e1rgyak_bevezet\u00e9se_el\u0151k\u00f6vetelm\u00e9ny_m\u00f3dos\u00edt\u00e1s<\/a><\/p>\n<p><a href=\"https:\/\/semmelweis.hu\/gytk\/files\/2022\/01\/1napirend_2sz_melleklet_a_mai_orvosi_terminologia_kialakulasanak_tortenete_tantargyi_adatlap.pdf\" target=\"_blank\" rel=\"noopener\">2sz_mell\u00e9klet_a_mai_orvosi_terminologia_kialakul\u00e1s\u00e1nak_t\u00f6rtenete_tant\u00e1rgyi_adatlap<\/a><br \/>\n<a href=\"https:\/\/semmelweis.hu\/gytk\/files\/2022\/01\/1napirend_3sz_melleklet_magyar_orvosi_nyelv_tantargyi_adatlap.pdf\" target=\"_blank\" rel=\"noopener\">3sz_mell\u00e9klet_magyar_orvosi_nyelv_tant\u00e1rgyi_adatlap<\/a><br \/>\n<a href=\"https:\/\/semmelweis.hu\/gytk\/files\/2022\/01\/1napirend_4sz_melleklet_a_hatoanyagfelszivodas_elorejelzesen.pdf\" target=\"_blank\" rel=\"noopener\">4sz_mell\u00e9klet_a_hat\u00f3anyagfelsz\u00edv\u00f3d\u00e1s_el\u0151rejelz\u00e9s\u00e9nek_vizsg\u00e1l\u00f3m\u00f3dszerei_tant\u00e1rgyi_adatlap<\/a><\/p>\n","protected":false},"author":101431,"featured_media":0,"parent":5323,"menu_order":40,"comment_status":"closed","ping_status":"closed","template":"","meta":{"_acf_changed":false,"footnotes":""},"categories":[],"tags":[],"class_list":["post-12572","page","type-page","status-publish","hentry"],"acf":[],"_links":{"self":[{"href":"https:\/\/semmelweis.hu\/gytk\/wp-json\/wp\/v2\/pages\/12572","targetHints":{"allow":["GET"]}}],"collection":[{"href":"https:\/\/semmelweis.hu\/gytk\/wp-json\/wp\/v2\/pages"}],"about":[{"href":"https:\/\/semmelweis.hu\/gytk\/wp-json\/wp\/v2\/types\/page"}],"author":[{"embeddable":true,"href":"https:\/\/semmelweis.hu\/gytk\/wp-json\/wp\/v2\/users\/101431"}],"replies":[{"embeddable":true,"href":"https:\/\/semmelweis.hu\/gytk\/wp-json\/wp\/v2\/comments?post=12572"}],"version-history":[{"count":4,"href":"https:\/\/semmelweis.hu\/gytk\/wp-json\/wp\/v2\/pages\/12572\/revisions"}],"predecessor-version":[{"id":12769,"href":"https:\/\/semmelweis.hu\/gytk\/wp-json\/wp\/v2\/pages\/12572\/revisions\/12769"}],"up":[{"embeddable":true,"href":"https:\/\/semmelweis.hu\/gytk\/wp-json\/wp\/v2\/pages\/5323"}],"wp:attachment":[{"href":"https:\/\/semmelweis.hu\/gytk\/wp-json\/wp\/v2\/media?parent=12572"}],"wp:term":[{"taxonomy":"category","embeddable":true,"href":"https:\/\/semmelweis.hu\/gytk\/wp-json\/wp\/v2\/categories?post=12572"},{"taxonomy":"post_tag","embeddable":true,"href":"https:\/\/semmelweis.hu\/gytk\/wp-json\/wp\/v2\/tags?post=12572"}],"curies":[{"name":"wp","href":"https:\/\/api.w.org\/{rel}","templated":true}]}}