{"id":12503,"date":"2021-12-20T09:52:52","date_gmt":"2021-12-20T08:52:52","guid":{"rendered":"https:\/\/semmelweis.hu\/gytk\/?page_id=12503"},"modified":"2021-12-20T09:53:28","modified_gmt":"2021-12-20T08:53:28","slug":"2021-december-15","status":"publish","type":"page","link":"https:\/\/semmelweis.hu\/gytk\/a-karrol\/kari-tanacs\/kari-tanacs-eloterjesztesek\/2021-december-15\/","title":{"rendered":"2021. december 15."},"content":{"rendered":"<p style=\"text-align: center\"><strong>Kari Tan\u00e1cs\u00fcl\u00e9s 2021. december 15. 14:00\u00a0<\/strong><\/p>\n<p><a href=\"https:\/\/semmelweis.hu\/gytk\/files\/2021\/12\/MEGHIVO.pdf\" target=\"_blank\" rel=\"noopener\">MEGH\u00cdV\u00d3<\/a><\/p>\n<p><strong>2. napirendi pont<\/strong> <br \/>\nA Gy\u00f3gyszerhat\u00e1stani Int\u00e9zetben ki\u00edrt egyetemi tan\u00e1ri \u00e1ll\u00e1sp\u00e1ly\u00e1zat v\u00e9lem\u00e9nyez\u00e9se<\/p>\n<ul style=\"list-style-type: disc\">\n<li><a href=\"https:\/\/semmelweis.hu\/gytk\/files\/2021\/12\/2_napirend_KT_Eloterjesztes_egyetemitanari_palyazat-velemenyezese_TL.pdf\" target=\"_blank\" rel=\"noopener\">2_napirend_KT_El\u0151terjeszt\u00e9s_egyetemi_tan\u00e1ri_p\u00e1ly\u00e1zat_v\u00e9lem\u00e9nyez\u00e9se_TL<\/a><\/li>\n<li><a href=\"https:\/\/semmelweis.hu\/gytk\/files\/2021\/12\/2napirend_2sz_melleklet_szukitett_palyazat_TL.pdf\" target=\"_blank\" rel=\"noopener\">2_napirend_2sz_mell\u00e9klet_sz\u0171k\u00edtett_p\u00e1ly\u00e1zat_TL<\/a><\/li>\n<li><a href=\"https:\/\/semmelweis.hu\/gytk\/files\/2021\/12\/2napirend_3sz_melleklet_MKE_velemeny.pdf\" target=\"_blank\" rel=\"noopener\">2_napirend_3sz_mell\u00e9klet_MGYT_v\u00e9lem\u00e9ny<\/a><\/li>\n<li><a href=\"https:\/\/semmelweis.hu\/gytk\/files\/2021\/12\/2napirend_4sz_melleklet_munkavallaloi_forum_velemeny.pdf\" target=\"_blank\" rel=\"noopener\">2_napirend_4sz_mell\u00e9klet_munkav\u00e1llal\u00f3i_f\u00f3rum_v\u00e9lem\u00e9ny<\/a><\/li>\n<\/ul>\n<p><strong>3. napirendi pont<\/strong> <br \/>\nA Gy\u00f3gyszer\u00e9szeti Int\u00e9zetben ki\u00edrt egyetemi docensi \u00e1ll\u00e1sp\u00e1ly\u00e1zat v\u00e9lem\u00e9nyez\u00e9se<\/p>\n<ul>\n<li><a href=\"https:\/\/semmelweis.hu\/gytk\/files\/2021\/12\/3_napirend_KT_Eloterjesztes_egyetemi_docensi_palyazat_GYI_KSZN.pdf\">3_napirend_KT_El\u0151terjeszt\u00e9s_egyetemi_docensi_p\u00e1ly\u00e1zat_v\u00e9lem\u00e9nyez\u00e9se_GYI_KSZN<\/a><\/li>\n<li><a href=\"https:\/\/semmelweis.hu\/gytk\/files\/2021\/12\/Kallai-Szabo-Nikolett_docensi-palyazat_szukitett.pdf\" target=\"_blank\" rel=\"noopener\">3_napirend_2sz_mell\u00e9klet_sz\u0171k\u00edtett_p\u00e1ly\u00e1zat_KSZN<\/a><\/li>\n<li><a href=\"https:\/\/semmelweis.hu\/gytk\/files\/2021\/12\/3_napirend_3_sz_melleklet_munkavallalo_forum_velemeny.pdf\">3_napirend_3sz_mell\u00e9klet_munkav\u00e1llal\u00f3i_f\u00f3rum_v\u00e9lem\u00e9ny<\/a><\/li>\n<\/ul>\n<p><strong>4. napirendi pont<br \/>\n<\/strong> \u00daj szabadon v\u00e1laszthat\u00f3 tant\u00e1rgy bevezet\u00e9se<\/p>\n<ul>\n<li><a href=\"https:\/\/semmelweis.hu\/gytk\/files\/2021\/12\/4_napirend_KT_Eloterjesztes_ujszabval_targy_bevezetese_alairt.pdf\">4_napirend_KT_El\u0151terjeszt\u00e9s_\u00faj_szabval_t\u00e1rgy_bevezet\u00e9se<\/a><\/li>\n<li><a href=\"https:\/\/semmelweis.hu\/gytk\/files\/2021\/12\/4.-napirendi-pont.pdf\" target=\"_blank\" rel=\"noopener\">4_napirend_KT_el\u0151terjeszt\u00e9s_2sz_mell\u00e9klet_tant\u00e1rgyi_adatlap<\/a><\/li>\n<\/ul>\n<p><strong>5. napirendi pont<\/strong> <br \/>\n<a href=\"https:\/\/semmelweis.hu\/gytk\/files\/2021\/12\/Akkred.-2021.nov_.28-tol-dec.10-ig-1.pdf\" target=\"_blank\" rel=\"noopener\">Szakk\u00e9pz\u0151 helyek akkredit\u00e1ci\u00f3s k\u00e9relmeinek v\u00e9lem\u00e9nyez\u00e9se<\/a><\/p>\n<p>&nbsp;<\/p>\n","protected":false},"excerpt":{"rendered":"<p>Kari Tan\u00e1cs\u00fcl\u00e9s 2021. december 15. 14:00\u00a0<br \/>\n<a href=\"https:\/\/semmelweis.hu\/gytk\/files\/2021\/12\/MEGHIVO.pdf\" target=\"_blank\" rel=\"noopener\">MEGH\u00cdV\u00d3<\/a><br \/>\n2. napirendi pont<br \/>\nA Gy\u00f3gyszerhat\u00e1stani Int\u00e9zetben ki\u00edrt egyetemi tan\u00e1ri \u00e1ll\u00e1sp\u00e1ly\u00e1zat v\u00e9lem\u00e9nyez\u00e9se<\/p>\n<p><a href=\"https:\/\/semmelweis.hu\/gytk\/files\/2021\/12\/2_napirend_KT_Eloterjesztes_egyetemitanari_palyazat-velemenyezese_TL.pdf\" target=\"_blank\" rel=\"noopener\">2_napirend_KT_El\u0151terjeszt\u00e9s_egyetemi_tan\u00e1ri_p\u00e1ly\u00e1zat_v\u00e9lem\u00e9nyez\u00e9se_TL<\/a><br \/>\n<a href=\"https:\/\/semmelweis.hu\/gytk\/files\/2021\/12\/2napirend_2sz_melleklet_szukitett_palyazat_TL.pdf\" target=\"_blank\" rel=\"noopener\">2_napirend_2sz_mell\u00e9klet_sz\u0171k\u00edtett_p\u00e1ly\u00e1zat_TL<\/a><br \/>\n<a href=\"https:\/\/semmelweis.hu\/gytk\/files\/2021\/12\/2napirend_3sz_melleklet_MKE_velemeny.pdf\" target=\"_blank\" rel=\"noopener\">2_napirend_3sz_mell\u00e9klet_MGYT_v\u00e9lem\u00e9ny<\/a><br \/>\n<a href=\"https:\/\/semmelweis.hu\/gytk\/files\/2021\/12\/2napirend_4sz_melleklet_munkavallaloi_forum_velemeny.pdf\" target=\"_blank\" rel=\"noopener\">2_napirend_4sz_mell\u00e9klet_munkav\u00e1llal\u00f3i_f\u00f3rum_v\u00e9lem\u00e9ny<\/a><\/p>\n<p>3. napirendi pont<br \/>\nA Gy\u00f3gyszer\u00e9szeti Int\u00e9zetben ki\u00edrt egyetemi docensi \u00e1ll\u00e1sp\u00e1ly\u00e1zat v\u00e9lem\u00e9nyez\u00e9se<\/p>\n<p><a href=\"https:\/\/semmelweis.hu\/gytk\/files\/2021\/12\/3_napirend_KT_Eloterjesztes_egyetemi_docensi_palyazat_GYI_KSZN.pdf\">3_napirend_KT_El\u0151terjeszt\u00e9s_egyetemi_docensi_p\u00e1ly\u00e1zat_v\u00e9lem\u00e9nyez\u00e9se_GYI_KSZN<\/a><br \/>\n<a href=\"https:\/\/semmelweis.hu\/gytk\/files\/2021\/12\/Kallai-Szabo-Nikolett_docensi-palyazat_szukitett.pdf\" target=\"_blank\" rel=\"noopener\">3_napirend_2sz_mell\u00e9klet_sz\u0171k\u00edtett_p\u00e1ly\u00e1zat_KSZN<\/a><br \/>\n<a href=\"https:\/\/semmelweis.hu\/gytk\/files\/2021\/12\/3_napirend_3_sz_melleklet_munkavallalo_forum_velemeny.pdf\">3_napirend_3sz_mell\u00e9klet_munkav\u00e1llal\u00f3i_f\u00f3rum_v\u00e9lem\u00e9ny<\/a><\/p>\n<p>4. napirendi pont<br \/>\n \u00daj szabadon v\u00e1laszthat\u00f3 tant\u00e1rgy bevezet\u00e9se<\/p>\n<p><a href=\"https:\/\/semmelweis.hu\/gytk\/files\/2021\/12\/4_napirend_KT_Eloterjesztes_ujszabval_targy_bevezetese_alairt.pdf\">4_napirend_KT_El\u0151terjeszt\u00e9s_\u00faj_szabval_t\u00e1rgy_bevezet\u00e9se<\/a><br \/>\n<a href=\"https:\/\/semmelweis.hu\/gytk\/files\/2021\/12\/4.-napirendi-pont.pdf\" target=\"_blank\" rel=\"noopener\">4_napirend_KT_el\u0151terjeszt\u00e9s_2sz_mell\u00e9klet_tant\u00e1rgyi_adatlap<\/a><\/p>\n<p>5. napirendi pont<br \/>\n<a href=\"https:\/\/semmelweis.hu\/gytk\/files\/2021\/12\/Akkred.-2021.nov_.28-tol-dec.10-ig-1.pdf\" target=\"_blank\" rel=\"noopener\">Szakk\u00e9pz\u0151 helyek akkredit\u00e1ci\u00f3s k\u00e9relmeinek v\u00e9lem\u00e9nyez\u00e9se<\/a><br \/>\n&nbsp;<\/p>\n","protected":false},"author":101431,"featured_media":0,"parent":5323,"menu_order":39,"comment_status":"closed","ping_status":"closed","template":"","meta":{"_acf_changed":false,"footnotes":""},"categories":[],"tags":[],"class_list":["post-12503","page","type-page","status-publish","hentry"],"acf":[],"_links":{"self":[{"href":"https:\/\/semmelweis.hu\/gytk\/wp-json\/wp\/v2\/pages\/12503","targetHints":{"allow":["GET"]}}],"collection":[{"href":"https:\/\/semmelweis.hu\/gytk\/wp-json\/wp\/v2\/pages"}],"about":[{"href":"https:\/\/semmelweis.hu\/gytk\/wp-json\/wp\/v2\/types\/page"}],"author":[{"embeddable":true,"href":"https:\/\/semmelweis.hu\/gytk\/wp-json\/wp\/v2\/users\/101431"}],"replies":[{"embeddable":true,"href":"https:\/\/semmelweis.hu\/gytk\/wp-json\/wp\/v2\/comments?post=12503"}],"version-history":[{"count":2,"href":"https:\/\/semmelweis.hu\/gytk\/wp-json\/wp\/v2\/pages\/12503\/revisions"}],"predecessor-version":[{"id":12505,"href":"https:\/\/semmelweis.hu\/gytk\/wp-json\/wp\/v2\/pages\/12503\/revisions\/12505"}],"up":[{"embeddable":true,"href":"https:\/\/semmelweis.hu\/gytk\/wp-json\/wp\/v2\/pages\/5323"}],"wp:attachment":[{"href":"https:\/\/semmelweis.hu\/gytk\/wp-json\/wp\/v2\/media?parent=12503"}],"wp:term":[{"taxonomy":"category","embeddable":true,"href":"https:\/\/semmelweis.hu\/gytk\/wp-json\/wp\/v2\/categories?post=12503"},{"taxonomy":"post_tag","embeddable":true,"href":"https:\/\/semmelweis.hu\/gytk\/wp-json\/wp\/v2\/tags?post=12503"}],"curies":[{"name":"wp","href":"https:\/\/api.w.org\/{rel}","templated":true}]}}