{"id":12366,"date":"2021-10-29T09:28:08","date_gmt":"2021-10-29T07:28:08","guid":{"rendered":"https:\/\/semmelweis.hu\/gytk\/?page_id=12366"},"modified":"2025-10-30T15:05:59","modified_gmt":"2025-10-30T14:05:59","slug":"kari-tanacs-hatarozatai-2021-2022","status":"publish","type":"page","link":"https:\/\/semmelweis.hu\/gytk\/a-karrol\/kari-tanacs\/hatarozatok\/kari-tanacs-hatarozatai-2021-2022\/","title":{"rendered":"Kari Tan\u00e1cs hat\u00e1rozatai 2021-2022"},"content":{"rendered":"<p><a href=\"https:\/\/semmelweis.hu\/gytk\/files\/2024\/11\/N-Y-I-L-V-A-N-T-A-R-T-A-S-2021-22.-KT.-hatarozatok.pdf\" target=\"_blank\" rel=\"noopener\">N Y I L V \u00c1 N T A R T \u00c1 S 2021-22. KT. hat\u00e1rozatok<\/a><\/p>\n<p>Kari Tan\u00e1cs\u00fcl\u00e9s 2021. okt\u00f3ber 27.<\/p>\n<p><a href=\"https:\/\/semmelweis.hu\/gytk\/files\/2021\/10\/1-20212022.-X.27GYTK-KT.pdf\" target=\"_blank\" rel=\"noopener noreferrer\">1\/2021-2022. (X.27)GYTK-KT<\/a><\/p>\n<ul>\n<li><a href=\"https:\/\/semmelweis.hu\/gytk\/files\/2021\/11\/3.sz_.-napirendi-pont-KT-ules-es-munkaterv.docx\" target=\"_blank\" rel=\"noopener\">1\/2021\/2022. (X.27)GYTK-KT_hat\u00e1rozat_mell\u00e9klete_\u00fcl\u00e9s_\u00e9s_munkaterv<\/a><\/li>\n<\/ul>\n<p><a href=\"https:\/\/semmelweis.hu\/gytk\/files\/2021\/10\/2-2021-2022.-X.27.GYTK-KT.pdf\" target=\"_blank\" rel=\"noopener noreferrer\">2\/2021-2022. (X.27.)GYTK-KT<\/a><\/p>\n<p><a href=\"https:\/\/semmelweis.hu\/gytk\/files\/2021\/10\/3-2021-2022.-X.27GYTK-KT.pdf\" target=\"_blank\" rel=\"noopener noreferrer\">3\/2021-2022. (X.27)GYTK-KT<\/a><\/p>\n<p><a href=\"https:\/\/semmelweis.hu\/gytk\/files\/2021\/10\/4-2021-2022.-X.27.GYTK-KT.pdf\" target=\"_blank\" rel=\"noopener noreferrer\">4\/2021-2022. (X.27.)GYTK-KT<\/a><\/p>\n<p><a href=\"https:\/\/semmelweis.hu\/gytk\/files\/2021\/10\/5-2021-2022.-X.27.GYTK-KT.pdf\" target=\"_blank\" rel=\"noopener noreferrer\">5\/2021-2022. (X.27.)GYTK-KT<\/a><\/p>\n<p><a href=\"https:\/\/semmelweis.hu\/gytk\/files\/2021\/10\/6-2021-2022.X.-27GYTK-KT.pdf\" target=\"_blank\" rel=\"noopener noreferrer\">6\/2021-2022.(X. 27)GYTK-KT<\/a><\/p>\n<p><a href=\"https:\/\/semmelweis.hu\/gytk\/files\/2021\/10\/7-2021-2022.-X.27.GYTK-KT.pdf\" target=\"_blank\" rel=\"noopener noreferrer\">7\/2021-2022. (X.27.)GYTK-KT<\/a><\/p>\n<ul>\n<li><a href=\"https:\/\/semmelweis.hu\/gytk\/files\/2021\/10\/Programakkredit\u00e1ci\u00f3s-Bizotts\u00e1g-\u00fcgyrend_2021.pdf\" target=\"_blank\" rel=\"noopener noreferrer\">7\/2021-2022. (X.27.)GYTK-KT_hat\u00e1rozat_mell\u00e9klet_PAB_\u00fcgyrend<\/a><\/li>\n<li><a href=\"https:\/\/semmelweis.hu\/gytk\/files\/2021\/10\/OMHV-\u00fcgyrend_2021.pdf\" target=\"_blank\" rel=\"noopener noreferrer\">7\/2021-2022. (X.27.)GYTK-KT_ hat\u00e1rozat_mell\u00e9klet_OMHV_\u00fcgyrend<\/a><\/li>\n<li><a href=\"https:\/\/semmelweis.hu\/gytk\/files\/2021\/10\/Szak-\u00e9s-Tov\u00e1bbk\u00e9pz\u00e9si-Bizotts\u00e1g-\u00fcgyrend_2021.pdf\" target=\"_blank\" rel=\"noopener noreferrer\">7\/2021-2022. (X.27.)GYTK-KT_hat\u00e1rozat_mell\u00e9klet_Szak-\u00e9s Tov\u00e1bbk\u00e9pz\u00e9si_Bizotts\u00e1g_\u00fcgyrend<\/a><\/li>\n<li><a href=\"https:\/\/semmelweis.hu\/gytk\/files\/2021\/10\/Min\u0151s\u00e9gbiztos\u00edt\u00e1si-Bizotts\u00e1g-\u00fcgyrend_2021.pdf\" target=\"_blank\" rel=\"noopener noreferrer\">7\/2021-2022. (X.27.)GYTK-KT_hat\u00e1rozat_mell\u00e9klet_Min\u0151s\u00e9gbiztos\u00edt\u00e1si_Bizotts\u00e1g_\u00fcgyrend<\/a><\/li>\n<\/ul>\n<p><a href=\"https:\/\/semmelweis.hu\/gytk\/files\/2021\/10\/8-2021-2022.-X.27.GYTK-KT.pdf\" target=\"_blank\" rel=\"noopener noreferrer\">8-2021-2022. (X.27.)GYTK-KT<\/a><\/p>\n<ul>\n<li><a href=\"https:\/\/semmelweis.hu\/gytk\/files\/2021\/10\/11.-napirendi-pont-Szakk\u00e9pz\u0151-helyek-akkredit\u00e1ci\u00f3s-k\u00e9relmeinek-v\u00e9lem\u00e9nyez\u00e9se-1.pdf\" target=\"_blank\" rel=\"noopener noreferrer\">8-2021-2022. (X.27.)GYTK-KT_hat\u00e1rozat_mell\u00e9klet_Szakk\u00e9pz\u0151_helyek_akkredit\u00e1ci\u00f3s_lista<\/a><\/li>\n<\/ul>\n<p>Kari Tan\u00e1cs\u00fcl\u00e9s 2021. december 15.<\/p>\n<p><a href=\"https:\/\/semmelweis.hu\/gytk\/files\/2021\/12\/9_2021_2022XII.15.GYTK_KT.pdf\" target=\"_blank\" rel=\"noopener\">9\/2021-2022(XII.15.)GYTK_KT<\/a><\/p>\n<p><a href=\"https:\/\/semmelweis.hu\/gytk\/files\/2021\/12\/10_2021_2022.XII_.15.GYTK_KT.pdf\" target=\"_blank\" rel=\"noopener\">10\/2021-2022.(XII.15.)GYTK_KT<\/a><\/p>\n<p><a href=\"https:\/\/semmelweis.hu\/gytk\/files\/2021\/12\/11_2021_2022.XII_.15.GYTK_KT.pdf\" target=\"_blank\" rel=\"noopener\">11\/2021-2022.(XII.15.)GYTK_KT<\/a><\/p>\n<ul>\n<li><a href=\"https:\/\/semmelweis.hu\/gytk\/files\/2021\/12\/4.-napirendi-pont-1.pdf\" target=\"_blank\" rel=\"noopener\">11\/2021-2022.(XII.15.)GYTK_KT_hat\u00e1rozat_mell\u00e9klete_tant\u00e1rgyi_adatlap<\/a><\/li>\n<\/ul>\n<p><a href=\"https:\/\/semmelweis.hu\/gytk\/files\/2021\/12\/12_2021_2022.XII_.15.GYTK_KT.pdf\" target=\"_blank\" rel=\"noopener\">12\/2021-2022.(XII.15.)GYTK_KT<\/a><\/p>\n<ul>\n<li><a href=\"https:\/\/semmelweis.hu\/gytk\/files\/2021\/12\/Akkred.-2021.nov_.28-tol-dec.10-ig-2.pdf\" target=\"_blank\" rel=\"noopener\">12\/2021-2022.(XII.15.)GYTK_KT_mell\u00e9klet_Szakk\u00e9pz\u0151 helyek_akkredit\u00e1ci\u00f3s_lista<\/a><\/li>\n<\/ul>\n<p>Kari Tan\u00e1cs\u00fcl\u00e9s 2022. janu\u00e1r 20.<\/p>\n<p><a href=\"https:\/\/semmelweis.hu\/gytk\/files\/2022\/01\/13_2021_20221_20_GYGTO_2022.pdf\" target=\"_blank\" rel=\"noopener\">13\/2021-2022(I.20)\/GYTK-KT<\/a><\/p>\n<ul>\n<li><a href=\"https:\/\/semmelweis.hu\/gytk\/files\/2022\/01\/1_napirend_1sz_melleklet_a_mai_orvosi_terminologia_kialakulasanak_tortenete_tantargyi_adatlap.pdf\" target=\"_blank\" rel=\"noopener\">13\/2021-2022(I.20)\/GYTK_KT_hat\u00e1rozat_mell\u00e9klet_a mai_orvosi_terminol\u00f3gia_kialakulasanak_tortenete_tant\u00e1rgyi_adatlap<\/a><\/li>\n<li><a href=\"https:\/\/semmelweis.hu\/gytk\/files\/2022\/01\/1_napirend_2sz_melleklet_magyar_orvosi_nyelv_tantargyi_adatlap.pdf\" target=\"_blank\" rel=\"noopener\">13\/2021-2022(I.20)\/GYTK_KT_hat\u00e1rozat_mell\u00e9klet_Magyar orvosi nyelv<\/a><\/li>\n<\/ul>\n<p><a href=\"https:\/\/semmelweis.hu\/gytk\/files\/2022\/01\/14_2021_2022_01_20_GYGTI_2022.pdf\" target=\"_blank\" rel=\"noopener\">14\/2021\/2022.(I.20)GYTK-KT<\/a><\/p>\n<ul>\n<li><a href=\"https:\/\/semmelweis.hu\/gytk\/files\/2022\/01\/1napirend_3sz_melleklet_a_hatoanyagfelszivodas_elorejelzesenek-vizsgalomodszerei-1.pdf\" target=\"_blank\" rel=\"noopener\">14\/2021-2022(I.20)\/GYTK_KT_hat\u00e1rozat_mell\u00e9klet_a_hat\u00f3anyagfelsz\u00edv\u00f3d\u00e1s_el\u0151rejelz\u00e9s\u00e9nek vizsg\u00e1l\u00f3m\u00f3dszerei<\/a><\/li>\n<\/ul>\n<p>Kari Tan\u00e1cs\u00fcl\u00e9s 2022. m\u00e1jus 18.<\/p>\n<p><a href=\"https:\/\/semmelweis.hu\/gytk\/files\/2022\/05\/15-2021-2022_V_18_GYTK-KT.pdf\" target=\"_blank\" rel=\"noopener\">15\/2021-2022.(V.18.)GYTK-KT<\/a><\/p>\n<p><a href=\"https:\/\/semmelweis.hu\/gytk\/files\/2022\/05\/16-2021-2022_V_18_GYTK-KT.pdf\" target=\"_blank\" rel=\"noopener\">16\/2021-2022.(V.18.)GYTK-KT<\/a><\/p>\n<p><a href=\"https:\/\/semmelweis.hu\/gytk\/files\/2022\/05\/17-2021-2022_V_18_GYTK-KT.pdf\" target=\"_blank\" rel=\"noopener\">17\/2021-2022.(V.18.)GYTK-KT<\/a><\/p>\n<p><a href=\"https:\/\/semmelweis.hu\/gytk\/files\/2022\/05\/18-2021-2022_V_18_GYTK-KT.pdf\" target=\"_blank\" rel=\"noopener\">18\/2021-2022.(V.18.)GYTK-KT<\/a><\/p>\n<ul>\n<li><a href=\"https:\/\/semmelweis.hu\/gytk\/files\/2022\/05\/5_napirend_2_sz_melleklet_tanargyi_adatlap_magyar-1.pdf\" target=\"_blank\" rel=\"noopener\">18\/2021-2022.(V.18.)GYTK-KT_hat\u00e1rozat_mell\u00e9klet_tan\u00e1rgyi_adatlap_magyar<\/a><\/li>\n<li><a href=\"https:\/\/semmelweis.hu\/gytk\/files\/2022\/05\/5_napirendi_3_sz_melleklet_tantargyi_adatlap_nemet-1.pdf\" target=\"_blank\" rel=\"noopener\">18\/2021-2022.(V.18.)GYTK-KT_hat\u00e1rozat_mell\u00e9klet_tant\u00e1rgyi_adatlap_n\u00e9met<\/a><\/li>\n<\/ul>\n<p><a href=\"https:\/\/semmelweis.hu\/gytk\/files\/2022\/05\/19-2021-2022_V_18_GYTK-KT.pdf\" target=\"_blank\" rel=\"noopener\">19\/2021-2022.(V.18.)GYTK-KT<\/a><\/p>\n<ul>\n<li><a href=\"https:\/\/semmelweis.hu\/gytk\/files\/2022\/05\/6_napirendi_pont_2022-ben_jubileumi_diszoklevelet_igenylok_nevsora-2.pdf\" target=\"_blank\" rel=\"noopener\">19\/2021-2022.(V.18.)GYTK-KT_mell\u00e9klet:2022-ben_jubileumi_d\u00edszoklevelet_ig\u00e9nyl\u0151k_n\u00e9vsora<\/a><\/li>\n<\/ul>\n<p><a href=\"https:\/\/semmelweis.hu\/gytk\/files\/2022\/05\/20-2021-2022_V_18_GYTK-KT.pdf\" target=\"_blank\" rel=\"noopener\">20\/2021-2022.(V.18.)GYTK-KT<\/a><\/p>\n<ul>\n<li><a href=\"https:\/\/semmelweis.hu\/gytk\/files\/2022\/05\/8_napirendi-pont_akkreditacios_lista_20211210_20220518-2.pdf\" target=\"_blank\" rel=\"noopener\">20\/2021-2022.(V.18.)GYTK-KT_hat\u00e1rozat_mell\u00e9klet_Szakk\u00e9pz\u0151_helyek_akkredit\u00e1ci\u00f3s_lista<\/a><\/li>\n<\/ul>\n<p>Kari Tan\u00e1cs elektronikus szavaz\u00e1s 2022. j\u00fanius 9.<\/p>\n<p><a href=\"https:\/\/semmelweis.hu\/gytk\/files\/2022\/06\/21_2021_22_VI_09_GYTK_KT.pdf\" target=\"_blank\" rel=\"noopener\">21\/2021-22.(VI.09.)GYTK-KT<\/a><\/p>\n<ul>\n<li><a href=\"https:\/\/semmelweis.hu\/gytk\/files\/2022\/06\/2_sz_melleklet_Symposium_tantargyi_kovetelmeny_FP-1.pdf\" target=\"_blank\" rel=\"noopener\">21\/2021-22.(VI.09.)GYTK-KT_mell\u00e9klet_Symposium_tantargyi_kovetelmeny<\/a><\/li>\n<\/ul>\n<p>Kari Tan\u00e1cs elektronikus szavaz\u00e1s 2022. j\u00falius 20-25.<\/p>\n<p><a href=\"https:\/\/semmelweis.hu\/gytk\/files\/2022\/07\/22_2021_2022.-VII.-22.-GYTK_KT-hatarozat.pdf\" target=\"_blank\" rel=\"noopener\">22_2021_2022. (VII. 22.) GYTK_KT hat\u00e1rozat<\/a><\/p>\n<ul>\n<li><a href=\"https:\/\/semmelweis.hu\/gytk\/files\/2022\/07\/Magyar-I.-evf..pdf\" target=\"_blank\" rel=\"noopener\">22_2021_2022. (VII. 22.) GYTK_KT hat\u00e1rozat_mell\u00e9klete_magyar I. \u00e9vf.mintatanterv<\/a><\/li>\n<li><a href=\"https:\/\/semmelweis.hu\/gytk\/files\/2022\/07\/Magyar-II.-evf..pdf\" target=\"_blank\" rel=\"noopener\">22_2021_2022. (VII. 22.) GYTK_KT hat\u00e1rozat_mell\u00e9klete_magyar II. \u00e9vf.mintatanterv<\/a><\/li>\n<li><a href=\"https:\/\/semmelweis.hu\/gytk\/files\/2022\/07\/Magyar-III.-evf..pdf\" target=\"_blank\" rel=\"noopener\">22_2021_2022. (VII. 22.) GYTK_KT hat\u00e1rozat_mell\u00e9klete_magyar III. \u00e9vf.mintatanterv<\/a><\/li>\n<li><a href=\"https:\/\/semmelweis.hu\/gytk\/files\/2022\/07\/Magyar-IV.-evf..pdf\" target=\"_blank\" rel=\"noopener\">22_2021_2022. (VII. 22.) GYTK_KT hat\u00e1rozat_mell\u00e9klete_magyar IV. \u00e9vf.mintatanterv<\/a><\/li>\n<\/ul>\n<p><a href=\"https:\/\/semmelweis.hu\/gytk\/files\/2022\/08\/Hatarozat_23_2021_2022.pdf\" target=\"_blank\" rel=\"noopener\">23_2021-2022. (VII. 25.) GYTK-KT<\/a><\/p>\n<p>&nbsp;<\/p>\n","protected":false},"excerpt":{"rendered":"<p><a href=\"https:\/\/semmelweis.hu\/gytk\/files\/2024\/11\/N-Y-I-L-V-A-N-T-A-R-T-A-S-2021-22.-KT.-hatarozatok.pdf\" target=\"_blank\" rel=\"noopener\">N Y I L V \u00c1 N T A R T \u00c1 S 2021-22. KT. hat\u00e1rozatok<\/a> Kari Tan\u00e1cs\u00fcl\u00e9s 2021. okt\u00f3ber 27. <a href=\"https:\/\/semmelweis.hu\/gytk\/files\/2021\/10\/1-20212022.-X.27GYTK-KT.pdf\" target=\"_blank\" rel=\"noopener noreferrer\">1\/2021-2022. (X.27)GYTK-KT<\/a> <a href=\"https:\/\/semmelweis.hu\/gytk\/files\/2021\/11\/3.sz_.-napirendi-pont-KT-ules-es-munkaterv.docx\" target=\"_blank\" rel=\"noopener\">1\/2021\/2022. (X.27)GYTK-KT_hat\u00e1rozat_mell\u00e9klete_\u00fcl\u00e9s_\u00e9s_munkaterv<\/a> <a href=\"https:\/\/semmelweis.hu\/gytk\/files\/2021\/10\/2-2021-2022.-X.27.GYTK-KT.pdf\" target=\"_blank\" rel=\"noopener noreferrer\">2\/2021-2022. (X.27.)GYTK-KT<\/a> <a href=\"https:\/\/semmelweis.hu\/gytk\/files\/2021\/10\/3-2021-2022.-X.27GYTK-KT.pdf\" target=\"_blank\" rel=\"noopener noreferrer\">3\/2021-2022. (X.27)GYTK-KT<\/a> <a href=\"https:\/\/semmelweis.hu\/gytk\/files\/2021\/10\/4-2021-2022.-X.27.GYTK-KT.pdf\" target=\"_blank\" rel=\"noopener noreferrer\">4\/2021-2022. (X.27.)GYTK-KT<\/a> <a href=\"https:\/\/semmelweis.hu\/gytk\/files\/2021\/10\/5-2021-2022.-X.27.GYTK-KT.pdf\" target=\"_blank\" rel=\"noopener noreferrer\">5\/2021-2022. (X.27.)GYTK-KT<\/a> <a href=\"https:\/\/semmelweis.hu\/gytk\/files\/2021\/10\/6-2021-2022.X.-27GYTK-KT.pdf\" target=\"_blank\" rel=\"noopener noreferrer\">6\/2021-2022.(X. 27)GYTK-KT<\/a> <a href=\"https:\/\/semmelweis.hu\/gytk\/files\/2021\/10\/7-2021-2022.-X.27.GYTK-KT.pdf\" target=\"_blank\" rel=\"noopener noreferrer\">7\/2021-2022. (X.27.)GYTK-KT<\/a> <a href=\"https:\/\/semmelweis.hu\/gytk\/files\/2021\/10\/Programakkredit\u00e1ci\u00f3s-Bizotts\u00e1g-\u00fcgyrend_2021.pdf\" target=\"_blank\" rel=\"noopener noreferrer\">7\/2021-2022. (X.27.)GYTK-KT_hat\u00e1rozat_mell\u00e9klet_PAB_\u00fcgyrend<\/a> <a href=\"https:\/\/semmelweis.hu\/gytk\/files\/2021\/10\/OMHV-\u00fcgyrend_2021.pdf\" target=\"_blank\" rel=\"noopener noreferrer\">7\/2021-2022. (X.27.)GYTK-KT_ hat\u00e1rozat_mell\u00e9klet_OMHV_\u00fcgyrend<\/a> <a href=\"https:\/\/semmelweis.hu\/gytk\/files\/2021\/10\/Szak-\u00e9s-Tov\u00e1bbk\u00e9pz\u00e9si-Bizotts\u00e1g-\u00fcgyrend_2021.pdf\" target=\"_blank\" rel=\"noopener noreferrer\">7\/2021-2022. (X.27.)GYTK-KT_hat\u00e1rozat_mell\u00e9klet_Szak-\u00e9s Tov\u00e1bbk\u00e9pz\u00e9si_Bizotts\u00e1g_\u00fcgyrend<\/a> <a href=\"https:\/\/semmelweis.hu\/gytk\/files\/2021\/10\/Min\u0151s\u00e9gbiztos\u00edt\u00e1si-Bizotts\u00e1g-\u00fcgyrend_2021.pdf\" target=\"_blank\" rel=\"noopener noreferrer\">7\/2021-2022. (X.27.)GYTK-KT_hat\u00e1rozat_mell\u00e9klet_Min\u0151s\u00e9gbiztos\u00edt\u00e1si_Bizotts\u00e1g_\u00fcgyrend<\/a> <a href=\"https:\/\/semmelweis.hu\/gytk\/files\/2021\/10\/8-2021-2022.-X.27.GYTK-KT.pdf\" target=\"_blank\" rel=\"noopener noreferrer\">8-2021-2022. (X.27.)GYTK-KT<\/a> <a href=\"https:\/\/semmelweis.hu\/gytk\/files\/2021\/10\/11.-napirendi-pont-Szakk\u00e9pz\u0151-helyek-akkredit\u00e1ci\u00f3s-k\u00e9relmeinek-v\u00e9lem\u00e9nyez\u00e9se-1.pdf\" target=\"_blank\" rel=\"noopener noreferrer\">8-2021-2022. (X.27.)GYTK-KT_hat\u00e1rozat_mell\u00e9klet_Szakk\u00e9pz\u0151_helyek_akkredit\u00e1ci\u00f3s_lista<\/a> Kari Tan\u00e1cs\u00fcl\u00e9s 2021. december 15. <a href=\"https:\/\/semmelweis.hu\/gytk\/files\/2021\/12\/9_2021_2022XII.15.GYTK_KT.pdf\" target=\"_blank\" rel=\"noopener\">9\/2021-2022(XII.15.)GYTK_KT<\/a> <a href=\"https:\/\/semmelweis.hu\/gytk\/files\/2021\/12\/10_2021_2022.XII_.15.GYTK_KT.pdf\" target=\"_blank\" rel=\"noopener\">10\/2021-2022.(XII.15.)GYTK_KT<\/a> <a href=\"https:\/\/semmelweis.hu\/gytk\/files\/2021\/12\/11_2021_2022.XII_.15.GYTK_KT.pdf\" target=\"_blank\" rel=\"noopener\">11\/2021-2022.(XII.15.)GYTK_KT<\/a> <a href=\"https:\/\/semmelweis.hu\/gytk\/files\/2021\/12\/4.-napirendi-pont-1.pdf\" target=\"_blank\" rel=\"noopener\">11\/2021-2022.(XII.15.)GYTK_KT_hat\u00e1rozat_mell\u00e9klete_tant\u00e1rgyi_adatlap<\/a> <a href=\"https:\/\/semmelweis.hu\/gytk\/files\/2021\/12\/12_2021_2022.XII_.15.GYTK_KT.pdf\" target=\"_blank\" rel=\"noopener\">12\/2021-2022.(XII.15.)GYTK_KT<\/a> <a href=\"https:\/\/semmelweis.hu\/gytk\/files\/2021\/12\/Akkred.-2021.nov_.28-tol-dec.10-ig-2.pdf\" target=\"_blank\" rel=\"noopener\">12\/2021-2022.(XII.15.)GYTK_KT_mell\u00e9klet_Szakk\u00e9pz\u0151 helyek_akkredit\u00e1ci\u00f3s_lista<\/a> Kari Tan\u00e1cs\u00fcl\u00e9s 2022. janu\u00e1r 20. <a href=\"https:\/\/semmelweis.hu\/gytk\/files\/2022\/01\/13_2021_20221_20_GYGTO_2022.pdf\" target=\"_blank\" rel=\"noopener\">13\/2021-2022(I.20)\/GYTK-KT<\/a> <a href=\"https:\/\/semmelweis.hu\/gytk\/files\/2022\/01\/1_napirend_1sz_melleklet_a_mai_orvosi_terminologia_kialakulasanak_tortenete_tantargyi_adatlap.pdf\" target=\"_blank\" rel=\"noopener\">13\/2021-2022(I.20)\/GYTK_KT_hat\u00e1rozat_mell\u00e9klet_a mai_orvosi_terminol\u00f3gia_kialakulasanak_tortenete_tant\u00e1rgyi_adatlap<\/a> <a href=\"https:\/\/semmelweis.hu\/gytk\/files\/2022\/01\/1_napirend_2sz_melleklet_magyar_orvosi_nyelv_tantargyi_adatlap.pdf\" target=\"_blank\" rel=\"noopener\">13\/2021-2022(I.20)\/GYTK_KT_hat\u00e1rozat_mell\u00e9klet_Magyar orvosi nyelv<\/a> <a href=\"https:\/\/semmelweis.hu\/gytk\/files\/2022\/01\/14_2021_2022_01_20_GYGTI_2022.pdf\" target=\"_blank\" rel=\"noopener\">14\/2021\/2022.(I.20)GYTK-KT<\/a> <a href=\"https:\/\/semmelweis.hu\/gytk\/files\/2022\/01\/1napirend_3sz_melleklet_a_hatoanyagfelszivodas_elorejelzesenek-vizsgalomodszerei-1.pdf\" target=\"_blank\" rel=\"noopener\">14\/2021-2022(I.20)\/GYTK_KT_hat\u00e1rozat_mell\u00e9klet_a_hat\u00f3anyagfelsz\u00edv\u00f3d\u00e1s_el\u0151rejelz\u00e9s\u00e9nek vizsg\u00e1l\u00f3m\u00f3dszerei<\/a> Kari Tan\u00e1cs\u00fcl\u00e9s 2022. m\u00e1jus 18. <a href=\"https:\/\/semmelweis.hu\/gytk\/files\/2022\/05\/15-2021-2022_V_18_GYTK-KT.pdf\" target=\"_blank\" rel=\"noopener\">15\/2021-2022.(V.18.)GYTK-KT<\/a> <a href=\"https:\/\/semmelweis.hu\/gytk\/files\/2022\/05\/16-2021-2022_V_18_GYTK-KT.pdf\" target=\"_blank\" rel=\"noopener\">16\/2021-2022.(V.18.)GYTK-KT<\/a> <a href=\"https:\/\/semmelweis.hu\/gytk\/files\/2022\/05\/17-2021-2022_V_18_GYTK-KT.pdf\" target=\"_blank\" rel=\"noopener\">17\/2021-2022.(V.18.)GYTK-KT<\/a> <a href=\"https:\/\/semmelweis.hu\/gytk\/files\/2022\/05\/18-2021-2022_V_18_GYTK-KT.pdf\" target=\"_blank\" rel=\"noopener\">18\/2021-2022.(V.18.)GYTK-KT<\/a> <a href=\"https:\/\/semmelweis.hu\/gytk\/files\/2022\/05\/5_napirend_2_sz_melleklet_tanargyi_adatlap_magyar-1.pdf\" target=\"_blank\" rel=\"noopener\">18\/2021-2022.(V.18.)GYTK-KT_hat\u00e1rozat_mell\u00e9klet_tan\u00e1rgyi_adatlap_magyar<\/a> <a href=\"https:\/\/semmelweis.hu\/gytk\/files\/2022\/05\/5_napirendi_3_sz_melleklet_tantargyi_adatlap_nemet-1.pdf\" target=\"_blank\" rel=\"noopener\">18\/2021-2022.(V.18.)GYTK-KT_hat\u00e1rozat_mell\u00e9klet_tant\u00e1rgyi_adatlap_n\u00e9met<\/a> <a href=\"https:\/\/semmelweis.hu\/gytk\/files\/2022\/05\/19-2021-2022_V_18_GYTK-KT.pdf\" target=\"_blank\" rel=\"noopener\">19\/2021-2022.(V.18.)GYTK-KT<\/a> <a href=\"https:\/\/semmelweis.hu\/gytk\/files\/2022\/05\/6_napirendi_pont_2022-ben_jubileumi_diszoklevelet_igenylok_nevsora-2.pdf\" target=\"_blank\" rel=\"noopener\">19\/2021-2022.(V.18.)GYTK-KT_mell\u00e9klet:2022-ben_jubileumi_d\u00edszoklevelet_ig\u00e9nyl\u0151k_n\u00e9vsora<\/a> <a href=\"https:\/\/semmelweis.hu\/gytk\/files\/2022\/05\/20-2021-2022_V_18_GYTK-KT.pdf\" target=\"_blank\" rel=\"noopener\">20\/2021-2022.(V.18.)GYTK-KT<\/a> <a href=\"https:\/\/semmelweis.hu\/gytk\/files\/2022\/05\/8_napirendi-pont_akkreditacios_lista_20211210_20220518-2.pdf\" target=\"_blank\" rel=\"noopener\">20\/2021-2022.(V.18.)GYTK-KT_hat\u00e1rozat_mell\u00e9klet_Szakk\u00e9pz\u0151_helyek_akkredit\u00e1ci\u00f3s_lista<\/a> Kari Tan\u00e1cs elektronikus szavaz\u00e1s 2022. j\u00fanius 9. <a href=\"https:\/\/semmelweis.hu\/gytk\/files\/2022\/06\/21_2021_22_VI_09_GYTK_KT.pdf\" target=\"_blank\" rel=\"noopener\">21\/2021-22.(VI.09.)GYTK-KT<\/a> <a href=\"https:\/\/semmelweis.hu\/gytk\/files\/2022\/06\/2_sz_melleklet_Symposium_tantargyi_kovetelmeny_FP-1.pdf\" target=\"_blank\" rel=\"noopener\">21\/2021-22.(VI.09.)GYTK-KT_mell\u00e9klet_Symposium_tantargyi_kovetelmeny<\/a> Kari Tan\u00e1cs elektronikus szavaz\u00e1s 2022. j\u00falius 20-25. <a href=\"https:\/\/semmelweis.hu\/gytk\/files\/2022\/07\/22_2021_2022.-VII.-22.-GYTK_KT-hatarozat.pdf\" target=\"_blank\" rel=\"noopener\">22_2021_2022. (VII. 22.) GYTK_KT hat\u00e1rozat<\/a> <a href=\"https:\/\/semmelweis.hu\/gytk\/files\/2022\/07\/Magyar-I.-evf..pdf\" target=\"_blank\" rel=\"noopener\">22_2021_2022. (VII. 22.) GYTK_KT hat\u00e1rozat_mell\u00e9klete_magyar I. \u00e9vf.mintatanterv<\/a> <a href=\"https:\/\/semmelweis.hu\/gytk\/files\/2022\/07\/Magyar-II.-evf..pdf\" target=\"_blank\" rel=\"noopener\">22_2021_2022. (VII. 22.) GYTK_KT hat\u00e1rozat_mell\u00e9klete_magyar II. \u00e9vf.mintatanterv<\/a> <a href=\"https:\/\/semmelweis.hu\/gytk\/files\/2022\/07\/Magyar-III.-evf..pdf\" target=\"_blank\" rel=\"noopener\">22_2021_2022. (VII. 22.) GYTK_KT hat\u00e1rozat_mell\u00e9klete_magyar III. \u00e9vf.mintatanterv<\/a> <a href=\"https:\/\/semmelweis.hu\/gytk\/files\/2022\/07\/Magyar-IV.-evf..pdf\" target=\"_blank\" rel=\"noopener\">22_2021_2022. (VII. 22.) GYTK_KT hat\u00e1rozat_mell\u00e9klete_magyar IV. \u00e9vf.mintatanterv<\/a> <a href=\"https:\/\/semmelweis.hu\/gytk\/files\/2022\/08\/Hatarozat_23_2021_2022.pdf\" target=\"_blank\" rel=\"noopener\">23_2021-2022. (VII. 25.) GYTK-KT<\/a> &hellip;<\/p>\n","protected":false},"author":101431,"featured_media":0,"parent":5513,"menu_order":4,"comment_status":"closed","ping_status":"closed","template":"","meta":{"_acf_changed":false,"footnotes":""},"categories":[],"tags":[],"class_list":["post-12366","page","type-page","status-publish","hentry"],"acf":[],"_links":{"self":[{"href":"https:\/\/semmelweis.hu\/gytk\/wp-json\/wp\/v2\/pages\/12366","targetHints":{"allow":["GET"]}}],"collection":[{"href":"https:\/\/semmelweis.hu\/gytk\/wp-json\/wp\/v2\/pages"}],"about":[{"href":"https:\/\/semmelweis.hu\/gytk\/wp-json\/wp\/v2\/types\/page"}],"author":[{"embeddable":true,"href":"https:\/\/semmelweis.hu\/gytk\/wp-json\/wp\/v2\/users\/101431"}],"replies":[{"embeddable":true,"href":"https:\/\/semmelweis.hu\/gytk\/wp-json\/wp\/v2\/comments?post=12366"}],"version-history":[{"count":10,"href":"https:\/\/semmelweis.hu\/gytk\/wp-json\/wp\/v2\/pages\/12366\/revisions"}],"predecessor-version":[{"id":17915,"href":"https:\/\/semmelweis.hu\/gytk\/wp-json\/wp\/v2\/pages\/12366\/revisions\/17915"}],"up":[{"embeddable":true,"href":"https:\/\/semmelweis.hu\/gytk\/wp-json\/wp\/v2\/pages\/5513"}],"wp:attachment":[{"href":"https:\/\/semmelweis.hu\/gytk\/wp-json\/wp\/v2\/media?parent=12366"}],"wp:term":[{"taxonomy":"category","embeddable":true,"href":"https:\/\/semmelweis.hu\/gytk\/wp-json\/wp\/v2\/categories?post=12366"},{"taxonomy":"post_tag","embeddable":true,"href":"https:\/\/semmelweis.hu\/gytk\/wp-json\/wp\/v2\/tags?post=12366"}],"curies":[{"name":"wp","href":"https:\/\/api.w.org\/{rel}","templated":true}]}}