{"id":11947,"date":"2021-08-17T13:32:39","date_gmt":"2021-08-17T11:32:39","guid":{"rendered":"https:\/\/semmelweis.hu\/gytk\/?page_id=11947"},"modified":"2025-09-01T13:38:36","modified_gmt":"2025-09-01T11:38:36","slug":"kari-tanacs-elektronikus-szavazas-2021-augusztus-5-12","status":"publish","type":"page","link":"https:\/\/semmelweis.hu\/gytk\/a-karrol\/kari-tanacs\/kari-tanacs-eloterjesztesek\/kari-tanacs-elektronikus-szavazas-2021-augusztus-5-12\/","title":{"rendered":"2021. augusztus 5-12. elektronikus szavaz\u00e1s"},"content":{"rendered":"<p style=\"text-align: center\"><strong>Kari Tan\u00e1cs elektronikus szavaz\u00e1s 2021. augusztus 5. 17:00 &#8211; augusztus 12. 12:00<\/strong><\/p>\n<p style=\"padding-left: 40px\"><span style=\"font-size: 12pt\"><a href=\"https:\/\/semmelweis.hu\/gytk\/files\/2021\/08\/KT_El\u0151terjeszt\u00e9s_a-2020-2021_tan\u00e9vt\u0151l_bevezetett_\u00faj_\u00e9s_megj\u00edtott_mintatantervek_m\u00f3dos\u00edt\u00e1s\u00e1r\u00f3l-1.pdf\" target=\"_blank\" rel=\"noopener noreferrer\">KT_El\u0151terjeszt\u00e9s_a 2020\/21_tan\u00e9vt\u0151l_bevezetett_\u00faj_\u00e9s_meg\u00faj\u00edtott_mintatantervek_m\u00f3dos\u00edt\u00e1s\u00e1r\u00f3l<\/a><\/span><\/p>\n<ul>\n<li><span style=\"font-size: 12pt\"><a href=\"https:\/\/semmelweis.hu\/gytk\/files\/2021\/08\/mintatanterv_2021_2022_I_II_\u00e9vfolyam_v\u00e9gleges-1.pdf\" target=\"_blank\" rel=\"noopener noreferrer\">2. sz. mell\u00e9klet \u2013 a 2021\/22. tan\u00e9vben I.-II. \u00e9vfolyamra iratkoz\u00f3 hallgat\u00f3k mintatanterve <br \/>\n(magyar nyelv\u0171 k\u00e9pz\u00e9s)<\/a><\/span><\/li>\n<li><span style=\"font-size: 12pt\"><a href=\"https:\/\/semmelweis.hu\/gytk\/files\/2021\/08\/mintatanterv_2021_2022_III_\u00e9vfolyam_v\u00e9gleges.pdf\" target=\"_blank\" rel=\"noopener noreferrer\">\u00a03. sz. mell\u00e9klet \u2013 a 2021\/22. tan\u00e9vben III. \u00e9vfolyamra iratkoz\u00f3 hallgat\u00f3k mintatanterve<br \/>\n(magyar nyelv\u0171 k\u00e9pz\u00e9s)<\/a><\/span><\/li>\n<li><span style=\"font-size: 12pt\"><a href=\"https:\/\/semmelweis.hu\/gytk\/files\/2021\/08\/mintatanterv_2021_22_IV_\u00e9vfolyam_v\u00e9gleges.pdf\" target=\"_blank\" rel=\"noopener noreferrer\">\u00a04. sz. mell\u00e9klet \u2013 a 2021\/22. tan\u00e9vben IV. \u00e9vfolyamra iratkoz\u00f3 hallgat\u00f3k mintatanterve <br \/>\n(magyar nyelv\u0171 k\u00e9pz\u00e9s)<\/a><\/span><\/li>\n<li><span style=\"font-size: 12pt\"><a href=\"https:\/\/semmelweis.hu\/gytk\/files\/2021\/08\/mintatanterv_2021_22_V_\u00e9vfolyam_v\u00e9gleges-2.pdf\" target=\"_blank\" rel=\"noopener noreferrer\">\u00a05. sz. mell\u00e9klet \u2013 a 2021\/22. tan\u00e9vben V. \u00e9vfolyamra iratkoz\u00f3 hallgat\u00f3k mintatanterve (magyar nyelv\u0171 k\u00e9pz\u00e9s)<\/a><\/span><\/li>\n<li><span style=\"font-size: 12pt\"><a href=\"https:\/\/semmelweis.hu\/gytk\/files\/2021\/08\/N\u00e9met-curriculum-_2021_22_I-II-\u00e9vfolyam_v\u00e9gleges.pdf\" target=\"_blank\" rel=\"noopener noreferrer\">\u00a06. sz. mell\u00e9klet \u2013 a 2021\/22. tan\u00e9vben I.-II. \u00e9vfolyamra iratkoz\u00f3 hallgat\u00f3k mintatanterve<br \/>\n(n\u00e9met nyelv\u0171 k\u00e9pz\u00e9s)<\/a><\/span><\/li>\n<li><span style=\"font-size: 12pt\"> <a href=\"https:\/\/semmelweis.hu\/gytk\/files\/2021\/08\/Angol-curriculum-_2021_22_I_II_-\u00e9vfolyam_v\u00e9gleges.pdf\" target=\"_blank\" rel=\"noopener noreferrer\">7. sz. mell\u00e9klet \u2013 a 2021\/22. tan\u00e9vben I.-II. \u00e9vfolyamra iratkoz\u00f3 hallgat\u00f3k mintatanterve <br \/>\n(angol nyelv\u0171 k\u00e9pz\u00e9s)\u00a0<\/a><\/span><\/li>\n<\/ul>\n<p>&nbsp;<\/p>\n","protected":false},"excerpt":{"rendered":"<p>Kari Tan\u00e1cs elektronikus szavaz\u00e1s 2021. augusztus 5. 17:00 &#8211; augusztus 12. 12:00 <a href=\"https:\/\/semmelweis.hu\/gytk\/files\/2021\/08\/KT_El\u0151terjeszt\u00e9s_a-2020-2021_tan\u00e9vt\u0151l_bevezetett_\u00faj_\u00e9s_megj\u00edtott_mintatantervek_m\u00f3dos\u00edt\u00e1s\u00e1r\u00f3l-1.pdf\" target=\"_blank\" rel=\"noopener noreferrer\">KT_El\u0151terjeszt\u00e9s_a 2020\/21_tan\u00e9vt\u0151l_bevezetett_\u00faj_\u00e9s_meg\u00faj\u00edtott_mintatantervek_m\u00f3dos\u00edt\u00e1s\u00e1r\u00f3l<\/a> <a href=\"https:\/\/semmelweis.hu\/gytk\/files\/2021\/08\/mintatanterv_2021_2022_I_II_\u00e9vfolyam_v\u00e9gleges-1.pdf\" target=\"_blank\" rel=\"noopener noreferrer\">2. sz. mell\u00e9klet \u2013 a 2021\/22. tan\u00e9vben I.-II. \u00e9vfolyamra iratkoz\u00f3 hallgat\u00f3k mintatanterve (magyar nyelv\u0171 k\u00e9pz\u00e9s)<\/a> <a href=\"https:\/\/semmelweis.hu\/gytk\/files\/2021\/08\/mintatanterv_2021_2022_III_\u00e9vfolyam_v\u00e9gleges.pdf\" target=\"_blank\" rel=\"noopener noreferrer\">\u00a03. sz. mell\u00e9klet \u2013 a 2021\/22. tan\u00e9vben III. \u00e9vfolyamra iratkoz\u00f3 hallgat\u00f3k mintatanterve (magyar nyelv\u0171 k\u00e9pz\u00e9s)<\/a> <a href=\"https:\/\/semmelweis.hu\/gytk\/files\/2021\/08\/mintatanterv_2021_22_IV_\u00e9vfolyam_v\u00e9gleges.pdf\" target=\"_blank\" rel=\"noopener noreferrer\">\u00a04. &hellip;<\/p>\n","protected":false},"author":101431,"featured_media":0,"parent":5323,"menu_order":36,"comment_status":"closed","ping_status":"closed","template":"","meta":{"_acf_changed":false,"footnotes":""},"categories":[],"tags":[],"class_list":["post-11947","page","type-page","status-publish","hentry"],"acf":[],"_links":{"self":[{"href":"https:\/\/semmelweis.hu\/gytk\/wp-json\/wp\/v2\/pages\/11947","targetHints":{"allow":["GET"]}}],"collection":[{"href":"https:\/\/semmelweis.hu\/gytk\/wp-json\/wp\/v2\/pages"}],"about":[{"href":"https:\/\/semmelweis.hu\/gytk\/wp-json\/wp\/v2\/types\/page"}],"author":[{"embeddable":true,"href":"https:\/\/semmelweis.hu\/gytk\/wp-json\/wp\/v2\/users\/101431"}],"replies":[{"embeddable":true,"href":"https:\/\/semmelweis.hu\/gytk\/wp-json\/wp\/v2\/comments?post=11947"}],"version-history":[{"count":7,"href":"https:\/\/semmelweis.hu\/gytk\/wp-json\/wp\/v2\/pages\/11947\/revisions"}],"predecessor-version":[{"id":17670,"href":"https:\/\/semmelweis.hu\/gytk\/wp-json\/wp\/v2\/pages\/11947\/revisions\/17670"}],"up":[{"embeddable":true,"href":"https:\/\/semmelweis.hu\/gytk\/wp-json\/wp\/v2\/pages\/5323"}],"wp:attachment":[{"href":"https:\/\/semmelweis.hu\/gytk\/wp-json\/wp\/v2\/media?parent=11947"}],"wp:term":[{"taxonomy":"category","embeddable":true,"href":"https:\/\/semmelweis.hu\/gytk\/wp-json\/wp\/v2\/categories?post=11947"},{"taxonomy":"post_tag","embeddable":true,"href":"https:\/\/semmelweis.hu\/gytk\/wp-json\/wp\/v2\/tags?post=11947"}],"curies":[{"name":"wp","href":"https:\/\/api.w.org\/{rel}","templated":true}]}}