{"id":11891,"date":"2021-08-09T13:09:48","date_gmt":"2021-08-09T11:09:48","guid":{"rendered":"https:\/\/semmelweis.hu\/gytk\/?page_id=11891"},"modified":"2024-11-06T12:29:23","modified_gmt":"2024-11-06T11:29:23","slug":"hallgatoi-szervezetek","status":"publish","type":"page","link":"https:\/\/semmelweis.hu\/gytk\/oktatas\/hallgatoi-szervezetek\/","title":{"rendered":"Hallgat\u00f3i Szervezetek"},"content":{"rendered":"<h4><strong>Hallgat\u00f3i \u00d6nkorm\u00e1nyzat &#8211; H\u00d6K<\/strong><\/h4>\n<p><a href=\"https:\/\/semmelweis.hu\/hok\/\" target=\"_blank\" rel=\"noopener\">Tov\u00e1bb a Semmelweis Egyetem Hallgat\u00f3i \u00d6nkorm\u00e1nyzat\u00e1nak honlapj\u00e1ra \u2192<\/a><\/p>\n<h4><strong>Magyar Gy\u00f3gyszer\u00e9szhallgat\u00f3k Egyes\u00fclet &#8211; HUPSA<\/strong><\/h4>\n<div class=\"keretes w-100\">\n<p>Facebook oldal: <a href=\"https:\/\/www.facebook.com\/HUPSA\" target=\"_blank\" rel=\"noopener\">https:\/\/www.facebook.com\/HUPSA<\/a><br \/>\nWeboldal: <a href=\"https:\/\/hupsa.org\" target=\"_blank\" rel=\"noopener\">https:\/\/hupsa.org<\/a><br \/>\nInstagram oldal: <a href=\"https:\/\/instagram.com\/hupsaofficial\" target=\"_blank\" rel=\"noopener\">https:\/\/instagram.com\/hupsaofficial<\/a><br \/>\nYoutube csatorna: <a href=\"https:\/\/bit.ly\/HuPSAYoutube\">https:\/\/bit.ly\/HuPSAYoutube<\/a><br \/>\nE-mail: <a href=\"mailto:info@hupsa.org\" target=\"_blank\" rel=\"noopener\">info@hupsa.org<\/a><\/p>\n<\/div>\n<p style=\"text-align: justify\">Magyar Gy\u00f3gyszer\u00e9szhallgat\u00f3k Egyes\u00fclete, avagy k\u00f6zismertebb nev\u00e9n a HuPSA egy 1991-ben alap\u00edtott, nagy szakmai tiszteletnek \u00f6rvend\u0151 szervezet a Magyarorsz\u00e1gon tanul\u00f3 leend\u0151, valamint frissen v\u00e9gzett gy\u00f3gyszer\u00e9szeket k\u00e9pviseli. F\u0151 c\u00e9lja a t\u00e1rsszakm\u00e1k szervezeteivel val\u00f3 egy\u00fcttm\u0171k\u00f6d\u00e9s \u00e9s k\u00fcl\u00f6nf\u00e9le eg\u00e9szs\u00e9g\u00fcgyi kamp\u00e1nyok szervez\u00e9se, melynek \u00e9rdek\u00e9ben az egyes\u00fclet sz\u00e1mtalan hazai \u00e9s k\u00fclf\u00f6ldi partnerrel dolgozik \u00f6ssze, hogy a hallgat\u00f3kat megismertesse az eg\u00e9szs\u00e9g\u00fcgy k\u00fcl\u00f6nb\u00f6z\u0151 fontos aspektusaival, felnyitva p\u00e9ld\u00e1ul szem\u00fcket a megel\u0151z\u00e9s fontoss\u00e1g\u00e1ra a vil\u00e1gnapok magyarorsz\u00e1gi rendezv\u00e9nyein val\u00f3 r\u00e9szv\u00e9tellel.<\/p>\n<p style=\"text-align: justify\">A HuPSA tagja az Eur\u00f3pai Gy\u00f3gyszer\u00e9szhallgat\u00f3i Egyes\u00fcletnek (EPSA) \u00e9s a Nemzetk\u00f6zi Gy\u00f3gyszer\u00e9szhallgat\u00f3i Sz\u00f6vets\u00e9gnek (IPSF) is. Aki bel\u00e9p az egyes\u00fcletbe, az automatikusan tagj\u00e1v\u00e1 v\u00e1lik ezeknek a szervezeteknek is, \u00edgy r\u00e9szt vehet munk\u00e1jukban \u00e9s \u00e9rtes\u00fclhet a nemzetk\u00f6zi gy\u00f3gyszer\u00e9szi \u00e9s gy\u00f3gyszer\u00e9szhallgat\u00f3i h\u00edrekr\u0151l, valamint a WHO \u00e9s az UNESCO munk\u00e1j\u00e1r\u00f3l. Emellett a HuPSA-hoz val\u00f3 jelentkez\u00e9skor egy\u00fattal lehet\u0151s\u00e9g ny\u00edlik a Magyar Gy\u00f3gyszer\u00e9sztudom\u00e1nyi T\u00e1rsas\u00e1ghoz t\u00f6rt\u00e9n\u0151 csatlakoz\u00e1sra is, azaz a beiratkoz\u00f3 egyszerre nem csak egy, de ak\u00e1r h\u00e1rom-n\u00e9gy szervezet r\u00e9sz\u00e9v\u00e9 v\u00e1lhat, melynek eredm\u00e9nyek\u00e9pp t\u00f6bb helyr\u0151l juthat inform\u00e1ci\u00f3hoz, \u00e9s tudom\u00e1st szerezhet rengeteg hasznos programr\u00f3l.<\/p>\n<p style=\"text-align: justify\">Az egyes\u00fclet fontos c\u00e9lkit\u0171z\u00e9s\u00e9nek tekinti, hogy lehet\u0151s\u00e9get k\u00edn\u00e1ljon arra, hogy olyan k\u00e9pess\u00e9geket is elsaj\u00e1t\u00edtsanak a tanul\u00f3k, melyek nem kapcsol\u00f3dnak szigor\u00faan a gy\u00f3gyszer\u00e9szet t\u00e1rgyk\u00f6r\u00e9be, \u00e1m k\u00e9s\u0151bb ann\u00e1l jobban hasznos\u00edthat\u00f3ak lesznek a nagybet\u0171s \u00c9letben az egyetem elv\u00e9gz\u00e9se ut\u00e1n. Ilyenek p\u00e9ld\u00e1ul az id\u0151gazd\u00e1lkod\u00e1ssal, a tanul\u00e1ssal vagy a nyilv\u00e1nos besz\u00e9ddel foglalkoz\u00f3 tr\u00e9ningek, melyeket nagy n\u00e9pszer\u0171s\u00e9gnek \u00f6rvend\u0151 vend\u00e9gel\u0151ad\u00f3k tartanak kiemelked\u0151 hozz\u00e1\u00e9rt\u00e9ssel.<\/p>\n<p style=\"text-align: justify\">A HuPSA a fentebb eml\u00edtett fejleszt\u0151 foglalkoz\u00e1sok mellett arra is lehet\u0151s\u00e9get ny\u00fajt, hogy tagjai a k\u00f6telez\u0151 ny\u00e1ri szakmai gyakorlatot egy csereprogram, a SEP keret\u00e9ben k\u00fclf\u00f6ld\u00f6n t\u00f6lts\u00e9k el, \u00edgy alkalmat adva arra, hogy min\u00e9l t\u00f6bbet l\u00e1ssanak a vil\u00e1gb\u00f3l, \u00faj helyeket, kult\u00far\u00e1kat, szeml\u00e9leteket, \u00e9s legf\u0151kpp embereket ismerve meg, melyek k\u00e9s\u0151bb mind szem\u00e9lyes, mind szakmai szempontb\u00f3l igen hasznosnak bizonyulhatnak.<\/p>\n<p style=\"text-align: justify\">Ezeken t\u00falmen\u0151en az ut\u00f3bbi p\u00e1r \u00e9vben a HuPSA egyik legnagyobb rendezv\u00e9ny\u00e9v\u00e9 n\u0151tte ki mag\u00e1t a Gy\u00f3gyszer\u00e9szhallgat\u00f3k Orsz\u00e1gos Tal\u00e1lkoz\u00f3ja \u00e9s Gy\u00f3gyszer\u00e9szb\u00f6rze, melynek minden \u00e9vben a n\u00e9gy magyarorsz\u00e1gi gy\u00f3gyszer\u00e9sztudom\u00e1nyt oktat\u00f3 Egyetem egyike ad otthont. A B\u00f6rze r\u00e9sztvev\u0151i sz\u00ednvonalas szakmai programokon, el\u0151ad\u00e1sokon vehetnek r\u00e9szt, megismerkedhetnek a gy\u00f3gyszer\u00e9szet k\u00fcl\u00f6nb\u00f6z\u0151 ter\u00fcleteiben rejl\u0151 potenci\u00e1lokkal, \u00e9s betekint\u00e9st nyerhetnek a munkaer\u0151 piaci elhelyezked\u00e9si lehet\u0151s\u00e9gekbe ak\u00e1r az egyetemi \u00e9vek alatt, ak\u00e1r azt k\u00f6vet\u0151en. A hat\u00e1ron t\u00fali t\u00e1rsszervezetek k\u00e9pvisel\u0151ire \u00e9s a Magyarorsz\u00e1gon tanul\u00f3 k\u00fclf\u00f6ldi hallgat\u00f3kra val\u00f3 tekintettel angol nyelv\u0171 el\u0151ad\u00e1sok is helyet kapnak a programban, \u00edgy rem\u00e9lhet\u0151leg min\u00e9l t\u00f6bb \u00e9rdekl\u0151d\u0151 el tud j\u00f6nni, hogy hasznos ismeretekkel gazdagodjon. F\u0151 c\u00e9lkit\u0171z\u00e9s\u00fcnk, hogy a rendezv\u00e9ny a tartalmas programoknak \u00e9s a kit\u0171n\u0151 hangulatnak k\u00f6sz\u00f6nhet\u0151en ne csak hazai, de ak\u00e1r eur\u00f3pai szinten is elismert legyen, min\u00e9l t\u00f6bb neves el\u0151ad\u00f3t \u00e9s vend\u00e9get vonzva az elj\u00f6vend\u0151 B\u00f6rz\u00e9kre.<\/p>\n<p style=\"text-align: justify\">A HuPSA szakmai szervezetekkel t\u00f6rt\u00e9n\u0151 egy\u00fcttm\u0171k\u00f6d\u00e9s\u00e9nek egyik kit\u0171n\u0151 p\u00e9ld\u00e1ja a Magyar Gy\u00f3gyszer\u00e9sztudom\u00e1nyi T\u00e1rsas\u00e1ggal val\u00f3 kooper\u00e1ci\u00f3. Az egy\u00fcttm\u0171k\u00f6d\u00e9s leg\u00e9kesebb bizony\u00edt\u00e9ka az \u00e9vek \u00f3ta \u2013 a Magyar Gy\u00f3gyszer\u00e9szi Kamar\u00e1val kar\u00f6ltve \u2013 megrendez\u00e9sre ker\u00fcl\u0151 Az \u00c9v Gy\u00f3gyszer\u00e9szhallgat\u00f3ja verseny, ahol a di\u00e1kok kontroll\u00e1lt k\u00f6r\u00fclm\u00e9nyek k\u00f6z\u00f6tt mutathatj\u00e1k be naprak\u00e9sz tud\u00e1sukat a gy\u00f3gyszer\u00e9szi gondoz\u00e1s ter\u00fclet\u00e9n.<\/p>\n<p style=\"text-align: justify\">Ha felkeltette \u00e9rdekl\u0151d\u00e9sed ez a r\u00f6vid aj\u00e1nl\u00f3 a szervezet\u00fcnkkel kapcsolatban, v\u00e1rjuk jelentkez\u00e9sed ak\u00e1r tagnak \u2013 \u00edgy els\u0151 k\u00e9zb\u0151l \u00e9rtes\u00fclhetsz minden hasznos \u00e9s izgalmas dologr\u00f3l, mely a vil\u00e1gban \u00e9s a szervezet berkein bel\u00fcl t\u00f6rt\u00e9nik \u2013, ak\u00e1r szervez\u0151nek, amennyiben \u00e9rzel magadban kell\u0151 er\u0151t \u00e9s kitart\u00e1st a k\u00fcl\u00f6nf\u00e9le programok \u00e9s rendezv\u00e9nyek megszervez\u00e9s\u00e9ben val\u00f3 seg\u00e9dkez\u00e9shez!<\/p>\n","protected":false},"excerpt":{"rendered":"<p>Hallgat\u00f3i \u00d6nkorm\u00e1nyzat &#8211; H\u00d6K <a href=\"https:\/\/semmelweis.hu\/hok\/\" target=\"_blank\" rel=\"noopener\">Tov\u00e1bb a Semmelweis Egyetem Hallgat\u00f3i \u00d6nkorm\u00e1nyzat\u00e1nak honlapj\u00e1ra \u2192<\/a> Magyar Gy\u00f3gyszer\u00e9szhallgat\u00f3k Egyes\u00fclet &#8211; HUPSA Facebook oldal: <a href=\"https:\/\/www.facebook.com\/HUPSA\" target=\"_blank\" rel=\"noopener\">https:\/\/www.facebook.com\/HUPSA<\/a> Weboldal: <a href=\"https:\/\/hupsa.org\" target=\"_blank\" rel=\"noopener\">https:\/\/hupsa.org<\/a> Instagram oldal: <a href=\"https:\/\/instagram.com\/hupsaofficial\" target=\"_blank\" rel=\"noopener\">https:\/\/instagram.com\/hupsaofficial<\/a> Youtube csatorna: <a href=\"https:\/\/bit.ly\/HuPSAYoutube\">https:\/\/bit.ly\/HuPSAYoutube<\/a> E-mail: <a href=\"mailto:info@hupsa.org\" target=\"_blank\" rel=\"noopener\">info@hupsa.org<\/a> Magyar Gy\u00f3gyszer\u00e9szhallgat\u00f3k Egyes\u00fclete, avagy k\u00f6zismertebb nev\u00e9n a HuPSA egy 1991-ben alap\u00edtott, nagy szakmai tiszteletnek \u00f6rvend\u0151 szervezet a Magyarorsz\u00e1gon tanul\u00f3 leend\u0151, valamint frissen v\u00e9gzett gy\u00f3gyszer\u00e9szeket k\u00e9pviseli. F\u0151 c\u00e9lja a t\u00e1rsszakm\u00e1k szervezeteivel val\u00f3 egy\u00fcttm\u0171k\u00f6d\u00e9s \u00e9s k\u00fcl\u00f6nf\u00e9le eg\u00e9szs\u00e9g\u00fcgyi kamp\u00e1nyok szervez\u00e9se, melynek &hellip;<\/p>\n","protected":false},"author":101431,"featured_media":0,"parent":2088,"menu_order":3,"comment_status":"closed","ping_status":"closed","template":"","meta":{"_acf_changed":false,"footnotes":""},"categories":[],"tags":[],"class_list":["post-11891","page","type-page","status-publish","hentry"],"acf":[],"_links":{"self":[{"href":"https:\/\/semmelweis.hu\/gytk\/wp-json\/wp\/v2\/pages\/11891","targetHints":{"allow":["GET"]}}],"collection":[{"href":"https:\/\/semmelweis.hu\/gytk\/wp-json\/wp\/v2\/pages"}],"about":[{"href":"https:\/\/semmelweis.hu\/gytk\/wp-json\/wp\/v2\/types\/page"}],"author":[{"embeddable":true,"href":"https:\/\/semmelweis.hu\/gytk\/wp-json\/wp\/v2\/users\/101431"}],"replies":[{"embeddable":true,"href":"https:\/\/semmelweis.hu\/gytk\/wp-json\/wp\/v2\/comments?post=11891"}],"version-history":[{"count":10,"href":"https:\/\/semmelweis.hu\/gytk\/wp-json\/wp\/v2\/pages\/11891\/revisions"}],"predecessor-version":[{"id":16696,"href":"https:\/\/semmelweis.hu\/gytk\/wp-json\/wp\/v2\/pages\/11891\/revisions\/16696"}],"up":[{"embeddable":true,"href":"https:\/\/semmelweis.hu\/gytk\/wp-json\/wp\/v2\/pages\/2088"}],"wp:attachment":[{"href":"https:\/\/semmelweis.hu\/gytk\/wp-json\/wp\/v2\/media?parent=11891"}],"wp:term":[{"taxonomy":"category","embeddable":true,"href":"https:\/\/semmelweis.hu\/gytk\/wp-json\/wp\/v2\/categories?post=11891"},{"taxonomy":"post_tag","embeddable":true,"href":"https:\/\/semmelweis.hu\/gytk\/wp-json\/wp\/v2\/tags?post=11891"}],"curies":[{"name":"wp","href":"https:\/\/api.w.org\/{rel}","templated":true}]}}