{"id":11642,"date":"2021-06-17T09:54:33","date_gmt":"2021-06-17T07:54:33","guid":{"rendered":"https:\/\/semmelweis.hu\/gytk\/?page_id=11642"},"modified":"2021-06-25T11:59:04","modified_gmt":"2021-06-25T09:59:04","slug":"kari-tanacs-2021-junius-10-16-velemenynyilvanitas-ules-mellozosevel","status":"publish","type":"page","link":"https:\/\/semmelweis.hu\/gytk\/a-karrol\/kari-tanacs\/kari-tanacs-eloterjesztesek\/kari-tanacs-2021-junius-10-16-velemenynyilvanitas-ules-mellozosevel\/","title":{"rendered":"2021. j\u00fanius 10-16"},"content":{"rendered":"<p style=\"text-align: center\">Kari Tan\u00e1cs szavaz\u00e1s 2021. j\u00fanius 10 -16<\/p>\n<p><a href=\"https:\/\/semmelweis.hu\/gytk\/files\/2021\/06\/El\u0151terjeszt\u00e9s_Magyar_\u00c9rdemrend_lovagkereszt_\u00e1llami_kit\u00fcntet\u00e9s_adom\u00e1nyoz\u00e1s\u00e1nak_v\u00e9lem\u00e9nyez\u00e9s\u00e9hez.pdf\" target=\"_blank\" rel=\"noopener noreferrer\">El\u0151terjeszt\u00e9s_Magyar_\u00c9rdemrend_lovagkereszt_\u00e1llami_kit\u00fcntet\u00e9s_adom\u00e1nyoz\u00e1s\u00e1nak_v\u00e9lem\u00e9nyez\u00e9s\u00e9hez<\/a><\/p>\n<ul>\n<li><a href=\"https:\/\/semmelweis.hu\/gytk\/files\/2021\/06\/2_sz_mell\u00e9klet_ind\u00edtv\u00e1ny.pdf\" target=\"_blank\" rel=\"noopener noreferrer\">2_sz_mell\u00e9klet_ind\u00edtv\u00e1ny<\/a><\/li>\n<li><a href=\"https:\/\/semmelweis.hu\/gytk\/files\/2021\/06\/3_sz_mell\u00e9klet_szakmai_\u00f6n\u00e9letrajz.pdf\" target=\"_blank\" rel=\"noopener noreferrer\">3_sz_mell\u00e9klet_szakmai_\u00f6n\u00e9letrajz<\/a><\/li>\n<\/ul>\n","protected":false},"excerpt":{"rendered":"<p>Kari Tan\u00e1cs szavaz\u00e1s 2021. j\u00fanius 10 -16<br \/>\n<a href=\"https:\/\/semmelweis.hu\/gytk\/files\/2021\/06\/El\u0151terjeszt\u00e9s_Magyar_\u00c9rdemrend_lovagkereszt_\u00e1llami_kit\u00fcntet\u00e9s_adom\u00e1nyoz\u00e1s\u00e1nak_v\u00e9lem\u00e9nyez\u00e9s\u00e9hez.pdf\" target=\"_blank\" rel=\"noopener noreferrer\">El\u0151terjeszt\u00e9s_Magyar_\u00c9rdemrend_lovagkereszt_\u00e1llami_kit\u00fcntet\u00e9s_adom\u00e1nyoz\u00e1s\u00e1nak_v\u00e9lem\u00e9nyez\u00e9s\u00e9hez<\/a><\/p>\n<p><a href=\"https:\/\/semmelweis.hu\/gytk\/files\/2021\/06\/2_sz_mell\u00e9klet_ind\u00edtv\u00e1ny.pdf\" target=\"_blank\" rel=\"noopener noreferrer\">2_sz_mell\u00e9klet_ind\u00edtv\u00e1ny<\/a><br \/>\n<a href=\"https:\/\/semmelweis.hu\/gytk\/files\/2021\/06\/3_sz_mell\u00e9klet_szakmai_\u00f6n\u00e9letrajz.pdf\" target=\"_blank\" rel=\"noopener noreferrer\">3_sz_mell\u00e9klet_szakmai_\u00f6n\u00e9letrajz<\/a><\/p>\n","protected":false},"author":101431,"featured_media":0,"parent":5323,"menu_order":34,"comment_status":"closed","ping_status":"closed","template":"","meta":{"_acf_changed":false,"footnotes":""},"categories":[],"tags":[],"class_list":["post-11642","page","type-page","status-publish","hentry"],"acf":[],"_links":{"self":[{"href":"https:\/\/semmelweis.hu\/gytk\/wp-json\/wp\/v2\/pages\/11642","targetHints":{"allow":["GET"]}}],"collection":[{"href":"https:\/\/semmelweis.hu\/gytk\/wp-json\/wp\/v2\/pages"}],"about":[{"href":"https:\/\/semmelweis.hu\/gytk\/wp-json\/wp\/v2\/types\/page"}],"author":[{"embeddable":true,"href":"https:\/\/semmelweis.hu\/gytk\/wp-json\/wp\/v2\/users\/101431"}],"replies":[{"embeddable":true,"href":"https:\/\/semmelweis.hu\/gytk\/wp-json\/wp\/v2\/comments?post=11642"}],"version-history":[{"count":6,"href":"https:\/\/semmelweis.hu\/gytk\/wp-json\/wp\/v2\/pages\/11642\/revisions"}],"predecessor-version":[{"id":11676,"href":"https:\/\/semmelweis.hu\/gytk\/wp-json\/wp\/v2\/pages\/11642\/revisions\/11676"}],"up":[{"embeddable":true,"href":"https:\/\/semmelweis.hu\/gytk\/wp-json\/wp\/v2\/pages\/5323"}],"wp:attachment":[{"href":"https:\/\/semmelweis.hu\/gytk\/wp-json\/wp\/v2\/media?parent=11642"}],"wp:term":[{"taxonomy":"category","embeddable":true,"href":"https:\/\/semmelweis.hu\/gytk\/wp-json\/wp\/v2\/categories?post=11642"},{"taxonomy":"post_tag","embeddable":true,"href":"https:\/\/semmelweis.hu\/gytk\/wp-json\/wp\/v2\/tags?post=11642"}],"curies":[{"name":"wp","href":"https:\/\/api.w.org\/{rel}","templated":true}]}}