{"id":11514,"date":"2021-05-28T08:38:55","date_gmt":"2021-05-28T06:38:55","guid":{"rendered":"https:\/\/semmelweis.hu\/gytk\/?page_id=11514"},"modified":"2021-06-25T11:58:40","modified_gmt":"2021-06-25T09:58:40","slug":"kari-tanacsules-2021-majus-26","status":"publish","type":"page","link":"https:\/\/semmelweis.hu\/gytk\/a-karrol\/kari-tanacs\/kari-tanacs-eloterjesztesek\/kari-tanacsules-2021-majus-26\/","title":{"rendered":"2021. m\u00e1jus 26."},"content":{"rendered":"<p style=\"text-align: center\"><strong>Kari Tan\u00e1cs\u00fcl\u00e9s 2021. m\u00e1jus 26. (szerda) 15:00 Szen\u00e1tusi Terem<\/strong><\/p>\n<p><a href=\"https:\/\/semmelweis.hu\/gytk\/files\/2021\/05\/KT_MEGH\u00cdV\u00d3_20210526.pdf\" target=\"_blank\" rel=\"noopener noreferrer\">MEGH\u00cdV\u00d3<\/a><\/p>\n<p><strong>2. napirendi pont<\/strong><br \/>\n<a href=\"https:\/\/semmelweis.hu\/gytk\/files\/2021\/05\/2_napirend_KT_El\u0151terjeszt\u00e9s_2021_\u00e9vi_z\u00e1r\u00f3vizsg\u00e1k_megszervez\u00e9s\u00e9r\u0151l_javaslat_zvbizotts\u00e1gok_szem\u00e9lyi_\u00f6sszet\u00e9tel\u00e9re.pdf\" target=\"_blank\" rel=\"noopener noreferrer\">KT_El\u0151terjeszt\u00e9s_2021_\u00e9vi_z\u00e1r\u00f3vizsg\u00e1k_megszervez\u00e9s\u00e9r\u0151l_javaslat_zvbizotts\u00e1gok_szem\u00e9lyi_\u00f6sszet\u00e9tel\u00e9re<\/a><\/p>\n<p><strong>3. napirendi pont<br \/>\n<\/strong><a href=\"https:\/\/semmelweis.hu\/gytk\/files\/2021\/05\/3_napirend_KT_el\u0151terjeszt\u00e9s_kari_\u00e1lland\u00f3_bizotts\u00e1gok_szem\u00e9lyi_\u00f6sszet\u00e9tel\u00e9nek_meg\u00faj\u00edt\u00e1sa_v\u00e9gleges.pdf\" target=\"_blank\" rel=\"noopener noreferrer\">KT_El\u0151terjeszt\u00e9s_kari_\u00e1lland\u00f3_bizotts\u00e1gok_szem\u00e9lyi_\u00f6sszet\u00e9tel\u00e9nek_meg\u00faj\u00edt\u00e1sa<\/a><\/p>\n<p><strong>4. napirendi pont<br \/>\n<\/strong><a href=\"https:\/\/semmelweis.hu\/gytk\/files\/2021\/05\/4_napirend_KT_El\u0151terjeszt\u00e9s_Szen\u00e1tus_\u00e1ltal_megv\u00e1lasztott_Kari_bizotts\u00e1gok_\u00fcgyrendjeinek_fel\u00fclvizsg\u00e1lata.pdf\" target=\"_blank\" rel=\"noopener noreferrer\">KT_El\u0151terjeszt\u00e9s_Szen\u00e1tus_\u00e1ltal_l\u00e9trehozott_kari_\u00e1lland\u00f3_bizotts\u00e1gok_szervezeti_\u00fcgyrendjeinek_meg\u00faj\u00edt\u00e1sa<\/a><\/p>\n<ul>\n<li><a href=\"https:\/\/semmelweis.hu\/gytk\/files\/2021\/05\/SE-GYTK-SZMR-M06_TVB_20210522_.pdf\" target=\"_blank\" rel=\"noopener noreferrer\">Tanulm\u00e1nyi \u00e9s Vizsgabizotts\u00e1g \u00fcgyrendje_munkaanyag<\/a><\/li>\n<li><a href=\"https:\/\/semmelweis.hu\/gytk\/files\/2021\/05\/SE-GYTK_SZMR_M05_K\u00c1B.pdf\" target=\"_blank\" rel=\"noopener noreferrer\">Kredit\u00e1tviteli Bizotts\u00e1g \u00fcgyrendje_munkaanyag<\/a><\/li>\n<li><a href=\"https:\/\/semmelweis.hu\/gytk\/files\/2021\/05\/SE-GYTK-SZMR-M04_KEFB.pdf\" target=\"_blank\" rel=\"noopener noreferrer\">Etika \u00e9s Fegyelmi Bizotts\u00e1g \u00fcgyrendje_munkaanyag<\/a><\/li>\n<\/ul>\n<p><strong>5. napirendi pont<br \/>\n<\/strong><a href=\"https:\/\/semmelweis.hu\/gytk\/files\/2021\/05\/5_napirend_KT_El\u0151terjeszt\u00e9s_Jubileumi_d\u00edszoklevelek_2021_n\u00e9vsor.pdf\" target=\"_blank\" rel=\"noopener noreferrer\">KT_El\u0151terjeszt\u00e9s_jubileumi_d\u00edszoklevelek_oda\u00edt\u00e9l\u00e9se_2021_\u00e9vben<\/a><\/p>\n<ul>\n<li><a href=\"https:\/\/semmelweis.hu\/gytk\/files\/2021\/05\/5_napirend_Jubileumi_d\u00edszoklevelek_2021_n\u00e9vsor-4.pdf\" target=\"_blank\" rel=\"noopener noreferrer\">5_napirend_Jubileumi_d\u00edszoklevelek_2021_n\u00e9vsor<\/a><\/li>\n<\/ul>\n<p><strong>6. napirendi pont<br \/>\n<\/strong>T\u00e1j\u00e9koztat\u00e1s a 2020-2021. tan\u00e9v 1. f\u00e9l\u00e9v\u00e9nek tanulm\u00e1nyi eredm\u00e9nyeir\u0151l<\/p>\n<ul>\n<li><a href=\"https:\/\/semmelweis.hu\/gytk\/files\/2021\/05\/6_napirend_GYTK_tant\u00e1rgyi_stat_2020211_magyar.pdf\" target=\"_blank\" rel=\"noopener noreferrer\">6_napirend_GYTK_tant\u00e1rgyi_eredm\u00e9nyek_2020211_magyar<\/a><\/li>\n<li><a href=\"https:\/\/semmelweis.hu\/gytk\/files\/2021\/05\/6_napirend_GYTK_tant\u00e1rgyi_stat_2020211_angol.pdf\" target=\"_blank\" rel=\"noopener noreferrer\">6_napirend_GYTK_tant\u00e1rgyi_eredm\u00e9nyek_2020211_angol<\/a><\/li>\n<li><a href=\"https:\/\/semmelweis.hu\/gytk\/files\/2021\/05\/6_napirend_GYTK_tant\u00e1rgyi_stat_2020211_n\u00e9met.pdf\" target=\"_blank\" rel=\"noopener noreferrer\">6_napirend_GYTK_tant\u00e1rgyi_eredm\u00e9nyek_2020211_n\u00e9met<\/a><\/li>\n<\/ul>\n<p><strong>7. napirendi pont<br \/>\n<\/strong><a href=\"https:\/\/semmelweis.hu\/gytk\/files\/2021\/05\/7_napirend_Tanevbeoszt_2021_22_TERVEZET-1.pdf\" target=\"_blank\" rel=\"noopener noreferrer\">T\u00e1j\u00e9koztat\u00e1s a 2021-2022. tan\u00e9v kari id\u0151beoszt\u00e1s\u00e1r\u00f3l<\/a><\/p>\n<p><strong>8. napirendi pont<br \/>\n<\/strong><a href=\"https:\/\/semmelweis.hu\/gytk\/files\/2021\/05\/8_napirend_akkredit\u00e1ci\u00f3_gy\u00f3gyszert\u00e1rak.pdf\" target=\"_blank\" rel=\"noopener noreferrer\">Szakk\u00e9pz\u0151 helyek akkredit\u00e1ci\u00f3s k\u00e9relmeinek v\u00e9lem\u00e9nyez\u00e9se<\/a><\/p>\n<p>&nbsp;<\/p>\n","protected":false},"excerpt":{"rendered":"<p>Kari Tan\u00e1cs\u00fcl\u00e9s 2021. m\u00e1jus 26. (szerda) 15:00 Szen\u00e1tusi Terem<br \/>\n<a href=\"https:\/\/semmelweis.hu\/gytk\/files\/2021\/05\/KT_MEGH\u00cdV\u00d3_20210526.pdf\" target=\"_blank\" rel=\"noopener noreferrer\">MEGH\u00cdV\u00d3<\/a><br \/>\n2. napirendi pont<br \/>\n<a href=\"https:\/\/semmelweis.hu\/gytk\/files\/2021\/05\/2_napirend_KT_El\u0151terjeszt\u00e9s_2021_\u00e9vi_z\u00e1r\u00f3vizsg\u00e1k_megszervez\u00e9s\u00e9r\u0151l_javaslat_zvbizotts\u00e1gok_szem\u00e9lyi_\u00f6sszet\u00e9tel\u00e9re.pdf\" target=\"_blank\" rel=\"noopener noreferrer\">KT_El\u0151terjeszt\u00e9s_2021_\u00e9vi_z\u00e1r\u00f3vizsg\u00e1k_megszervez\u00e9s\u00e9r\u0151l_javaslat_zvbizotts\u00e1gok_szem\u00e9lyi_\u00f6sszet\u00e9tel\u00e9re<\/a><br \/>\n3. napirendi pont<br \/>\n<a href=\"https:\/\/semmelweis.hu\/gytk\/files\/2021\/05\/3_napirend_KT_el\u0151terjeszt\u00e9s_kari_\u00e1lland\u00f3_bizotts\u00e1gok_szem\u00e9lyi_\u00f6sszet\u00e9tel\u00e9nek_meg\u00faj\u00edt\u00e1sa_v\u00e9gleges.pdf\" target=\"_blank\" rel=\"noopener noreferrer\">KT_El\u0151terjeszt\u00e9s_kari_\u00e1lland\u00f3_bizotts\u00e1gok_szem\u00e9lyi_\u00f6sszet\u00e9tel\u00e9nek_meg\u00faj\u00edt\u00e1sa<\/a><br \/>\n4. napirendi pont<br \/>\n<a href=\"https:\/\/semmelweis.hu\/gytk\/files\/2021\/05\/4_napirend_KT_El\u0151terjeszt\u00e9s_Szen\u00e1tus_\u00e1ltal_megv\u00e1lasztott_Kari_bizotts\u00e1gok_\u00fcgyrendjeinek_fel\u00fclvizsg\u00e1lata.pdf\" target=\"_blank\" rel=\"noopener noreferrer\">KT_El\u0151terjeszt\u00e9s_Szen\u00e1tus_\u00e1ltal_l\u00e9trehozott_kari_\u00e1lland\u00f3_bizotts\u00e1gok_szervezeti_\u00fcgyrendjeinek_meg\u00faj\u00edt\u00e1sa<\/a><\/p>\n<p><a href=\"https:\/\/semmelweis.hu\/gytk\/files\/2021\/05\/SE-GYTK-SZMR-M06_TVB_20210522_.pdf\" target=\"_blank\" rel=\"noopener noreferrer\">Tanulm\u00e1nyi \u00e9s Vizsgabizotts\u00e1g \u00fcgyrendje_munkaanyag<\/a><br \/>\n<a href=\"https:\/\/semmelweis.hu\/gytk\/files\/2021\/05\/SE-GYTK_SZMR_M05_K\u00c1B.pdf\" target=\"_blank\" rel=\"noopener noreferrer\">Kredit\u00e1tviteli Bizotts\u00e1g \u00fcgyrendje_munkaanyag<\/a><br \/>\n<a href=\"https:\/\/semmelweis.hu\/gytk\/files\/2021\/05\/SE-GYTK-SZMR-M04_KEFB.pdf\" target=\"_blank\" rel=\"noopener noreferrer\">Etika \u00e9s Fegyelmi Bizotts\u00e1g \u00fcgyrendje_munkaanyag<\/a><\/p>\n<p>5. napirendi pont<br \/>\n<a href=\"https:\/\/semmelweis.hu\/gytk\/files\/2021\/05\/5_napirend_KT_El\u0151terjeszt\u00e9s_Jubileumi_d\u00edszoklevelek_2021_n\u00e9vsor.pdf\" target=\"_blank\" rel=\"noopener noreferrer\">KT_El\u0151terjeszt\u00e9s_jubileumi_d\u00edszoklevelek_oda\u00edt\u00e9l\u00e9se_2021_\u00e9vben<\/a><\/p>\n<p><a href=\"https:\/\/semmelweis.hu\/gytk\/files\/2021\/05\/5_napirend_Jubileumi_d\u00edszoklevelek_2021_n\u00e9vsor-4.pdf\" target=\"_blank\" rel=\"noopener noreferrer\">5_napirend_Jubileumi_d\u00edszoklevelek_2021_n\u00e9vsor<\/a><\/p>\n<p>6. napirendi pont<br \/>\nT\u00e1j\u00e9koztat\u00e1s a 2020-2021. tan\u00e9v 1. f\u00e9l\u00e9v\u00e9nek tanulm\u00e1nyi eredm\u00e9nyeir\u0151l<\/p>\n<p><a href=\"https:\/\/semmelweis.hu\/gytk\/files\/2021\/05\/6_napirend_GYTK_tant\u00e1rgyi_stat_2020211_magyar.pdf\" target=\"_blank\" rel=\"noopener noreferrer\">6_napirend_GYTK_tant\u00e1rgyi_eredm\u00e9nyek_2020211_magyar<\/a><br \/>\n<a href=\"https:\/\/semmelweis.hu\/gytk\/files\/2021\/05\/6_napirend_GYTK_tant\u00e1rgyi_stat_2020211_angol.pdf\" target=\"_blank\" rel=\"noopener noreferrer\">6_napirend_GYTK_tant\u00e1rgyi_eredm\u00e9nyek_2020211_angol<\/a><br \/>\n<a href=\"https:\/\/semmelweis.hu\/gytk\/files\/2021\/05\/6_napirend_GYTK_tant\u00e1rgyi_stat_2020211_n\u00e9met.pdf\" target=\"_blank\" rel=\"noopener noreferrer\">6_napirend_GYTK_tant\u00e1rgyi_eredm\u00e9nyek_2020211_n\u00e9met<\/a><\/p>\n<p>7. napirendi pont<br \/>\n<a href=\"https:\/\/semmelweis.hu\/gytk\/files\/2021\/05\/7_napirend_Tanevbeoszt_2021_22_TERVEZET-1.pdf\" target=\"_blank\" rel=\"noopener noreferrer\">T\u00e1j\u00e9koztat\u00e1s a 2021-2022. tan\u00e9v kari id\u0151beoszt\u00e1s\u00e1r\u00f3l<\/a><br \/>\n8. napirendi pont<br \/>\n<a href=\"https:\/\/semmelweis.hu\/gytk\/files\/2021\/05\/8_napirend_akkredit\u00e1ci\u00f3_gy\u00f3gyszert\u00e1rak.pdf\" target=\"_blank\" rel=\"noopener noreferrer\">Szakk\u00e9pz\u0151 helyek akkredit\u00e1ci\u00f3s k\u00e9relmeinek v\u00e9lem\u00e9nyez\u00e9se<\/a><br \/>\n&nbsp;<\/p>\n","protected":false},"author":101431,"featured_media":0,"parent":5323,"menu_order":33,"comment_status":"closed","ping_status":"closed","template":"","meta":{"_acf_changed":false,"footnotes":""},"categories":[],"tags":[],"class_list":["post-11514","page","type-page","status-publish","hentry"],"acf":[],"_links":{"self":[{"href":"https:\/\/semmelweis.hu\/gytk\/wp-json\/wp\/v2\/pages\/11514","targetHints":{"allow":["GET"]}}],"collection":[{"href":"https:\/\/semmelweis.hu\/gytk\/wp-json\/wp\/v2\/pages"}],"about":[{"href":"https:\/\/semmelweis.hu\/gytk\/wp-json\/wp\/v2\/types\/page"}],"author":[{"embeddable":true,"href":"https:\/\/semmelweis.hu\/gytk\/wp-json\/wp\/v2\/users\/101431"}],"replies":[{"embeddable":true,"href":"https:\/\/semmelweis.hu\/gytk\/wp-json\/wp\/v2\/comments?post=11514"}],"version-history":[{"count":3,"href":"https:\/\/semmelweis.hu\/gytk\/wp-json\/wp\/v2\/pages\/11514\/revisions"}],"predecessor-version":[{"id":11674,"href":"https:\/\/semmelweis.hu\/gytk\/wp-json\/wp\/v2\/pages\/11514\/revisions\/11674"}],"up":[{"embeddable":true,"href":"https:\/\/semmelweis.hu\/gytk\/wp-json\/wp\/v2\/pages\/5323"}],"wp:attachment":[{"href":"https:\/\/semmelweis.hu\/gytk\/wp-json\/wp\/v2\/media?parent=11514"}],"wp:term":[{"taxonomy":"category","embeddable":true,"href":"https:\/\/semmelweis.hu\/gytk\/wp-json\/wp\/v2\/categories?post=11514"},{"taxonomy":"post_tag","embeddable":true,"href":"https:\/\/semmelweis.hu\/gytk\/wp-json\/wp\/v2\/tags?post=11514"}],"curies":[{"name":"wp","href":"https:\/\/api.w.org\/{rel}","templated":true}]}}