{"id":11197,"date":"2021-03-16T14:57:14","date_gmt":"2021-03-16T13:57:14","guid":{"rendered":"https:\/\/semmelweis.hu\/gytk\/?page_id=11197"},"modified":"2023-11-06T13:17:25","modified_gmt":"2023-11-06T12:17:25","slug":"adatvedelem","status":"publish","type":"page","link":"https:\/\/semmelweis.hu\/gytk\/a-karrol\/adatvedelem\/","title":{"rendered":"Adatv\u00e9delem"},"content":{"rendered":"<ul>\n<li><strong><a href=\"https:\/\/semmelweis.hu\/gytk\/files\/2023\/03\/Adatkezelesi-tajekoztato-az-adatkezelesek-altal-erintett-szemelyek-reszere.pdf\" target=\"_blank\" rel=\"noopener\">Adatv\u00e9delmi T\u00e1j\u00e9koztat\u00f3 GYTK 2023<\/a><\/strong><\/li>\n<li><a href=\"https:\/\/semmelweis.hu\/gytk\/files\/2023\/03\/Adatkezelesi_nyilvantartas_adminisztrativ_tevekenyseg_GYTK_2023.xlsx\" target=\"_blank\" rel=\"noopener\">Adatkezel\u00e9si nyilv\u00e1ntart\u00e1s a GYTK adminisztrat\u00edv tev\u00e9kenys\u00e9g\u00e9vel kapcsolatban v\u00e9gzett szem\u00e9lyes adatkezel\u00e9sr\u0151l 2023<\/a><\/li>\n<li><a href=\"https:\/\/semmelweis.hu\/gytk\/files\/2023\/11\/Adatkezelesi_nyilvantartas_oktatasi_kutatasi_tevekenyseg_20231106_honlapra.xlsx\" target=\"_blank\" rel=\"noopener\">Adatkezel\u00e9si nyilv\u00e1ntart\u00e1s a GYTK oktat\u00e1si\/kutat\u00e1si tev\u00e9kenys\u00e9g\u00e9vel kapcsolatban v\u00e9gzett szem\u00e9lyes adatkezel\u00e9sr\u0151l 2023 (A tudom\u00e1nyos kutat\u00e1sok vonatkoz\u00f3 adatv\u00e9delmi t\u00e1bl\u00e1zat felt\u00f6lt\u00e9se folyamatban).<\/a><\/li>\n<li><a href=\"https:\/\/semmelweis.hu\/gytk\/files\/2023\/03\/Adatkezelesi_nyilvantartas_gazdasagi_munkaugyi_tevekenyseg_GYTK_2023.xlsx\" target=\"_blank\" rel=\"noopener\">Adatkezel\u00e9si nyilv\u00e1ntart\u00e1s a GYTK gazdas\u00e1gi \u00e9s munka\u00fcgyi feladataival kapcsolatban v\u00e9gzett szem\u00e9lyes adatkezel\u00e9sr\u0151l 2023<\/a><\/li>\n<\/ul>\n<p>&nbsp;<\/p>\n<ul>\n<li><a href=\"https:\/\/semmelweis.hu\/gytk\/files\/2022\/03\/18_ADATKEZELESI_TAJEKOZTATO_GYTKDH_jubileumi_oklevelekkel_kapcsolatos_adatkezeles_2022.pdf\" target=\"_blank\" rel=\"noopener\">16\/GYTK\/AVT\/2022 ADATKEZEL\u00c9SI T\u00c1J\u00c9KOZTAT\u00d3 GYTKDH jubileumi oklevelekkel kapcsolatos adatkezel\u00e9s<\/a><\/li>\n<\/ul>\n","protected":false},"excerpt":{"rendered":"<p><a href=\"https:\/\/semmelweis.hu\/gytk\/files\/2023\/03\/Adatkezelesi-tajekoztato-az-adatkezelesek-altal-erintett-szemelyek-reszere.pdf\" target=\"_blank\" rel=\"noopener\">Adatv\u00e9delmi T\u00e1j\u00e9koztat\u00f3 GYTK 2023<\/a><br \/>\n<a href=\"https:\/\/semmelweis.hu\/gytk\/files\/2023\/03\/Adatkezelesi_nyilvantartas_adminisztrativ_tevekenyseg_GYTK_2023.xlsx\" target=\"_blank\" rel=\"noopener\">Adatkezel\u00e9si nyilv\u00e1ntart\u00e1s a GYTK adminisztrat\u00edv tev\u00e9kenys\u00e9g\u00e9vel kapcsolatban v\u00e9gzett szem\u00e9lyes adatkezel\u00e9sr\u0151l 2023<\/a><br \/>\n<a href=\"https:\/\/semmelweis.hu\/gytk\/files\/2023\/11\/Adatkezelesi_nyilvantartas_oktatasi_kutatasi_tevekenyseg_20231106_honlapra.xlsx\" target=\"_blank\" rel=\"noopener\">Adatkezel\u00e9si nyilv\u00e1ntart\u00e1s a GYTK oktat\u00e1si\/kutat\u00e1si tev\u00e9kenys\u00e9g\u00e9vel kapcsolatban v\u00e9gzett szem\u00e9lyes adatkezel\u00e9sr\u0151l 2023 (A tudom\u00e1nyos kutat\u00e1sok vonatkoz\u00f3 adatv\u00e9delmi t\u00e1bl\u00e1zat felt\u00f6lt\u00e9se folyamatban).<\/a><br \/>\n<a href=\"https:\/\/semmelweis.hu\/gytk\/files\/2023\/03\/Adatkezelesi_nyilvantartas_gazdasagi_munkaugyi_tevekenyseg_GYTK_2023.xlsx\" target=\"_blank\" rel=\"noopener\">Adatkezel\u00e9si nyilv\u00e1ntart\u00e1s a GYTK gazdas\u00e1gi \u00e9s munka\u00fcgyi feladataival kapcsolatban v\u00e9gzett szem\u00e9lyes adatkezel\u00e9sr\u0151l 2023<\/a><\/p>\n<p>&nbsp;<\/p>\n<p><a href=\"https:\/\/semmelweis.hu\/gytk\/files\/2022\/03\/18_ADATKEZELESI_TAJEKOZTATO_GYTKDH_jubileumi_oklevelekkel_kapcsolatos_adatkezeles_2022.pdf\" target=\"_blank\" rel=\"noopener\">16\/GYTK\/AVT\/2022 ADATKEZEL\u00c9SI T\u00c1J\u00c9KOZTAT\u00d3 GYTKDH jubileumi oklevelekkel kapcsolatos adatkezel\u00e9s<\/a><\/p>\n","protected":false},"author":101431,"featured_media":0,"parent":21,"menu_order":8,"comment_status":"closed","ping_status":"closed","template":"","meta":{"_acf_changed":false,"footnotes":""},"categories":[],"tags":[],"class_list":["post-11197","page","type-page","status-publish","hentry"],"acf":[],"_links":{"self":[{"href":"https:\/\/semmelweis.hu\/gytk\/wp-json\/wp\/v2\/pages\/11197","targetHints":{"allow":["GET"]}}],"collection":[{"href":"https:\/\/semmelweis.hu\/gytk\/wp-json\/wp\/v2\/pages"}],"about":[{"href":"https:\/\/semmelweis.hu\/gytk\/wp-json\/wp\/v2\/types\/page"}],"author":[{"embeddable":true,"href":"https:\/\/semmelweis.hu\/gytk\/wp-json\/wp\/v2\/users\/101431"}],"replies":[{"embeddable":true,"href":"https:\/\/semmelweis.hu\/gytk\/wp-json\/wp\/v2\/comments?post=11197"}],"version-history":[{"count":10,"href":"https:\/\/semmelweis.hu\/gytk\/wp-json\/wp\/v2\/pages\/11197\/revisions"}],"predecessor-version":[{"id":15525,"href":"https:\/\/semmelweis.hu\/gytk\/wp-json\/wp\/v2\/pages\/11197\/revisions\/15525"}],"up":[{"embeddable":true,"href":"https:\/\/semmelweis.hu\/gytk\/wp-json\/wp\/v2\/pages\/21"}],"wp:attachment":[{"href":"https:\/\/semmelweis.hu\/gytk\/wp-json\/wp\/v2\/media?parent=11197"}],"wp:term":[{"taxonomy":"category","embeddable":true,"href":"https:\/\/semmelweis.hu\/gytk\/wp-json\/wp\/v2\/categories?post=11197"},{"taxonomy":"post_tag","embeddable":true,"href":"https:\/\/semmelweis.hu\/gytk\/wp-json\/wp\/v2\/tags?post=11197"}],"curies":[{"name":"wp","href":"https:\/\/api.w.org\/{rel}","templated":true}]}}