{"id":11187,"date":"2021-03-11T15:05:44","date_gmt":"2021-03-11T14:05:44","guid":{"rendered":"https:\/\/semmelweis.hu\/gytk\/?page_id=11187"},"modified":"2026-03-12T13:10:59","modified_gmt":"2026-03-12T12:10:59","slug":"gyogyszertari-gyakorlat","status":"publish","type":"page","link":"https:\/\/semmelweis.hu\/gytk\/oktatas\/gyogyszertari-gyakorlat\/","title":{"rendered":"II- III. \u00e9vfolyam szakmai gyakorlat"},"content":{"rendered":"<div class=\"responsive-tabs\">\n<h2 class=\"tabtitle\">K\u00e9pz\u0151helyek r\u00e9sz\u00e9re<\/h2>\n<div class=\"tabcontent\">\n\n<h2>T\u00c1J\u00c9KOZTAT\u00d3 GYAKORLATI K\u00c9PZ\u0150HELYEK R\u00c9SZ\u00c9RE<\/h2>\n<p>Minden \u00e9vben <em>elengedhetetlen\u00fcl fontos a gy\u00f3gyszer\u00e9szhallgat\u00f3k gyakorlati k\u00e9pz\u00e9se, \u00edgy az \u00fajonnan v\u00e9gz\u0151 gy\u00f3gyszer\u00e9szdoktorok munk\u00e1bal\u00e9p\u00e9se szempontj\u00e1b\u00f3l<\/em>, hogy a <em>gy\u00f3gyszert\u00e1rak \u00e9s egy\u00e9b gyakorlati k\u00e9pz\u0151helyek az eddigiekhez hasonl\u00f3an biztos\u00edts\u00e1k \u00e9s seg\u00edts\u00e9k a gyakorlati k\u00e9pz\u00e9shez sz\u00fcks\u00e9ges felt\u00e9teleket.<\/em><\/p>\n<p>Els\u0151rend\u0171 fontoss\u00e1g\u00fanak tartjuk t\u00e1j\u00e9koztatni a szakmai gyakorlatot biztos\u00edt\u00f3 helyeket, hogy <strong><em>a kapcsol\u00f3d\u00f3 jogszab\u00e1lyi v\u00e1ltoz\u00e1sok <\/em><\/strong><em>(<\/em>azaz a gy\u00f3gyszert\u00e1rnak mint k\u00e9pz\u0151helynek a hallgat\u00f3 gyakorlati k\u00e9pz\u0151helyen t\u00f6lt\u00f6tt id\u0151tartam\u00e1t\u00f3l f\u00fcggetlen szerz\u0151d\u00e9sk\u00f6t\u00e9si \u00e9s d\u00edjaz\u00e1si k\u00f6telezetts\u00e9ge)<strong><em> anyagi t\u00f6bblet terhet nem jelentenek a gyakorlati k\u00e9pz\u0151hely sz\u00e1m\u00e1ra,<\/em><\/strong> ugyanis ezzel szoci\u00e1lis hozz\u00e1j\u00e1rul\u00e1si ad\u00f3kedvezm\u00e9ny \u00e9rv\u00e9nyes\u00edt\u00e9s\u00e9re jogosult, illetve ha az ad\u00f3kedvezm\u00e9ny m\u00e9rt\u00e9ke meghaladja a fizetend\u0151 szoci\u00e1lis hozz\u00e1j\u00e1rul\u00e1si ad\u00f3 m\u00e9rt\u00e9k\u00e9t, \u00e9lhet az ad\u00f3 visszaig\u00e9nyl\u00e9s lehet\u0151s\u00e9g\u00e9vel.<\/p>\n<p>&nbsp;<\/p>\n<div class=\"fontos_div\">\n<p><strong>A 2024-ben m\u00f3dos\u00edtott \u201ea Nemzeti Fels\u0151oktat\u00e1sr\u00f3l sz\u00f3l\u00f3 2011. \u00e9vi CCIV. t\u00f6rv\u00e9ny (Nftv), valamint a Kultur\u00e1lis \u00e9s Innov\u00e1ci\u00f3s Miniszt\u00e9rium \u00e9s a Magyar Gy\u00f3gyszer\u00e9szi Kamara egyeztet\u00e9se alapj\u00e1n kiadott kamarai T\u00e1j\u00e9koztat\u00f3ban foglaltak alapj\u00e1n az al\u00e1bbi v\u00e1ltoz\u00e1sokra h\u00edvjuk fel a Gyakorlati K\u00e9pz\u0151helyek figyelm\u00e9t!<\/strong><\/p>\n<p>&nbsp;<\/p>\n<p><strong>A gyakorlati k\u00e9pz\u00e9s adminisztr\u00e1ci\u00f3j\u00e1t \u00e9rint\u0151 legfontosabb v\u00e1ltoz\u00e1sok\/pontos\u00edt\u00e1sok:<\/strong><\/p>\n<p>&nbsp;<\/p>\n<p><strong>EGY\u00dcTTM\u0170K\u00d6D\u00c9SI MEG\u00c1LLAPOD\u00c1S AZ EGYETEMMEL<\/strong><\/p>\n<ul>\n<li><strong>A<\/strong> <strong>fels\u0151oktat\u00e1si int\u00e9zm\u00e9nynek egy\u00fcttm\u0171k\u00f6d\u00e9si meg\u00e1llapod\u00e1st kell k\u00f6tnie MINDEN gyakorlati k\u00e9pz\u0151hellyel <\/strong>(kiv\u00e9tel d\u00edjaz\u00e1s n\u00e9lk\u00fcli gyakorlat)<strong>.<\/strong> A hallgat\u00f3i jelentkez\u00e9sek alapj\u00e1n a Gy\u00f3gyszer\u00e9sztudom\u00e1nyi Kar D\u00e9k\u00e1ni Hivatala veszi fel a kapcsolatot az \u00e9rintett gyakorlati k\u00e9pz\u0151hellyel.<\/li>\n<\/ul>\n<p><strong>HALLGAT\u00d3I MUNKASZERZ\u0150D\u00c9S<\/strong><\/p>\n<ul>\n<li><strong>A gyakorlati<\/strong> <strong>k\u00e9pz\u0151helynek hallgat\u00f3i munkaszerz\u0151d\u00e9st kell k\u00f6tnie a<\/strong> <strong>gyakorlatot v\u00e9gz\u0151 hallgat\u00f3val. <\/strong><\/li>\n<li>A munkaszerz\u0151d\u00e9s-k\u00f6t\u00e9si k\u00f6telezetts\u00e9g is <strong>f\u00fcggetlen a gyakorlati k\u00e9pz\u0151helyen t\u00f6lt\u00f6tt id\u0151t\u0151l<\/strong>.<\/li>\n<li>A <strong>hallgat\u00f3i munkaszerz\u0151d\u00e9s alapj\u00e1n munkaviszony j\u00f6n l\u00e9tre<\/strong>, azonban <strong>biztos\u00edt\u00e1si jogviszonyt nem keletkeztet.<\/strong><\/li>\n<li>A hallgat\u00f3i munkaszerz\u0151d\u00e9s alapj\u00e1n foglalkoztatott hallgat\u00f3t a \u201e2012. \u00e9vi I. t\u00f6rv\u00e9ny a munka t\u00f6rv\u00e9nyk\u00f6nyv\u00e9r\u0151l\u201d \u00e1ltal\u00e1nos szab\u00e1lyai szerint <strong>megilleti a szabads\u00e1g \u00e9s a betegszabads\u00e1g<\/strong> is, <strong>t\u00e1pp\u00e9nz azonban nem j\u00e1r<\/strong> hallgat\u00f3i munkaszerz\u0151d\u00e9s alapj\u00e1n, mivel az biztos\u00edt\u00e1si jogviszonyhoz k\u00f6t\u00f6tt. Ha a munkaviszony megsz\u0171n\u00e9sekor a hallgat\u00f3 r\u00e9sz\u00e9re nem ker\u00fcl kiad\u00e1sra a szabads\u00e1g ar\u00e1nyos r\u00e9sze, a bent marad\u00f3 r\u00e9szt meg kell v\u00e1ltani.<\/li>\n<\/ul>\n<p><strong>HALLGAT\u00d3 D\u00cdJAZ\u00c1SA<\/strong><\/p>\n<ul>\n<li>A <strong>hallgat\u00f3t a gyakorlati id\u0151re d\u00edjaz\u00e1s illeti meg<\/strong>, f\u00fcggetlen\u00fcl annak id\u0151tartam\u00e1t\u00f3l.<\/li>\n<li>A <strong>d\u00edjaz\u00e1sra vonatkoz\u00f3 jogszab\u00e1lyi v\u00e1ltoz\u00e1sok a gyakorl\u00f3helyek sz\u00e1m\u00e1ra nem jelentenek t\u00f6bbletk\u00f6lts\u00e9get,<\/strong> mivel a d\u00edjaz\u00e1ssal szemben ad\u00f3kedvezm\u00e9nyre jogosult a gyakorlati k\u00e9pz\u0151hely (l\u00e1sd: al\u00e1bbiakban a p\u00e9lda szerint).<\/li>\n<li>A d\u00edjaz\u00e1s m\u00e9rt\u00e9ke <strong>legal\u00e1bb a minim\u00e1lb\u00e9r 65%-a<\/strong>, h\u00f3k\u00f6zi ar\u00e1nyos\u00edt\u00e1s eset\u00e9n minden megkezdett h\u00e9tre a minim\u00e1lb\u00e9r 65%-\u00e1nak negyed r\u00e9sze j\u00e1r.<\/li>\n<li>A hallgat\u00f3 r\u00e9sz\u00e9re hallgat\u00f3i munkaszerz\u0151d\u00e9s alapj\u00e1n kifizetett \u00f6sszeg <strong>a minim\u00e1lb\u00e9r erej\u00e9ig ad\u00f3- \u00e9s j\u00e1rul\u00e9kmentes.<\/strong><\/li>\n<li>A <strong>d\u00edjaz\u00e1ssal szemben a kifizet\u0151 szoci\u00e1lis hozz\u00e1j\u00e1rul\u00e1si ad\u00f3kedvezm\u00e9nyre jogosult<\/strong>, <strong>illetve <\/strong>ha annak m\u00e9rt\u00e9ke meghaladja a fizetend\u0151 ad\u00f3 \u00f6sszeg\u00e9t, a gyakorlati <strong>k\u00e9pz\u0151hely \u00e9lhet az ad\u00f3 visszaig\u00e9nyl\u00e9s lehet\u0151s\u00e9g\u00e9vel<\/strong>. Azok az ad\u00f3alanyok, akik jogszab\u00e1lyi el\u0151\u00edr\u00e1s alapj\u00e1n nem k\u00f6telezettek szoci\u00e1lis hozz\u00e1j\u00e1rul\u00e1s fizet\u00e9s\u00e9re (KIVA), ugyancsak szoci\u00e1lis hozz\u00e1j\u00e1rul\u00e1si ad\u00f3-visszaig\u00e9nyl\u00e9s keret\u00e9ben juthatnak hozz\u00e1 az \u00e9rv\u00e9nyes\u00edthet\u0151 kedvezm\u00e9nyhez (2408-as bevall\u00e1s 30. sora).<\/li>\n<\/ul>\n<p><strong>D\u00cdJAZ\u00c1S N\u00c9LK\u00dcLI GYAKORLAT<\/strong><\/p>\n<ul>\n<li>A <strong>k\u00f6lts\u00e9gvet\u00e9si szervn\u00e9l, k\u00f6zfeladatot ell\u00e1t\u00f3 k\u00f6z\u00e9rdek\u0171 vagyonkezel\u0151 alap\u00edtv\u00e1ny \u00e1ltal fenntartott fels\u0151oktat\u00e1si int\u00e9zm\u00e9nyn\u00e9l <\/strong>(pl. int\u00e9zeti gy\u00f3gyszert\u00e1r, hat\u00f3s\u00e1g)<strong> v\u00e9gzett szakmai gyakorlatokra hallgat\u00f3i munkaszerz\u0151d\u00e9s \u00e9s d\u00edjaz\u00e1s n\u00e9lk\u00fcl is sor ker\u00fclhet<\/strong>. A hallgat\u00f3i munkaszerz\u0151d\u00e9st megk\u00f6tni, d\u00edjat fizetni nem kell, ugyanakkor lehets\u00e9ges.\u00a0\u00a0Ha az ilyen gyakorl\u00f3helyen folytatott tev\u00e9kenys\u00e9gre hallgat\u00f3i d\u00edjaz\u00e1sra vonatkoz\u00f3 meg\u00e1llapod\u00e1s sz\u00fcletik, akkor a d\u00edjaz\u00e1s is megilleti a hallgat\u00f3t, azonban a fentiekben bemutatott ad\u00f3kedvezm\u00e9ny ebben az esetben nem \u00e9rv\u00e9nyes\u00edthet\u0151.\u00a0<\/li>\n<\/ul>\n<p><strong>K\u00dcLF\u00d6LDI HALLGAT\u00d3K<\/strong><\/p>\n<ul>\n<li><strong style=\"background-color: transparent\">Fenti szab\u00e1lyoz\u00e1s<\/strong><span style=\"background-color: transparent\"> a magyarorsz\u00e1gi fels\u0151oktat\u00e1si int\u00e9zm\u00e9nybe beiratkozott, akt\u00edv hallgat\u00f3i jogviszonnyal rendelkez\u0151 \u00e9s szakmai gyakorlatukat Magyarorsz\u00e1gon v\u00e9gz\u0151 <\/span><strong style=\"background-color: transparent\">k\u00fclf\u00f6ldi hallgat\u00f3kra is \u00e9rv\u00e9nyes<\/strong><span style=\"background-color: transparent\">.<\/span><\/li>\n<\/ul>\n<\/div>\n<p>&nbsp;<\/p>\n<p><strong>P\u00c9LDA egy h\u00f3napos szakmai gyakorlat eset\u00e9n ig\u00e9nybe vehet\u0151 ad\u00f3kedvezm\u00e9ny kisz\u00e1m\u00edt\u00e1s\u00e1ra<\/strong>:<\/p>\n<p style=\"padding-left: 40px\"><strong style=\"background-color: transparent\">2026. \u00e9vi<\/strong> <strong style=\"background-color: transparent\">minim\u00e1lb\u00e9r<\/strong><span style=\"background-color: transparent\"> \u00f6sszege: <strong>322<\/strong><\/span><strong style=\"background-color: transparent\">\u00a0800 Ft<\/strong><\/p>\n<p style=\"padding-left: 40px\"><strong>Egyhavi munkanap<\/strong>ok sz\u00e1ma: <strong>22<\/strong><\/p>\n<p style=\"padding-left: 40px\"><strong>K\u00e9pz\u0151hely \u00f6sszk\u00f6lts\u00e9ge egy hallgat\u00f3ra: 209 820 Ft\/h\u00f3\/hallgat\u00f3<\/strong> (minim\u00e1lb\u00e9r 65%-a j\u00e1rul\u00e9kmentesen, szoci\u00e1lis hozz\u00e1j\u00e1rul\u00e1si ad\u00f3 megfizet\u00e9se n\u00e9lk\u00fcl)<\/p>\n<p style=\"padding-left: 40px\"><strong>Ad\u00f3kedvezm\u00e9ny meghat\u00e1roz\u00e1sa:<\/strong> Jelenleg hat\u00e1lyos <strong>k\u00e9pz\u00e9si normat\u00edva<\/strong> (650 000 Ft) <strong>szorozva a k\u00e9pz\u00e9si ter\u00fclethez tartoz\u00f3 szorz\u00f3sz\u00e1mmal<\/strong> (5,30), <strong>osztva munkanapok sz\u00e1m\u00e1val<\/strong> az adott \u00e9vben (2026-ban \u00f6sszesen 253 nap), <strong>szorozva a szakmai gyakorlaton t\u00f6lt\u00f6tt napok sz\u00e1m\u00e1val<\/strong> (22 napos h\u00f3nappal sz\u00e1molva).\u00a0<\/p>\n<p style=\"padding-left: 40px\"><strong>Ad\u00f3kedvezm\u00e9ny \u00f6sszege:<\/strong> (650 000 x 5,3\/253 x 22=) <strong>299 565 Ft\/h\u00f3\/hallgat\u00f3<\/strong>\u00a0<\/p>\n<p>A k\u00e9pz\u0151hely teh\u00e1t 299 565 Ft \u00f6sszeg\u0171 ad\u00f3kedvezm\u00e9nyt \u00e9rv\u00e9nyes\u00edthet, ami a hallgat\u00f3nak k\u00f6telezend\u0151en fizetend\u0151 d\u00edjon fel\u00fcl <strong>tov\u00e1bbi 89 745 Ft-ot jelent hallgat\u00f3nk\u00e9nt \u00e9s havonta <\/strong>(299 565 Ft-209 820 Ft = 89 745 Ft).\u00a0\u00a0<\/p>\n<p>Az ad\u00f3kedvezm\u00e9nyt nemcsak levonni, de bizonyos esetekben visszaig\u00e9nyelni is lehet, ami k\u00fcl\u00f6n\u00f6sen el\u0151ny\u00f6s p\u00e9ld\u00e1ul a KIVA szerint ad\u00f3z\u00f3 v\u00e1llalkoz\u00e1soknak.\u00a0<\/p>\n<p><strong>A Semmelweis Egyetem Gy\u00f3gyszer\u00e9sztudom\u00e1nyi Kar hallgat\u00f3inak gyakorlati k\u00e9pz\u00e9s\u00e9ben ny\u00fajtott eddigi \u00e9s j\u00f6v\u0151beni sz\u00edves egy\u00fcttm\u0171k\u00f6d\u00e9s\u00fcket ez\u00faton is k\u00f6sz\u00f6nj\u00fck sz\u00e9pen!<\/strong><\/p>\n<p><strong>Dr. Antal Istv\u00e1n <\/strong><\/p>\n<p>d\u00e9k\u00e1n<\/p>\n<p>&nbsp;<\/p>\n\n<\/div><h2 class=\"tabtitle\">K\u00f6telez\u0151 <br \/>\ngy\u00f3gyszert\u00e1ri gyakorlat<\/h2>\n<div class=\"tabcontent\">\n\n<h2>Gy\u00f3gyszert\u00e1ri gyakorlat I-II.(k\u00f6telez\u0151 t\u00e1rgy)<\/h2>\n<ul>\n<li><a href=\"https:\/\/semmelweis.hu\/gytk\/files\/2023\/01\/Tematika_IIevf_80oraGytari_gyak_2023-1.docx\" target=\"_blank\" rel=\"noopener\">Tematika II. \u00e9vfolyam<\/a><\/li>\n<li><a href=\"https:\/\/semmelweis.hu\/gytk\/files\/2023\/01\/Tematika_III_UJ80oras_gytari_gyak2023-1.doc\" target=\"_blank\" rel=\"noopener\">Tematika III. \u00e9vfolyam<\/a><\/li>\n<li><a href=\"https:\/\/semmelweis.hu\/gytk\/files\/2025\/12\/Egyuttmukodesi-megallapodas-kitoltheto-pdf-2026_1.pdf\">EGY\u00dcTTM\u0170K\u00d6D\u00c9SI MEG\u00c1LLAPOD\u00c1S<\/a> gy\u00f3gyszer\u00e9szhallgat\u00f3k szakmai gyakorlati k\u00e9pz\u00e9s\u00e9nek szervez\u00e9se \u00e9s lebonyol\u00edt\u00e1sa t\u00e1rgy\u00e1ban (<a href=\"https:\/\/semmelweis.hu\/gytk\/a-semmelweis-egyetemmel-egyuttmukodesi-megallapodast-kotott-gyakorlohelyek-listaja\/\" target=\"_blank\" rel=\"noopener\">Egy\u00fcttm\u0171k\u00f6d\u00e9si meg\u00e1llapod\u00e1ssal rendelkez\u0151 gyakorl\u00f3helyek list\u00e1ja<\/a>.)<\/li>\n<li><a href=\"https:\/\/semmelweis.hu\/gytk\/files\/2022\/01\/Minositesi_lap_II_III_evf_80gyogyszertari_gyak2022.docx\" target=\"_blank\" rel=\"noopener\">Min\u0151s\u00edt\u00e9si lap<\/a><\/li>\n<\/ul>\n<p>&nbsp;<\/p>\n<div class=\"fontos_div\">\n<p><strong>T\u00c1J\u00c9KOZTAT\u00d3 PANN\u00d3NIA \u00d6SZT\u00d6ND\u00cdJPROGRAM KERET\u00c9BEN K\u00dcLF\u00d6LD\u00d6N V\u00c9GZETT SZAKMAI GYAKORLATR\u00d3L<\/strong><\/p>\n<p>A hallgat\u00f3nak els\u0151 l\u00e9p\u00e9sk\u00e9nt k\u00e9relmeznie kell a gyakorlat k\u00fclf\u00f6ld\u00f6n val\u00f3 teljes\u00edt\u00e9s\u00e9nek lehet\u0151s\u00e9g\u00e9t. A k\u00e9relemhez a k\u00fclf\u00f6ldi gyakorl\u00f3hely \u00e1ltal al\u00e1\u00edrt befogad\u00f3 nyilatkozatot kell csatolni. A befogad\u00f3 nyilatkozat egy szabad sz\u00f6veges dokumentum, ami tartalmazza a gyakorl\u00f3hely nev\u00e9t, c\u00edm\u00e9t \u00e9s a gyakorlat id\u0151tartam\u00e1t.\u00a0\u00a0<\/p>\n<ul>\n<li><a href=\"https:\/\/semmelweis.hu\/gytk\/files\/2025\/06\/Pannonia_kerelem_2025.docx\">K\u00e9relem<\/a> Pann\u00f3nia \u00d6szt\u00f6nd\u00edjprogram keret\u00e9ben k\u00fclf\u00f6ld\u00f6n v\u00e9gzett szakmai gyakorlathoz\u00a0<\/li>\n<\/ul>\n<p>Szakmai gyakorlat kiz\u00e1r\u00f3lag az Egyetem \u00e1ltal min\u0151s\u00edtett gyakorl\u00f3helyen v\u00e9gezhet\u0151.\u00a0<\/p>\n<ul>\n<li><a href=\"https:\/\/semmelweis.hu\/gytk\/files\/2026\/03\/Szakmai-gyakorlohely-minositese_adatlap_ENG-2026_t.docx\">Adatlap<\/a> k\u00fclf\u00f6ldi szakmai gyakorl\u00f3hely min\u0151s\u00edt\u00e9se ir\u00e1nti k\u00e9relemhez<\/li>\n<\/ul>\n<p>A gyakorlat v\u00e9gezt\u00e9vel a k\u00fclf\u00f6ldi gyakorl\u00f3hely \u00e1ltal al\u00e1\u00edrt \u00e9s leb\u00e9lyegzett min\u0151s\u00edt\u00e9si lapot \u00e9s egy 1-2 oldalas hallgat\u00f3i besz\u00e1mol\u00f3t sz\u00fcks\u00e9ges beny\u00fajtani a t\u00e1rgy elfogad\u00e1s\u00e1hoz.<\/p>\n<ul>\n<li><a href=\"https:\/\/semmelweis.hu\/gytk\/files\/2026\/03\/Minositesi-lap_ENG_t.docx\">Min\u0151s\u00edt\u00e9si lap<\/a> a hallgat\u00f3 k\u00fclf\u00f6ld\u00f6n v\u00e9gzett szakmai gyakorlat\u00e1r\u00f3l<\/li>\n<\/ul>\n<p>A k\u00fclf\u00f6ldi szakmai gyakorl\u00f3hellyel teljes m\u00e9rt\u00e9kben a hallgat\u00f3 tartja a kapcsolatot, \u00e9s \u0151 szerzi be a sz\u00fcks\u00e9ges dokumentumokat is. A kit\u00f6lt\u00f6tt, al\u00e1\u00edrt\/lepecs\u00e9telt nyomtatv\u00e1nyokat a Tanulm\u00e1nyi Oszt\u00e1lynak kell beny\u00fajtani. A k\u00e9relem elfogad\u00e1s\u00e1t k\u00f6vet\u0151en a p\u00e1ly\u00e1zat beny\u00fajt\u00e1sa \u00e9s a tov\u00e1bbi adminisztr\u00e1ci\u00f3 a Mobilit\u00e1si Irod\u00e1n kereszt\u00fcl t\u00f6rt\u00e9nik.<\/p>\n<\/div>\n<p>&nbsp;<\/p>\n\n<\/div><h2 class=\"tabtitle\">Szabadon v\u00e1laszthat\u00f3 <br \/>\nny\u00e1ri gyakorlat<\/h2>\n<div class=\"tabcontent\">\n\n<p>Ny\u00e1ri szakmai gyakorlat (szabadon v\u00e1laszthat\u00f3 t\u00e1rgy)<\/p>\n<ul>\n<li><a href=\"https:\/\/semmelweis.hu\/gytk\/files\/2025\/12\/Egyuttmukodesi-megallapodas-kitoltheto-pdf-2026_1.pdf\">EGY\u00dcTTM\u0170K\u00d6D\u00c9SI MEG\u00c1LLAPOD\u00c1S<\/a> gy\u00f3gyszer\u00e9szhallgat\u00f3k szakmai gyakorlati k\u00e9pz\u00e9s\u00e9nek szervez\u00e9se \u00e9s lebonyol\u00edt\u00e1sa t\u00e1rgy\u00e1ban (<a href=\"https:\/\/semmelweis.hu\/gytk\/a-semmelweis-egyetemmel-egyuttmukodesi-megallapodast-kotott-gyakorlohelyek-listaja\/\" target=\"_blank\" rel=\"noopener\">Egy\u00fcttm\u0171k\u00f6d\u00e9si meg\u00e1llapod\u00e1ssal rendelkez\u0151 gyakorl\u00f3helyek list\u00e1ja.<\/a>)<\/li>\n<li><a href=\"https:\/\/semmelweis.hu\/gytk\/files\/2024\/04\/II_IIIevf_nyarigyak_minositesi-lap_2024.doc\">Min\u0151s\u00edt\u00e9si lap<\/a><\/li>\n<li><a href=\"https:\/\/semmelweis.hu\/gytk\/files\/2022\/05\/Nyari-szakmai-gyakorlat_kulfold_uj.docx\" target=\"_blank\" rel=\"noopener\">K\u00e9relem k\u00fclf\u00f6ldi szakmai gyakorlathoz<\/a><\/li>\n<li>Tematika\n<ul>\n<li><a href=\"https:\/\/semmelweis.hu\/gytk\/files\/2024\/04\/Tematika_nyari_II_gyogyszertari.doc\">Tematika II. \u00e9vf. gy\u00f3gyszert\u00e1ri<\/a><\/li>\n<li><a href=\"https:\/\/semmelweis.hu\/gytk\/files\/2024\/04\/Tematika-nyari-III-gyogyszertari.doc\">Tematika III. \u00e9vf. gy\u00f3gyszert\u00e1ri<\/a><\/li>\n<li><a href=\"https:\/\/semmelweis.hu\/gytk\/files\/2024\/04\/Tematika_nyari_II_gyogyszergyari.doc\">Tematika II. \u00e9vf. gy\u00f3gyszergy\u00e1ri<\/a><\/li>\n<li><a href=\"https:\/\/semmelweis.hu\/gytk\/files\/2024\/04\/Tematika-nyari-III-gyogyszergyari.doc\">Tematika III_\u00e9vf. gy\u00f3gyszergy\u00e1ri<\/a><\/li>\n<li><a href=\"https:\/\/semmelweis.hu\/gytk\/files\/2024\/04\/Tematika_nyari_II_korhazi_intezeti.doc\">Tematika II. \u00e9vf. k\u00f3rh\u00e1zi\/int\u00e9zeti<\/a><\/li>\n<li><a href=\"https:\/\/semmelweis.hu\/gytk\/files\/2024\/04\/Tematika-nyari-III-korhazi-intezeti.doc\">Tematika III. \u00e9vf. k\u00f3rh\u00e1zi\/int\u00e9zeti<\/a><\/li>\n<\/ul>\n<\/li>\n<\/ul>\n<p>&nbsp;<\/p>\n<div class=\"fontos_div\">\n<p><strong>T\u00c1J\u00c9KOZTAT\u00d3 PANN\u00d3NIA \u00d6SZT\u00d6ND\u00cdJPROGRAM KERET\u00c9BEN K\u00dcLF\u00d6LD\u00d6N V\u00c9GZETT SZAKMAI GYAKORLATR\u00d3L<\/strong><\/p>\n<p>A hallgat\u00f3nak els\u0151 l\u00e9p\u00e9sk\u00e9nt k\u00e9relmeznie kell a gyakorlat k\u00fclf\u00f6ld\u00f6n val\u00f3 teljes\u00edt\u00e9s\u00e9nek lehet\u0151s\u00e9g\u00e9t. A k\u00e9relemhez a k\u00fclf\u00f6ldi gyakorl\u00f3hely \u00e1ltal al\u00e1\u00edrt befogad\u00f3 nyilatkozatot kell csatolni. A befogad\u00f3 nyilatkozat egy szabad sz\u00f6veges dokumentum, ami tartalmazza a gyakorl\u00f3hely nev\u00e9t, c\u00edm\u00e9t \u00e9s a gyakorlat id\u0151tartam\u00e1t.\u00a0\u00a0<\/p>\n<ul>\n<li><a href=\"https:\/\/semmelweis.hu\/gytk\/files\/2025\/06\/Pannonia_kerelem_2025.docx\">K\u00e9relem<\/a> Pann\u00f3nia \u00d6szt\u00f6nd\u00edjprogram keret\u00e9ben k\u00fclf\u00f6ld\u00f6n v\u00e9gzett szakmai gyakorlathoz\u00a0<\/li>\n<\/ul>\n<p>Szakmai gyakorlat kiz\u00e1r\u00f3lag az Egyetem \u00e1ltal min\u0151s\u00edtett gyakorl\u00f3helyen v\u00e9gezhet\u0151.\u00a0<\/p>\n<ul>\n<li><a href=\"https:\/\/semmelweis.hu\/gytk\/files\/2026\/03\/Szakmai-gyakorlohely-minositese_adatlap_ENG-2026_t.docx\">Adatlap<\/a> k\u00fclf\u00f6ldi szakmai gyakorl\u00f3hely min\u0151s\u00edt\u00e9se ir\u00e1nti k\u00e9relemhez<\/li>\n<\/ul>\n<p>A gyakorlat v\u00e9gezt\u00e9vel a k\u00fclf\u00f6ldi gyakorl\u00f3hely \u00e1ltal al\u00e1\u00edrt \u00e9s leb\u00e9lyegzett min\u0151s\u00edt\u00e9si lapot \u00e9s egy 1-2 oldalas hallgat\u00f3i besz\u00e1mol\u00f3t sz\u00fcks\u00e9ges beny\u00fajtani a t\u00e1rgy elfogad\u00e1s\u00e1hoz.<\/p>\n<ul>\n<li><a href=\"https:\/\/semmelweis.hu\/gytk\/files\/2026\/03\/Minositesi-lap_ENG_t.docx\">Min\u0151s\u00edt\u00e9si lap<\/a> a hallgat\u00f3 k\u00fclf\u00f6ld\u00f6n v\u00e9gzett szakmai gyakorlat\u00e1r\u00f3l<\/li>\n<\/ul>\n<p>A k\u00fclf\u00f6ldi szakmai gyakorl\u00f3hellyel teljes m\u00e9rt\u00e9kben a hallgat\u00f3 tartja a kapcsolatot, \u00e9s \u0151 szerzi be a sz\u00fcks\u00e9ges dokumentumokat is. A kit\u00f6lt\u00f6tt, al\u00e1\u00edrt\/lepecs\u00e9telt nyomtatv\u00e1nyokat a Tanulm\u00e1nyi Oszt\u00e1lynak kell beny\u00fajtani. A k\u00e9relem elfogad\u00e1s\u00e1t k\u00f6vet\u0151en a p\u00e1ly\u00e1zat beny\u00fajt\u00e1sa \u00e9s a tov\u00e1bbi adminisztr\u00e1ci\u00f3 a Mobilit\u00e1si Irod\u00e1n kereszt\u00fcl t\u00f6rt\u00e9nik.<\/p>\n<\/div>\n<p>&nbsp;<\/p>\n<p>&nbsp;<\/p>\n\n<\/div><h2 class=\"tabtitle\">Akkredit\u00e1lt k\u00e9pz\u0151helyek<\/h2>\n<div class=\"tabcontent\">\n\n<p><strong>Gy\u00f3gyszert\u00e1ri szakmai gyakorlatok teljes\u00edt\u00e9se<\/strong><\/p>\n<p>A gy\u00f3gyszert\u00e1ri szakmai gyakorlatok (Gy\u00f3gyszert\u00e1ri gyakorlat I-II. ; ny\u00e1ri szakmai gyakorlat II-III. \u00e9vfolyam, z\u00e1r\u00f3vizsga el\u0151tti szakmai gyakorlat) \u00a0<strong><em>akkredit\u00e1lt<\/em> gy\u00f3gyszert\u00e1rban vagy a <em>fels\u0151oktat\u00e1si int\u00e9zm\u00e9ny \u00e1ltal min\u0151s\u00edtett<\/em> k\u00f6zforgalm\u00fa gy\u00f3gyszert\u00e1rban<\/strong> teljes\u00edthet\u0151. A szakmai gyakorl\u00f3helyeket az al\u00e1bbi el\u00e9rhet\u0151s\u00e9geken tekintheti meg:<\/p>\n<p>&nbsp;<\/p>\n<div class=\"lead\">Akkredit\u00e1lt szakk\u00e9pz\u0151 helyek:<\/div>\n<ul>\n<li>Az orsz\u00e1gos K\u00f3rh\u00e1zi F\u0151igazgat\u00f3s\u00e1g \u00e1ltal akkredit\u00e1lt szakk\u00e9pz\u0151 helyek az <a href=\"https:\/\/enkk.hu\/index.php\/hun\/szakkepzes-tamogatasi-foosztaly\/szakkepzohelyi-akkreditacio\/akkreditalt-szakkepzo-helyek\" target=\"_blank\" rel=\"noopener\">Orsz\u00e1gos K\u00f3rh\u00e1zi F\u0151igazgat\u00f3s\u00e1g honlapj\u00e1n<\/a> tekinthet\u0151k meg (Szakk\u00e9pz\u00e9s &gt; Szakk\u00e9pz\u00e9s T\u00e1mogat\u00e1si F\u0151oszt\u00e1ly [rezidens] &gt; Szakk\u00e9pz\u0151helyi akkredit\u00e1ci\u00f3 &gt; Akkredit\u00e1lt szakk\u00e9pz\u0151 helyek)<\/li>\n<li>Az orsz\u00e1gosan akkredit\u00e1lt gy\u00f3gyszert\u00e1rak, szakk\u00e9pz\u0151 helyek a <a href=\"https:\/\/www.gyoftex.hu\/\" target=\"_blank\" rel=\"noopener\">GYOFTEX honlapj\u00e1n<\/a> tal\u00e1lhat\u00f3ak meg (Gy\u00f3gyszer\u00e9sz &gt; Akkredit\u00e1lt gy\u00f3gyszert\u00e1rak):<\/li>\n<\/ul>\n<p>A szakk\u00e9pz\u0151 helyk\u00e9nt val\u00f3 elismer\u00e9sre vonatkoz\u00f3 p\u00e1ly\u00e1zatok befogad\u00e1s\u00e1t (r\u00e9gi\u00f3s feloszt\u00e1s alapj\u00e1n) a Semmelweis Egyetem Gy\u00f3gyszer\u00e9sztudom\u00e1nyi Kar, <a href=\"https:\/\/semmelweis.hu\/gytk\/posztgradualis-kepzes\/szakkepzes\/akkreditacio\/\" target=\"_blank\" rel=\"noopener\">Szak- \u00e9s Tov\u00e1bbk\u00e9pz\u00e9si Csoportja<\/a> v\u00e9gzi.<\/p>\n<p>&nbsp;<\/p>\n<div class=\"lead\">Fels\u0151oktat\u00e1si int\u00e9zm\u00e9ny \u00e1ltal min\u0151s\u00edtett k\u00f6zforgalm\u00fa gy\u00f3gyszert\u00e1rak:<\/div>\n<ul>\n<li>A Gy\u00f3gyszer\u00e9sztudom\u00e1nyi Kar Tan\u00e1csa a <a href=\"https:\/\/semmelweis.hu\/gytk\/files\/2023\/11\/9_2022_2023_XII_07_GYTK_KT.pdf\">9\/2022-2023. (XII. 07.) GYTK-KT sz\u00e1m\u00fa hat\u00e1rozat\u00e1val<\/a> fogadta el a \u201e<em>K\u00f6zforgalm\u00fa gy\u00f3gyszert\u00e1rak szakmai gyakorl\u00f3helly\u00e9 min\u0151s\u00edt\u00e9se a fels\u0151oktat\u00e1si int\u00e9zm\u00e9ny \u00e1ltal\u201d <\/em>Kari <u><a href=\"https:\/\/semmelweis.hu\/gytk\/files\/2023\/11\/Kozforgalmu-gyogyszertarak-szakmai-gyakorlohellye-minositese-eljarasrend-SE-GYTK.pdf\">elj\u00e1r\u00e1srendet<\/a>.<\/u> A szakmai gyakorl\u00f3hely fels\u0151oktat\u00e1si int\u00e9zm\u00e9ny \u00e1ltali min\u0151s\u00edt\u00e9se az <a href=\"https:\/\/semmelweis.hu\/gytk\/files\/2026\/03\/szakmai-gyakorlat-minosites-adatlap.pdf\" target=\"_blank\" rel=\"noopener\">al\u00e1bbi nyomtatv\u00e1ny<\/a>\u00a0kit\u00f6lt\u00e9s\u00e9vel kezdem\u00e9nyezhet\u0151. A kit\u00f6lt\u00f6tt adatlapot a D\u00e9k\u00e1ni Hivatalba (SE-GYTK D\u00e9k\u00e1ni Hivatal, 1085 Budapest, \u00dcll\u0151i \u00fat 26. Fsz. 16.) kell bek\u00fcldeni vagy beny\u00fajtani. \u00a0A Semmelweis Egyetem Gy\u00f3gyszer\u00e9sztudom\u00e1nyi Kara \u00e1ltali min\u0151s\u00edt\u00e9ssel rendelkez\u0151 gyakorlati oktat\u00f3 gy\u00f3gyszert\u00e1rak list\u00e1ja <a href=\"https:\/\/semmelweis.hu\/gytk\/files\/2026\/03\/Nyilvantartas-Szakmai-gyakorlohellye-minositett-patikak.pdf\" target=\"_blank\" rel=\"noopener\">itt tal\u00e1lhat\u00f3<\/a>.<\/li>\n<\/ul>\n<\/div><\/div>\n","protected":false},"excerpt":{"rendered":"<p>T\u00c1J\u00c9KOZTAT\u00d3 GYAKORLATI K\u00c9PZ\u0150HELYEK R\u00c9SZ\u00c9RE Minden \u00e9vben elengedhetetlen\u00fcl fontos a gy\u00f3gyszer\u00e9szhallgat\u00f3k gyakorlati k\u00e9pz\u00e9se, \u00edgy az \u00fajonnan v\u00e9gz\u0151 gy\u00f3gyszer\u00e9szdoktorok munk\u00e1bal\u00e9p\u00e9se szempontj\u00e1b\u00f3l, hogy a gy\u00f3gyszert\u00e1rak \u00e9s egy\u00e9b gyakorlati k\u00e9pz\u0151helyek az eddigiekhez hasonl\u00f3an biztos\u00edts\u00e1k \u00e9s seg\u00edts\u00e9k a gyakorlati k\u00e9pz\u00e9shez sz\u00fcks\u00e9ges felt\u00e9teleket. Els\u0151rend\u0171 fontoss\u00e1g\u00fanak tartjuk t\u00e1j\u00e9koztatni a szakmai gyakorlatot biztos\u00edt\u00f3 helyeket, hogy a kapcsol\u00f3d\u00f3 jogszab\u00e1lyi v\u00e1ltoz\u00e1sok (azaz a gy\u00f3gyszert\u00e1rnak mint &hellip;<\/p>\n","protected":false},"author":101431,"featured_media":0,"parent":2088,"menu_order":8,"comment_status":"closed","ping_status":"closed","template":"template-fullwidth.php","meta":{"_acf_changed":false,"footnotes":""},"categories":[],"tags":[],"class_list":["post-11187","page","type-page","status-publish","hentry"],"acf":[],"_links":{"self":[{"href":"https:\/\/semmelweis.hu\/gytk\/wp-json\/wp\/v2\/pages\/11187","targetHints":{"allow":["GET"]}}],"collection":[{"href":"https:\/\/semmelweis.hu\/gytk\/wp-json\/wp\/v2\/pages"}],"about":[{"href":"https:\/\/semmelweis.hu\/gytk\/wp-json\/wp\/v2\/types\/page"}],"author":[{"embeddable":true,"href":"https:\/\/semmelweis.hu\/gytk\/wp-json\/wp\/v2\/users\/101431"}],"replies":[{"embeddable":true,"href":"https:\/\/semmelweis.hu\/gytk\/wp-json\/wp\/v2\/comments?post=11187"}],"version-history":[{"count":11,"href":"https:\/\/semmelweis.hu\/gytk\/wp-json\/wp\/v2\/pages\/11187\/revisions"}],"predecessor-version":[{"id":18314,"href":"https:\/\/semmelweis.hu\/gytk\/wp-json\/wp\/v2\/pages\/11187\/revisions\/18314"}],"up":[{"embeddable":true,"href":"https:\/\/semmelweis.hu\/gytk\/wp-json\/wp\/v2\/pages\/2088"}],"wp:attachment":[{"href":"https:\/\/semmelweis.hu\/gytk\/wp-json\/wp\/v2\/media?parent=11187"}],"wp:term":[{"taxonomy":"category","embeddable":true,"href":"https:\/\/semmelweis.hu\/gytk\/wp-json\/wp\/v2\/categories?post=11187"},{"taxonomy":"post_tag","embeddable":true,"href":"https:\/\/semmelweis.hu\/gytk\/wp-json\/wp\/v2\/tags?post=11187"}],"curies":[{"name":"wp","href":"https:\/\/api.w.org\/{rel}","templated":true}]}}