{"id":11151,"date":"2021-03-01T13:51:43","date_gmt":"2021-03-01T12:51:43","guid":{"rendered":"https:\/\/semmelweis.hu\/gytk\/?page_id=11151"},"modified":"2021-06-25T11:58:27","modified_gmt":"2021-06-25T09:58:27","slug":"kari-tanacsules-2021-02-11","status":"publish","type":"page","link":"https:\/\/semmelweis.hu\/gytk\/a-karrol\/kari-tanacs\/kari-tanacs-eloterjesztesek\/kari-tanacsules-2021-02-11\/","title":{"rendered":"2021. febru\u00e1r 11."},"content":{"rendered":"<p style=\"text-align: center\"><strong>Kari Tan\u00e1cs\u00fcl\u00e9s 2021. febru\u00e1r 11. (cs\u00fct\u00f6rt\u00f6k) 16:00 \u00f3ra Zoom \u00e9rtekezlet<\/strong><\/p>\n<p><strong>2. napirendi pont:<br \/>\n<\/strong><a href=\"https:\/\/semmelweis.hu\/gytk\/files\/2021\/02\/2_napirend_KT_El\u0151terjeszt\u00e9s_docensi_p\u00e1ly\u00e1zat_FI_BI.pdf\" target=\"_blank\" rel=\"noopener noreferrer\">KT_el\u0151terjeszt\u00e9s_docensi_p\u00e1ly\u00e1zat_FI_BI<\/a><\/p>\n<ul>\n<li><a href=\"https:\/\/semmelweis.hu\/gytk\/files\/2021\/02\/BoldizsarI_SE-Docensi-p\u00e1ly\u00e1zat.pdf\" target=\"_blank\" rel=\"noopener noreferrer\">2sz_mell\u00e9klet_docensi_p\u00e1ly\u00e1zat_FI_BI<\/a><\/li>\n<li><a href=\"https:\/\/semmelweis.hu\/gytk\/files\/2021\/02\/2_napirendi_pont_3_sz_mell\u00e9klet_ad_hoc_bizotts\u00e1g.pdf\" target=\"_blank\" rel=\"noopener noreferrer\">3sz_mell\u00e9klet_ad_hoc_bizotts\u00e1gi_jegyz\u0151k\u00f6nyv<\/a><\/li>\n<\/ul>\n<p><strong>3. napirendi pont:<br \/>\n<\/strong>\u00a0<a href=\"https:\/\/semmelweis.hu\/gytk\/files\/2021\/02\/3napirend_KT_el\u0151terjeszt\u00e9s_kari_\u00e1lland\u00f3_bizotts\u00e1g_szem\u00e9lyi_-1.pdf\" target=\"_blank\" rel=\"noopener noreferrer\">KT_el\u0151terjeszt\u00e9s_kari_\u00e1lland\u00f3_bizotts\u00e1g_szem\u00e9lyi_\u00f6sszet\u00e9tele_NKB<\/a><\/p>\n<p><strong>4. napirendi pont:<\/strong><br \/>\n<a href=\"https:\/\/semmelweis.hu\/gytk\/files\/2021\/02\/4_napirendi_pont_Akkredit\u00e1ci\u00f3_20201123_20210208.pdf\" target=\"_blank\" rel=\"noopener noreferrer\">Szakk\u00e9pz\u0151helyek akkredit\u00e1ci\u00f3s k\u00e9relmeinek v\u00e9lem\u00e9nyez\u00e9se<\/a><\/p>\n<p>&nbsp;<\/p>\n<p><strong>\u00a0<\/strong><\/p>\n<p>&nbsp;<\/p>\n","protected":false},"excerpt":{"rendered":"<p>Kari Tan\u00e1cs\u00fcl\u00e9s 2021. febru\u00e1r 11. (cs\u00fct\u00f6rt\u00f6k) 16:00 \u00f3ra Zoom \u00e9rtekezlet<br \/>\n2. napirendi pont:<br \/>\n<a href=\"https:\/\/semmelweis.hu\/gytk\/files\/2021\/02\/2_napirend_KT_El\u0151terjeszt\u00e9s_docensi_p\u00e1ly\u00e1zat_FI_BI.pdf\" target=\"_blank\" rel=\"noopener noreferrer\">KT_el\u0151terjeszt\u00e9s_docensi_p\u00e1ly\u00e1zat_FI_BI<\/a><\/p>\n<p><a href=\"https:\/\/semmelweis.hu\/gytk\/files\/2021\/02\/BoldizsarI_SE-Docensi-p\u00e1ly\u00e1zat.pdf\" target=\"_blank\" rel=\"noopener noreferrer\">2sz_mell\u00e9klet_docensi_p\u00e1ly\u00e1zat_FI_BI<\/a><br \/>\n<a href=\"https:\/\/semmelweis.hu\/gytk\/files\/2021\/02\/2_napirendi_pont_3_sz_mell\u00e9klet_ad_hoc_bizotts\u00e1g.pdf\" target=\"_blank\" rel=\"noopener noreferrer\">3sz_mell\u00e9klet_ad_hoc_bizotts\u00e1gi_jegyz\u0151k\u00f6nyv<\/a><\/p>\n<p>3. napirendi pont:<br \/>\n\u00a0<a href=\"https:\/\/semmelweis.hu\/gytk\/files\/2021\/02\/3napirend_KT_el\u0151terjeszt\u00e9s_kari_\u00e1lland\u00f3_bizotts\u00e1g_szem\u00e9lyi_-1.pdf\" target=\"_blank\" rel=\"noopener noreferrer\">KT_el\u0151terjeszt\u00e9s_kari_\u00e1lland\u00f3_bizotts\u00e1g_szem\u00e9lyi_\u00f6sszet\u00e9tele_NKB<\/a><br \/>\n4. napirendi pont:<br \/>\n<a href=\"https:\/\/semmelweis.hu\/gytk\/files\/2021\/02\/4_napirendi_pont_Akkredit\u00e1ci\u00f3_20201123_20210208.pdf\" target=\"_blank\" rel=\"noopener noreferrer\">Szakk\u00e9pz\u0151helyek akkredit\u00e1ci\u00f3s k\u00e9relmeinek v\u00e9lem\u00e9nyez\u00e9se<\/a><br \/>\n&nbsp;<br \/>\n\u00a0<br \/>\n&nbsp;<\/p>\n","protected":false},"author":101431,"featured_media":0,"parent":5323,"menu_order":23,"comment_status":"closed","ping_status":"closed","template":"","meta":{"_acf_changed":false,"footnotes":""},"categories":[],"tags":[],"class_list":["post-11151","page","type-page","status-publish","hentry"],"acf":[],"_links":{"self":[{"href":"https:\/\/semmelweis.hu\/gytk\/wp-json\/wp\/v2\/pages\/11151","targetHints":{"allow":["GET"]}}],"collection":[{"href":"https:\/\/semmelweis.hu\/gytk\/wp-json\/wp\/v2\/pages"}],"about":[{"href":"https:\/\/semmelweis.hu\/gytk\/wp-json\/wp\/v2\/types\/page"}],"author":[{"embeddable":true,"href":"https:\/\/semmelweis.hu\/gytk\/wp-json\/wp\/v2\/users\/101431"}],"replies":[{"embeddable":true,"href":"https:\/\/semmelweis.hu\/gytk\/wp-json\/wp\/v2\/comments?post=11151"}],"version-history":[{"count":5,"href":"https:\/\/semmelweis.hu\/gytk\/wp-json\/wp\/v2\/pages\/11151\/revisions"}],"predecessor-version":[{"id":11673,"href":"https:\/\/semmelweis.hu\/gytk\/wp-json\/wp\/v2\/pages\/11151\/revisions\/11673"}],"up":[{"embeddable":true,"href":"https:\/\/semmelweis.hu\/gytk\/wp-json\/wp\/v2\/pages\/5323"}],"wp:attachment":[{"href":"https:\/\/semmelweis.hu\/gytk\/wp-json\/wp\/v2\/media?parent=11151"}],"wp:term":[{"taxonomy":"category","embeddable":true,"href":"https:\/\/semmelweis.hu\/gytk\/wp-json\/wp\/v2\/categories?post=11151"},{"taxonomy":"post_tag","embeddable":true,"href":"https:\/\/semmelweis.hu\/gytk\/wp-json\/wp\/v2\/tags?post=11151"}],"curies":[{"name":"wp","href":"https:\/\/api.w.org\/{rel}","templated":true}]}}