{"id":10732,"date":"2020-12-04T09:53:06","date_gmt":"2020-12-04T08:53:06","guid":{"rendered":"https:\/\/semmelweis.hu\/gytk\/?page_id=10732"},"modified":"2021-06-25T11:58:14","modified_gmt":"2021-06-25T09:58:14","slug":"kari-tanacsules-2020-november-25","status":"publish","type":"page","link":"https:\/\/semmelweis.hu\/gytk\/a-karrol\/kari-tanacs\/kari-tanacs-eloterjesztesek\/kari-tanacsules-2020-november-25\/","title":{"rendered":"2020. november 25."},"content":{"rendered":"<p>&nbsp;<\/p>\n<p style=\"text-align: center\"><strong>Kari Tan\u00e1cs\u00fcl\u00e9s 2020. november 25. (szerda) 16:00 \u00f3ra zoom \u00e9rtekezlet<\/strong><\/p>\n<p style=\"text-align: justify\"><strong>2.napirendi pont:<\/strong><br \/>\n<a href=\"https:\/\/semmelweis.hu\/gytk\/files\/2020\/11\/KT_el\u0151terjeszt\u00e9s_2021.\u00e9vi_egyetemi_szint\u0171_kit\u00fcntet\u00e9si_javaslat_v\u00e9lem\u00e9nyez\u00e9se.pdf\" target=\"_blank\" rel=\"noopener noreferrer\">KT_el\u0151terjeszt\u00e9s_2021.\u00e9vi_egyetemi_szint\u0171_kit\u00fcntet\u00e9si_javaslat_v\u00e9lem\u00e9nyez\u00e9se<\/a><\/p>\n<ul>\n<li><a href=\"https:\/\/semmelweis.hu\/gytk\/files\/2020\/11\/2.napirendi-pont-2a-mell\u00e9klet.pdf\" target=\"_blank\" rel=\"noopener noreferrer\">2. napirendi_pont_2a_mell\u00e9klet_felterjeszt\u00e9s<\/a><\/li>\n<li><a href=\"https:\/\/semmelweis.hu\/gytk\/files\/2020\/11\/2.-napirendi-pont-2b-mell\u00e9klet-1.pdf\" target=\"_blank\" rel=\"noopener noreferrer\">2. napirendi_pont_2b_mell\u00e9klet_jegyz\u0151k\u00f6nyv_alkalmazotti_f\u00f3rum<\/a><\/li>\n<li><a href=\"https:\/\/semmelweis.hu\/gytk\/files\/2020\/11\/2-napirendi-pont-2c-mell\u00e9klet.pdf\" target=\"_blank\" rel=\"noopener noreferrer\">2. napirendi_pont_2c_mell\u00e9klet_H\u00d6K_v\u00e9lem\u00e9ny<\/a><\/li>\n<\/ul>\n<p><strong>3. napirendi pont:<\/strong><br \/>\n<a href=\"https:\/\/semmelweis.hu\/gytk\/files\/2020\/11\/KT_el\u0151terjeszt\u00e9s_szabadon_v\u00e1laszthat\u00f3_tant\u00e1rgyak_\u00e1tmin\u0151s\u00edt\u00e9se.pdf\" target=\"_blank\" rel=\"noopener noreferrer\">KT_el\u0151terjeszt\u00e9s_szabadon_v\u00e1laszthat\u00f3_tant\u00e1rgyak_\u00e1tmin\u0151s\u00edt\u00e9se<\/a><\/p>\n<ul>\n<li><a href=\"https:\/\/semmelweis.hu\/gytk\/files\/2020\/11\/3.napirendi-pont-2a-mell\u00e9klet.pdf\" target=\"_blank\" rel=\"noopener noreferrer\">2a_mell\u00e9klet_tant\u00e1rgyi_adatlap_\u00c9trend-kieg\u00e9sz\u00edt\u0151k<\/a><\/li>\n<li><a href=\"https:\/\/semmelweis.hu\/gytk\/files\/2020\/11\/3.-napirendi-pont-2b-mell\u00e9klet.pdf\" target=\"_blank\" rel=\"noopener noreferrer\">2b_mell\u00e9klet_tant\u00e1rgyi_adatlap_Folyad\u00e9kkromatogr\u00e1fia<\/a>\u00a0<\/li>\n<li><a href=\"https:\/\/semmelweis.hu\/gytk\/files\/2020\/11\/3.-napirendi-pont-2c-mell\u00e9klet.pdf\" target=\"_blank\" rel=\"noopener noreferrer\">2c_mell\u00e9klet_tant\u00e1rgyi_adatlap_Utaz\u00e1sorvostan_gy\u00f3gyszer\u00e9szek_sz\u00e1m\u00e1ra<\/a><\/li>\n<\/ul>\n<p>\n<strong>4. napirendi pont:<\/strong><br \/>\n<a href=\"https:\/\/semmelweis.hu\/gytk\/files\/2020\/11\/KT_el\u0151terjeszt\u00e9s_\u00f6nk\u00f6lts\u00e9ges_magyar_nyelv\u0171_gy\u00f3gyszer\u00e9szk\u00e9pz\u00e9s_d\u00edjt\u00e9tele_2021-2022.pdf\" target=\"_blank\" rel=\"noopener noreferrer\">KT_el\u0151terjeszt\u00e9s_\u00f6nk\u00f6lts\u00e9ges_magyar_nyelv\u0171_gy\u00f3gyszer\u00e9szk\u00e9pz\u00e9s_d\u00edjt\u00e9tele_2021-2022<\/a><\/p>\n<p><strong>5. napirendi pont :<br \/>\n<\/strong>T\u00e1j\u00e9koztat\u00f3 az el\u0151z\u0151 f\u00e9l\u00e9v (2019\/20\/2) vizsgaeredm\u00e9nyeir\u0151l<\/p>\n<ul>\n<li><a href=\"https:\/\/semmelweis.hu\/gytk\/files\/2020\/11\/5.-napirendi_pont-1a-mell\u00e9klet.xlsx\" target=\"_blank\" rel=\"noopener noreferrer\">1a_mell\u00e9klet_magyar<\/a><\/li>\n<li><a href=\"https:\/\/semmelweis.hu\/gytk\/files\/2020\/11\/5.-napirendipont-1b-mell\u00e9klet.xlsx\" target=\"_blank\" rel=\"noopener noreferrer\">1b_mell\u00e9klet_angol<\/a><\/li>\n<li><a href=\"https:\/\/semmelweis.hu\/gytk\/files\/2020\/11\/5.-napirendi-pont-1c-mell\u00e9klet.xlsx\" target=\"_blank\" rel=\"noopener noreferrer\">1c_mell\u00e9klet_n\u00e9met<\/a><\/li>\n<\/ul>\n<p><strong>6. napirendi pont:<br \/>\n<\/strong><a href=\"https:\/\/semmelweis.hu\/gytk\/files\/2020\/12\/Akkredit\u00e1ci\u00f3-\u00faj-2020.november.pdf\" target=\"_blank\" rel=\"noopener noreferrer\">Szakk\u00e9pz\u0151 helyek akkredit\u00e1ci\u00f3s k\u00e9relmeinek v\u00e9lem\u00e9nyez\u00e9se<\/a><\/p>\n<p>&nbsp;<\/p>\n","protected":false},"excerpt":{"rendered":"<p>&nbsp;<br \/>\nKari Tan\u00e1cs\u00fcl\u00e9s 2020. november 25. (szerda) 16:00 \u00f3ra zoom \u00e9rtekezlet<br \/>\n2.napirendi pont:<br \/>\n<a href=\"https:\/\/semmelweis.hu\/gytk\/files\/2020\/11\/KT_el\u0151terjeszt\u00e9s_2021.\u00e9vi_egyetemi_szint\u0171_kit\u00fcntet\u00e9si_javaslat_v\u00e9lem\u00e9nyez\u00e9se.pdf\" target=\"_blank\" rel=\"noopener noreferrer\">KT_el\u0151terjeszt\u00e9s_2021.\u00e9vi_egyetemi_szint\u0171_kit\u00fcntet\u00e9si_javaslat_v\u00e9lem\u00e9nyez\u00e9se<\/a><\/p>\n<p><a href=\"https:\/\/semmelweis.hu\/gytk\/files\/2020\/11\/2.napirendi-pont-2a-mell\u00e9klet.pdf\" target=\"_blank\" rel=\"noopener noreferrer\">2. napirendi_pont_2a_mell\u00e9klet_felterjeszt\u00e9s<\/a><br \/>\n<a href=\"https:\/\/semmelweis.hu\/gytk\/files\/2020\/11\/2.-napirendi-pont-2b-mell\u00e9klet-1.pdf\" target=\"_blank\" rel=\"noopener noreferrer\">2. napirendi_pont_2b_mell\u00e9klet_jegyz\u0151k\u00f6nyv_alkalmazotti_f\u00f3rum<\/a><br \/>\n<a href=\"https:\/\/semmelweis.hu\/gytk\/files\/2020\/11\/2-napirendi-pont-2c-mell\u00e9klet.pdf\" target=\"_blank\" rel=\"noopener noreferrer\">2. napirendi_pont_2c_mell\u00e9klet_H\u00d6K_v\u00e9lem\u00e9ny<\/a><\/p>\n<p>3. napirendi pont:<br \/>\n<a href=\"https:\/\/semmelweis.hu\/gytk\/files\/2020\/11\/KT_el\u0151terjeszt\u00e9s_szabadon_v\u00e1laszthat\u00f3_tant\u00e1rgyak_\u00e1tmin\u0151s\u00edt\u00e9se.pdf\" target=\"_blank\" rel=\"noopener noreferrer\">KT_el\u0151terjeszt\u00e9s_szabadon_v\u00e1laszthat\u00f3_tant\u00e1rgyak_\u00e1tmin\u0151s\u00edt\u00e9se<\/a><\/p>\n<p><a href=\"https:\/\/semmelweis.hu\/gytk\/files\/2020\/11\/3.napirendi-pont-2a-mell\u00e9klet.pdf\" target=\"_blank\" rel=\"noopener noreferrer\">2a_mell\u00e9klet_tant\u00e1rgyi_adatlap_\u00c9trend-kieg\u00e9sz\u00edt\u0151k<\/a><br \/>\n<a href=\"https:\/\/semmelweis.hu\/gytk\/files\/2020\/11\/3.-napirendi-pont-2b-mell\u00e9klet.pdf\" target=\"_blank\" rel=\"noopener noreferrer\">2b_mell\u00e9klet_tant\u00e1rgyi_adatlap_Folyad\u00e9kkromatogr\u00e1fia<\/a>\u00a0<br \/>\n<a href=\"https:\/\/semmelweis.hu\/gytk\/files\/2020\/11\/3.-napirendi-pont-2c-mell\u00e9klet.pdf\" target=\"_blank\" rel=\"noopener noreferrer\">2c_mell\u00e9klet_tant\u00e1rgyi_adatlap_Utaz\u00e1sorvostan_gy\u00f3gyszer\u00e9szek_sz\u00e1m\u00e1ra<\/a><\/p>\n<p>4. napirendi pont:<br \/>\n<a href=\"https:\/\/semmelweis.hu\/gytk\/files\/2020\/11\/KT_el\u0151terjeszt\u00e9s_\u00f6nk\u00f6lts\u00e9ges_magyar_nyelv\u0171_gy\u00f3gyszer\u00e9szk\u00e9pz\u00e9s_d\u00edjt\u00e9tele_2021-2022.pdf\" target=\"_blank\" rel=\"noopener noreferrer\">KT_el\u0151terjeszt\u00e9s_\u00f6nk\u00f6lts\u00e9ges_magyar_nyelv\u0171_gy\u00f3gyszer\u00e9szk\u00e9pz\u00e9s_d\u00edjt\u00e9tele_2021-2022<\/a><br \/>\n5. napirendi pont :<br \/>\nT\u00e1j\u00e9koztat\u00f3 az el\u0151z\u0151 f\u00e9l\u00e9v (2019\/20\/2) vizsgaeredm\u00e9nyeir\u0151l<\/p>\n<p><a href=\"https:\/\/semmelweis.hu\/gytk\/files\/2020\/11\/5.-napirendi_pont-1a-mell\u00e9klet.xlsx\" target=\"_blank\" rel=\"noopener noreferrer\">1a_mell\u00e9klet_magyar<\/a><br \/>\n<a href=\"https:\/\/semmelweis.hu\/gytk\/files\/2020\/11\/5.-napirendipont-1b-mell\u00e9klet.xlsx\" target=\"_blank\" rel=\"noopener noreferrer\">1b_mell\u00e9klet_angol<\/a><br \/>\n<a href=\"https:\/\/semmelweis.hu\/gytk\/files\/2020\/11\/5.-napirendi-pont-1c-mell\u00e9klet.xlsx\" target=\"_blank\" rel=\"noopener noreferrer\">1c_mell\u00e9klet_n\u00e9met<\/a><\/p>\n<p>6. napirendi pont:<br \/>\n<a href=\"https:\/\/semmelweis.hu\/gytk\/files\/2020\/12\/Akkredit\u00e1ci\u00f3-\u00faj-2020.november.pdf\" target=\"_blank\" rel=\"noopener noreferrer\">Szakk\u00e9pz\u0151 helyek akkredit\u00e1ci\u00f3s k\u00e9relmeinek v\u00e9lem\u00e9nyez\u00e9se<\/a><br \/>\n&nbsp;<\/p>\n","protected":false},"author":101431,"featured_media":0,"parent":5323,"menu_order":22,"comment_status":"closed","ping_status":"closed","template":"","meta":{"_acf_changed":false,"footnotes":""},"categories":[],"tags":[],"class_list":["post-10732","page","type-page","status-publish","hentry"],"acf":[],"_links":{"self":[{"href":"https:\/\/semmelweis.hu\/gytk\/wp-json\/wp\/v2\/pages\/10732","targetHints":{"allow":["GET"]}}],"collection":[{"href":"https:\/\/semmelweis.hu\/gytk\/wp-json\/wp\/v2\/pages"}],"about":[{"href":"https:\/\/semmelweis.hu\/gytk\/wp-json\/wp\/v2\/types\/page"}],"author":[{"embeddable":true,"href":"https:\/\/semmelweis.hu\/gytk\/wp-json\/wp\/v2\/users\/101431"}],"replies":[{"embeddable":true,"href":"https:\/\/semmelweis.hu\/gytk\/wp-json\/wp\/v2\/comments?post=10732"}],"version-history":[{"count":5,"href":"https:\/\/semmelweis.hu\/gytk\/wp-json\/wp\/v2\/pages\/10732\/revisions"}],"predecessor-version":[{"id":11672,"href":"https:\/\/semmelweis.hu\/gytk\/wp-json\/wp\/v2\/pages\/10732\/revisions\/11672"}],"up":[{"embeddable":true,"href":"https:\/\/semmelweis.hu\/gytk\/wp-json\/wp\/v2\/pages\/5323"}],"wp:attachment":[{"href":"https:\/\/semmelweis.hu\/gytk\/wp-json\/wp\/v2\/media?parent=10732"}],"wp:term":[{"taxonomy":"category","embeddable":true,"href":"https:\/\/semmelweis.hu\/gytk\/wp-json\/wp\/v2\/categories?post=10732"},{"taxonomy":"post_tag","embeddable":true,"href":"https:\/\/semmelweis.hu\/gytk\/wp-json\/wp\/v2\/tags?post=10732"}],"curies":[{"name":"wp","href":"https:\/\/api.w.org\/{rel}","templated":true}]}}