{"id":10534,"date":"2020-11-16T08:02:55","date_gmt":"2020-11-16T07:02:55","guid":{"rendered":"https:\/\/semmelweis.hu\/gytk\/?page_id=10534"},"modified":"2026-01-09T10:31:29","modified_gmt":"2026-01-09T09:31:29","slug":"dr-tabi-tamas","status":"publish","type":"page","link":"https:\/\/semmelweis.hu\/gytk\/a-karrol\/kari-vezetok\/dr-tabi-tamas\/","title":{"rendered":"Dr. T\u00e1bi Tam\u00e1s"},"content":{"rendered":"<h4><strong>Gy\u00f3gyszer\u00e9sztudom\u00e1nyi Kar, <br \/>\nd\u00e9k\u00e1nhelyettes<img loading=\"lazy\" decoding=\"async\" class=\" wp-image-18118 alignright\" src=\"https:\/\/semmelweis.hu\/gytk\/files\/2026\/01\/TabiTamas2023-323x400.png\" alt=\"\" width=\"279\" height=\"346\" \/>\u00a0 \u00a0 \u00a0 \u00a0 \u00a0 \u00a0 \u00a0 \u00a0 \u00a0 \u00a0 \u00a0 \u00a0 \u00a0 \u00a0 \u00a0 \u00a0 \u00a0 \u00a0 \u00a0 \u00a0 \u00a0 \u00a0 \u00a0 \u00a0 \u00a0 \u00a0 \u00a0 \u00a0<\/strong><\/h4>\n<p><strong>V\u00e9gzetts\u00e9g<\/strong>:<\/p>\n<p>2001 okleveles gy\u00f3gyszer\u00e9sz, Semmelweis Egyetem (86\/2001)<\/p>\n<p>2015 gy\u00f3gyszerhat\u00e1stan szakgy\u00f3gyszer\u00e9sz, Nemzeti Vizsgabizotts\u00e1g (65\/2015)<\/p>\n<p><strong>Tudom\u00e1nyos min\u0151s\u00edt\u00e9sek:<\/p>\n<p><\/strong>2006 PhD, Semmelweis Egyetem (1015\/2006)<\/p>\n<p>2021 Habilit\u00e1ci\u00f3, Semmelweis Egyetem (15\/2021)<\/p>\n<p><span style=\"font-size: 14pt\"><strong>Munkahely<\/strong>:<\/span><\/p>\n<ul>\n<li><span style=\"font-size: 14pt\">2001-t\u0151l Semmelweis Egyetem, Gy\u00f3gyszerhat\u00e1stani Int\u00e9zet<\/span><\/li>\n<li><span style=\"font-size: 14pt\">2001-2004 PhD hallgat\u00f3<\/span><\/li>\n<li><span style=\"font-size: 14pt\">2004-2006 egyetemi gyakornok<\/span><\/li>\n<li><span style=\"font-size: 14pt\">2006-2010 egyetemi tan\u00e1rseg\u00e9d<\/span><\/li>\n<li><span style=\"font-size: 14pt\">2010-2018 egyetemi adjunktus<\/span><\/li>\n<li><span style=\"font-size: 14pt\">2018-2025 egyetemi docens<\/span><\/li>\n<li><span style=\"font-size: 14pt\">2020-t\u00f3l a Gy\u00f3gyszerhat\u00e1stani Int\u00e9zet igazgat\u00f3ja<\/span><\/li>\n<li><span style=\"font-size: 14pt\">2020-t\u00f3l a Gy\u00f3gyszer\u00e9sztudom\u00e1nyi Kar d\u00e9k\u00e1nhelyettes<\/span><\/li>\n<li><span style=\"font-size: 14pt\">2025-t\u0151l egyetemi tan\u00e1r<\/span><\/li>\n<\/ul>\n<p><span style=\"font-size: 14pt\"><strong>Oktat\u00f3i tev\u00e9kenys\u00e9g<\/strong>:<\/span><br \/>\n<span style=\"font-size: 14pt\"><strong>Gradu\u00e1lis k\u00e9pz\u00e9s<\/strong> (magyar \u00e9s angol nyelven):<\/span><\/p>\n<ul>\n<li><span style=\"font-size: 14pt\">2004-t\u0151l gyakorlatvezet\u00e9s \u2013 gy\u00f3gyszerhat\u00e1stan \u00e9s toxikol\u00f3gia<\/span><\/li>\n<li><span style=\"font-size: 14pt\">2005-t\u0151l tantermi el\u0151ad\u00e1sok \u00e9s gyakorlatvezet\u00e9s \u2013 gy\u00f3gyszeres ter\u00e1pia<\/span><\/li>\n<li><span style=\"font-size: 14pt\">2005-t\u0151l szakdolgozatok konzulense<\/span><\/li>\n<li><span style=\"font-size: 14pt\">2017-t\u0151l felv\u00e9teli vizsg\u00e1ztat\u00e1s az Angol programba<\/span><\/li>\n<li><span style=\"font-size: 14pt\">2020-t\u00f3l gy\u00f3gyszerhat\u00e1stan \u00e9s toxikol\u00f3gia t\u00e1rgyfelel\u0151s<\/span><\/li>\n<\/ul>\n<p><span style=\"font-size: 14pt\"><strong>Posztgradu\u00e1lis k\u00e9pz\u00e9s:<\/strong><\/span><\/p>\n<ul>\n<li><span style=\"font-size: 14pt\">2006-t\u00f3l: rendszeres el\u0151ad\u00e1sok a Semmelweis Egyetem k\u00f6telez\u0151 szintentart\u00f3 tov\u00e1bbk\u00e9pz\u00e9s\u00e9n rendszeres r\u00e9szv\u00e9tel szabadon v\u00e1laszthat\u00f3 tov\u00e1bbk\u00e9pz\u00e9seben \u2013 el\u0151ad\u00e1s, e-learning \u00e9s tov\u00e1bbk\u00e9pz\u0151 k\u00f6zlem\u00e9nyek form\u00e1j\u00e1ban<\/span><\/li>\n<li><span style=\"font-size: 14pt\">2007-t\u0151l: szakgy\u00f3gyszer\u00e9sz-k\u00e9pz\u00e9s \u2013 el\u0151ad\u00e1sok, konzulens, szakvizsg\u00e1ztat\u00e1s<\/span><\/li>\n<li><span style=\"font-size: 14pt\">2013-t\u00f3l: PhD t\u00e9mavezet\u0151<\/span><br \/>\n<span style=\"font-size: 14pt\">\u00a0hallgat\u00f3k:\u00a0 \u00a0 \u00a0<\/span><\/li>\n<\/ul>\n<p><span style=\"font-size: 14pt\">Dr. Ulakcsai Zs\u00f3fia \u00c9va 2013-t\u00f3l, fokozatszerz\u00e9s 2020-ban<\/span><br \/>\n<span style=\"font-size: 14pt\">Dr. Bagam\u00e9ry Fruzsina 2015-t\u0151l, fokozatszerz\u00e9s 2021-ben<\/span><br \/>\n<span style=\"font-size: 14pt\">Dr. Varga Kamilla 2020-t\u00f3l<\/span><br \/>\n<span style=\"font-size: 14pt\">Dr. L\u00f3ska D\u00f3ra 2024-t\u0151l (t\u00e1rst\u00e9mavezet\u00e9s)<\/span><br \/>\n<span style=\"font-size: 14pt\">Dr. Lincmajer Zolt\u00e1n Patrok, 2024-t\u0151l<\/span><br \/>\n<span style=\"font-size: 14pt\">Dr. Amirsam Manshazadeh, 2024-t\u0151l<\/span><br \/>\n<span style=\"font-size: 14pt\">Dr. Sikur No\u00e9mi Blanka, 2024-t\u0151l<\/span><br \/>\n<span style=\"font-size: 14pt\">Barcza-Pasztern\u00e1k Alexandra 2025-t\u0151l<\/span><\/p>\n<p><span style=\"font-size: 14pt\"><strong>Tudom\u00e1nyos \u00e9rdekl\u0151d\u00e9s:<br \/>\n<\/strong>A kapill\u00e1ris elektrofor\u00e9zis technika alkalmaz\u00e1sa biol\u00f3giai mint\u00e1k elemz\u00e9s\u00e9re.<\/span><br \/>\n<span style=\"font-size: 14pt\">A neurotranszmisszi\u00f3 gy\u00f3gyszeres befoly\u00e1sol\u00e1s\u00e1nak lehet\u0151s\u00e9gei.<\/span><br \/>\n<span style=\"font-size: 14pt\">A D-aminosavak szerepe a k\u00f6zponti idegrendszerben.<\/span><br \/>\n<span style=\"font-size: 14pt\">A resveratrol citoprotekt\u00edv hat\u00e1s\u00e1nak mechanizmusa.<\/span><br \/>\n<span style=\"font-size: 14pt\">Az inzulin jel\u00e1tvitel szerepe neurodegenerat\u00edv \u00e9s neuroprotekt\u00edv folyamatokban.<\/span><br \/>\n<span style=\"font-size: 14pt\">A gangliozidok szerep\u00e9nek vizsg\u00e1lata az idegrendszerben<\/span><\/p>\n<p><span style=\"font-size: 14pt\"><strong>Publik\u00e1ci\u00f3s tev\u00e9kenys\u00e9g<\/strong>\u00a0(MTMT: 10012548 \u00f6sszefoglal\u00f3 t\u00e1bl\u00e1zat alapj\u00e1n, 2026. janu\u00e1r):<\/span><br \/>\n<span style=\"font-size: 14pt\">Tudom\u00e1nyos k\u00f6zlem\u00e9nyek sz\u00e1ma: 74<\/span><br \/>\n<span style=\"font-size: 14pt\">Kumulat\u00edv impakt faktor: 235,192<\/span><br \/>\n<span style=\"font-size: 14pt\">Hivatkoz\u00e1sok: F\u00fcggetlen: 1042 \u00d6sszes: 1255<\/span><br \/>\n<span style=\"font-size: 14pt\">Hirsch index: 20<\/span><\/p>\n<p><span style=\"font-size: 14pt\"><strong>Szerkeszt\u0151bizotts\u00e1gi tags\u00e1g<\/strong>:<\/span><br \/>\n<span style=\"font-size: 14pt\">Acta Pharmaceutica Hungarica \u2013 helyettes szerkeszt\u0151<\/span><\/p>\n<p><span style=\"font-size: 14pt\"><strong>Egyetemi tiszts\u00e9gek<\/strong>:<\/span><\/p>\n<ul>\n<li><span style=\"font-size: 14pt\">2010-t\u0151l a Semmelweis Egyetem Tudom\u00e1nyos Di\u00e1kk\u00f6ri Tan\u00e1cs\u00e1nak tagja<\/span><\/li>\n<li><span style=\"font-size: 14pt\">2020-t\u00f3l a Semmelweis Egyetem Gy\u00f3gyszer\u00e9sztudom\u00e1nyi Kar d\u00e9k\u00e1nhelyettese<\/span><\/li>\n<li><span style=\"font-size: 14pt\">2020-t\u00f3l a Semmelweis Egyetem Gy\u00f3gyszer\u00e9sztudom\u00e1nyi Kar Kredit\u00e1tviteli \u00e9s Oktat\u00e1si Bizotts\u00e1g\u00e1nak eln\u00f6ke<\/span><\/li>\n<li><span style=\"font-size: 14pt\">2023-t\u00f3l a Semmelweis Egyetem Szen\u00e1tus\u00e1nak tagja<\/span><\/li>\n<\/ul>\n<p><span style=\"font-size: 14pt\"><strong>K\u00f6z\u00e9leti tiszts\u00e9gek<\/strong>:<\/span><\/p>\n<ul>\n<li><span style=\"font-size: 14pt\">Tags\u00e1gok:<\/span>\n<ul>\n<li><span style=\"font-size: 14pt\">Magyar Gy\u00f3gyszer\u00e9sztudom\u00e1nyi T\u00e1rsas\u00e1g<\/span><\/li>\n<li><span style=\"font-size: 14pt\">Magyar Kis\u00e9rletes \u00e9s Klinikai Farmakol\u00f3giai T\u00e1rsas\u00e1g<\/span><\/li>\n<li><span style=\"font-size: 14pt\">Magyar Elv\u00e1laszt\u00e1studom\u00e1nyi Tarsas\u00e1g<\/span><\/li>\n<li><span style=\"font-size: 14pt\">RECOOP HST Association<\/span><\/li>\n<\/ul>\n<\/li>\n<li><span style=\"font-size: 14pt\">2011-2016 a Magyar Gy\u00f3gyszer\u00e9sztudom\u00e1ny\u00e9rt Alap\u00edtv\u00e1ny kurat\u00f3rium\u00e1nak eln\u00f6ke<\/span><\/li>\n<li><span style=\"font-size: 14pt\">2016-2021 a Magyar Gy\u00f3gyszer\u00e9sztudom\u00e1nyi T\u00e1rsas\u00e1g eln\u00f6ks\u00e9gi tagja (gazdas\u00e1gi titk\u00e1r)<\/span><\/li>\n<li><span style=\"font-size: 14pt\">2016-t\u00f3l a Magyar Gy\u00f3gyszer\u00e9sz Kamara Oktat\u00f3i \u00c1lland\u00f3 Bizotts\u00e1g\u00e1nak tagja<\/span><\/li>\n<li><span style=\"font-size: 14pt\">2021-t\u0151l a Magyar Gy\u00f3gyszer\u00e9sztudom\u00e1nyi T\u00e1rsas\u00e1g f\u0151titk\u00e1ra<\/span><\/li>\n<li><span style=\"font-size: 14pt\">2023-t\u00f3l a Magyar K\u00eds\u00e9rletes \u00e9s Klinikai Farmakol\u00f3giai T\u00e1rsas\u00e1g Vezet\u0151s\u00e9g\u00e9nek tagja<\/span><\/li>\n<li><span style=\"font-size: 14pt\">2024-t\u0151l a RECOOP HST Association aleln\u00f6ke<\/span><\/li>\n<\/ul>\n<p><span style=\"font-size: 14pt\"><strong>Kit\u00fcntet\u00e9sek:<\/strong><\/span><\/p>\n<ul>\n<li><span style=\"font-size: 14pt\">2004 Ifjabb Dr. Farkas Zsolt eml\u00e9kp\u00e1ly\u00e1zat II. d\u00edj<\/span><\/li>\n<li><span style=\"font-size: 14pt\">2004, 2006 Dr. Mozsonyi S\u00e1ndor alap\u00edtv\u00e1ny p\u00e1ly\u00e1zat I. d\u00edj (PhD hallgat\u00f3 kateg\u00f3ria)<\/span><\/li>\n<li><span style=\"font-size: 14pt\">2007 Anoli-d\u00edj<\/span><\/li>\n<li><span style=\"font-size: 14pt\">2008 Az eg\u00e9szs\u00e9g\u00fcgyi miniszter elismer\u0151 oklevele, mint a Semmelweis Egyetem, Gy\u00f3gyszerhat\u00e1stani Int\u00e9zet kollekt\u00edv\u00e1j\u00e1nak tagja<\/span><\/li>\n<li><span style=\"font-size: 14pt\">2011 AESCULAP Alap\u00edtv\u00e1ny Kiv\u00e1l\u00f3 Kutat\u00f3i D\u00edj<\/span><\/li>\n<li><span style=\"font-size: 14pt\">2015 A Semmelweis Egyetem Kiv\u00e1l\u00f3 Oktat\u00f3ja<\/span><\/li>\n<li><span style=\"font-size: 14pt\">2016 A Semmelweis Egyetem Gy\u00f3gyszer\u00e9sztudom\u00e1nyi Kar\u00e1nak Merit D\u00edja<\/span><\/li>\n<li><span style=\"font-size: 14pt\">2020 A Semmelweis Egyetem Kiv\u00e1l\u00f3 Tudom\u00e1nyos Di\u00e1kk\u00f6ri Nevel\u0151je<\/span><\/li>\n<\/ul>\n<p>&nbsp;<\/p>\n","protected":false},"excerpt":{"rendered":"<p>Gy\u00f3gyszer\u00e9sztudom\u00e1nyi Kar, d\u00e9k\u00e1nhelyettes\u00a0 \u00a0 \u00a0 \u00a0 \u00a0 \u00a0 \u00a0 \u00a0 \u00a0 \u00a0 \u00a0 \u00a0 \u00a0 \u00a0 \u00a0 \u00a0 \u00a0 \u00a0 \u00a0 \u00a0 \u00a0 \u00a0 \u00a0 \u00a0 \u00a0 \u00a0 \u00a0 \u00a0 V\u00e9gzetts\u00e9g: 2001 okleveles gy\u00f3gyszer\u00e9sz, Semmelweis Egyetem (86\/2001) 2015 gy\u00f3gyszerhat\u00e1stan szakgy\u00f3gyszer\u00e9sz, Nemzeti Vizsgabizotts\u00e1g (65\/2015) Tudom\u00e1nyos min\u0151s\u00edt\u00e9sek: 2006 PhD, Semmelweis Egyetem (1015\/2006) 2021 Habilit\u00e1ci\u00f3, Semmelweis Egyetem (15\/2021) &hellip;<\/p>\n","protected":false},"author":101431,"featured_media":18118,"parent":6,"menu_order":4,"comment_status":"closed","ping_status":"closed","template":"","meta":{"_acf_changed":false,"footnotes":""},"categories":[],"tags":[],"class_list":["post-10534","page","type-page","status-publish","has-post-thumbnail","hentry"],"acf":[],"_links":{"self":[{"href":"https:\/\/semmelweis.hu\/gytk\/wp-json\/wp\/v2\/pages\/10534","targetHints":{"allow":["GET"]}}],"collection":[{"href":"https:\/\/semmelweis.hu\/gytk\/wp-json\/wp\/v2\/pages"}],"about":[{"href":"https:\/\/semmelweis.hu\/gytk\/wp-json\/wp\/v2\/types\/page"}],"author":[{"embeddable":true,"href":"https:\/\/semmelweis.hu\/gytk\/wp-json\/wp\/v2\/users\/101431"}],"replies":[{"embeddable":true,"href":"https:\/\/semmelweis.hu\/gytk\/wp-json\/wp\/v2\/comments?post=10534"}],"version-history":[{"count":10,"href":"https:\/\/semmelweis.hu\/gytk\/wp-json\/wp\/v2\/pages\/10534\/revisions"}],"predecessor-version":[{"id":18147,"href":"https:\/\/semmelweis.hu\/gytk\/wp-json\/wp\/v2\/pages\/10534\/revisions\/18147"}],"up":[{"embeddable":true,"href":"https:\/\/semmelweis.hu\/gytk\/wp-json\/wp\/v2\/pages\/6"}],"wp:featuredmedia":[{"embeddable":true,"href":"https:\/\/semmelweis.hu\/gytk\/wp-json\/wp\/v2\/media\/18118"}],"wp:attachment":[{"href":"https:\/\/semmelweis.hu\/gytk\/wp-json\/wp\/v2\/media?parent=10534"}],"wp:term":[{"taxonomy":"category","embeddable":true,"href":"https:\/\/semmelweis.hu\/gytk\/wp-json\/wp\/v2\/categories?post=10534"},{"taxonomy":"post_tag","embeddable":true,"href":"https:\/\/semmelweis.hu\/gytk\/wp-json\/wp\/v2\/tags?post=10534"}],"curies":[{"name":"wp","href":"https:\/\/api.w.org\/{rel}","templated":true}]}}