{"id":9805,"date":"2024-02-15T13:18:53","date_gmt":"2024-02-15T12:18:53","guid":{"rendered":"https:\/\/semmelweis.hu\/gyogyszertar\/?page_id=9805"},"modified":"2025-02-05T10:15:56","modified_gmt":"2025-02-05T09:15:56","slug":"interkulturalis-kommunikacio","status":"publish","type":"page","link":"https:\/\/semmelweis.hu\/gyogyszertar\/oktatas\/gradualis-kepzes\/interkulturalis-kommunikacio\/","title":{"rendered":"Interkultur\u00e1lis kommunik\u00e1ci\u00f3"},"content":{"rendered":"<div class=\"responsive-tabs\">\n<h2 class=\"tabtitle\">Ismertet\u0151<\/h2>\n<div class=\"tabcontent\">\n\n<p style=\"text-align: justify\">A gy\u00f3gyszer\u00e9szet ter\u00fclet\u00e9n elengedhetetlen a hat\u00e9kony kommunik\u00e1ci\u00f3s k\u00e9szs\u00e9g. A globaliz\u00e1lt vil\u00e1gban a gy\u00f3gyszer\u00e9szeknek nemcsak a szakmai tud\u00e1sukkal, hanem az interkultur\u00e1lis kommunik\u00e1ci\u00f3s kompetenci\u00e1jukkal is meg kell felelni\u00fck a munkaer\u0151piaci elv\u00e1r\u00e1soknak. Ez a kurzus az egy\u00e9ni \u00e9s a szervezeti szint\u0171 interkultur\u00e1lis kommunik\u00e1ci\u00f3 elm\u00e9leti \u00e9s gyakorlati alapjait ny\u00fajtja, k\u00fcl\u00f6n\u00f6s tekintettel a gy\u00f3gyszer\u00e9szi munka \u00e9s az egy\u00e9ni kultur\u00e1lis kompetencia kapcsolat\u00e1ra.<\/p>\n<p style=\"text-align: justify\">A kurzus c\u00e9lja, hogy a hallgat\u00f3k felismerj\u00e9k \u00e9s meg\u00e9rts\u00e9k a k\u00fcl\u00f6nb\u00f6z\u0151 kult\u00far\u00e1k k\u00f6z\u00f6tti hasonl\u00f3s\u00e1gokat \u00e9s k\u00fcl\u00f6nbs\u00e9geket, \u00e9s hat\u00e9konyan tudjanak kommunik\u00e1lni a k\u00fcl\u00f6nb\u00f6z\u0151 kultur\u00e1lis h\u00e1tt\u00e9rrel rendelkez\u0151 emberekkel. Emellett a kurzus seg\u00edt a hallgat\u00f3knak abban, hogy fejlessz\u00e9k az \u00f6nismeret\u00fcket, \u00e9s tudatosan alak\u00edts\u00e1k a kultur\u00e1lis kompetenci\u00e1jukat.<\/p>\n\n<\/div><h2 class=\"tabtitle\">Tant\u00e1rgyi Adatlap<\/h2>\n<div class=\"tabcontent\">\n\n<p><a href=\"https:\/\/semmelweis.hu\/gyogyszertar\/files\/2025\/02\/Interkulturalis-kommunikacio-2024-25.pdf\" target=\"_blank\" rel=\"noopener\">2024\/25. Tan\u00e9v<\/a> [Friss\u00edtve: 2025.02.05.]<\/p>\n<\/div><\/div>\n","protected":false},"excerpt":{"rendered":"<p>A gy\u00f3gyszer\u00e9szet ter\u00fclet\u00e9n elengedhetetlen a hat\u00e9kony kommunik\u00e1ci\u00f3s k\u00e9szs\u00e9g. A globaliz\u00e1lt vil\u00e1gban a gy\u00f3gyszer\u00e9szeknek nemcsak a szakmai tud\u00e1sukkal, hanem az interkultur\u00e1lis kommunik\u00e1ci\u00f3s kompetenci\u00e1jukkal is meg kell felelni\u00fck a munkaer\u0151piaci elv\u00e1r\u00e1soknak. Ez a kurzus az egy\u00e9ni \u00e9s a szervezeti szint\u0171 interkultur\u00e1lis kommunik\u00e1ci\u00f3 elm\u00e9leti \u00e9s gyakorlati alapjait ny\u00fajtja, k\u00fcl\u00f6n\u00f6s tekintettel a gy\u00f3gyszer\u00e9szi munka \u00e9s az egy\u00e9ni kultur\u00e1lis kompetencia &hellip;<\/p>\n","protected":false},"author":357,"featured_media":0,"parent":90,"menu_order":9,"comment_status":"closed","ping_status":"closed","template":"","meta":{"_acf_changed":false,"footnotes":""},"categories":[],"tags":[],"class_list":["post-9805","page","type-page","status-publish","hentry"],"acf":[],"_links":{"self":[{"href":"https:\/\/semmelweis.hu\/gyogyszertar\/wp-json\/wp\/v2\/pages\/9805","targetHints":{"allow":["GET"]}}],"collection":[{"href":"https:\/\/semmelweis.hu\/gyogyszertar\/wp-json\/wp\/v2\/pages"}],"about":[{"href":"https:\/\/semmelweis.hu\/gyogyszertar\/wp-json\/wp\/v2\/types\/page"}],"author":[{"embeddable":true,"href":"https:\/\/semmelweis.hu\/gyogyszertar\/wp-json\/wp\/v2\/users\/357"}],"replies":[{"embeddable":true,"href":"https:\/\/semmelweis.hu\/gyogyszertar\/wp-json\/wp\/v2\/comments?post=9805"}],"version-history":[{"count":10,"href":"https:\/\/semmelweis.hu\/gyogyszertar\/wp-json\/wp\/v2\/pages\/9805\/revisions"}],"predecessor-version":[{"id":10853,"href":"https:\/\/semmelweis.hu\/gyogyszertar\/wp-json\/wp\/v2\/pages\/9805\/revisions\/10853"}],"up":[{"embeddable":true,"href":"https:\/\/semmelweis.hu\/gyogyszertar\/wp-json\/wp\/v2\/pages\/90"}],"wp:attachment":[{"href":"https:\/\/semmelweis.hu\/gyogyszertar\/wp-json\/wp\/v2\/media?parent=9805"}],"wp:term":[{"taxonomy":"category","embeddable":true,"href":"https:\/\/semmelweis.hu\/gyogyszertar\/wp-json\/wp\/v2\/categories?post=9805"},{"taxonomy":"post_tag","embeddable":true,"href":"https:\/\/semmelweis.hu\/gyogyszertar\/wp-json\/wp\/v2\/tags?post=9805"}],"curies":[{"name":"wp","href":"https:\/\/api.w.org\/{rel}","templated":true}]}}