{"id":9793,"date":"2024-02-15T10:36:19","date_gmt":"2024-02-15T09:36:19","guid":{"rendered":"https:\/\/semmelweis.hu\/gyogyszertar\/?page_id=9793"},"modified":"2026-04-01T08:14:42","modified_gmt":"2026-04-01T06:14:42","slug":"citosztatikus-keverekinfuzio-keszito-laboratorium","status":"publish","type":"page","link":"https:\/\/semmelweis.hu\/gyogyszertar\/rolunk\/osztalyok\/citosztatikus-keverekinfuzio-keszito-laboratorium\/","title":{"rendered":"Citosztatikus Kever\u00e9kinf\u00fazi\u00f3 K\u00e9sz\u00edt\u0151 Laborat\u00f3rium"},"content":{"rendered":"<div class=\"responsive-tabs\">\n<h2 class=\"tabtitle\">Bemutat\u00e1s<\/h2>\n<div class=\"tabcontent\">\n\n<p style=\"text-align: justify\"><strong>El\u00e9rhet\u0151s\u00e9gek:<br \/>\n<\/strong>1083 Budapest, T\u00f6m\u0151 u. 25-29., IV. emelet<br \/>\ne-mail: cito.labor[kukac]semmelweis.hu<\/p>\n<p style=\"text-align: justify\">A citosztatikus kever\u00e9kinf\u00fazi\u00f3 k\u00e9sz\u00edt\u00e9s az Egyetemi Gy\u00f3gyszert\u00e1r Gy\u00f3gyszer\u00fcgyi Szervez\u00e9si Int\u00e9zet \u00e1ltal v\u00e9gezett szakfeladat, amely a Citosztatikus Kever\u00e9kinf\u00fazi\u00f3 K\u00e9sz\u00edt\u0151 Laborat\u00f3riumban val\u00f3sul meg. A labor legf\u0151bb feladata a Semmelweis Egyetem klinik\u00e1inak l\u00e9p\u00e9sr\u0151l-l\u00e9p\u00e9sre t\u00f6rt\u00e9n\u0151 folyamatos bevon\u00e1sa a biztons\u00e1gos, k\u00f6lts\u00e9gtakar\u00e9kos \u00e9s centraliz\u00e1lt intrav\u00e9n\u00e1s onkol\u00f3giai gy\u00f3gyszerell\u00e1t\u00e1s\u00e1ba, bele\u00e9rtve a kapcsol\u00f3d\u00f3 study-kat, valamint a gradu\u00e1lis k\u00e9pz\u00e9sben r\u00e9sztvev\u0151 gy\u00f3gyszer\u00e9szhallgat\u00f3k oktat\u00e1s\u00e1t is. Ezen k\u00edv\u00fcl egys\u00e9g\u00fcnk biztos\u00edtja profilunkba ill\u0151 k\u00e9rd\u00e9sek eset\u00e9n a gy\u00f3gyszer\u00e9szi t\u00e1j\u00e9koztat\u00e1st is.<\/p>\n\n<\/div><h2 class=\"tabtitle\">Munkat\u00e1rsak<\/h2>\n<div class=\"tabcontent\">\n\n<p style=\"text-align: justify\"><strong><span style=\"font-size: 15.0pt;font-family: 'PT Serif',serif;color: #1e2326\">MUNKAT\u00c1RSAK:<\/span><\/strong><\/p>\n<ul>\n<li><span style=\"font-size: 15.0pt;font-family: 'PT Serif',serif;color: #1e2326\">Dr. Vajda P\u00e9ter PhD szakgy\u00f3gyszer\u00e9sz, egyetemi tan\u00e1rseg\u00e9d<br \/>\n<\/span><span style=\"font-size: 15.0pt;font-family: 'PT Serif',serif;color: #1e2326\">Tel.: +36-30-016-49-90<\/span><\/li>\n<\/ul>\n<p><strong>R\u00e9szlegvezet\u0151:<\/strong><\/p>\n<ul>\n<li><span style=\"font-family: 'PT Serif', serif;font-size: 15pt\">Dr. P\u00e1lkov\u00e1cs-M\u00e9der T\u00fcnde gy\u00f3gyszer\u00e9sz<\/span><\/li>\n<\/ul>\n<p style=\"text-align: justify\"><b><span style=\"font-size: 15.0pt;font-family: 'PT Serif',serif;color: #1e2326\">Szakgy\u00f3gyszer\u00e9szek\/gy\u00f3gyszer\u00e9szek:<\/span><\/b><\/p>\n<ul>\n<li><span style=\"font-size: 15.0pt;font-family: 'PT Serif',serif;color: #1e2326\">Dr. Bukovszki Andr\u00e1s szakgy\u00f3gyszer\u00e9sz<br \/>\n<\/span>Tel.: +36-30-016-45-88<\/li>\n<li>Dr. Csap\u00f3 M\u00e1t\u00e9 Attila rezidens gy\u00f3gyszer\u00e9sz<br \/>\nTel.: +36-30-016-45-91<\/li>\n<li>Dr. Gyurcs\u00e1nyi Andr\u00e1s szakgy\u00f3gyszer\u00e9sz<br \/>\nTel.: +36-30-442-8293<\/li>\n<li><span style=\"font-size: 15.0pt;font-family: 'PT Serif',serif;color: #1e2326\">Lugosfalvi Bertrand szakgy\u00f3gyszer\u00e9sz<br \/>\n<\/span>Tel.: +36-30-581-66-73<span style=\"font-family: 'PT Serif', serif;font-size: 15pt\"><br \/>\n<\/span><\/li>\n<\/ul>\n<p style=\"text-align: justify\"><strong><span style=\"font-size: 15.0pt;font-family: 'PT Serif',serif;color: #1e2326;background: white\">Szakasszisztensek:<\/span><\/strong><\/p>\n<ul>\n<li style=\"text-align: justify\"><span style=\"font-size: 15.0pt;font-family: 'PT Serif',serif;color: #1e2326\">Bereczkin\u00e9 Vatai Gabriella<br \/>\n<\/span><\/li>\n<li style=\"text-align: justify\"><span style=\"font-size: 15.0pt;font-family: 'PT Serif',serif;color: #1e2326\">Papp M\u00e1rk<br \/>\n<\/span><\/li>\n<li>Rask\u00f3y-Nov\u00e1k D\u00e1vid L\u00f3r\u00e1nt<\/li>\n<\/ul>\n<p style=\"text-align: justify\"><strong><span style=\"font-size: 15.0pt;font-family: 'PT Serif',serif;color: #1e2326;background: white\">Asszisztensek:<\/span><\/strong><\/p>\n<ul>\n<li><span style=\"font-size: 15.0pt;font-family: 'PT Serif',serif;color: #1e2326\">Csoma Fanni Zs\u00f3fia<br \/>\n<\/span><\/li>\n<li><span style=\"font-size: 15.0pt;font-family: 'PT Serif',serif;color: #1e2326\">Gold Katalin M\u00e1ria<br \/>\n<\/span><\/li>\n<\/ul>\n<p style=\"text-align: justify\"><b><span style=\"font-size: 15.0pt;font-family: 'PT Serif',serif;color: #1e2326\">Seg\u00e9dasszisztens:<\/span><\/b><\/p>\n<ul>\n<li>Dobronyi Anita<\/li>\n<\/ul>\n<\/div><\/div>\n","protected":false},"excerpt":{"rendered":"<p>El\u00e9rhet\u0151s\u00e9gek: 1083 Budapest, T\u00f6m\u0151 u. 25-29., IV. emelet e-mail: cito.labor[kukac]semmelweis.hu A citosztatikus kever\u00e9kinf\u00fazi\u00f3 k\u00e9sz\u00edt\u00e9s az Egyetemi Gy\u00f3gyszert\u00e1r Gy\u00f3gyszer\u00fcgyi Szervez\u00e9si Int\u00e9zet \u00e1ltal v\u00e9gezett szakfeladat, amely a Citosztatikus Kever\u00e9kinf\u00fazi\u00f3 K\u00e9sz\u00edt\u0151 Laborat\u00f3riumban val\u00f3sul meg. A labor legf\u0151bb feladata a Semmelweis Egyetem klinik\u00e1inak l\u00e9p\u00e9sr\u0151l-l\u00e9p\u00e9sre t\u00f6rt\u00e9n\u0151 folyamatos bevon\u00e1sa a biztons\u00e1gos, k\u00f6lts\u00e9gtakar\u00e9kos \u00e9s centraliz\u00e1lt intrav\u00e9n\u00e1s onkol\u00f3giai gy\u00f3gyszerell\u00e1t\u00e1s\u00e1ba, bele\u00e9rtve a kapcsol\u00f3d\u00f3 study-kat, &hellip;<\/p>\n","protected":false},"author":357,"featured_media":0,"parent":129,"menu_order":0,"comment_status":"closed","ping_status":"closed","template":"","meta":{"_acf_changed":false,"footnotes":""},"categories":[],"tags":[],"class_list":["post-9793","page","type-page","status-publish","hentry"],"acf":[],"_links":{"self":[{"href":"https:\/\/semmelweis.hu\/gyogyszertar\/wp-json\/wp\/v2\/pages\/9793","targetHints":{"allow":["GET"]}}],"collection":[{"href":"https:\/\/semmelweis.hu\/gyogyszertar\/wp-json\/wp\/v2\/pages"}],"about":[{"href":"https:\/\/semmelweis.hu\/gyogyszertar\/wp-json\/wp\/v2\/types\/page"}],"author":[{"embeddable":true,"href":"https:\/\/semmelweis.hu\/gyogyszertar\/wp-json\/wp\/v2\/users\/357"}],"replies":[{"embeddable":true,"href":"https:\/\/semmelweis.hu\/gyogyszertar\/wp-json\/wp\/v2\/comments?post=9793"}],"version-history":[{"count":10,"href":"https:\/\/semmelweis.hu\/gyogyszertar\/wp-json\/wp\/v2\/pages\/9793\/revisions"}],"predecessor-version":[{"id":11333,"href":"https:\/\/semmelweis.hu\/gyogyszertar\/wp-json\/wp\/v2\/pages\/9793\/revisions\/11333"}],"up":[{"embeddable":true,"href":"https:\/\/semmelweis.hu\/gyogyszertar\/wp-json\/wp\/v2\/pages\/129"}],"wp:attachment":[{"href":"https:\/\/semmelweis.hu\/gyogyszertar\/wp-json\/wp\/v2\/media?parent=9793"}],"wp:term":[{"taxonomy":"category","embeddable":true,"href":"https:\/\/semmelweis.hu\/gyogyszertar\/wp-json\/wp\/v2\/categories?post=9793"},{"taxonomy":"post_tag","embeddable":true,"href":"https:\/\/semmelweis.hu\/gyogyszertar\/wp-json\/wp\/v2\/tags?post=9793"}],"curies":[{"name":"wp","href":"https:\/\/api.w.org\/{rel}","templated":true}]}}