{"id":964,"date":"2014-05-05T13:10:34","date_gmt":"2014-05-05T12:10:34","guid":{"rendered":"http:\/\/semmelweis.hu\/gyogyszertar\/?page_id=964"},"modified":"2025-09-10T13:34:32","modified_gmt":"2025-09-10T11:34:32","slug":"gyogyszertari-ugyvitel","status":"publish","type":"page","link":"https:\/\/semmelweis.hu\/gyogyszertar\/oktatas\/gradualis-kepzes\/gyogyszertari-ugyvitel\/","title":{"rendered":"Gy\u00f3gyszer\u00e9szi gazd\u00e1lkod\u00e1s \u00e9s menedzsment"},"content":{"rendered":"<div class=\"responsive-tabs\">\n<h2 class=\"tabtitle\">Ismertet\u0151<\/h2>\n<div class=\"tabcontent\">\n\n<p>A tant\u00e1rgy c\u00e9lja a k\u00f6zforgalm\u00fa \u00e9s k\u00f3rh\u00e1zi gy\u00f3gyszert\u00e1rak gazd\u00e1lkod\u00e1ssal, ir\u00e1ny\u00edt\u00e1ssal, valamint hum\u00e1ner\u0151forr\u00e1s-gazd\u00e1lkod\u00e1ssal kapcsolatos feladatainak megismertet\u00e9se gyakorlati p\u00e9ld\u00e1kon kereszt\u00fcl. A tant\u00e1rgy feladata a hallgat\u00f3k z\u00e1r\u00f3vizsg\u00e1ra val\u00f3 felk\u00e9sz\u00fcl\u00e9s\u00e9nek, valamint a diploma ut\u00e1ni munkav\u00e9gz\u00e9s\u00e9nek a seg\u00edt\u00e9se k\u00f6zforgalm\u00fa gy\u00f3gyszert\u00e1ri \u00e9s k\u00f3rh\u00e1zi-klinikai gy\u00f3gyszert\u00e1ri vonatkoz\u00e1sban.<\/p>\n\n<\/div><h2 class=\"tabtitle\">Tant\u00e1rgyi Adatlap<\/h2>\n<div class=\"tabcontent\">\n\n<p><a href=\"https:\/\/semmelweis.hu\/gyogyszertar\/files\/2025\/09\/Gyogyszereszi-gazdalkodas-es-menedzsment-2025.pdf\" target=\"_blank\" rel=\"noopener\">2025\/26. Tan\u00e9v<\/a> [Friss\u00edtve: 2025.09.10.]<\/p>\n<\/div><\/div>\n<p>&nbsp;<\/p>\n<h3 style=\"text-align: center\">\u00a0<\/h3>\n","protected":false},"excerpt":{"rendered":"<p>A tant\u00e1rgy c\u00e9lja a k\u00f6zforgalm\u00fa \u00e9s k\u00f3rh\u00e1zi gy\u00f3gyszert\u00e1rak gazd\u00e1lkod\u00e1ssal, ir\u00e1ny\u00edt\u00e1ssal, valamint hum\u00e1ner\u0151forr\u00e1s-gazd\u00e1lkod\u00e1ssal kapcsolatos feladatainak megismertet\u00e9se gyakorlati p\u00e9ld\u00e1kon kereszt\u00fcl. A tant\u00e1rgy feladata a hallgat\u00f3k z\u00e1r\u00f3vizsg\u00e1ra val\u00f3 felk\u00e9sz\u00fcl\u00e9s\u00e9nek, valamint a diploma ut\u00e1ni munkav\u00e9gz\u00e9s\u00e9nek a seg\u00edt\u00e9se k\u00f6zforgalm\u00fa gy\u00f3gyszert\u00e1ri \u00e9s k\u00f3rh\u00e1zi-klinikai gy\u00f3gyszert\u00e1ri vonatkoz\u00e1sban.<\/p>\n<p><a href=\"https:\/\/semmelweis.hu\/gyogyszertar\/files\/2025\/09\/Gyogyszereszi-gazdalkodas-es-menedzsment-2025.pdf\" target=\"_blank\" rel=\"noopener\">2025\/26. Tan\u00e9v<\/a> [Friss\u00edtve: 2025.09.10.]<\/p>\n<p>&nbsp;<br \/>\n\u00a0<\/p>\n","protected":false},"author":113,"featured_media":0,"parent":90,"menu_order":2,"comment_status":"closed","ping_status":"closed","template":"","meta":{"_acf_changed":false,"footnotes":""},"categories":[],"tags":[],"class_list":["post-964","page","type-page","status-publish","hentry"],"acf":[],"_links":{"self":[{"href":"https:\/\/semmelweis.hu\/gyogyszertar\/wp-json\/wp\/v2\/pages\/964","targetHints":{"allow":["GET"]}}],"collection":[{"href":"https:\/\/semmelweis.hu\/gyogyszertar\/wp-json\/wp\/v2\/pages"}],"about":[{"href":"https:\/\/semmelweis.hu\/gyogyszertar\/wp-json\/wp\/v2\/types\/page"}],"author":[{"embeddable":true,"href":"https:\/\/semmelweis.hu\/gyogyszertar\/wp-json\/wp\/v2\/users\/113"}],"replies":[{"embeddable":true,"href":"https:\/\/semmelweis.hu\/gyogyszertar\/wp-json\/wp\/v2\/comments?post=964"}],"version-history":[{"count":12,"href":"https:\/\/semmelweis.hu\/gyogyszertar\/wp-json\/wp\/v2\/pages\/964\/revisions"}],"predecessor-version":[{"id":11096,"href":"https:\/\/semmelweis.hu\/gyogyszertar\/wp-json\/wp\/v2\/pages\/964\/revisions\/11096"}],"up":[{"embeddable":true,"href":"https:\/\/semmelweis.hu\/gyogyszertar\/wp-json\/wp\/v2\/pages\/90"}],"wp:attachment":[{"href":"https:\/\/semmelweis.hu\/gyogyszertar\/wp-json\/wp\/v2\/media?parent=964"}],"wp:term":[{"taxonomy":"category","embeddable":true,"href":"https:\/\/semmelweis.hu\/gyogyszertar\/wp-json\/wp\/v2\/categories?post=964"},{"taxonomy":"post_tag","embeddable":true,"href":"https:\/\/semmelweis.hu\/gyogyszertar\/wp-json\/wp\/v2\/tags?post=964"}],"curies":[{"name":"wp","href":"https:\/\/api.w.org\/{rel}","templated":true}]}}