{"id":90,"date":"2013-11-19T07:58:14","date_gmt":"2013-11-19T05:58:14","guid":{"rendered":"http:\/\/semmelweis.hu\/gyogyszertar\/?page_id=90"},"modified":"2024-09-18T12:37:22","modified_gmt":"2024-09-18T10:37:22","slug":"gradualis-kepzes","status":"publish","type":"page","link":"https:\/\/semmelweis.hu\/gyogyszertar\/oktatas\/gradualis-kepzes\/","title":{"rendered":"Gradu\u00e1lis k\u00e9pz\u00e9s"},"content":{"rendered":"<p><strong>Oktat\u00e1si tev\u00e9kenys\u00e9g<\/strong><\/p>\n<p>A <strong>gradu\u00e1lis k\u00e9pz\u00e9sben<\/strong> az Int\u00e9zet munkat\u00e1rsai \u00e9vente mintegy 400 magyar \u00e9s k\u00fclf\u00f6ldi hallgat\u00f3 elm\u00e9leti \u00e9s gyakorlati oktat\u00e1s\u00e1t v\u00e9gzik t\u00f6bb \u00e9vfolyamon. Az I., IV. \u00e9s V. \u00e9ves gy\u00f3gyszer\u00e9szhallgat\u00f3k sz\u00e1m\u00e1ra oktatott t\u00e1rgyak: Bevezet\u00e9s a gy\u00f3gyszer\u00e9szeti tanulm\u00e1nyokba, Matematika gy\u00f3gyszer\u00e9szeknek, Gy\u00f3gyszer\u00e9szett\u00f6rt\u00e9net \u00e9s propedeutika, Gy\u00f3gyszer\u00fcgyi ismeretek, Gy\u00f3gyszer\u00e9szi gondoz\u00e1s, Klinikai gy\u00f3gyszer\u00e9szet, Gy\u00f3gyszer\u00e9szi gazd\u00e1lkod\u00e1s \u00e9s menedzsment, tov\u00e1bb\u00e1 a Gy\u00f3gyszer\u00e9szi tan\u00e1csad\u00e1s utaz\u00f3knak k\u00f6telez\u0151en v\u00e1laszthat\u00f3 t\u00e1rgy.<br \/>\nAz Int\u00e9zet fontos feladata a <strong>posztgradu\u00e1lis k\u00e9pz\u00e9s<\/strong> is, ezen bel\u00fcl egyr\u00e9szt a <em>szakir\u00e1ny\u00fa szakk\u00e9pz\u00e9s<\/em> (gy\u00f3gyszerell\u00e1t\u00e1si gy\u00f3gyszer\u00e9szet, k\u00f3rh\u00e1zi-klinikai gy\u00f3gyszer\u00e9szet), <em>tov\u00e1bbk\u00e9pz\u00e9s<\/em>, illet\u0151leg akkredit\u00e1lt t\u00e9m\u00e1kkal val\u00f3 r\u00e9szv\u00e9tel a <em>PhD-k\u00e9pz\u00e9s<\/em>ben.<\/p>\n<h1><strong><span style=\"font-size: 12pt\">Oktatott t\u00e1rgyak<\/span><\/strong><\/h1>\n<p><strong>K\u00f6telez\u0151 tant\u00e1rgyak:<\/strong><\/p>\n<ul>\n<li><span style=\"font-size: 14pt\"><a href=\"https:\/\/semmelweis.hu\/gyogyszertar\/oktatas\/gradualis-kepzes\/gyogyszertari-ugyvitel\/\">Gy\u00f3gyszer\u00e9szi gazd\u00e1lkod\u00e1s \u00e9s menedzsment<\/a><\/span><\/li>\n<li><span style=\"font-size: 14pt\"><a href=\"https:\/\/semmelweis.hu\/gyogyszertar\/oktatas\/gradualis-kepzes\/gyogyszereszi-gondozas-2014\/\/\">Gy\u00f3gyszer\u00e9szi gondoz\u00e1s<\/a><\/span><\/li>\n<li><a href=\"https:\/\/semmelweis.hu\/gyogyszertar\/oktatas\/gradualis-kepzes\/gyogyszereszet-es-egyetemtortenet\/\"><span style=\"font-size: 14pt\">Gy\u00f3gyszer\u00e9szet \u00e9s egyetemt\u00f6rt\u00e9net<\/span><\/a><\/li>\n<li><a href=\"https:\/\/semmelweis.hu\/gyogyszertar\/oktatas\/gradualis-kepzes\/gyogyszereszi-propedeutika\/\"><span style=\"font-size: 14pt\">Gy\u00f3gyszer\u00e9szi propedeutika<\/span><\/a><\/li>\n<li><span style=\"font-size: 14pt\"><a href=\"https:\/\/semmelweis.hu\/gyogyszertar\/oktatas\/gradualis-kepzes\/gyogyszerugyi-ismeretek\/\">Gy\u00f3gyszer\u00fcgyi ismeretek<\/a><\/span><\/li>\n<li><span style=\"font-size: 14pt\"><a href=\"https:\/\/semmelweis.hu\/gyogyszertar\/oktatas\/gradualis-kepzes\/klinikai-gyogyszereszet-gyakorlat\/\">Klinikai gy\u00f3gyszer\u00e9szet<\/a><\/span><\/li>\n<li><span style=\"font-size: 14pt\"><a href=\"https:\/\/semmelweis.hu\/gyogyszertar\/oktatas\/gradualis-kepzes\/szakmai-gyakorlati-szeminariumi-napok\/\">Szakmai gyakorlati szemin\u00e1riumi napok<\/a><\/span><\/li>\n<\/ul>\n<p><strong>K\u00f6telez\u0151en v\u00e1laszthat\u00f3 tant\u00e1rgyak:<\/strong><\/p>\n<ul>\n<li><a href=\"https:\/\/semmelweis.hu\/gyogyszertar\/oktatas\/gradualis-kepzes\/gyogyszereszi-tanacsadas-utazoknak\/\"><span style=\"font-size: 14pt\">Gy\u00f3gyszer\u00e9szi tan\u00e1csad\u00e1s utaz\u00f3knak<\/span><\/a><\/li>\n<li><a href=\"https:\/\/semmelweis.hu\/gyogyszertar\/oktatas\/gradualis-kepzes\/interkulturalis-kommunikacio\/\">Interkultur\u00e1lis kommunik\u00e1ci\u00f3<\/a><\/li>\n<\/ul>\n","protected":false},"excerpt":{"rendered":"<p>Oktat\u00e1si tev\u00e9kenys\u00e9g A gradu\u00e1lis k\u00e9pz\u00e9sben az Int\u00e9zet munkat\u00e1rsai \u00e9vente mintegy 400 magyar \u00e9s k\u00fclf\u00f6ldi hallgat\u00f3 elm\u00e9leti \u00e9s gyakorlati oktat\u00e1s\u00e1t v\u00e9gzik t\u00f6bb \u00e9vfolyamon. Az I., IV. \u00e9s V. \u00e9ves gy\u00f3gyszer\u00e9szhallgat\u00f3k sz\u00e1m\u00e1ra oktatott t\u00e1rgyak: Bevezet\u00e9s a gy\u00f3gyszer\u00e9szeti tanulm\u00e1nyokba, Matematika gy\u00f3gyszer\u00e9szeknek, Gy\u00f3gyszer\u00e9szett\u00f6rt\u00e9net \u00e9s propedeutika, Gy\u00f3gyszer\u00fcgyi ismeretek, Gy\u00f3gyszer\u00e9szi gondoz\u00e1s, Klinikai gy\u00f3gyszer\u00e9szet, Gy\u00f3gyszer\u00e9szi gazd\u00e1lkod\u00e1s \u00e9s menedzsment, tov\u00e1bb\u00e1 a Gy\u00f3gyszer\u00e9szi tan\u00e1csad\u00e1s &hellip;<\/p>\n","protected":false},"author":113,"featured_media":0,"parent":6,"menu_order":1,"comment_status":"closed","ping_status":"closed","template":"","meta":{"_acf_changed":false,"footnotes":""},"categories":[],"tags":[],"class_list":["post-90","page","type-page","status-publish","hentry"],"acf":[],"_links":{"self":[{"href":"https:\/\/semmelweis.hu\/gyogyszertar\/wp-json\/wp\/v2\/pages\/90","targetHints":{"allow":["GET"]}}],"collection":[{"href":"https:\/\/semmelweis.hu\/gyogyszertar\/wp-json\/wp\/v2\/pages"}],"about":[{"href":"https:\/\/semmelweis.hu\/gyogyszertar\/wp-json\/wp\/v2\/types\/page"}],"author":[{"embeddable":true,"href":"https:\/\/semmelweis.hu\/gyogyszertar\/wp-json\/wp\/v2\/users\/113"}],"replies":[{"embeddable":true,"href":"https:\/\/semmelweis.hu\/gyogyszertar\/wp-json\/wp\/v2\/comments?post=90"}],"version-history":[{"count":12,"href":"https:\/\/semmelweis.hu\/gyogyszertar\/wp-json\/wp\/v2\/pages\/90\/revisions"}],"predecessor-version":[{"id":10553,"href":"https:\/\/semmelweis.hu\/gyogyszertar\/wp-json\/wp\/v2\/pages\/90\/revisions\/10553"}],"up":[{"embeddable":true,"href":"https:\/\/semmelweis.hu\/gyogyszertar\/wp-json\/wp\/v2\/pages\/6"}],"wp:attachment":[{"href":"https:\/\/semmelweis.hu\/gyogyszertar\/wp-json\/wp\/v2\/media?parent=90"}],"wp:term":[{"taxonomy":"category","embeddable":true,"href":"https:\/\/semmelweis.hu\/gyogyszertar\/wp-json\/wp\/v2\/categories?post=90"},{"taxonomy":"post_tag","embeddable":true,"href":"https:\/\/semmelweis.hu\/gyogyszertar\/wp-json\/wp\/v2\/tags?post=90"}],"curies":[{"name":"wp","href":"https:\/\/api.w.org\/{rel}","templated":true}]}}