{"id":8909,"date":"2021-11-23T12:47:44","date_gmt":"2021-11-23T11:47:44","guid":{"rendered":"https:\/\/semmelweis.hu\/gyogyszertar\/?page_id=8909"},"modified":"2025-03-25T11:08:13","modified_gmt":"2025-03-25T10:08:13","slug":"oktatoi-munka-hallgatoi-velemenyezes","status":"publish","type":"page","link":"https:\/\/semmelweis.hu\/gyogyszertar\/oktatoi-munka-hallgatoi-velemenyezes\/","title":{"rendered":"Oktat\u00f3i Munka Hallgat\u00f3i V\u00e9lem\u00e9nyez\u00e9s"},"content":{"rendered":"<div class=\"responsive-tabs\">\n<h2 class=\"tabtitle\">2019\/20 II. F\u00e9l\u00e9v<\/h2>\n<div class=\"tabcontent\">\n\n<p><a href=\"https:\/\/semmelweis.hu\/gyogyszertar\/files\/2021\/11\/Egyetemi-Gyogyszertar-Gyogyszerugyi-Szervezesi-Intezet.pdf\" target=\"_blank\" rel=\"noopener\">Int\u00e9zked\u00e9si Terv: Gy\u00f3gyszer\u00fcgyi ismeretek I<\/a><\/p>\n<p><a href=\"https:\/\/semmelweis.hu\/gyogyszertar\/files\/2021\/11\/Egyetemi-Gyogyszertar-Gyogyszerugyi-Szervezesi-Intezet-Matematika.pdf\" target=\"_blank\" rel=\"noopener\">Int\u00e9zked\u00e9si Terv: Matematika el\u0151ad\u00e1s \u00e9s gyakorlat<\/a><\/p>\n\n<\/div><h2 class=\"tabtitle\">2020\/21 I. F\u00e9l\u00e9v<\/h2>\n<div class=\"tabcontent\">\n\n<p><a href=\"https:\/\/semmelweis.hu\/gyogyszertar\/files\/2021\/11\/2020_2021_1_EGYGYSZI_OMHV_intezkedesi-terv.pdf\" target=\"_blank\" rel=\"noopener\">Int\u00e9zked\u00e9si Terv<\/a><\/p>\n\n<\/div><h2 class=\"tabtitle\">2021\/22 I. F\u00e9l\u00e9v<\/h2>\n<div class=\"tabcontent\">\n\n<p><a href=\"https:\/\/semmelweis.hu\/gyogyszertar\/files\/2022\/04\/EGYGYSZI_OMHV_Intezkedesi_terv_2021-22-1.pdf\" target=\"_blank\" rel=\"noopener\">Int\u00e9zked\u00e9si Terv<\/a><\/p>\n<p><a href=\"https:\/\/semmelweis.hu\/gyogyszertar\/files\/2022\/04\/Action-plan-based-on-the-student-feedback_2021-22-I..pdf\" target=\"_blank\" rel=\"noopener\">Action Plan<\/a><\/p>\n\n<\/div><h2 class=\"tabtitle\">2021\/22 II. F\u00e9l\u00e9v<\/h2>\n<div class=\"tabcontent\">\n\n<p><a href=\"https:\/\/semmelweis.hu\/gyogyszertar\/files\/2022\/09\/OMHV_Intezkedesi_terv_EGYGYSZI_2021-22-2.pdf\" target=\"_blank\" rel=\"noopener\">Int\u00e9zked\u00e9si Terv<\/a><\/p>\n<p><a href=\"https:\/\/semmelweis.hu\/gyogyszertar\/files\/2022\/09\/Action-plan-based-on-the-student-feedback_20220923_GYEGYGGMG1A.pdf\" target=\"_blank\" rel=\"noopener\">Action Plan I<\/a><\/p>\n<p><a href=\"https:\/\/semmelweis.hu\/gyogyszertar\/files\/2022\/09\/Action-plan-based-on-the-student-feedback_20220923_GYEGYGIMG1A.pdf\" target=\"_blank\" rel=\"noopener\">Action Plan II<\/a><\/p>\n\n<\/div><h2 class=\"tabtitle\">2022\/23 I. F\u00e9l\u00e9v<\/h2>\n<div class=\"tabcontent\">\n\n<p><a href=\"https:\/\/semmelweis.hu\/gyogyszertar\/files\/2023\/04\/Intezkedesi_terv_EGYGYSZI_2022-23-1.pdf\" target=\"_blank\" rel=\"noopener\">Int\u00e9zked\u00e9si Terv<\/a><\/p>\n<p><a href=\"https:\/\/semmelweis.hu\/gyogyszertar\/files\/2023\/04\/Action-plan-based-on-the-student-feedback_20230403_EGYGYSZI.pdf\" target=\"_blank\" rel=\"noopener\">Action Plan<\/a><\/p>\n\n<\/div><h2 class=\"tabtitle\">2022\/23 II. F\u00e9l\u00e9v<\/h2>\n<div class=\"tabcontent\">\n\n<p><a href=\"https:\/\/semmelweis.hu\/gyogyszertar\/files\/2024\/02\/OMHV_Inte\u0301zkede\u0301si_terv_2022-2023_2_Interkultura\u0301lis_kommunika\u0301cio\u0301.pdf\" target=\"_blank\" rel=\"noopener\">Int\u00e9zked\u00e9si Terv: Interkultur\u00e1lis kommunik\u00e1ci\u00f3<\/a><\/p>\n<p><a href=\"https:\/\/semmelweis.hu\/gyogyszertar\/files\/2024\/02\/OMHV_Inte\u0301zkede\u0301si_terv_2022-2023_2_-fe\u0301le\u0301v_utaza\u0301sorvostan.pdf\" target=\"_blank\" rel=\"noopener\">Int\u00e9zked\u00e9si Terv: Gy\u00f3gyszer\u00e9szi tan\u00e1csad\u00e1s utaz\u00f3knak<\/a><\/p>\n<p><a href=\"https:\/\/semmelweis.hu\/gyogyszertar\/files\/2024\/02\/OMHV_Inte\u0301zkede\u0301si_terv_2022-2023_2_-fe\u0301le\u0301v_kozgazdasagtanialapismeretek.pdf\" target=\"_blank\" rel=\"noopener\">Int\u00e9zked\u00e9si Terv: K\u00f6zgazdas\u00e1gtani alapismeretek<\/a><\/p>\n<p><a href=\"https:\/\/semmelweis.hu\/gyogyszertar\/files\/2024\/02\/OMHV_Inte\u0301zkede\u0301si_terv_2022-2023_2_-fe\u0301le\u0301v_kozgazdasagtanialapismeretekelmelet.pdf\" target=\"_blank\" rel=\"noopener\">Int\u00e9zked\u00e9si Terv: K\u00f6zgazdas\u00e1gtani alapismeretek elm\u00e9let<\/a><\/p>\n\n<\/div><h2 class=\"tabtitle\">2023\/24 I. F\u00e9l\u00e9v<\/h2>\n<div class=\"tabcontent\">\n\n<p><a href=\"https:\/\/semmelweis.hu\/gyogyszertar\/files\/2024\/11\/OMHV_Intezkesesi_terv_EGYGYSZI_2023_24_1.pdf\" target=\"_blank\" rel=\"noopener\">Int\u00e9zked\u00e9si Terv<\/a><\/p>\n\n<\/div><h2 class=\"tabtitle\">2023\/24 II. F\u00e9l\u00e9v<\/h2>\n<div class=\"tabcontent\">\n\n<p><a href=\"https:\/\/semmelweis.hu\/gyogyszertar\/files\/2024\/11\/OMHV_Intezkedesi_terv_EGYGYSZI_2324_II.pdf\" target=\"_blank\" rel=\"noopener\">Int\u00e9zked\u00e9si Terv<\/a><\/p>\n\n<\/div><h2 class=\"tabtitle\">2024\/25 I. F\u00e9l\u00e9v<\/h2>\n<div class=\"tabcontent\">\n\n<p><a href=\"https:\/\/semmelweis.hu\/gyogyszertar\/files\/2025\/03\/OMHV_Intezkedesi_terv_EGYGYSZI_2425_I.pdf\" target=\"_blank\" rel=\"noopener\">Int\u00e9zked\u00e9si Terv<\/a><\/p>\n<p><a href=\"https:\/\/semmelweis.hu\/gyogyszertar\/files\/2025\/03\/Action-plan-based-on-the-student-feedback_20250321_EGYGYSZI.pdf\" target=\"_blank\" rel=\"noopener\">Action Plan<\/a><\/p>\n<\/div><\/div>\n","protected":false},"excerpt":{"rendered":"<p><a href=\"https:\/\/semmelweis.hu\/gyogyszertar\/files\/2021\/11\/Egyetemi-Gyogyszertar-Gyogyszerugyi-Szervezesi-Intezet.pdf\" target=\"_blank\" rel=\"noopener\">Int\u00e9zked\u00e9si Terv: Gy\u00f3gyszer\u00fcgyi ismeretek I<\/a><br \/>\n<a href=\"https:\/\/semmelweis.hu\/gyogyszertar\/files\/2021\/11\/Egyetemi-Gyogyszertar-Gyogyszerugyi-Szervezesi-Intezet-Matematika.pdf\" target=\"_blank\" rel=\"noopener\">Int\u00e9zked\u00e9si Terv: Matematika el\u0151ad\u00e1s \u00e9s gyakorlat<\/a><\/p>\n<p><a href=\"https:\/\/semmelweis.hu\/gyogyszertar\/files\/2021\/11\/2020_2021_1_EGYGYSZI_OMHV_intezkedesi-terv.pdf\" target=\"_blank\" rel=\"noopener\">Int\u00e9zked\u00e9si Terv<\/a><\/p>\n<p><a href=\"https:\/\/semmelweis.hu\/gyogyszertar\/files\/2022\/04\/EGYGYSZI_OMHV_Intezkedesi_terv_2021-22-1.pdf\" target=\"_blank\" rel=\"noopener\">Int\u00e9zked\u00e9si Terv<\/a><br \/>\n<a href=\"https:\/\/semmelweis.hu\/gyogyszertar\/files\/2022\/04\/Action-plan-based-on-the-student-feedback_2021-22-I..pdf\" target=\"_blank\" rel=\"noopener\">Action Plan<\/a><\/p>\n<p><a href=\"https:\/\/semmelweis.hu\/gyogyszertar\/files\/2022\/09\/OMHV_Intezkedesi_terv_EGYGYSZI_2021-22-2.pdf\" target=\"_blank\" rel=\"noopener\">Int\u00e9zked\u00e9si Terv<\/a><br \/>\n<a href=\"https:\/\/semmelweis.hu\/gyogyszertar\/files\/2022\/09\/Action-plan-based-on-the-student-feedback_20220923_GYEGYGGMG1A.pdf\" target=\"_blank\" rel=\"noopener\">Action Plan I<\/a><br \/>\n<a href=\"https:\/\/semmelweis.hu\/gyogyszertar\/files\/2022\/09\/Action-plan-based-on-the-student-feedback_20220923_GYEGYGIMG1A.pdf\" target=\"_blank\" rel=\"noopener\">Action Plan II<\/a><\/p>\n<p><a href=\"https:\/\/semmelweis.hu\/gyogyszertar\/files\/2023\/04\/Intezkedesi_terv_EGYGYSZI_2022-23-1.pdf\" target=\"_blank\" rel=\"noopener\">Int\u00e9zked\u00e9si Terv<\/a><br \/>\n<a href=\"https:\/\/semmelweis.hu\/gyogyszertar\/files\/2023\/04\/Action-plan-based-on-the-student-feedback_20230403_EGYGYSZI.pdf\" target=\"_blank\" rel=\"noopener\">Action Plan<\/a><\/p>\n<p><a href=\"https:\/\/semmelweis.hu\/gyogyszertar\/files\/2024\/02\/OMHV_Inte\u0301zkede\u0301si_terv_2022-2023_2_Interkultura\u0301lis_kommunika\u0301cio\u0301.pdf\" target=\"_blank\" rel=\"noopener\">Int\u00e9zked\u00e9si Terv: Interkultur\u00e1lis kommunik\u00e1ci\u00f3<\/a><br \/>\n<a href=\"https:\/\/semmelweis.hu\/gyogyszertar\/files\/2024\/02\/OMHV_Inte\u0301zkede\u0301si_terv_2022-2023_2_-fe\u0301le\u0301v_utaza\u0301sorvostan.pdf\" target=\"_blank\" rel=\"noopener\">Int\u00e9zked\u00e9si Terv: Gy\u00f3gyszer\u00e9szi tan\u00e1csad\u00e1s utaz\u00f3knak<\/a><br \/>\n<a href=\"https:\/\/semmelweis.hu\/gyogyszertar\/files\/2024\/02\/OMHV_Inte\u0301zkede\u0301si_terv_2022-2023_2_-fe\u0301le\u0301v_kozgazdasagtanialapismeretek.pdf\" target=\"_blank\" rel=\"noopener\">Int\u00e9zked\u00e9si Terv: K\u00f6zgazdas\u00e1gtani alapismeretek<\/a><br \/>\n<a href=\"https:\/\/semmelweis.hu\/gyogyszertar\/files\/2024\/02\/OMHV_Inte\u0301zkede\u0301si_terv_2022-2023_2_-fe\u0301le\u0301v_kozgazdasagtanialapismeretekelmelet.pdf\" target=\"_blank\" rel=\"noopener\">Int\u00e9zked\u00e9si Terv: K\u00f6zgazdas\u00e1gtani alapismeretek elm\u00e9let<\/a><\/p>\n<p><a href=\"https:\/\/semmelweis.hu\/gyogyszertar\/files\/2024\/11\/OMHV_Intezkesesi_terv_EGYGYSZI_2023_24_1.pdf\" target=\"_blank\" rel=\"noopener\">Int\u00e9zked\u00e9si Terv<\/a><\/p>\n<p><a href=\"https:\/\/semmelweis.hu\/gyogyszertar\/files\/2024\/11\/OMHV_Intezkedesi_terv_EGYGYSZI_2324_II.pdf\" target=\"_blank\" rel=\"noopener\">Int\u00e9zked\u00e9si Terv<\/a><\/p>\n<p><a href=\"https:\/\/semmelweis.hu\/gyogyszertar\/files\/2025\/03\/OMHV_Intezkedesi_terv_EGYGYSZI_2425_I.pdf\" target=\"_blank\" rel=\"noopener\">Int\u00e9zked\u00e9si Terv<\/a><br \/>\n<a href=\"https:\/\/semmelweis.hu\/gyogyszertar\/files\/2025\/03\/Action-plan-based-on-the-student-feedback_20250321_EGYGYSZI.pdf\" target=\"_blank\" rel=\"noopener\">Action Plan<\/a><\/p>\n","protected":false},"author":357,"featured_media":0,"parent":0,"menu_order":0,"comment_status":"closed","ping_status":"closed","template":"","meta":{"_acf_changed":false,"footnotes":""},"categories":[],"tags":[],"class_list":["post-8909","page","type-page","status-publish","hentry"],"acf":[],"_links":{"self":[{"href":"https:\/\/semmelweis.hu\/gyogyszertar\/wp-json\/wp\/v2\/pages\/8909","targetHints":{"allow":["GET"]}}],"collection":[{"href":"https:\/\/semmelweis.hu\/gyogyszertar\/wp-json\/wp\/v2\/pages"}],"about":[{"href":"https:\/\/semmelweis.hu\/gyogyszertar\/wp-json\/wp\/v2\/types\/page"}],"author":[{"embeddable":true,"href":"https:\/\/semmelweis.hu\/gyogyszertar\/wp-json\/wp\/v2\/users\/357"}],"replies":[{"embeddable":true,"href":"https:\/\/semmelweis.hu\/gyogyszertar\/wp-json\/wp\/v2\/comments?post=8909"}],"version-history":[{"count":11,"href":"https:\/\/semmelweis.hu\/gyogyszertar\/wp-json\/wp\/v2\/pages\/8909\/revisions"}],"predecessor-version":[{"id":10916,"href":"https:\/\/semmelweis.hu\/gyogyszertar\/wp-json\/wp\/v2\/pages\/8909\/revisions\/10916"}],"wp:attachment":[{"href":"https:\/\/semmelweis.hu\/gyogyszertar\/wp-json\/wp\/v2\/media?parent=8909"}],"wp:term":[{"taxonomy":"category","embeddable":true,"href":"https:\/\/semmelweis.hu\/gyogyszertar\/wp-json\/wp\/v2\/categories?post=8909"},{"taxonomy":"post_tag","embeddable":true,"href":"https:\/\/semmelweis.hu\/gyogyszertar\/wp-json\/wp\/v2\/tags?post=8909"}],"curies":[{"name":"wp","href":"https:\/\/api.w.org\/{rel}","templated":true}]}}