{"id":771,"date":"2014-03-17T13:19:39","date_gmt":"2014-03-17T12:19:39","guid":{"rendered":"http:\/\/semmelweis.hu\/gyogyszertar\/?page_id=771"},"modified":"2026-03-24T08:30:10","modified_gmt":"2026-03-24T07:30:10","slug":"biztonsagi-adatlapok","status":"publish","type":"page","link":"https:\/\/semmelweis.hu\/gyogyszertar\/gyogyszerellatas-index\/biztonsagi-adatlapok\/","title":{"rendered":"Biztons\u00e1gi adatlapok"},"content":{"rendered":"<ul style=\"list-style-type: disc\">\n<li><a href=\"https:\/\/unisemmelweis.sharepoint.com\/:f:\/r\/sites\/EGYSZI\/Megosztott%20dokumentumok\/Gy%C3%B3gyszerell%C3%A1t%C3%A1s\/%C3%81ltal%C3%A1nos%20t%C3%A1j%C3%A9koztat%C3%B3k%20dolgoz%C3%B3k%20r%C3%A9sz%C3%A9re\/Fert%C5%91tlen%C3%ADt%C5%91szerek%20biztons%C3%A1gi%20adatlapjai?csf=1&amp;web=1&amp;e=KG0JTR\" target=\"_blank\" rel=\"noopener\">Fert\u0151tlen\u00edt\u0151szerek biztons\u00e1gi adatlapjai<\/a> <span style=\"color: #000000\">[Friss\u00edtve: 2026.03.24.]<\/span><\/li>\n<li><a href=\"https:\/\/unisemmelweis.sharepoint.com\/:f:\/r\/sites\/EGYSZI\/Megosztott%20dokumentumok\/Gy%C3%B3gyszerell%C3%A1t%C3%A1s\/%C3%81ltal%C3%A1nos%20t%C3%A1j%C3%A9koztat%C3%B3k%20dolgoz%C3%B3k%20r%C3%A9sz%C3%A9re\/Citosztatikus%20keszitmenyek%20biztonsagi%20adatlapjai?csf=1&amp;web=1&amp;e=7nDGTT\" target=\"_blank\" rel=\"noopener\">Citosztatikumok biztons\u00e1gi adatlapjai<\/a> <span style=\"color: #000000\">[Friss\u00edtve: 2026.03.24.]<\/span><\/li>\n<li><span style=\"color: #000000\"><a href=\"https:\/\/drive.google.com\/drive\/folders\/1qOccGoB1Qe867knOuBQchmfY8uivizVv?usp=sharing\" target=\"_blank\" rel=\"noopener\">Fert\u0151tlen\u00edt\u0151 &#8211; biztons\u00e1gtechnikai adatlapok<\/a> [Friss\u00edtve: 2026.03.05.]<\/span><\/li>\n<li style=\"text-align: left\"><strong>Citosztatikus k\u00e9sz\u00edtm\u00e9nyek:<\/strong>\n<ul>\n<li><a href=\"https:\/\/semmelweis.hu\/gyogyszertar\/files\/2025\/09\/Citosztatikus-keszitmenyek-biztonsagi-adatlapjai-2025-I.zip\" rel=\"noopener\">Biztons\u00e1gi adatlapok I<\/a> (zip) &#8211; <a href=\"https:\/\/semmelweis.hu\/gyogyszertar\/files\/2025\/09\/Citosztatikus-keszitmenyek-biztonsagi-adatlapjai-2025-II.zip\" rel=\"noopener\">Biztons\u00e1gi adatlapok II<\/a> (zip)<\/li>\n<li><a href=\"https:\/\/semmelweis.hu\/gyogyszertar\/files\/2016\/09\/kemiaiAnyagokBiztAdatlapok.zip\">K\u00e9miai anyagok biztons\u00e1gi adatlapjai (zip)<\/a><\/li>\n<\/ul>\n<\/li>\n<li style=\"text-align: left\"><a href=\"https:\/\/semmelweis.hu\/gyogyszertar\/files\/2019\/01\/Gy\u00f3gyszeralapanyagok-biztons\u00e1gtechnikai-adatlapjai.zip\">Leggyakrabban haszn\u00e1lt gy\u00f3gyszerk\u00f6nyvi alapanyagok (zip)<\/a><\/li>\n<li style=\"text-align: left\"><a href=\"https:\/\/semmelweis.hu\/gyogyszertar\/files\/2019\/05\/MSDS-LAPOK-VEGYSZER-EGY\u00c9B-GY\u00d3GYSZERALAPANYAG-V120190510.pdf\" target=\"_blank\" rel=\"noopener noreferrer\">Leggyakrabban haszn\u00e1lt vegyszerek \u00e9s egy\u00e9b gy\u00f3gyszeralapanyagok (pdf)<\/a><\/li>\n<\/ul>\n","protected":false},"excerpt":{"rendered":"<p><a href=\"https:\/\/unisemmelweis.sharepoint.com\/:f:\/r\/sites\/EGYSZI\/Megosztott%20dokumentumok\/Gy%C3%B3gyszerell%C3%A1t%C3%A1s\/%C3%81ltal%C3%A1nos%20t%C3%A1j%C3%A9koztat%C3%B3k%20dolgoz%C3%B3k%20r%C3%A9sz%C3%A9re\/Fert%C5%91tlen%C3%ADt%C5%91szerek%20biztons%C3%A1gi%20adatlapjai?csf=1&amp;web=1&amp;e=KG0JTR\" target=\"_blank\" rel=\"noopener\">Fert\u0151tlen\u00edt\u0151szerek biztons\u00e1gi adatlapjai<\/a> [Friss\u00edtve: 2026.03.24.]<br \/>\n<a href=\"https:\/\/unisemmelweis.sharepoint.com\/:f:\/r\/sites\/EGYSZI\/Megosztott%20dokumentumok\/Gy%C3%B3gyszerell%C3%A1t%C3%A1s\/%C3%81ltal%C3%A1nos%20t%C3%A1j%C3%A9koztat%C3%B3k%20dolgoz%C3%B3k%20r%C3%A9sz%C3%A9re\/Citosztatikus%20keszitmenyek%20biztonsagi%20adatlapjai?csf=1&amp;web=1&amp;e=7nDGTT\" target=\"_blank\" rel=\"noopener\">Citosztatikumok biztons\u00e1gi adatlapjai<\/a> [Friss\u00edtve: 2026.03.24.]<br \/>\n<a href=\"https:\/\/drive.google.com\/drive\/folders\/1qOccGoB1Qe867knOuBQchmfY8uivizVv?usp=sharing\" target=\"_blank\" rel=\"noopener\">Fert\u0151tlen\u00edt\u0151 &#8211; biztons\u00e1gtechnikai adatlapok<\/a> [Friss\u00edtve: 2026.03.05.]<br \/>\nCitosztatikus k\u00e9sz\u00edtm\u00e9nyek:<\/p>\n<p><a href=\"https:\/\/semmelweis.hu\/gyogyszertar\/files\/2025\/09\/Citosztatikus-keszitmenyek-biztonsagi-adatlapjai-2025-I.zip\" rel=\"noopener\">Biztons\u00e1gi adatlapok I<\/a> (zip) &#8211; <a href=\"https:\/\/semmelweis.hu\/gyogyszertar\/files\/2025\/09\/Citosztatikus-keszitmenyek-biztonsagi-adatlapjai-2025-II.zip\" rel=\"noopener\">Biztons\u00e1gi adatlapok II<\/a> (zip)<br \/>\n<a href=\"https:\/\/semmelweis.hu\/gyogyszertar\/files\/2016\/09\/kemiaiAnyagokBiztAdatlapok.zip\">K\u00e9miai anyagok biztons\u00e1gi adatlapjai (zip)<\/a><\/p>\n<p><a href=\"https:\/\/semmelweis.hu\/gyogyszertar\/files\/2019\/01\/Gy\u00f3gyszeralapanyagok-biztons\u00e1gtechnikai-adatlapjai.zip\">Leggyakrabban haszn\u00e1lt gy\u00f3gyszerk\u00f6nyvi alapanyagok (zip)<\/a><br \/>\n<a href=\"https:\/\/semmelweis.hu\/gyogyszertar\/files\/2019\/05\/MSDS-LAPOK-VEGYSZER-EGY\u00c9B-GY\u00d3GYSZERALAPANYAG-V120190510.pdf\" target=\"_blank\" rel=\"noopener noreferrer\">Leggyakrabban haszn\u00e1lt vegyszerek \u00e9s egy\u00e9b gy\u00f3gyszeralapanyagok (pdf)<\/a><\/p>\n","protected":false},"author":317,"featured_media":0,"parent":7,"menu_order":5,"comment_status":"closed","ping_status":"closed","template":"","meta":{"_acf_changed":false,"footnotes":""},"categories":[],"tags":[],"class_list":["post-771","page","type-page","status-publish","hentry"],"acf":[],"_links":{"self":[{"href":"https:\/\/semmelweis.hu\/gyogyszertar\/wp-json\/wp\/v2\/pages\/771","targetHints":{"allow":["GET"]}}],"collection":[{"href":"https:\/\/semmelweis.hu\/gyogyszertar\/wp-json\/wp\/v2\/pages"}],"about":[{"href":"https:\/\/semmelweis.hu\/gyogyszertar\/wp-json\/wp\/v2\/types\/page"}],"author":[{"embeddable":true,"href":"https:\/\/semmelweis.hu\/gyogyszertar\/wp-json\/wp\/v2\/users\/317"}],"replies":[{"embeddable":true,"href":"https:\/\/semmelweis.hu\/gyogyszertar\/wp-json\/wp\/v2\/comments?post=771"}],"version-history":[{"count":11,"href":"https:\/\/semmelweis.hu\/gyogyszertar\/wp-json\/wp\/v2\/pages\/771\/revisions"}],"predecessor-version":[{"id":11323,"href":"https:\/\/semmelweis.hu\/gyogyszertar\/wp-json\/wp\/v2\/pages\/771\/revisions\/11323"}],"up":[{"embeddable":true,"href":"https:\/\/semmelweis.hu\/gyogyszertar\/wp-json\/wp\/v2\/pages\/7"}],"wp:attachment":[{"href":"https:\/\/semmelweis.hu\/gyogyszertar\/wp-json\/wp\/v2\/media?parent=771"}],"wp:term":[{"taxonomy":"category","embeddable":true,"href":"https:\/\/semmelweis.hu\/gyogyszertar\/wp-json\/wp\/v2\/categories?post=771"},{"taxonomy":"post_tag","embeddable":true,"href":"https:\/\/semmelweis.hu\/gyogyszertar\/wp-json\/wp\/v2\/tags?post=771"}],"curies":[{"name":"wp","href":"https:\/\/api.w.org\/{rel}","templated":true}]}}