{"id":76,"date":"2013-11-18T22:48:31","date_gmt":"2013-11-18T20:48:31","guid":{"rendered":"http:\/\/semmelweis.hu\/gyogyszertar\/?page_id=76"},"modified":"2024-02-15T13:28:05","modified_gmt":"2024-02-15T12:28:05","slug":"phd","status":"publish","type":"page","link":"https:\/\/semmelweis.hu\/gyogyszertar\/oktatas\/posztgradualis-kepzes\/phd\/","title":{"rendered":"PhD &#8211; Doktori k\u00e9pz\u00e9s"},"content":{"rendered":"<p>A <a href=\"https:\/\/semmelweis.hu\/phd\/gyogyszertudomanyok-es-egeszsegugyi-technologiak-tagozat\/\" target=\"_blank\" rel=\"noopener\"><strong>Gy\u00f3gyszertudom\u00e1nyok \u00e9s Eg\u00e9szs\u00e9g\u00fcgyi Technol\u00f3gi\u00e1k Tagozat <\/strong><\/a>4 doktori programja keret\u00e9ben folyik a doktori (Ph.D.) fokozat megszerz\u00e9s\u00e9re ir\u00e1nyul\u00f3 doktork\u00e9pz\u00e9s.<\/p>\n<p><strong>Az Int\u00e9zet akkredit\u00e1lt t\u00e9mavezet\u0151i az els\u0151 program keret\u00e9ben hirdetik meg a kutat\u00e1si t\u00e9m\u00e1ikat, amelyek a k\u00f6vetkez\u0151k:<\/strong><\/p>\n<ul>\n<li>Eg\u00e9szs\u00e9g-gazdas\u00e1gtan<\/li>\n<li>Eg\u00e9szs\u00e9g\u00fcgyi technol\u00f3giai elemz\u00e9s<\/li>\n<li>\u00c9letmin\u0151s\u00e9g vizsg\u00e1latok<\/li>\n<li>Klinikai gy\u00f3gyszer\u00e9szeti tanulm\u00e1nyok<\/li>\n<li>Korszer\u0171 gy\u00f3gyszerform\u00e1k alkalmaz\u00e1sa a klinikai gy\u00f3gyszer\u00e9szetben<\/li>\n<\/ul>\n<p><strong>Az Int\u00e9zet oktat\u00f3i \u00e1ltal meghirdetett kurzusok: <\/strong><\/p>\n<ul>\n<li>A min\u0151s\u00e9gbiztos\u00edt\u00e1s gy\u00f3gyszer\u00e9szeti vonatkoz\u00e1sai (Zelk\u00f3 Rom\u00e1na, 15 \u00f3ra)<\/li>\n<li>Farmako\u00f6kon\u00f3mia (M\u00e9sz\u00e1ros \u00c1gnes, 30 \u00f3ra)<\/li>\n<\/ul>\n","protected":false},"excerpt":{"rendered":"<p>A <a href=\"https:\/\/semmelweis.hu\/phd\/gyogyszertudomanyok-es-egeszsegugyi-technologiak-tagozat\/\" target=\"_blank\" rel=\"noopener\">Gy\u00f3gyszertudom\u00e1nyok \u00e9s Eg\u00e9szs\u00e9g\u00fcgyi Technol\u00f3gi\u00e1k Tagozat <\/a> 4 doktori programja keret\u00e9ben folyik a doktori (Ph.D.) fokozat megszerz\u00e9s\u00e9re ir\u00e1nyul\u00f3 doktork\u00e9pz\u00e9s. Az Int\u00e9zet akkredit\u00e1lt t\u00e9mavezet\u0151i az els\u0151 program keret\u00e9ben hirdetik meg a kutat\u00e1si t\u00e9m\u00e1ikat, amelyek a k\u00f6vetkez\u0151k: Eg\u00e9szs\u00e9g-gazdas\u00e1gtan Eg\u00e9szs\u00e9g\u00fcgyi technol\u00f3giai elemz\u00e9s \u00c9letmin\u0151s\u00e9g vizsg\u00e1latok Klinikai gy\u00f3gyszer\u00e9szeti tanulm\u00e1nyok Korszer\u0171 gy\u00f3gyszerform\u00e1k alkalmaz\u00e1sa a klinikai gy\u00f3gyszer\u00e9szetben Az Int\u00e9zet oktat\u00f3i \u00e1ltal meghirdetett kurzusok: A min\u0151s\u00e9gbiztos\u00edt\u00e1s gy\u00f3gyszer\u00e9szeti vonatkoz\u00e1sai (Zelk\u00f3 &hellip;<\/p>\n","protected":false},"author":113,"featured_media":0,"parent":74,"menu_order":0,"comment_status":"closed","ping_status":"closed","template":"","meta":{"_acf_changed":false,"footnotes":""},"categories":[],"tags":[],"class_list":["post-76","page","type-page","status-publish","hentry"],"acf":[],"_links":{"self":[{"href":"https:\/\/semmelweis.hu\/gyogyszertar\/wp-json\/wp\/v2\/pages\/76","targetHints":{"allow":["GET"]}}],"collection":[{"href":"https:\/\/semmelweis.hu\/gyogyszertar\/wp-json\/wp\/v2\/pages"}],"about":[{"href":"https:\/\/semmelweis.hu\/gyogyszertar\/wp-json\/wp\/v2\/types\/page"}],"author":[{"embeddable":true,"href":"https:\/\/semmelweis.hu\/gyogyszertar\/wp-json\/wp\/v2\/users\/113"}],"replies":[{"embeddable":true,"href":"https:\/\/semmelweis.hu\/gyogyszertar\/wp-json\/wp\/v2\/comments?post=76"}],"version-history":[{"count":11,"href":"https:\/\/semmelweis.hu\/gyogyszertar\/wp-json\/wp\/v2\/pages\/76\/revisions"}],"predecessor-version":[{"id":9811,"href":"https:\/\/semmelweis.hu\/gyogyszertar\/wp-json\/wp\/v2\/pages\/76\/revisions\/9811"}],"up":[{"embeddable":true,"href":"https:\/\/semmelweis.hu\/gyogyszertar\/wp-json\/wp\/v2\/pages\/74"}],"wp:attachment":[{"href":"https:\/\/semmelweis.hu\/gyogyszertar\/wp-json\/wp\/v2\/media?parent=76"}],"wp:term":[{"taxonomy":"category","embeddable":true,"href":"https:\/\/semmelweis.hu\/gyogyszertar\/wp-json\/wp\/v2\/categories?post=76"},{"taxonomy":"post_tag","embeddable":true,"href":"https:\/\/semmelweis.hu\/gyogyszertar\/wp-json\/wp\/v2\/tags?post=76"}],"curies":[{"name":"wp","href":"https:\/\/api.w.org\/{rel}","templated":true}]}}