{"id":6114,"date":"2019-05-07T10:48:46","date_gmt":"2019-05-07T08:48:46","guid":{"rendered":"http:\/\/semmelweis.hu\/gyogyszertar\/?page_id=6114"},"modified":"2024-09-17T08:12:58","modified_gmt":"2024-09-17T06:12:58","slug":"minosegellenorzesi-osztaly","status":"publish","type":"page","link":"https:\/\/semmelweis.hu\/gyogyszertar\/minosegiranyitasi-rendszer\/minosegellenorzesi-osztaly\/","title":{"rendered":"K\u00e9miai \u00e9s Min\u0151s\u00e9gellen\u0151rz\u00e9si Oszt\u00e1ly"},"content":{"rendered":"<ul>\n<li><a href=\"https:\/\/semmelweis.hu\/gyogyszertar\/files\/2024\/09\/SE-EGYI-EGYI-GYT-MU-13-Gyogyszerkeszitesben-hasznalt-gyogyszer-alapanyagok-vizsgalata.pdf\" target=\"_blank\" rel=\"noopener\">SE-EGYI-EGYI-GYT-MU-13<\/a> GY\u00d3GYSZERK\u00c9SZ\u00cdT\u00c9SBEN HASZN\u00c1LT GY\u00d3GYSZER ALAPANYAGOK VIZSG\u00c1LATA<\/li>\n<li><a href=\"https:\/\/semmelweis.hu\/gyogyszertar\/files\/2024\/09\/SE-EGYI-EGYI-GYT-MU-14-vizvizsgalat.pdf\" target=\"_blank\" rel=\"noopener\">SE-EGYI-EGYI-GYT-MU-14<\/a> AZ INF\u00daZI\u00d3S LABORAT\u00d3RIUM DESZTILL\u00c1L\u00d3 K\u00c9SZ\u00dcL\u00c9KEI \u00c9S RO BERENDEZ\u00c9SE \u00c1LTAL SZOLG\u00c1LTATOTT WFI* \u00c9S RO** V\u00cdZMINT\u00c1K VIZSG\u00c1LATA<\/li>\n<li><a href=\"https:\/\/semmelweis.hu\/gyogyszertar\/files\/2024\/09\/SE-EGYI-EGYI-GYT-MU-15-INFUZIOS-LABORATORIUM-KESZITMENYEINEK-ELLENORZESE.pdf\" target=\"_blank\" rel=\"noopener\">SE-EGYI-EGYI-GYT-MU-15<\/a> INF\u00daZI\u00d3S LABORAT\u00d3RIUM K\u00c9SZ\u00cdTM\u00c9NYEINEK ELLEN\u0150RZ\u00c9SE GY\u00c1RT\u00c1SK\u00d6ZI ELLEN\u0150RZ\u00c9S\u00a0<\/li>\n<li><a href=\"https:\/\/semmelweis.hu\/gyogyszertar\/files\/2024\/09\/SE-EGYI-EGYI-GYT-MU-16-INFUZIOS-LABORATORIUM-KESZITMENYEINEK-ELLENORZESE-VT.pdf\" target=\"_blank\" rel=\"noopener\">SE-EGYI-EGYI-GYT-MU-16<\/a> INF\u00daZI\u00d3S LABORAT\u00d3RIUM K\u00c9SZ\u00cdTM\u00c9NYEINEK ELLEN\u0150RZ\u00c9SE V\u00c9GTERM\u00c9K ELLEN\u0150RZ\u00c9S\u00a0<\/li>\n<li><a href=\"https:\/\/semmelweis.hu\/gyogyszertar\/files\/2024\/09\/SE-EGYI-EGYI-GYT-MU-17-magisztralis-termekek-vizsgalata.pdf\" target=\"_blank\" rel=\"noopener\">SE-EGYI-EGYI-GYT-MU-17<\/a> MAGISZTR\u00c1LIS TERM\u00c9KEK VIZSG\u00c1LATA<\/li>\n<li><a href=\"https:\/\/semmelweis.hu\/gyogyszertar\/files\/2024\/09\/SE-EGYI-EGYI-GYT-MU-18-vegyszer-reagens-keszites.pdf\" target=\"_blank\" rel=\"noopener\">SE-EGYI-EGYI-GYT-MU-18<\/a> VEGYSZEREK, REAGENSEK K\u00c9SZ\u00cdT\u00c9SE<\/li>\n<li><a href=\"https:\/\/semmelweis.hu\/gyogyszertar\/files\/2024\/09\/SE-EGYI-EGYI-GYT-MU-19-Lejarati-ido-hosszabbitasi-lehetosegenek-vizsgalata.pdf\" target=\"_blank\" rel=\"noopener\">SE-EGYI-EGYI-GYT-MU-19<\/a> LEJ\u00c1RATI ID\u0150 HOSSZABB\u00cdT\u00c1SI LEHET\u0150S\u00c9G\u00c9NEK VIZSG\u00c1LATA\u00a0<\/li>\n<li><a href=\"https:\/\/semmelweis.hu\/gyogyszertar\/files\/2024\/09\/SE-EGYI-EGYI-GYT-MU-20-Sterilitas-vizsgalat-es-felszabaditas.pdf\" target=\"_blank\" rel=\"noopener\">SE-EGYI-EGYI-GYT-MU-20<\/a> STERILIT\u00c1S VIZSG\u00c1LAT \u00c9S FELSZABAD\u00cdT\u00c1S\u00a0<\/li>\n<li><a href=\"https:\/\/semmelweis.hu\/gyogyszertar\/files\/2024\/09\/SE-EGYI-EGYI-GYT-MU-21-taptalaj-keszites.pdf\" target=\"_blank\" rel=\"noopener\">SE-EGYI-EGYI-GYT-MU-21<\/a> T\u00c1PTALAJ K\u00c9SZ\u00cdT\u00c9S\u00a0<\/li>\n<li><a href=\"https:\/\/semmelweis.hu\/gyogyszertar\/files\/2024\/09\/SE-EGYI-EGYI-GYT-MU-22-kornyezethigienes-vizsg.pdf\" target=\"_blank\" rel=\"noopener\">SE-EGYI-EGYI-GYT-MU-22<\/a> K\u00d6RNYEZETHIGI\u00c9N\u00c9S VIZSG\u00c1LAT<\/li>\n<li><a href=\"https:\/\/semmelweis.hu\/gyogyszertar\/files\/2024\/09\/SE-EGYI-EGYI-GYT-MU-23-BET-viszgalat.pdf\" target=\"_blank\" rel=\"noopener\">SE-EGYI-EGYI-GYT-MU-23<\/a> BAKTERI\u00c1LIS ENDOTOXIN VIZSG\u00c1LAT<\/li>\n<li><a href=\"https:\/\/semmelweis.hu\/gyogyszertar\/files\/2024\/09\/SE-EGYI-EGYI-GYT-MU-46-kalibralas-kvalifikalas-validalas.pdf\" target=\"_blank\" rel=\"noopener\">SE-EGYI-EGYI-GYT-MU-46<\/a> KALIBR\u00c1L\u00c1S, KVALIFIK\u00c1L\u00c1S, VALID\u00c1L\u00c1S<\/li>\n<li><a href=\"https:\/\/semmelweis.hu\/gyogyszertar\/files\/2024\/09\/SE-EGYI-EGYI-GYT-MU-47-OOS.pdf\" target=\"_blank\" rel=\"noopener\">SE-EGYI-EGYI-GYT-MU-47<\/a> ELJ\u00c1R\u00c1S NEM MEGFELEL\u0150 VIZSG\u00c1LATI EREDM\u00c9NYEK ESET\u00c9N (Out of Specification)\u00a0<\/li>\n<li><a href=\"https:\/\/semmelweis.hu\/gyogyszertar\/files\/2024\/09\/SE-EGYI-EGYI-GYT-MU-48-deviaciok-kezelese.pdf\" target=\"_blank\" rel=\"noopener\">SE-EGYI-EGYI-GYT-MU-48<\/a> ELT\u00c9R\u00c9SEK (DEVI\u00c1CI\u00d3K) KEZEL\u00c9SE<\/li>\n<li><a href=\"https:\/\/semmelweis.hu\/gyogyszertar\/files\/2024\/09\/SE-EGYI-EGYI-GYT-MU-49-termekvisszahivas.pdf\" target=\"_blank\" rel=\"noopener\">SE-EGYI-EGYI-GYT-MU-49<\/a> NEM MEGFELEL\u0150 TERM\u00c9KEK KEZEL\u00c9SE \u2013 TERM\u00c9KVISSZAH\u00cdV\u00c1S<\/li>\n<li><a href=\"https:\/\/semmelweis.hu\/gyogyszertar\/files\/2024\/09\/SE-EGYI-EGYI-GYT-MU-50-CAPA.pdf\" target=\"_blank\" rel=\"noopener\">SE-EGYI-EGYI-GYT-MU-50<\/a> MEGEL\u0150Z\u0150 \u00c9S HIBAJAV\u00cdT\u00d3 INT\u00c9ZKED\u00c9SEK (CAPA)<\/li>\n<\/ul>\n","protected":false},"excerpt":{"rendered":"<p><a href=\"https:\/\/semmelweis.hu\/gyogyszertar\/files\/2024\/09\/SE-EGYI-EGYI-GYT-MU-13-Gyogyszerkeszitesben-hasznalt-gyogyszer-alapanyagok-vizsgalata.pdf\" target=\"_blank\" rel=\"noopener\">SE-EGYI-EGYI-GYT-MU-13<\/a> GY\u00d3GYSZERK\u00c9SZ\u00cdT\u00c9SBEN HASZN\u00c1LT GY\u00d3GYSZER ALAPANYAGOK VIZSG\u00c1LATA <a href=\"https:\/\/semmelweis.hu\/gyogyszertar\/files\/2024\/09\/SE-EGYI-EGYI-GYT-MU-14-vizvizsgalat.pdf\" target=\"_blank\" rel=\"noopener\">SE-EGYI-EGYI-GYT-MU-14<\/a> AZ INF\u00daZI\u00d3S LABORAT\u00d3RIUM DESZTILL\u00c1L\u00d3 K\u00c9SZ\u00dcL\u00c9KEI \u00c9S RO BERENDEZ\u00c9SE \u00c1LTAL SZOLG\u00c1LTATOTT WFI* \u00c9S RO** V\u00cdZMINT\u00c1K VIZSG\u00c1LATA <a href=\"https:\/\/semmelweis.hu\/gyogyszertar\/files\/2024\/09\/SE-EGYI-EGYI-GYT-MU-15-INFUZIOS-LABORATORIUM-KESZITMENYEINEK-ELLENORZESE.pdf\" target=\"_blank\" rel=\"noopener\">SE-EGYI-EGYI-GYT-MU-15<\/a> INF\u00daZI\u00d3S LABORAT\u00d3RIUM K\u00c9SZ\u00cdTM\u00c9NYEINEK ELLEN\u0150RZ\u00c9SE GY\u00c1RT\u00c1SK\u00d6ZI ELLEN\u0150RZ\u00c9S\u00a0 <a href=\"https:\/\/semmelweis.hu\/gyogyszertar\/files\/2024\/09\/SE-EGYI-EGYI-GYT-MU-16-INFUZIOS-LABORATORIUM-KESZITMENYEINEK-ELLENORZESE-VT.pdf\" target=\"_blank\" rel=\"noopener\">SE-EGYI-EGYI-GYT-MU-16<\/a> INF\u00daZI\u00d3S LABORAT\u00d3RIUM K\u00c9SZ\u00cdTM\u00c9NYEINEK ELLEN\u0150RZ\u00c9SE V\u00c9GTERM\u00c9K ELLEN\u0150RZ\u00c9S\u00a0 <a href=\"https:\/\/semmelweis.hu\/gyogyszertar\/files\/2024\/09\/SE-EGYI-EGYI-GYT-MU-17-magisztralis-termekek-vizsgalata.pdf\" target=\"_blank\" rel=\"noopener\">SE-EGYI-EGYI-GYT-MU-17<\/a> MAGISZTR\u00c1LIS TERM\u00c9KEK VIZSG\u00c1LATA <a href=\"https:\/\/semmelweis.hu\/gyogyszertar\/files\/2024\/09\/SE-EGYI-EGYI-GYT-MU-18-vegyszer-reagens-keszites.pdf\" target=\"_blank\" rel=\"noopener\">SE-EGYI-EGYI-GYT-MU-18<\/a> VEGYSZEREK, REAGENSEK K\u00c9SZ\u00cdT\u00c9SE <a href=\"https:\/\/semmelweis.hu\/gyogyszertar\/files\/2024\/09\/SE-EGYI-EGYI-GYT-MU-19-Lejarati-ido-hosszabbitasi-lehetosegenek-vizsgalata.pdf\" target=\"_blank\" rel=\"noopener\">SE-EGYI-EGYI-GYT-MU-19<\/a> LEJ\u00c1RATI ID\u0150 HOSSZABB\u00cdT\u00c1SI LEHET\u0150S\u00c9G\u00c9NEK VIZSG\u00c1LATA\u00a0 <a href=\"https:\/\/semmelweis.hu\/gyogyszertar\/files\/2024\/09\/SE-EGYI-EGYI-GYT-MU-20-Sterilitas-vizsgalat-es-felszabaditas.pdf\" target=\"_blank\" rel=\"noopener\">SE-EGYI-EGYI-GYT-MU-20<\/a> STERILIT\u00c1S VIZSG\u00c1LAT \u00c9S FELSZABAD\u00cdT\u00c1S\u00a0 <a href=\"https:\/\/semmelweis.hu\/gyogyszertar\/files\/2024\/09\/SE-EGYI-EGYI-GYT-MU-21-taptalaj-keszites.pdf\" target=\"_blank\" rel=\"noopener\">SE-EGYI-EGYI-GYT-MU-21<\/a> T\u00c1PTALAJ K\u00c9SZ\u00cdT\u00c9S\u00a0 <a href=\"https:\/\/semmelweis.hu\/gyogyszertar\/files\/2024\/09\/SE-EGYI-EGYI-GYT-MU-22-kornyezethigienes-vizsg.pdf\" target=\"_blank\" rel=\"noopener\">SE-EGYI-EGYI-GYT-MU-22<\/a> K\u00d6RNYEZETHIGI\u00c9N\u00c9S VIZSG\u00c1LAT <a href=\"https:\/\/semmelweis.hu\/gyogyszertar\/files\/2024\/09\/SE-EGYI-EGYI-GYT-MU-23-BET-viszgalat.pdf\" target=\"_blank\" rel=\"noopener\">SE-EGYI-EGYI-GYT-MU-23<\/a> BAKTERI\u00c1LIS ENDOTOXIN VIZSG\u00c1LAT <a href=\"https:\/\/semmelweis.hu\/gyogyszertar\/files\/2024\/09\/SE-EGYI-EGYI-GYT-MU-46-kalibralas-kvalifikalas-validalas.pdf\" target=\"_blank\" rel=\"noopener\">SE-EGYI-EGYI-GYT-MU-46<\/a> KALIBR\u00c1L\u00c1S, &hellip;<\/p>\n","protected":false},"author":357,"featured_media":0,"parent":166,"menu_order":9,"comment_status":"closed","ping_status":"closed","template":"","meta":{"_acf_changed":false,"footnotes":""},"categories":[],"tags":[],"class_list":["post-6114","page","type-page","status-publish","hentry"],"acf":[],"_links":{"self":[{"href":"https:\/\/semmelweis.hu\/gyogyszertar\/wp-json\/wp\/v2\/pages\/6114","targetHints":{"allow":["GET"]}}],"collection":[{"href":"https:\/\/semmelweis.hu\/gyogyszertar\/wp-json\/wp\/v2\/pages"}],"about":[{"href":"https:\/\/semmelweis.hu\/gyogyszertar\/wp-json\/wp\/v2\/types\/page"}],"author":[{"embeddable":true,"href":"https:\/\/semmelweis.hu\/gyogyszertar\/wp-json\/wp\/v2\/users\/357"}],"replies":[{"embeddable":true,"href":"https:\/\/semmelweis.hu\/gyogyszertar\/wp-json\/wp\/v2\/comments?post=6114"}],"version-history":[{"count":10,"href":"https:\/\/semmelweis.hu\/gyogyszertar\/wp-json\/wp\/v2\/pages\/6114\/revisions"}],"predecessor-version":[{"id":10503,"href":"https:\/\/semmelweis.hu\/gyogyszertar\/wp-json\/wp\/v2\/pages\/6114\/revisions\/10503"}],"up":[{"embeddable":true,"href":"https:\/\/semmelweis.hu\/gyogyszertar\/wp-json\/wp\/v2\/pages\/166"}],"wp:attachment":[{"href":"https:\/\/semmelweis.hu\/gyogyszertar\/wp-json\/wp\/v2\/media?parent=6114"}],"wp:term":[{"taxonomy":"category","embeddable":true,"href":"https:\/\/semmelweis.hu\/gyogyszertar\/wp-json\/wp\/v2\/categories?post=6114"},{"taxonomy":"post_tag","embeddable":true,"href":"https:\/\/semmelweis.hu\/gyogyszertar\/wp-json\/wp\/v2\/tags?post=6114"}],"curies":[{"name":"wp","href":"https:\/\/api.w.org\/{rel}","templated":true}]}}