{"id":6108,"date":"2019-05-07T09:58:42","date_gmt":"2019-05-07T07:58:42","guid":{"rendered":"http:\/\/semmelweis.hu\/gyogyszertar\/?page_id=6108"},"modified":"2024-09-16T21:16:16","modified_gmt":"2024-09-16T19:16:16","slug":"koranyi-reszleg","status":"publish","type":"page","link":"https:\/\/semmelweis.hu\/gyogyszertar\/minosegiranyitasi-rendszer\/koranyi-reszleg\/","title":{"rendered":"K\u00fcls\u0151 Klinikai T\u00f6mb int\u00e9zeti gy\u00f3gyszert\u00e1ri r\u00e9szleg"},"content":{"rendered":"<h4 style=\"text-align: left\"><strong>Egys\u00e9gszint\u0171 M\u0171k\u00f6d\u00e9si Szab\u00e1lyzat: <\/strong><a href=\"https:\/\/semmelweis.hu\/gyogyszertar\/files\/2024\/09\/SE-KKT-MU-EMSZ.pdf\" target=\"_blank\" rel=\"noopener\">SE-KKT-MU-EMSZ<\/a><\/h4>\n<ul style=\"list-style-type: disc\">\n<li><a href=\"https:\/\/semmelweis.hu\/gyogyszertar\/files\/2024\/09\/SE-EGYI-KOR-MU-01-ugyelet.pdf\" target=\"_blank\" rel=\"noopener\">SE-EGYI-KOR-MU-01<\/a> \u00dcgyeleti szolg\u00e1lat<\/li>\n<li><a href=\"https:\/\/semmelweis.hu\/gyogyszertar\/files\/2024\/09\/SE-EGYI-KOR-MU-02-EGYGYSZI-rendeles.pdf\" target=\"_blank\" rel=\"noopener\">SE-EGYI-KOR-MU-02<\/a> Egyetemi Gy\u00f3gyszert\u00e1r Gy\u00f3gyszer\u00fcgyi Szervez\u00e9si Int\u00e9zet r\u00e9szlegeit\u0151l t\u00f6rt\u00e9n\u0151 rendel\u00e9s<\/li>\n<li><a href=\"https:\/\/semmelweis.hu\/gyogyszertar\/files\/2024\/09\/SE-EGYI-KOR-MU-03-atvetelvisszaru.pdf\" target=\"_blank\" rel=\"noopener\">SE-EGYI-KOR-MU-03<\/a> \u00c1tv\u00e9tel, vissz\u00e1r\u00fa<\/li>\n<li><a href=\"https:\/\/semmelweis.hu\/gyogyszertar\/files\/2024\/09\/SE-EGYI-KOR-MU-04-kiadas.pdf\" target=\"_blank\" rel=\"noopener\">SE-EGYI-KOR-MU-04<\/a> Kiad\u00e1s<\/li>\n<li><a href=\"https:\/\/semmelweis.hu\/gyogyszertar\/files\/2024\/09\/SE-EGYI-KOR-MU-05_2024-statim.pdf\" target=\"_blank\" rel=\"noopener\">SE-EGYI-KOR-MU-05<\/a> Statim \u00e9s \u00e9letment\u0151 gy\u00f3gyszerek kiad\u00e1sa<\/li>\n<li><a href=\"https:\/\/semmelweis.hu\/gyogyszertar\/files\/2024\/09\/SE-EGYI-KOR-MU-06-fokozottan-ellenorzott.pdf\" target=\"_blank\" rel=\"noopener\">SE-EGYI-KOR-MU-06<\/a> Fokozottan ellen\u0151rz\u00f6tt szerek kezel\u00e9se<\/li>\n<li><a href=\"https:\/\/semmelweis.hu\/gyogyszertar\/files\/2024\/09\/SE-EGYI-KOR-MU-08.pdf\" target=\"_blank\" rel=\"noopener\">SE-EGYI-KOR-MU-08<\/a> T\u00e9teles elsz\u00e1mol\u00e1s\u00fa gy\u00f3gyszerek rendel\u00e9se, kiad\u00e1sa<\/li>\n<li><a href=\"https:\/\/semmelweis.hu\/gyogyszertar\/files\/2024\/09\/SE-EGYI-KOR-MU-09-tarolas-szallitas.pdf\" target=\"_blank\" rel=\"noopener\">SE-EGYI-KOR-MU-09<\/a> T\u00e1rol\u00e1s, sz\u00e1ll\u00edt\u00e1s<\/li>\n<li><a href=\"https:\/\/semmelweis.hu\/gyogyszertar\/files\/2024\/09\/SE-EGYI-KOR-MU-10-minimumkeszlet.pdf\" target=\"_blank\" rel=\"noopener\">SE-EGYI-KOR-MU-10<\/a> Minimumk\u00e9szlet kialak\u00edt\u00e1sa<\/li>\n<li><a href=\"https:\/\/semmelweis.hu\/gyogyszertar\/files\/2024\/09\/SE-EGYI-KOR-MU-12-forgalombol-kivonas_vegleges.pdf\" target=\"_blank\" rel=\"noopener\">SE-EGYI-KOR-MU-12<\/a> Forgalomb\u00f3l val\u00f3 kivon\u00e1s<\/li>\n<li><a href=\"https:\/\/semmelweis.hu\/gyogyszertar\/files\/2024\/09\/SE-EGYI-KOR-MU-14_adomany.pdf\" target=\"_blank\" rel=\"noopener\">SE-EGYI-KOR-MU-14<\/a> Adom\u00e1ny<\/li>\n<li><a href=\"https:\/\/semmelweis.hu\/gyogyszertar\/files\/2024\/09\/SE-EGYI-KOR-MU-15_EMK.pdf\" target=\"_blank\" rel=\"noopener\">SE-EGYI-KOR-MU-15<\/a> Egyedi m\u00e9lt\u00e1nyoss\u00e1g alapj\u00e1n finansz\u00edrozott gy\u00f3gyszerek kezel\u00e9se<\/li>\n<li><a href=\"https:\/\/semmelweis.hu\/gyogyszertar\/files\/2024\/09\/SE-EGYI-KOR-MU-16_2021-off-label.pdf\" target=\"_blank\" rel=\"noopener\">SE-EGYI-KOR-MU-16<\/a> Indik\u00e1ci\u00f3n t\u00fali gy\u00f3gyszeralkalmaz\u00e1s<\/li>\n<li><a href=\"https:\/\/semmelweis.hu\/gyogyszertar\/files\/2024\/09\/SE-EGYI-KOR-MU-19_mellekhatas.pdf\" target=\"_blank\" rel=\"noopener\">SE-EGYI-KOR-MU-19<\/a> Mell\u00e9khat\u00e1sok bejelent\u00e9s\u00e9nek kezel\u00e9se<\/li>\n<\/ul>\n","protected":false},"excerpt":{"rendered":"<p>Egys\u00e9gszint\u0171 M\u0171k\u00f6d\u00e9si Szab\u00e1lyzat: <a href=\"https:\/\/semmelweis.hu\/gyogyszertar\/files\/2024\/09\/SE-KKT-MU-EMSZ.pdf\" target=\"_blank\" rel=\"noopener\">SE-KKT-MU-EMSZ<\/a> <a href=\"https:\/\/semmelweis.hu\/gyogyszertar\/files\/2024\/09\/SE-EGYI-KOR-MU-01-ugyelet.pdf\" target=\"_blank\" rel=\"noopener\">SE-EGYI-KOR-MU-01<\/a> \u00dcgyeleti szolg\u00e1lat <a href=\"https:\/\/semmelweis.hu\/gyogyszertar\/files\/2024\/09\/SE-EGYI-KOR-MU-02-EGYGYSZI-rendeles.pdf\" target=\"_blank\" rel=\"noopener\">SE-EGYI-KOR-MU-02<\/a> Egyetemi Gy\u00f3gyszert\u00e1r Gy\u00f3gyszer\u00fcgyi Szervez\u00e9si Int\u00e9zet r\u00e9szlegeit\u0151l t\u00f6rt\u00e9n\u0151 rendel\u00e9s <a href=\"https:\/\/semmelweis.hu\/gyogyszertar\/files\/2024\/09\/SE-EGYI-KOR-MU-03-atvetelvisszaru.pdf\" target=\"_blank\" rel=\"noopener\">SE-EGYI-KOR-MU-03<\/a> \u00c1tv\u00e9tel, vissz\u00e1r\u00fa <a href=\"https:\/\/semmelweis.hu\/gyogyszertar\/files\/2024\/09\/SE-EGYI-KOR-MU-04-kiadas.pdf\" target=\"_blank\" rel=\"noopener\">SE-EGYI-KOR-MU-04<\/a> Kiad\u00e1s <a href=\"https:\/\/semmelweis.hu\/gyogyszertar\/files\/2024\/09\/SE-EGYI-KOR-MU-05_2024-statim.pdf\" target=\"_blank\" rel=\"noopener\">SE-EGYI-KOR-MU-05<\/a> Statim \u00e9s \u00e9letment\u0151 gy\u00f3gyszerek kiad\u00e1sa <a href=\"https:\/\/semmelweis.hu\/gyogyszertar\/files\/2024\/09\/SE-EGYI-KOR-MU-06-fokozottan-ellenorzott.pdf\" target=\"_blank\" rel=\"noopener\">SE-EGYI-KOR-MU-06<\/a> Fokozottan ellen\u0151rz\u00f6tt szerek kezel\u00e9se <a href=\"https:\/\/semmelweis.hu\/gyogyszertar\/files\/2024\/09\/SE-EGYI-KOR-MU-08.pdf\" target=\"_blank\" rel=\"noopener\">SE-EGYI-KOR-MU-08<\/a> T\u00e9teles elsz\u00e1mol\u00e1s\u00fa gy\u00f3gyszerek rendel\u00e9se, kiad\u00e1sa <a href=\"https:\/\/semmelweis.hu\/gyogyszertar\/files\/2024\/09\/SE-EGYI-KOR-MU-09-tarolas-szallitas.pdf\" target=\"_blank\" rel=\"noopener\">SE-EGYI-KOR-MU-09<\/a> T\u00e1rol\u00e1s, sz\u00e1ll\u00edt\u00e1s <a href=\"https:\/\/semmelweis.hu\/gyogyszertar\/files\/2024\/09\/SE-EGYI-KOR-MU-10-minimumkeszlet.pdf\" target=\"_blank\" rel=\"noopener\">SE-EGYI-KOR-MU-10<\/a> Minimumk\u00e9szlet kialak\u00edt\u00e1sa <a href=\"https:\/\/semmelweis.hu\/gyogyszertar\/files\/2024\/09\/SE-EGYI-KOR-MU-12-forgalombol-kivonas_vegleges.pdf\" target=\"_blank\" rel=\"noopener\">SE-EGYI-KOR-MU-12<\/a> Forgalomb\u00f3l val\u00f3 kivon\u00e1s <a href=\"https:\/\/semmelweis.hu\/gyogyszertar\/files\/2024\/09\/SE-EGYI-KOR-MU-14_adomany.pdf\" target=\"_blank\" rel=\"noopener\">SE-EGYI-KOR-MU-14<\/a> Adom\u00e1ny <a href=\"https:\/\/semmelweis.hu\/gyogyszertar\/files\/2024\/09\/SE-EGYI-KOR-MU-15_EMK.pdf\" target=\"_blank\" rel=\"noopener\">SE-EGYI-KOR-MU-15<\/a> Egyedi m\u00e9lt\u00e1nyoss\u00e1g alapj\u00e1n finansz\u00edrozott gy\u00f3gyszerek kezel\u00e9se <a href=\"https:\/\/semmelweis.hu\/gyogyszertar\/files\/2024\/09\/SE-EGYI-KOR-MU-16_2021-off-label.pdf\" target=\"_blank\" rel=\"noopener\">SE-EGYI-KOR-MU-16<\/a> Indik\u00e1ci\u00f3n t\u00fali gy\u00f3gyszeralkalmaz\u00e1s <a href=\"https:\/\/semmelweis.hu\/gyogyszertar\/files\/2024\/09\/SE-EGYI-KOR-MU-19_mellekhatas.pdf\" target=\"_blank\" rel=\"noopener\">SE-EGYI-KOR-MU-19<\/a> Mell\u00e9khat\u00e1sok bejelent\u00e9s\u00e9nek &hellip;<\/p>\n","protected":false},"author":357,"featured_media":0,"parent":166,"menu_order":5,"comment_status":"closed","ping_status":"closed","template":"","meta":{"_acf_changed":false,"footnotes":""},"categories":[],"tags":[],"class_list":["post-6108","page","type-page","status-publish","hentry"],"acf":[],"_links":{"self":[{"href":"https:\/\/semmelweis.hu\/gyogyszertar\/wp-json\/wp\/v2\/pages\/6108","targetHints":{"allow":["GET"]}}],"collection":[{"href":"https:\/\/semmelweis.hu\/gyogyszertar\/wp-json\/wp\/v2\/pages"}],"about":[{"href":"https:\/\/semmelweis.hu\/gyogyszertar\/wp-json\/wp\/v2\/types\/page"}],"author":[{"embeddable":true,"href":"https:\/\/semmelweis.hu\/gyogyszertar\/wp-json\/wp\/v2\/users\/357"}],"replies":[{"embeddable":true,"href":"https:\/\/semmelweis.hu\/gyogyszertar\/wp-json\/wp\/v2\/comments?post=6108"}],"version-history":[{"count":11,"href":"https:\/\/semmelweis.hu\/gyogyszertar\/wp-json\/wp\/v2\/pages\/6108\/revisions"}],"predecessor-version":[{"id":10441,"href":"https:\/\/semmelweis.hu\/gyogyszertar\/wp-json\/wp\/v2\/pages\/6108\/revisions\/10441"}],"up":[{"embeddable":true,"href":"https:\/\/semmelweis.hu\/gyogyszertar\/wp-json\/wp\/v2\/pages\/166"}],"wp:attachment":[{"href":"https:\/\/semmelweis.hu\/gyogyszertar\/wp-json\/wp\/v2\/media?parent=6108"}],"wp:term":[{"taxonomy":"category","embeddable":true,"href":"https:\/\/semmelweis.hu\/gyogyszertar\/wp-json\/wp\/v2\/categories?post=6108"},{"taxonomy":"post_tag","embeddable":true,"href":"https:\/\/semmelweis.hu\/gyogyszertar\/wp-json\/wp\/v2\/tags?post=6108"}],"curies":[{"name":"wp","href":"https:\/\/api.w.org\/{rel}","templated":true}]}}