{"id":6106,"date":"2019-05-07T09:57:30","date_gmt":"2019-05-07T07:57:30","guid":{"rendered":"http:\/\/semmelweis.hu\/gyogyszertar\/?page_id=6106"},"modified":"2024-09-16T21:29:53","modified_gmt":"2024-09-16T19:29:53","slug":"koranyi-patika","status":"publish","type":"page","link":"https:\/\/semmelweis.hu\/gyogyszertar\/minosegiranyitasi-rendszer\/koranyi-patika\/","title":{"rendered":"Kor\u00e1nyi Patika"},"content":{"rendered":"<ul>\n<li><a href=\"https:\/\/semmelweis.hu\/gyogyszertar\/files\/2024\/09\/KORANYI-PATIKA_MIR_2024.docx\">Kor\u00e1nyi Patika bels\u0151 min\u0151s\u00e9g\u00fcgyi rendszer<\/a><\/li>\n<li style=\"text-align: left\">I. sz\u00e1m\u00fa mell\u00e9klet: <a href=\"https:\/\/semmelweis.hu\/gyogyszertar\/files\/2024\/09\/1.sz_.-Magisztralis-keszitmenyek-eljarasrend-tervezet.docx\">Magisztr\u00e1lis (egyedi recept\u00fara, Kor\u00e1nyi FoNo, EGYGYSZI FoNo) k\u00e9sz\u00edtm\u00e9nyek kezel\u00e9si elj\u00e1r\u00e1srendje<\/a><\/li>\n<li style=\"text-align: left\">II. sz\u00e1m\u00fa mell\u00e9klet: <a href=\"https:\/\/semmelweis.hu\/gyogyszertar\/files\/2024\/09\/2.sz_.-Panaszkezelesi-eljarasrend_regi.docx\">Panaszkezel\u00e9si elj\u00e1r\u00e1srend<\/a><\/li>\n<li>III. sz\u00e1m\u00fa mell\u00e9klet: <a href=\"https:\/\/semmelweis.hu\/gyogyszertar\/files\/2024\/09\/3.sz_.-Adatvedelmi-szabalyzat.docx\">Adatv\u00e9delmi szab\u00e1lyzat<\/a><\/li>\n<li>III. sz\u00e1m\u00fa mell\u00e9klet: <a href=\"https:\/\/semmelweis.hu\/gyogyszertar\/files\/2024\/09\/3.sz_.-Adatkezelesi-nyilvantartas.xlsx\">Adatkezel\u00e9si nyilv\u00e1ntart\u00e1s<\/a><\/li>\n<li>IV. sz\u00e1m\u00fa mell\u00e9klet: <a href=\"https:\/\/semmelweis.hu\/gyogyszertar\/files\/2024\/09\/4.sz_.-NMVS-riasztaskezeles-eljarasrend-tervezet.docx\">NMVS riaszt\u00e1s kezel\u00e9si elj\u00e1r\u00e1srendje<\/a><\/li>\n<li>V. sz\u00e1m\u00fa mell\u00e9klet: <a href=\"https:\/\/semmelweis.hu\/gyogyszertar\/files\/2024\/09\/5.sz_.-EMK-es-Egyedi-import-kezeles-eljarasrend-tervezet.docx\">Az egyedi import enged\u00e9llyel rendelkez\u0151 \u00e9s\/vagy egyedi m\u00e9lt\u00e1nyoss\u00e1gi enged\u00e9llyel rendelkez\u0151 gy\u00f3gyszerek kezel\u00e9si elj\u00e1r\u00e1srendje<\/a><\/li>\n<\/ul>\n","protected":false},"excerpt":{"rendered":"<p><a href=\"https:\/\/semmelweis.hu\/gyogyszertar\/files\/2024\/09\/KORANYI-PATIKA_MIR_2024.docx\">Kor\u00e1nyi Patika bels\u0151 min\u0151s\u00e9g\u00fcgyi rendszer<\/a><br \/>\nI. sz\u00e1m\u00fa mell\u00e9klet: <a href=\"https:\/\/semmelweis.hu\/gyogyszertar\/files\/2024\/09\/1.sz_.-Magisztralis-keszitmenyek-eljarasrend-tervezet.docx\">Magisztr\u00e1lis (egyedi recept\u00fara, Kor\u00e1nyi FoNo, EGYGYSZI FoNo) k\u00e9sz\u00edtm\u00e9nyek kezel\u00e9si elj\u00e1r\u00e1srendje<\/a><br \/>\nII. sz\u00e1m\u00fa mell\u00e9klet: <a href=\"https:\/\/semmelweis.hu\/gyogyszertar\/files\/2024\/09\/2.sz_.-Panaszkezelesi-eljarasrend_regi.docx\">Panaszkezel\u00e9si elj\u00e1r\u00e1srend<\/a><br \/>\nIII. sz\u00e1m\u00fa mell\u00e9klet: <a href=\"https:\/\/semmelweis.hu\/gyogyszertar\/files\/2024\/09\/3.sz_.-Adatvedelmi-szabalyzat.docx\">Adatv\u00e9delmi szab\u00e1lyzat<\/a><br \/>\nIII. sz\u00e1m\u00fa mell\u00e9klet: <a href=\"https:\/\/semmelweis.hu\/gyogyszertar\/files\/2024\/09\/3.sz_.-Adatkezelesi-nyilvantartas.xlsx\">Adatkezel\u00e9si nyilv\u00e1ntart\u00e1s<\/a><br \/>\nIV. sz\u00e1m\u00fa mell\u00e9klet: <a href=\"https:\/\/semmelweis.hu\/gyogyszertar\/files\/2024\/09\/4.sz_.-NMVS-riasztaskezeles-eljarasrend-tervezet.docx\">NMVS riaszt\u00e1s kezel\u00e9si elj\u00e1r\u00e1srendje<\/a><br \/>\nV. sz\u00e1m\u00fa mell\u00e9klet: <a href=\"https:\/\/semmelweis.hu\/gyogyszertar\/files\/2024\/09\/5.sz_.-EMK-es-Egyedi-import-kezeles-eljarasrend-tervezet.docx\">Az egyedi import enged\u00e9llyel rendelkez\u0151 \u00e9s\/vagy egyedi m\u00e9lt\u00e1nyoss\u00e1gi enged\u00e9llyel rendelkez\u0151 gy\u00f3gyszerek kezel\u00e9si elj\u00e1r\u00e1srendje<\/a><\/p>\n","protected":false},"author":357,"featured_media":0,"parent":166,"menu_order":6,"comment_status":"closed","ping_status":"closed","template":"","meta":{"_acf_changed":false,"footnotes":""},"categories":[],"tags":[],"class_list":["post-6106","page","type-page","status-publish","hentry"],"acf":[],"_links":{"self":[{"href":"https:\/\/semmelweis.hu\/gyogyszertar\/wp-json\/wp\/v2\/pages\/6106","targetHints":{"allow":["GET"]}}],"collection":[{"href":"https:\/\/semmelweis.hu\/gyogyszertar\/wp-json\/wp\/v2\/pages"}],"about":[{"href":"https:\/\/semmelweis.hu\/gyogyszertar\/wp-json\/wp\/v2\/types\/page"}],"author":[{"embeddable":true,"href":"https:\/\/semmelweis.hu\/gyogyszertar\/wp-json\/wp\/v2\/users\/357"}],"replies":[{"embeddable":true,"href":"https:\/\/semmelweis.hu\/gyogyszertar\/wp-json\/wp\/v2\/comments?post=6106"}],"version-history":[{"count":10,"href":"https:\/\/semmelweis.hu\/gyogyszertar\/wp-json\/wp\/v2\/pages\/6106\/revisions"}],"predecessor-version":[{"id":10450,"href":"https:\/\/semmelweis.hu\/gyogyszertar\/wp-json\/wp\/v2\/pages\/6106\/revisions\/10450"}],"up":[{"embeddable":true,"href":"https:\/\/semmelweis.hu\/gyogyszertar\/wp-json\/wp\/v2\/pages\/166"}],"wp:attachment":[{"href":"https:\/\/semmelweis.hu\/gyogyszertar\/wp-json\/wp\/v2\/media?parent=6106"}],"wp:term":[{"taxonomy":"category","embeddable":true,"href":"https:\/\/semmelweis.hu\/gyogyszertar\/wp-json\/wp\/v2\/categories?post=6106"},{"taxonomy":"post_tag","embeddable":true,"href":"https:\/\/semmelweis.hu\/gyogyszertar\/wp-json\/wp\/v2\/tags?post=6106"}],"curies":[{"name":"wp","href":"https:\/\/api.w.org\/{rel}","templated":true}]}}