{"id":608,"date":"2014-03-12T10:52:13","date_gmt":"2014-03-12T09:52:13","guid":{"rendered":"http:\/\/semmelweis.hu\/gyogyszertar\/?page_id=608"},"modified":"2021-05-12T14:51:41","modified_gmt":"2021-05-12T12:51:41","slug":"egyedi_meltanyossag","status":"publish","type":"page","link":"https:\/\/semmelweis.hu\/gyogyszertar\/gyogyszerellatas-index\/szabalyzatok-eljarasrendek\/egyedi_meltanyossag\/","title":{"rendered":"Orphan &#8211; Egyedi m\u00e9lt\u00e1nyoss\u00e1g"},"content":{"rendered":"<ul>\n<li style=\"text-align: left;\"><a href=\"https:\/\/semmelweis.hu\/gyogyszertar\/files\/2016\/05\/KKE-13_2016.-sz.-Hatarozat_egyedi_orphan-elj\u00e1s\u00e1rend.pdf\" target=\"_blank\" rel=\"noopener noreferrer\">A Semmelweis Egyetem elj\u00e1r\u00e1srendje a ritka betegs\u00e9gek (orphan) gy\u00f3gyszereinek, illetve az egyedi m\u00e9lt\u00e1nyoss\u00e1g \u00fatj\u00e1n t\u00e1mogatott gy\u00f3gyszerek kezel\u00e9s\u00e9re vonatkoz\u00f3an<\/a><\/li>\n<li style=\"text-align: left;\"><a href=\"http:\/\/www.oep.hu\/felso_menu\/lakossagnak\/ellatas_magyarorszagon\/egeszsegugyi_ellatasok\/Spec_ellatas\/meltanyossag.html\" target=\"_blank\" rel=\"noopener noreferrer\">Egyedi m\u00e9lt\u00e1nyoss\u00e1g &#8211; OEP<\/a><\/li>\n<\/ul>\n","protected":false},"excerpt":{"rendered":"<p><a href=\"https:\/\/semmelweis.hu\/gyogyszertar\/files\/2016\/05\/KKE-13_2016.-sz.-Hatarozat_egyedi_orphan-elj\u00e1s\u00e1rend.pdf\" target=\"_blank\" rel=\"noopener noreferrer\">A Semmelweis Egyetem elj\u00e1r\u00e1srendje a ritka betegs\u00e9gek (orphan) gy\u00f3gyszereinek, illetve az egyedi m\u00e9lt\u00e1nyoss\u00e1g \u00fatj\u00e1n t\u00e1mogatott gy\u00f3gyszerek kezel\u00e9s\u00e9re vonatkoz\u00f3an<\/a><br \/>\n<a href=\"http:\/\/www.oep.hu\/felso_menu\/lakossagnak\/ellatas_magyarorszagon\/egeszsegugyi_ellatasok\/Spec_ellatas\/meltanyossag.html\" target=\"_blank\" rel=\"noopener noreferrer\">Egyedi m\u00e9lt\u00e1nyoss\u00e1g &#8211; OEP<\/a><\/p>\n","protected":false},"author":317,"featured_media":0,"parent":2232,"menu_order":0,"comment_status":"closed","ping_status":"closed","template":"","meta":{"_acf_changed":false,"footnotes":""},"categories":[],"tags":[],"class_list":["post-608","page","type-page","status-publish","hentry"],"acf":[],"_links":{"self":[{"href":"https:\/\/semmelweis.hu\/gyogyszertar\/wp-json\/wp\/v2\/pages\/608","targetHints":{"allow":["GET"]}}],"collection":[{"href":"https:\/\/semmelweis.hu\/gyogyszertar\/wp-json\/wp\/v2\/pages"}],"about":[{"href":"https:\/\/semmelweis.hu\/gyogyszertar\/wp-json\/wp\/v2\/types\/page"}],"author":[{"embeddable":true,"href":"https:\/\/semmelweis.hu\/gyogyszertar\/wp-json\/wp\/v2\/users\/317"}],"replies":[{"embeddable":true,"href":"https:\/\/semmelweis.hu\/gyogyszertar\/wp-json\/wp\/v2\/comments?post=608"}],"version-history":[{"count":11,"href":"https:\/\/semmelweis.hu\/gyogyszertar\/wp-json\/wp\/v2\/pages\/608\/revisions"}],"predecessor-version":[{"id":8333,"href":"https:\/\/semmelweis.hu\/gyogyszertar\/wp-json\/wp\/v2\/pages\/608\/revisions\/8333"}],"up":[{"embeddable":true,"href":"https:\/\/semmelweis.hu\/gyogyszertar\/wp-json\/wp\/v2\/pages\/2232"}],"wp:attachment":[{"href":"https:\/\/semmelweis.hu\/gyogyszertar\/wp-json\/wp\/v2\/media?parent=608"}],"wp:term":[{"taxonomy":"category","embeddable":true,"href":"https:\/\/semmelweis.hu\/gyogyszertar\/wp-json\/wp\/v2\/categories?post=608"},{"taxonomy":"post_tag","embeddable":true,"href":"https:\/\/semmelweis.hu\/gyogyszertar\/wp-json\/wp\/v2\/tags?post=608"}],"curies":[{"name":"wp","href":"https:\/\/api.w.org\/{rel}","templated":true}]}}