{"id":6,"date":"2012-06-11T13:59:36","date_gmt":"2012-06-11T13:59:36","guid":{"rendered":"http:\/\/semmelweis-egyetem.hu\/gyogyszertar\/?page_id=6"},"modified":"2021-08-06T14:53:42","modified_gmt":"2021-08-06T12:53:42","slug":"oktatas","status":"publish","type":"page","link":"https:\/\/semmelweis.hu\/gyogyszertar\/oktatas\/","title":{"rendered":"Int\u00e9zet\u00fcnk oktat\u00e1si tev\u00e9kenys\u00e9ge"},"content":{"rendered":"<h4>Az oktat\u00e1s f\u00f3kusza<\/h4>\n<p style=\"text-align: left;\">A gradu\u00e1lis, posztgradu\u00e1lis \u00e9s idegen nyelv\u0171 oktat\u00e1si ter\u00fcleteink fel\u00f6lelik a tudom\u00e1nyt\u00f6rt\u00e9neti-propedeutikai, matematikai-statisztikai, informatikai, alkalmazott gy\u00f3gyszertani, gy\u00f3gyszer\u00fcgyi menedzsment, farmako\u00f6kon\u00f3miai ter\u00fcleteket, ez\u00e1ltal jelen\u00edtve meg egy gyakorlati tev\u00e9kenys\u00e9get is folytat\u00f3 oktat\u00e1si m\u0171helyben a gy\u00f3gyszer\u00e9szet interdiszciplinarit\u00e1s\u00e1ra utal\u00f3 ter\u00fcletek egy jelent\u0151s szelet\u00e9t.<\/p>\n<p style=\"text-align: left;\">Oktat\u00e1si tev\u00e9kenys\u00e9g\u00fcnk f\u00f3kusz\u00e1ban a gy\u00f3gyszer\u00e9szet k\u00fcl\u00f6nb\u00f6z\u0151 ir\u00e1nyainak megismertet\u00e9se \u00e1ll, azaz a gy\u00f3gyszer\u00e9szi feladatk\u00f6r\u00f6k, valamint a szakmai k\u00e9szs\u00e9gek kompetencia alap\u00fa oktat\u00e1sa a k\u00f6zvetlen lakoss\u00e1gi gy\u00f3gyszerell\u00e1t\u00e1s, a k\u00f3rh\u00e1zi-klinikai gy\u00f3gyszer\u00e9szet, valamint az ipari gy\u00f3gyszer\u00e9szet ter\u00fcletein. \u00c1llamigazgat\u00e1si, jogi, k\u00f6zgazdas\u00e1gtani \u00e9s vezet\u0151i alapismereteket oktatunk, amellyel a diplomaszerz\u00e9st k\u00f6vet\u0151 gy\u00f3gyszer\u00e9szi munkak\u00f6r\u00f6k teljes \u00e9rt\u00e9k\u0171 bet\u00f6lt\u00e9s\u00e9t megalapozzuk. T\u00e1mogat\u00e1st ny\u00fajtunk az eg\u00e9szs\u00e9g\u00fcgyi, gy\u00f3gyszerell\u00e1t\u00e1si rendszerek megismer\u00e9s\u00e9hez, az alapvet\u0151 gy\u00f3gyszer\u00e9szi menedzsment k\u00e9szs\u00e9gek megszerz\u00e9s\u00e9hez.<\/p>\n<p style=\"text-align: left;\">Alkalmazott gy\u00f3gyszertani oktat\u00e1sunk sor\u00e1n szintetiz\u00e1ljuk a gy\u00f3gyszer\u00e9szi gondoz\u00e1si \u00e9s klinikai gy\u00f3gyszer\u00e9szi tev\u00e9kenys\u00e9ghez sz\u00fcks\u00e9ges ismeretanyagokat.<\/p>\n<p style=\"text-align: left;\">Megismertetj\u00fck a hallgat\u00f3kat a farmakol\u00f3gia \u00e9s a gy\u00f3gyszer\u00e9szeti alapelvek gyakorlati alkalmaz\u00e1s\u00e1val, a k\u00f6zvetlen lakoss\u00e1gi \u00e9s k\u00f3rh\u00e1zi gy\u00f3gyszerell\u00e1t\u00e1sban a mindennapi gy\u00f3gyszer\u00e9szi gondoz\u00e1si tev\u00e9kenys\u00e9g \u00e9s a klinikai gy\u00f3gyszer\u00e9szi szolg\u00e1lat kapcs\u00e1n.<\/p>\n<p style=\"text-align: left;\">Szintetiz\u00e1ljuk mindazon ismereteket, amelyek a biztons\u00e1gos \u00e9s eredm\u00e9nyes gy\u00f3gyszeralkalmaz\u00e1st el\u0151seg\u00edtik, a gy\u00f3gyszeralkalmaz\u00e1st racionaliz\u00e1lj\u00e1k, tov\u00e1bb\u00e1 a n\u00e9peg\u00e9szs\u00e9g\u00fcgyi cselekv\u00e9si k\u00e9pess\u00e9get kialak\u00edtj\u00e1k. Az orvosokkal, eg\u00e9szs\u00e9g\u00fcgyi szakemberekkel, valamint a betegekkel val\u00f3 hat\u00e9kony egy\u00fcttm\u0171k\u00f6d\u00e9s kialak\u00edt\u00e1s\u00e1hoz sz\u00fcks\u00e9ges alapvet\u0151 szakmai \u00e9s kommunik\u00e1ci\u00f3s ismereteket is biztos\u00edtjuk.<\/p>\n<p style=\"text-align: left;\">A k\u00f6zvetlen lakoss\u00e1gi \u00e9s k\u00f3rh\u00e1zi gy\u00f3gyszerell\u00e1t\u00e1sban el\u0151fordul\u00f3 gyakorlati p\u00e9ld\u00e1kon kereszt\u00fcl fejlesztj\u00fck a gy\u00f3gyszer\u00e9szi gondoz\u00e1si, klinikai gy\u00f3gyszer\u00e9szeti alapvet\u0151 ismereteket. Az alapszint\u0171 gy\u00f3gyszer\u00e9szi gondoz\u00e1s szakmai ir\u00e1nyelv\u00e9hez kapcsol\u00f3d\u00f3 ismeretek \u00e9s k\u00e9szs\u00e9gek kialak\u00edt\u00e1s\u00e1t el\u0151seg\u00edtj\u00fck, valamint a gy\u00f3gyszerel\u00e9si probl\u00e9m\u00e1k megel\u0151z\u00e9s\u00e9hez, felm\u00e9r\u00e9s\u00e9hez, megold\u00e1s\u00e1hoz \u00e9s \u00e9rt\u00e9kel\u00e9s\u00e9hez ny\u00fajtunk m\u00f3dszertani h\u00e1tteret.<\/p>\n","protected":false},"excerpt":{"rendered":"<p>Az oktat\u00e1s f\u00f3kusza A gradu\u00e1lis, posztgradu\u00e1lis \u00e9s idegen nyelv\u0171 oktat\u00e1si ter\u00fcleteink fel\u00f6lelik a tudom\u00e1nyt\u00f6rt\u00e9neti-propedeutikai, matematikai-statisztikai, informatikai, alkalmazott gy\u00f3gyszertani, gy\u00f3gyszer\u00fcgyi menedzsment, farmako\u00f6kon\u00f3miai ter\u00fcleteket, ez\u00e1ltal jelen\u00edtve meg egy gyakorlati tev\u00e9kenys\u00e9get is folytat\u00f3 oktat\u00e1si m\u0171helyben a gy\u00f3gyszer\u00e9szet interdiszciplinarit\u00e1s\u00e1ra utal\u00f3 ter\u00fcletek egy jelent\u0151s szelet\u00e9t. Oktat\u00e1si tev\u00e9kenys\u00e9g\u00fcnk f\u00f3kusz\u00e1ban a gy\u00f3gyszer\u00e9szet k\u00fcl\u00f6nb\u00f6z\u0151 ir\u00e1nyainak megismertet\u00e9se \u00e1ll, azaz a gy\u00f3gyszer\u00e9szi feladatk\u00f6r\u00f6k, valamint a &hellip;<\/p>\n","protected":false},"author":113,"featured_media":0,"parent":0,"menu_order":3,"comment_status":"closed","ping_status":"closed","template":"","meta":{"_acf_changed":false,"footnotes":""},"categories":[],"tags":[],"class_list":["post-6","page","type-page","status-publish","hentry"],"acf":[],"_links":{"self":[{"href":"https:\/\/semmelweis.hu\/gyogyszertar\/wp-json\/wp\/v2\/pages\/6","targetHints":{"allow":["GET"]}}],"collection":[{"href":"https:\/\/semmelweis.hu\/gyogyszertar\/wp-json\/wp\/v2\/pages"}],"about":[{"href":"https:\/\/semmelweis.hu\/gyogyszertar\/wp-json\/wp\/v2\/types\/page"}],"author":[{"embeddable":true,"href":"https:\/\/semmelweis.hu\/gyogyszertar\/wp-json\/wp\/v2\/users\/113"}],"replies":[{"embeddable":true,"href":"https:\/\/semmelweis.hu\/gyogyszertar\/wp-json\/wp\/v2\/comments?post=6"}],"version-history":[{"count":11,"href":"https:\/\/semmelweis.hu\/gyogyszertar\/wp-json\/wp\/v2\/pages\/6\/revisions"}],"predecessor-version":[{"id":8751,"href":"https:\/\/semmelweis.hu\/gyogyszertar\/wp-json\/wp\/v2\/pages\/6\/revisions\/8751"}],"wp:attachment":[{"href":"https:\/\/semmelweis.hu\/gyogyszertar\/wp-json\/wp\/v2\/media?parent=6"}],"wp:term":[{"taxonomy":"category","embeddable":true,"href":"https:\/\/semmelweis.hu\/gyogyszertar\/wp-json\/wp\/v2\/categories?post=6"},{"taxonomy":"post_tag","embeddable":true,"href":"https:\/\/semmelweis.hu\/gyogyszertar\/wp-json\/wp\/v2\/tags?post=6"}],"curies":[{"name":"wp","href":"https:\/\/api.w.org\/{rel}","templated":true}]}}