{"id":554,"date":"2014-02-28T14:22:56","date_gmt":"2014-02-28T13:22:56","guid":{"rendered":"http:\/\/semmelweis.hu\/gyogyszertar\/?page_id=554"},"modified":"2026-04-09T10:23:39","modified_gmt":"2026-04-09T08:23:39","slug":"tender","status":"publish","type":"page","link":"https:\/\/semmelweis.hu\/gyogyszertar\/gyogyszerellatas-index\/tender\/","title":{"rendered":"Aktu\u00e1lis tenderek"},"content":{"rendered":"<ul style=\"list-style-type: disc\">\n<li><a href=\"https:\/\/semmelweis.hu\/gyogyszertar\/files\/2026\/02\/Alapanyag-tender.xlsx\">Alapanyag tender<\/a> [Friss\u00edtve: 2026.02.10.]<\/li>\n<li><a href=\"https:\/\/semmelweis.hu\/gyogyszertar\/files\/2025\/10\/Egyedi-import-tender.xlsx\">Egyedi import tender<\/a> [Friss\u00edtve: 2025.10.18.]<\/li>\n<li style=\"text-align: left\"><a href=\"https:\/\/semmelweis.hu\/gyogyszertar\/files\/2026\/04\/Fertotlenito-tender.xlsx\" target=\"_blank\" rel=\"noopener\">Fert\u0151tlen\u00edt\u0151 tender<\/a> [Friss\u00edtve: 2026.04.09.]<\/li>\n<li><a href=\"https:\/\/semmelweis.hu\/gyogyszertar\/files\/2026\/02\/Gyogyszer-tender.xlsx\">Gy\u00f3gyszer tender<\/a> [Friss\u00edtve: 2026.02.10.]<\/li>\n<li><a href=\"https:\/\/semmelweis.hu\/gyogyszertar\/files\/2026\/02\/Kotszer-tender.xlsx\">K\u00f6tszer tender<\/a> [Friss\u00edtve: 2026.02.10.]<\/li>\n<li style=\"text-align: left\"><a href=\"https:\/\/www.kozbeszerzes.gov.hu\/\" target=\"_blank\" rel=\"noopener\">Orsz\u00e1gos tenderek(KEF)<\/a><\/li>\n<li><a href=\"https:\/\/semmelweis.hu\/gyogyszertar\/files\/2024\/09\/Tendertol-valo-elteresi-kerelem.docx\">Tendert\u0151l val\u00f3 elt\u00e9r\u00e9si k\u00e9relem<\/a><\/li>\n<\/ul>\n","protected":false},"excerpt":{"rendered":"<p><a href=\"https:\/\/semmelweis.hu\/gyogyszertar\/files\/2026\/02\/Alapanyag-tender.xlsx\">Alapanyag tender<\/a> [Friss\u00edtve: 2026.02.10.]<br \/>\n<a href=\"https:\/\/semmelweis.hu\/gyogyszertar\/files\/2025\/10\/Egyedi-import-tender.xlsx\">Egyedi import tender<\/a> [Friss\u00edtve: 2025.10.18.]<br \/>\n<a href=\"https:\/\/semmelweis.hu\/gyogyszertar\/files\/2026\/04\/Fertotlenito-tender.xlsx\" target=\"_blank\" rel=\"noopener\">Fert\u0151tlen\u00edt\u0151 tender<\/a> [Friss\u00edtve: 2026.04.09.]<br \/>\n<a href=\"https:\/\/semmelweis.hu\/gyogyszertar\/files\/2026\/02\/Gyogyszer-tender.xlsx\">Gy\u00f3gyszer tender<\/a> [Friss\u00edtve: 2026.02.10.]<br \/>\n<a href=\"https:\/\/semmelweis.hu\/gyogyszertar\/files\/2026\/02\/Kotszer-tender.xlsx\">K\u00f6tszer tender<\/a> [Friss\u00edtve: 2026.02.10.]<br \/>\n<a href=\"https:\/\/www.kozbeszerzes.gov.hu\/\" target=\"_blank\" rel=\"noopener\">Orsz\u00e1gos tenderek(KEF)<\/a><br \/>\n<a href=\"https:\/\/semmelweis.hu\/gyogyszertar\/files\/2024\/09\/Tendertol-valo-elteresi-kerelem.docx\">Tendert\u0151l val\u00f3 elt\u00e9r\u00e9si k\u00e9relem<\/a><\/p>\n","protected":false},"author":317,"featured_media":0,"parent":7,"menu_order":3,"comment_status":"closed","ping_status":"closed","template":"","meta":{"_acf_changed":false,"footnotes":""},"categories":[],"tags":[],"class_list":["post-554","page","type-page","status-publish","hentry"],"acf":[],"_links":{"self":[{"href":"https:\/\/semmelweis.hu\/gyogyszertar\/wp-json\/wp\/v2\/pages\/554","targetHints":{"allow":["GET"]}}],"collection":[{"href":"https:\/\/semmelweis.hu\/gyogyszertar\/wp-json\/wp\/v2\/pages"}],"about":[{"href":"https:\/\/semmelweis.hu\/gyogyszertar\/wp-json\/wp\/v2\/types\/page"}],"author":[{"embeddable":true,"href":"https:\/\/semmelweis.hu\/gyogyszertar\/wp-json\/wp\/v2\/users\/317"}],"replies":[{"embeddable":true,"href":"https:\/\/semmelweis.hu\/gyogyszertar\/wp-json\/wp\/v2\/comments?post=554"}],"version-history":[{"count":11,"href":"https:\/\/semmelweis.hu\/gyogyszertar\/wp-json\/wp\/v2\/pages\/554\/revisions"}],"predecessor-version":[{"id":11338,"href":"https:\/\/semmelweis.hu\/gyogyszertar\/wp-json\/wp\/v2\/pages\/554\/revisions\/11338"}],"up":[{"embeddable":true,"href":"https:\/\/semmelweis.hu\/gyogyszertar\/wp-json\/wp\/v2\/pages\/7"}],"wp:attachment":[{"href":"https:\/\/semmelweis.hu\/gyogyszertar\/wp-json\/wp\/v2\/media?parent=554"}],"wp:term":[{"taxonomy":"category","embeddable":true,"href":"https:\/\/semmelweis.hu\/gyogyszertar\/wp-json\/wp\/v2\/categories?post=554"},{"taxonomy":"post_tag","embeddable":true,"href":"https:\/\/semmelweis.hu\/gyogyszertar\/wp-json\/wp\/v2\/tags?post=554"}],"curies":[{"name":"wp","href":"https:\/\/api.w.org\/{rel}","templated":true}]}}