{"id":5226,"date":"2018-07-31T13:27:56","date_gmt":"2018-07-31T11:27:56","guid":{"rendered":"http:\/\/semmelweis.hu\/gyogyszertar\/?page_id=5226"},"modified":"2025-09-10T13:50:57","modified_gmt":"2025-09-10T11:50:57","slug":"klinikai-gyogyszereszet-gyakorlat","status":"publish","type":"page","link":"https:\/\/semmelweis.hu\/gyogyszertar\/oktatas\/gradualis-kepzes\/klinikai-gyogyszereszet-gyakorlat\/","title":{"rendered":"Klinikai gy\u00f3gyszer\u00e9szet"},"content":{"rendered":"<div class=\"responsive-tabs\">\n<h2 class=\"tabtitle\">Ismertet\u0151<\/h2>\n<div class=\"tabcontent\">\n\n<p>A tant\u00e1rgy c\u00e9lkit\u0171z\u00e9se a klinikai gy\u00f3gyszer\u00e9szi feladatok \u00e1ltal\u00e1nos bemutat\u00e1sa, inform\u00e1ci\u00f3 forr\u00e1sok \u00e9s a munkarend megismer\u00e9se. A tematika szerinti k\u00fcl\u00f6nb\u00f6z\u0151 betegs\u00e9gcsoportok szakmai \u00e1ttekint\u00e9se elm\u00e9leti el\u0151ad\u00e1sok form\u00e1j\u00e1ban, majd konkr\u00e9t betegeken kereszt\u00fcl, beteg\u00e1gy mellett, oszt\u00e1lyos k\u00f6rnyezetben val\u00f3 megbesz\u00e9l\u00e9se a gyakorlatokon. A betegekkel val\u00f3 kommunik\u00e1ci\u00f3s technik\u00e1k elsaj\u00e1t\u00edt\u00e1sa a gyakorlatban, beteginterj\u00fa \u00e9s a gy\u00f3gyszeres anamn\u00e9zis felv\u00e9tele sor\u00e1n.<\/p>\n\n<\/div><h2 class=\"tabtitle\">Tant\u00e1rgyi Adatlap<\/h2>\n<div class=\"tabcontent\">\n\n<p><a href=\"https:\/\/semmelweis.hu\/gyogyszertar\/files\/2025\/09\/Klinikai-gyogyszereszet-2025.pdf\" target=\"_blank\" rel=\"noopener\">2025\/26. Tan\u00e9v<\/a> [Friss\u00edtve: 2025.09.10.]<\/p>\n<\/div><\/div>\n","protected":false},"excerpt":{"rendered":"<p>A tant\u00e1rgy c\u00e9lkit\u0171z\u00e9se a klinikai gy\u00f3gyszer\u00e9szi feladatok \u00e1ltal\u00e1nos bemutat\u00e1sa, inform\u00e1ci\u00f3 forr\u00e1sok \u00e9s a munkarend megismer\u00e9se. A tematika szerinti k\u00fcl\u00f6nb\u00f6z\u0151 betegs\u00e9gcsoportok szakmai \u00e1ttekint\u00e9se elm\u00e9leti el\u0151ad\u00e1sok form\u00e1j\u00e1ban, majd konkr\u00e9t betegeken kereszt\u00fcl, beteg\u00e1gy mellett, oszt\u00e1lyos k\u00f6rnyezetben val\u00f3 megbesz\u00e9l\u00e9se a gyakorlatokon. A betegekkel val\u00f3 kommunik\u00e1ci\u00f3s technik\u00e1k elsaj\u00e1t\u00edt\u00e1sa a gyakorlatban, beteginterj\u00fa \u00e9s a gy\u00f3gyszeres anamn\u00e9zis felv\u00e9tele sor\u00e1n.<\/p>\n<p><a href=\"https:\/\/semmelweis.hu\/gyogyszertar\/files\/2025\/09\/Klinikai-gyogyszereszet-2025.pdf\" target=\"_blank\" rel=\"noopener\">2025\/26. Tan\u00e9v<\/a> [Friss\u00edtve: 2025.09.10.]<\/p>\n","protected":false},"author":357,"featured_media":0,"parent":90,"menu_order":6,"comment_status":"closed","ping_status":"closed","template":"","meta":{"_acf_changed":false,"footnotes":""},"categories":[],"tags":[],"class_list":["post-5226","page","type-page","status-publish","hentry"],"acf":[],"_links":{"self":[{"href":"https:\/\/semmelweis.hu\/gyogyszertar\/wp-json\/wp\/v2\/pages\/5226","targetHints":{"allow":["GET"]}}],"collection":[{"href":"https:\/\/semmelweis.hu\/gyogyszertar\/wp-json\/wp\/v2\/pages"}],"about":[{"href":"https:\/\/semmelweis.hu\/gyogyszertar\/wp-json\/wp\/v2\/types\/page"}],"author":[{"embeddable":true,"href":"https:\/\/semmelweis.hu\/gyogyszertar\/wp-json\/wp\/v2\/users\/357"}],"replies":[{"embeddable":true,"href":"https:\/\/semmelweis.hu\/gyogyszertar\/wp-json\/wp\/v2\/comments?post=5226"}],"version-history":[{"count":10,"href":"https:\/\/semmelweis.hu\/gyogyszertar\/wp-json\/wp\/v2\/pages\/5226\/revisions"}],"predecessor-version":[{"id":11111,"href":"https:\/\/semmelweis.hu\/gyogyszertar\/wp-json\/wp\/v2\/pages\/5226\/revisions\/11111"}],"up":[{"embeddable":true,"href":"https:\/\/semmelweis.hu\/gyogyszertar\/wp-json\/wp\/v2\/pages\/90"}],"wp:attachment":[{"href":"https:\/\/semmelweis.hu\/gyogyszertar\/wp-json\/wp\/v2\/media?parent=5226"}],"wp:term":[{"taxonomy":"category","embeddable":true,"href":"https:\/\/semmelweis.hu\/gyogyszertar\/wp-json\/wp\/v2\/categories?post=5226"},{"taxonomy":"post_tag","embeddable":true,"href":"https:\/\/semmelweis.hu\/gyogyszertar\/wp-json\/wp\/v2\/tags?post=5226"}],"curies":[{"name":"wp","href":"https:\/\/api.w.org\/{rel}","templated":true}]}}