{"id":5,"date":"2012-06-11T13:59:02","date_gmt":"2012-06-11T13:59:02","guid":{"rendered":"http:\/\/semmelweis-egyetem.hu\/gyogyszertar\/?page_id=5"},"modified":"2025-05-20T07:57:30","modified_gmt":"2025-05-20T05:57:30","slug":"rolunk","status":"publish","type":"page","link":"https:\/\/semmelweis.hu\/gyogyszertar\/rolunk\/","title":{"rendered":"Az Int\u00e9zetr\u0151l"},"content":{"rendered":"<p>Az Egyetemi Gy\u00f3gyszert\u00e1r Gy\u00f3gyszer\u00fcgyi Szervez\u00e9si Int\u00e9zet tev\u00e9kenys\u00e9g\u00e9nek ismertet\u00e9se!<\/p>\n<p>Az Egyetemi Gy\u00f3gyszert\u00e1r 1907-ben az orvoskar int\u00e9zm\u00e9nyek\u00e9nt alakult meg, de ez az els\u0151 kifejezetten gy\u00f3gyszer\u00e9szi c\u00e9lokra szolg\u00e1l\u00f3 int\u00e9zm\u00e9ny. Fel\u00e1ll\u00edt\u00e1s\u00e1nak c\u00e9lja az volt, hogy a gy\u00f3gyszert\u00e1rnak a betegell\u00e1t\u00e1son k\u00edv\u00fcl fontos szerepe legyen a gy\u00f3gyszer\u00e9szk\u00e9pz\u00e9sben, a gyakornokok itt nyerjenek kik\u00e9pz\u00e9st, valamint a gy\u00f3gyszer\u00e9szhallgat\u00f3k a gy\u00f3gyszerek vizsg\u00e1lat\u00e1nak \u00e9s k\u00e9sz\u00edt\u00e9s\u00e9nek m\u00f3dj\u00e1t, \u00e9s azok elsaj\u00e1t\u00edt\u00e1s\u00e1t is itt tanulj\u00e1k meg. A Budapesti Orvostudom\u00e1nyi Egyetem 1950-beli megalakul\u00e1sa ut\u00e1n r\u00f6videsen sor ker\u00fclt az Egyetemi Gy\u00f3gyszert\u00e1r m\u0171k\u00f6d\u00e9s\u00e9nek fel\u00fclvizsg\u00e1lat\u00e1ra, \u00e9s feladatainak kijel\u00f6l\u00e9s\u00e9re is. Ennek megfelel\u0151en a feladatok ell\u00e1t\u00e1sa h\u00e1rmas tagolts\u00e1got mutat: gy\u00f3gyszerell\u00e1t\u00e1s, oktat\u00e1s \u00e9s tudom\u00e1nyos tev\u00e9kenys\u00e9g, mely mind a mai napig megmaradt.<\/p>\n<p>\u00cdgy jelenleg az Int\u00e9zet a Gy\u00f3gyszer\u00e9sztudom\u00e1nyi Kar egyetlen, az Egyetem h\u00e1rmas tev\u00e9kenys\u00e9g\u00e9t (oktat\u00e1s, kutat\u00e1s-innov\u00e1ci\u00f3, betegell\u00e1t\u00e1s) v\u00e9gz\u0151 szervezeti egys\u00e9ge. Feladata a klinik\u00e1k gy\u00f3gyszerell\u00e1t\u00e1s\u00e1nak biztos\u00edt\u00e1sa, valamint a Gy\u00f3gyszer\u00e9sztudom\u00e1nyi Kar \u00f6n\u00e1ll\u00f3 int\u00e9zetek\u00e9nt oktat\u00e1si \u00e9s kutat\u00e1si tev\u00e9kenys\u00e9g v\u00e9gz\u00e9se.<\/p>\n<p><a href=\"https:\/\/semmelweis.hu\/gyogyszertar\/files\/2025\/05\/Igazgatoi-beszamolo-es-vezetoi-tervek-2025.pdf\" target=\"_blank\" rel=\"noopener\">Igazgat\u00f3i besz\u00e1mol\u00f3 \u00e9s vezet\u0151i tervek 2025<\/a><\/p>\n<div class=\"responsive-tabs\">\n<h2 class=\"tabtitle\"><strong>AZ INT\u00c9ZET OKTAT\u00c1S SZAKMAI PROFILJA<\/strong><\/h2>\n<div class=\"tabcontent\">\n\n<p><strong>AZ INT\u00c9ZET OKTAT\u00c1S SZAKMAI PROFILJA<\/strong><\/p>\n<p>Oktat\u00e1si tev\u00e9kenys\u00e9g<\/p>\n<p><span style=\"text-decoration: underline\">Gradu\u00e1lis (magyar, angol \u00e9s n\u00e9met nyelven)<\/span>:<\/p>\n<p>K\u00f6telez\u0151 t\u00e1rgyak:\u00a0 \u00a0<\/p>\n<ul>\n<li>gy\u00f3gyszer\u00e9szet- \u00e9s egyetemt\u00f6rt\u00e9net\u00a0 (I. \u00e9vf. gy\u00f3gyszer\u00e9szhallgat\u00f3k)<\/li>\n<li>gy\u00f3gyszer\u00e9szi propedeutika (I. \u00e9vf. gyh.) [Gy\u00f3gyszer\u00e9szeti Int\u00e9zettel k\u00f6z\u00f6sen]<\/li>\n<li>gy\u00f3gyszer\u00fcgyi ismeretek (IV., V. \u00e9vf. gyh.)<\/li>\n<li>klinikai gy\u00f3gyszer\u00e9szet (V. \u00e9vf. gyh.)<\/li>\n<li>gy\u00f3gyszer\u00e9szi gondoz\u00e1s (V. \u00e9vf. gyh.)<\/li>\n<\/ul>\n<p>Szabadon v\u00e1laszthat\u00f3 t\u00e1rgyak:\u00a0\u00a0<\/p>\n<ul>\n<li>interkultur\u00e1lis kommunik\u00e1ci\u00f3<\/li>\n<li>gy\u00f3gyszer\u00e9szi tan\u00e1csad\u00e1s utaz\u00f3knak<\/li>\n<\/ul>\n<p>Oktat\u00e1si tev\u00e9kenys\u00e9g\u00e9nek fontos eleme a k\u00f6telez\u0151 int\u00e9zeti gy\u00f3gyszert\u00e1ri szakmai gyakorlatok, z\u00e1r\u00f3vizsg\u00e1s hallgat\u00f3k gyakorlat\u00e1nak ir\u00e1ny\u00edt\u00e1sa. Gradu\u00e1lis tev\u00e9kenys\u00e9g\u00fcnk r\u00e9sze az Erasmus-k\u00e9pz\u00e9sben, valamint az Egyetem \u00e9s k\u00fclf\u00f6ldi egyetemek k\u00f6z\u00f6tt l\u00e9trej\u00f6tt szerz\u0151d\u00e9sek keret\u00e9ben t\u00f6rt\u00e9n\u0151 idegen nyelv\u0171 elm\u00e9leti \u00e9s gyakorlati k\u00e9pz\u00e9sben val\u00f3 r\u00e9szv\u00e9tel\u00fcnk.<\/p>\n<p>T\u00e9mavet\u0151k\u00e9nt ir\u00e1ny\u00edtjuk az int\u00e9zetben meghirdetett t\u00e9m\u00e1kat v\u00e1laszt\u00f3 hallgat\u00f3k diplomamunk\u00e1j\u00e1nak, rektori p\u00e1ly\u00e1zat\u00e1nak elk\u00e9sz\u00edt\u00e9s\u00e9t, valamint a tudom\u00e1nyos di\u00e1kk\u00f6r\u00f6s hallgat\u00f3k tev\u00e9kenys\u00e9g\u00e9t. Mentork\u00e9nt seg\u00edts\u00e9get ny\u00fajtunk az Egyetemen m\u0171k\u00f6d\u0151 Kerpel-Fronius Tehets\u00e9ggondoz\u00f3 Programban r\u00e9sztvev\u0151, kiemelked\u0151 tanulm\u00e1nyi eredm\u00e9ny\u0171 hallgat\u00f3k tudom\u00e1nyos di\u00e1kk\u00f6ri munk\u00e1j\u00e1hoz, szakmai \u00e9rdekl\u0151d\u00e9s\u00e9hez, t\u00e1rsadalmi kapcsolataik kialak\u00edt\u00e1s\u00e1hoz.<\/p>\n<p><span style=\"text-decoration: underline\">Posztgradu\u00e1lis<\/span>:<\/p>\n<p>Szakk\u00e9pz\u00e9s:\u00a0\u00a0\u00a0\u00a0\u00a0\u00a0\u00a0<\/p>\n<p>Az Int\u00e9zet munkat\u00e1rsai tev\u00e9kenyen r\u00e9szt vesznek a Gy\u00f3gyszerell\u00e1t\u00e1si, valamint a K\u00f3rh\u00e1zi-Klinikai gy\u00f3gyszer\u00e9szet szakir\u00e1nyok szervez\u00e9s\u00e9ben \u00e9s oktat\u00e1s\u00e1ban, ezeken bel\u00fcl f\u0151k\u00e9nt a Gy\u00f3gyszert\u00e1r-vezet\u00e9s, \u00fczemeltet\u00e9s, a Gy\u00f3gyszer\u00e9szi gondoz\u00e1s, a Gy\u00f3gyszert\u00e1ri min\u0151s\u00e9gbiztos\u00edt\u00e1s, K\u00f3rh\u00e1zi-Klinikai gy\u00f3gyszer\u00e9szet szakk\u00e9pes\u00edt\u00e9sek eset\u00e9ben.<\/p>\n<p>Tov\u00e1bbk\u00e9pz\u00e9s:<\/p>\n<p>Az int\u00e9zet posztgradu\u00e1lis oktat\u00e1si tev\u00e9kenys\u00e9g\u00e9nek r\u00e9sze az egyetemi szinten tart\u00f3, a k\u00f6telez\u0151en v\u00e1laszthat\u00f3 \u00e9s a szabadon v\u00e1laszthat\u00f3 akkredit\u00e1lt tov\u00e1bbk\u00e9pz\u00e9sek szervez\u00e9se, tematik\u00e1j\u00e1nak kidolgoz\u00e1sa, valamint el\u0151ad\u00e1sok tart\u00e1sa.<\/p>\n<p>Ph.D. k\u00e9pz\u00e9s:<\/p>\n<p>A Gy\u00f3gyszertudom\u00e1nyok \u00e9s Eg\u00e9szs\u00e9g\u00fcgyi Technol\u00f3gi\u00e1k Tagozat 4 doktori programja keret\u00e9ben folyik a doktori (Ph.D.) fokozat megszerz\u00e9s\u00e9re ir\u00e1nyul\u00f3 doktork\u00e9pz\u00e9s.<\/p>\n<p>Az Int\u00e9zet akkredit\u00e1lt t\u00e9mavezet\u0151i az els\u0151 program keret\u00e9ben hirdetik meg a kutat\u00e1si t\u00e9m\u00e1ikat.<\/p>\n\n<\/div><h2 class=\"tabtitle\"><strong>AZ INT\u00c9ZET KUTAT\u00c1SI TER\u00dcLETEI<\/strong><\/h2>\n<div class=\"tabcontent\">\n\n<p><strong>AZ INT\u00c9ZET KUTAT\u00c1SI TER\u00dcLETEI<\/strong><\/p>\n<p>T\u00e9mater\u00fcletek:<\/p>\n<ul>\n<li>gy\u00f3gyszer\u00e9szi gondoz\u00e1s<\/li>\n<li>alkalmazott klinikai gy\u00f3gyszer-technol\u00f3gia<\/li>\n<li>gy\u00f3gyszerutiliz\u00e1ci\u00f3<\/li>\n<li>farmako\u00f6kon\u00f3miai vizsg\u00e1latok<\/li>\n<li>\u00e9letmin\u0151s\u00e9g vizsg\u00e1latok<\/li>\n<\/ul>\n<p>Az egyetem klinik\u00e1in dolgoz\u00f3 gy\u00f3gyszer\u00e9szekkel egy\u00fcttm\u0171k\u00f6dve beavatkoz\u00e1ssal nem j\u00e1r\u00f3 klinikai vizsg\u00e1latokban \u00e9s transzl\u00e1ci\u00f3s kutat\u00e1sokban is r\u00e9szt vesz\u00fcnk.<\/p>\n<p>A farmako\u00f6kon\u00f3miai\/eg\u00e9szs\u00e9g\u00fcgyi technol\u00f3giai elemz\u00e9sekre f\u00f3kusz\u00e1lva vizsg\u00e1ljuk k\u00fcl\u00f6nb\u00f6z\u0151 ter\u00e1pi\u00e1s elj\u00e1r\u00e1sok k\u00f6lts\u00e9g\u2013hat\u00e9konys\u00e1g\u00e1t, kr\u00f3nikus megbeteged\u00e9sek eset\u00e9n a k\u00fcl\u00f6nb\u00f6z\u0151 ter\u00e1pi\u00e1k \u00e9letmin\u0151s\u00e9gre gyakorolt hat\u00e1s\u00e1t, a beteg-egy\u00fcttm\u0171k\u00f6d\u00e9s eg\u00e9szs\u00e9g-gazdas\u00e1gtani vonatkoz\u00e1sait, tov\u00e1bb\u00e1 elemezz\u00fck a gy\u00f3gyszerpiac v\u00e1ltoz\u00e1sait (gy\u00f3gyszerutiliz\u00e1ci\u00f3s vizsg\u00e1latok).<\/p>\n<p>Az Int\u00e9zetben foly\u00f3 gy\u00f3gyszertechnol\u00f3giai kutat\u00e1sok \u00faj, kedvez\u0151bb hat\u00f3anyag-lead\u00e1s\u00fa gy\u00f3gyszerform\u00e1k el\u0151\u00e1ll\u00edt\u00e1s\u00e1ra, betegk\u00f6zpont\u00fa egyedi gy\u00f3gyszeres ter\u00e1pi\u00e1k kifejleszt\u00e9s\u00e9re ir\u00e1nyulnak. Az alkalmazott klinikai technol\u00f3giai kutat\u00e1sok, term\u00e9kfejleszt\u00e9sek a mindennapos gy\u00f3gyszerell\u00e1t\u00e1si gyakorlatban nyernek felhaszn\u00e1l\u00e1st. A kutat\u00e1sok az Egyetem gy\u00f3gy\u00edt\u00e1sban, kutat\u00e1sban r\u00e9sztvev\u0151 szakembereivel egy\u00fcttm\u0171k\u00f6d\u00e9sben folynak.<\/p>\n\n<\/div><h2 class=\"tabtitle\"><strong>GY\u00d3GYSZERELL\u00c1T\u00d3 TEV\u00c9KENYS\u00c9G<\/strong><\/h2>\n<div class=\"tabcontent\">\n\n<p><strong>GY\u00d3GYSZERELL\u00c1T\u00d3 TEV\u00c9KENYS\u00c9G<\/strong><\/p>\n<p>A gy\u00f3gyszerell\u00e1t\u00e1s ter\u00fclet\u00e9n az Int\u00e9zet feladata a gy\u00f3gyszerbiztons\u00e1g, ell\u00e1t\u00e1sbiztons\u00e1g, szolg\u00e1ltat\u00e1smin\u0151s\u00e9g, hat\u00e9konys\u00e1g n\u00e9gyes k\u00f6vetelm\u00e9nyrendszernek val\u00f3 \u00e1lland\u00f3 megfelel\u00e9s. A gy\u00f3gyszerell\u00e1t\u00e1si l\u00e1nc els\u0151 egyetemi elemek\u00e9nt biztos\u00edtjuk az Egyetemre be\u00e9rkez\u0151, illetve az Egyetemi Gy\u00f3gyszert\u00e1rban k\u00e9sz\u00edtett gy\u00f3gyszerek min\u0151s\u00e9g\u00e9t, folyamatos gy\u00f3gyszerbiztons\u00e1gi t\u00e1j\u00e9koztat\u00e1st ny\u00fajtva fel\u00fcgyelj\u00fck az Egyetem gy\u00f3gyszerell\u00e1t\u00e1s\u00e1t. Kidolgozott, folyamatosan friss\u00edtett alaplist\u00e1val, \u00e9s az Orsz\u00e1gos Gy\u00f3gyszer\u00e9szeti \u00e9s \u00c9lelmez\u00e9s-eg\u00e9szs\u00e9g\u00fcgyi Int\u00e9zet rendelkez\u00e9seit, valamint a Gy\u00f3gyszerter\u00e1pi\u00e1s Bizotts\u00e1g szakmai aj\u00e1nl\u00e1sait figyelembe v\u00e9ve v\u00e9gezz\u00fck a gy\u00f3gyszerek helyettes\u00edt\u00e9s\u00e9t, biztos\u00edtva ezzel a folyamatos \u00e9s biztons\u00e1gos gy\u00f3gyszerell\u00e1t\u00e1st. A magisztr\u00e1lis gy\u00f3gyszerk\u00e9sz\u00edt\u00e9s keret\u00e9n bel\u00fcl biztos\u00edtjuk egyes hi\u00e1nyp\u00f3tl\u00f3 k\u00e9sz\u00edtm\u00e9nyek \u00e1lland\u00f3, illetve egyedi k\u00e9r\u00e9s \u00e9s \u00f6sszet\u00e9tel szerinti el\u00e9rhet\u0151s\u00e9g\u00e9t. Ezzel teremtve lehet\u0151s\u00e9get az individu\u00e1lis gy\u00f3gyszerter\u00e1pi\u00e1ra. A Gy\u00f3gyszerter\u00e1pi\u00e1s Bizotts\u00e1gban val\u00f3 akt\u00edv r\u00e9szv\u00e9tel\u00fcnk seg\u00edti a gy\u00f3gyszer\u00e9sz szakmai szempontok megjelen\u00edt\u00e9s\u00e9t az Egyetem gy\u00f3gyszerell\u00e1t\u00e1s\u00e1ban. A gy\u00f3gyszerell\u00e1t\u00e1s ter\u00fclet\u00e9n d\u00f6nt\u00e9st\u00e1mogat\u00f3 elemz\u00e9seket v\u00e9gz\u00fcnk. Honlapon megjelen\u00edtett gy\u00f3gyszer-inform\u00e1ci\u00f3s szolg\u00e1latunk \u00e1ll az eg\u00e9szs\u00e9g\u00fcgyi szakemberek rendelkez\u00e9s\u00e9re. Rendszeres tov\u00e1bbk\u00e9pz\u00e9seket szervez\u00fcnk az Egyetem gy\u00f3gyszerell\u00e1t\u00e1s\u00e1ban r\u00e9sztvev\u0151k r\u00e9sz\u00e9re, konzult\u00e1ci\u00f3s lehet\u0151s\u00e9get biztos\u00edtva gy\u00f3gyszerell\u00e1t\u00e1si, ter\u00e1pi\u00e1s k\u00e9rd\u00e9sekben. A gy\u00f3gyszerrendel\u00e9sek folyamatos szakmai kontrollj\u00e1val, \u00e9s helyettes\u00edt\u00e9sek r\u00e9v\u00e9n biztos\u00edtjuk az Egyetem hat\u00e9kony, k\u00f6lts\u00e9gtakar\u00e9kos gy\u00f3gyszerell\u00e1t\u00e1s\u00e1t.<\/p>\n<\/div><\/div>\n","protected":false},"excerpt":{"rendered":"<p>Az Egyetemi Gy\u00f3gyszert\u00e1r Gy\u00f3gyszer\u00fcgyi Szervez\u00e9si Int\u00e9zet tev\u00e9kenys\u00e9g\u00e9nek ismertet\u00e9se! Az Egyetemi Gy\u00f3gyszert\u00e1r 1907-ben az orvoskar int\u00e9zm\u00e9nyek\u00e9nt alakult meg, de ez az els\u0151 kifejezetten gy\u00f3gyszer\u00e9szi c\u00e9lokra szolg\u00e1l\u00f3 int\u00e9zm\u00e9ny. Fel\u00e1ll\u00edt\u00e1s\u00e1nak c\u00e9lja az volt, hogy a gy\u00f3gyszert\u00e1rnak a betegell\u00e1t\u00e1son k\u00edv\u00fcl fontos szerepe legyen a gy\u00f3gyszer\u00e9szk\u00e9pz\u00e9sben, a gyakornokok itt nyerjenek kik\u00e9pz\u00e9st, valamint a gy\u00f3gyszer\u00e9szhallgat\u00f3k a gy\u00f3gyszerek vizsg\u00e1lat\u00e1nak \u00e9s k\u00e9sz\u00edt\u00e9s\u00e9nek m\u00f3dj\u00e1t, &hellip;<\/p>\n","protected":false},"author":113,"featured_media":8738,"parent":0,"menu_order":1,"comment_status":"closed","ping_status":"closed","template":"","meta":{"_acf_changed":false,"footnotes":""},"categories":[],"tags":[],"class_list":["post-5","page","type-page","status-publish","has-post-thumbnail","hentry"],"acf":[],"_links":{"self":[{"href":"https:\/\/semmelweis.hu\/gyogyszertar\/wp-json\/wp\/v2\/pages\/5","targetHints":{"allow":["GET"]}}],"collection":[{"href":"https:\/\/semmelweis.hu\/gyogyszertar\/wp-json\/wp\/v2\/pages"}],"about":[{"href":"https:\/\/semmelweis.hu\/gyogyszertar\/wp-json\/wp\/v2\/types\/page"}],"author":[{"embeddable":true,"href":"https:\/\/semmelweis.hu\/gyogyszertar\/wp-json\/wp\/v2\/users\/113"}],"replies":[{"embeddable":true,"href":"https:\/\/semmelweis.hu\/gyogyszertar\/wp-json\/wp\/v2\/comments?post=5"}],"version-history":[{"count":11,"href":"https:\/\/semmelweis.hu\/gyogyszertar\/wp-json\/wp\/v2\/pages\/5\/revisions"}],"predecessor-version":[{"id":11006,"href":"https:\/\/semmelweis.hu\/gyogyszertar\/wp-json\/wp\/v2\/pages\/5\/revisions\/11006"}],"wp:featuredmedia":[{"embeddable":true,"href":"https:\/\/semmelweis.hu\/gyogyszertar\/wp-json\/wp\/v2\/media\/8738"}],"wp:attachment":[{"href":"https:\/\/semmelweis.hu\/gyogyszertar\/wp-json\/wp\/v2\/media?parent=5"}],"wp:term":[{"taxonomy":"category","embeddable":true,"href":"https:\/\/semmelweis.hu\/gyogyszertar\/wp-json\/wp\/v2\/categories?post=5"},{"taxonomy":"post_tag","embeddable":true,"href":"https:\/\/semmelweis.hu\/gyogyszertar\/wp-json\/wp\/v2\/tags?post=5"}],"curies":[{"name":"wp","href":"https:\/\/api.w.org\/{rel}","templated":true}]}}