{"id":3472,"date":"2017-01-23T08:27:08","date_gmt":"2017-01-23T07:27:08","guid":{"rendered":"http:\/\/semmelweis.hu\/gyogyszertar\/?page_id=3472"},"modified":"2026-04-01T08:04:32","modified_gmt":"2026-04-01T06:04:32","slug":"koranyi-patika","status":"publish","type":"page","link":"https:\/\/semmelweis.hu\/gyogyszertar\/rolunk\/osztalyok\/koranyi-patika\/","title":{"rendered":"Kor\u00e1nyi Patika"},"content":{"rendered":"<div class=\"responsive-tabs\">\n<h2 class=\"tabtitle\">Bemutat\u00e1s<\/h2>\n<div class=\"tabcontent\">\n\n<p><strong>El\u00e9rhet\u0151s\u00e9gek:<\/strong><\/p>\n<p>1082 Budapest, \u00dcll\u0151i \u00fat 78\/A<br \/>\n(Sz\u00fcl\u00e9szeti \u00e9s N\u0151gy\u00f3gy\u00e1szati Klinika \u00e9p\u00fclete)<br \/>\nTelefonsz\u00e1m: +36-1-459-14-49, +36-30-016-49-91 Bels\u0151 mell\u00e9k: 61893<br \/>\nE-mail: koranyipatika[kukac]semmelweis.hu<\/p>\n<p>A Semmelweis Egyetem K\u00fcls\u0151 Klinikai T\u00f6mb ter\u00fclet\u00e9n tal\u00e1lhat\u00f3 Kor\u00e1nyi Patika 2016 nyar\u00e1n nyitotta meg kapuit, mint az Egyetemi Gy\u00f3gyszert\u00e1r Gy\u00f3gyszer\u00fcgyi Szervez\u00e9si Int\u00e9zet (EGYGYSZI) k\u00f6zvetlen lakoss\u00e1gi gy\u00f3gyszerell\u00e1t\u00e1s\u00e1t v\u00e9gz\u0151 (k\u00f6zforgalm\u00fa) r\u00e9szlege. Ezzel lehet\u0151v\u00e9 v\u00e1lt, hogy a klinik\u00e1kr\u00f3l t\u00e1voz\u00f3 \u00e9s a t\u00f6mbbe bet\u00e9r\u0151 betegek is azonnal \u00e9s helyben v\u00e1lthass\u00e1k ki gy\u00f3gyszereiket. A gy\u00f3gyszereken k\u00edv\u00fcl speci\u00e1lis k\u00f6tszerek, gy\u00f3gy\u00e1szati c\u00e9l\u00fa t\u00e1pszerek, \u00fajsz\u00fcl\u00f6tt\u00e1pol\u00e1si term\u00e9kek, valamint egy\u00e9b \u00e9trendkieg\u00e9sz\u00edt\u0151k is megtal\u00e1lhat\u00f3ak a gy\u00f3gyszert\u00e1rban. A gy\u00f3gy\u00e1szati seg\u00e9deszk\u00f6z\u00f6k sz\u00e9les palett\u00e1ja is seg\u00edti a betegek kiszolg\u00e1l\u00e1s\u00e1t.<\/p>\n<p>Tev\u00e9kenys\u00e9gi k\u00f6r\u00fcnk egyik alappill\u00e9re az EGYGYSZI Gy\u00f3gyszertechnol\u00f3giai Oszt\u00e1ly\u00e1nak k\u00f6zrem\u0171k\u00f6d\u00e9s\u00e9vel megval\u00f3sul\u00f3 magisztr\u00e1lis gy\u00f3gyszerk\u00e9sz\u00edt\u00e9s. K\u00fcldet\u00e9s\u00fcnknek \u00e9rezz\u00fck ennek megtart\u00e1s\u00e1t, ezzel is seg\u00edtve az egyedi gy\u00f3gyszeres ter\u00e1pi\u00e1k elterjed\u00e9s\u00e9t. K\u00fclf\u00f6ldr\u0151l, egyedi import \u00fatj\u00e1n behozhat\u00f3 k\u00e9sz\u00edtm\u00e9nyek beszerz\u00e9s\u00e9ben, indik\u00e1ci\u00f3n t\u00fali enged\u00e9llyel rendelkez\u0151 \u00e9s egyedi finansz\u00edroz\u00e1s\u00fa k\u00e9sz\u00edtm\u00e9nyek kiad\u00e1s\u00e1ban sz\u00e9les k\u00f6r\u0171 tapasztalattal rendelkez\u00fcnk. 2024-ben az RRF-2.1.2-21 oktat\u00e1si p\u00e1ly\u00e1zathoz k\u00f6t\u0151d\u0151en be\u00e1ll\u00edt\u00e1sra ker\u00fclt n\u00e1lunk egy komissi\u00f3z\u00f3 patikai robot, amely amellett, hogy seg\u00edti a mindennapi munk\u00e1t, az oktat\u00e1sunk r\u00e9sz\u00e9t is k\u00e9pezi, lehet\u0151v\u00e9 t\u00e9ve, hogy az Egyetem hallgat\u00f3i megismerj\u00e9k a leg\u00fajabb technol\u00f3gi\u00e1kat is.\u00a0\u00a0\u00a0\u00a0\u00a0\u00a0\u00a0\u00a0\u00a0\u00a0\u00a0\u00a0\u00a0\u00a0\u00a0\u00a0\u00a0\u00a0\u00a0\u00a0\u00a0\u00a0\u00a0\u00a0\u00a0\u00a0\u00a0\u00a0\u00a0\u00a0\u00a0\u00a0\u00a0\u00a0\u00a0\u00a0\u00a0\u00a0\u00a0\u00a0\u00a0\u00a0\u00a0\u00a0\u00a0\u00a0\u00a0\u00a0\u00a0\u00a0\u00a0\u00a0\u00a0\u00a0\u00a0\u00a0\u00a0\u00a0\u00a0\u00a0\u00a0\u00a0\u00a0\u00a0\u00a0\u00a0\u00a0\u00a0\u00a0\u00a0\u00a0\u00a0\u00a0\u00a0\u00a0\u00a0\u00a0\u00a0\u00a0\u00a0\u00a0\u00a0\u00a0\u00a0\u00a0\u00a0\u00a0\u00a0\u00a0\u00a0\u00a0\u00a0\u00a0\u00a0\u00a0\u00a0\u00a0\u00a0\u00a0\u00a0\u00a0\u00a0\u00a0\u00a0\u00a0\u00a0\u00a0\u00a0\u00a0\u00a0\u00a0\u00a0\u00a0\u00a0\u00a0\u00a0\u00a0\u00a0\u00a0\u00a0\u00a0\u00a0\u00a0\u00a0\u00a0\u00a0\u00a0\u00a0\u00a0<\/p>\n<p style=\"text-align: justify\">Megtal\u00e1lhat\u00f3ak vagyunk a fel\u00faj\u00edtott Sz\u00fcl\u00e9szeti \u00e9s N\u0151gy\u00f3gy\u00e1szati Klinika, \u00dcll\u0151i \u00fati r\u00e9szleg\u00e9nek \u00e9p\u00fclet\u00e9ben, k\u00f6zvetlen\u00fcl a mozg\u00f3l\u00e9pcs\u0151 tetej\u00e9n, jobb oldalon.<\/p>\n\n<\/div><h2 class=\"tabtitle\">Munkat\u00e1rsak<\/h2>\n<div class=\"tabcontent\">\n\n<p><strong>Munkat\u00e1rsak:<\/strong><\/p>\n<ul>\n<li>Dr. Vajda P\u00e9ter PhD szakgy\u00f3gyszer\u00e9sz, egyetemi tan\u00e1rseg\u00e9d<br \/>\negyetemi mobil telefonsz\u00e1m: +36-30-016-4990<\/li>\n<\/ul>\n<p><strong>Patikavezet\u0151:<\/strong><\/p>\n<ul>\n<li>Dr. D\u00e9r P\u00e9ter szakgy\u00f3gyszer\u00e9sz<br \/>\negyetemi mobil telefonsz\u00e1m: +36-30-016-4991<\/li>\n<\/ul>\n<p><strong>Gy\u00f3gyszer\u00e9szek\/Szakgy\u00f3gyszer\u00e9szek:<\/strong><\/p>\n<ul>\n<li>Dr. Bereczki-Jo\u00f3 Henrietta szakgy\u00f3gyszer\u00e9sz<br \/>\negyetemi mobil telefonsz\u00e1m: +36-30-016-4991<\/li>\n<li>Dr. Dolneg\u00f3 Di\u00e1na szakgy\u00f3gyszer\u00e9sz<br \/>\negyetemi mobil telefonsz\u00e1m: +36-30-016-4991<\/li>\n<li>Dr. Kongr\u00e1cz Katica rezidens gy\u00f3gyszer\u00e9sz<br \/>\negyetemi mobil telefonsz\u00e1m: +36-30-016-4991<\/li>\n<li>Dr. Kov\u00e1cs Eszter szakgy\u00f3gyszer\u00e9sz &#8211; T\u00e1voll\u00e9ten<\/li>\n<li>Dr. P\u00e1lfi D\u00f3ra Beatrix szakgy\u00f3gyszer\u00e9sz<br \/>\negyetemi mobil telefonsz\u00e1m: +36-30-016-4991<\/li>\n<li>Dr. V\u00e9kony Zsuzsanna szakgy\u00f3gyszer\u00e9sz<br \/>\negyetemi mobil telefonsz\u00e1m: +36-30-016-4991<\/li>\n<\/ul>\n<p><strong>Szakasszisztens(ek):<\/strong><\/p>\n<ul>\n<li>Heged\u0171sn\u00e9 F\u00f6ldi Emese<br \/>\negyetemi mobil telefonsz\u00e1m: +36-30-016-4991<\/li>\n<\/ul>\n<\/div><\/div>\n","protected":false},"excerpt":{"rendered":"<p>El\u00e9rhet\u0151s\u00e9gek: 1082 Budapest, \u00dcll\u0151i \u00fat 78\/A (Sz\u00fcl\u00e9szeti \u00e9s N\u0151gy\u00f3gy\u00e1szati Klinika \u00e9p\u00fclete) Telefonsz\u00e1m: +36-1-459-14-49, +36-30-016-49-91 Bels\u0151 mell\u00e9k: 61893 E-mail: koranyipatika[kukac]semmelweis.hu A Semmelweis Egyetem K\u00fcls\u0151 Klinikai T\u00f6mb ter\u00fclet\u00e9n tal\u00e1lhat\u00f3 Kor\u00e1nyi Patika 2016 nyar\u00e1n nyitotta meg kapuit, mint az Egyetemi Gy\u00f3gyszert\u00e1r Gy\u00f3gyszer\u00fcgyi Szervez\u00e9si Int\u00e9zet (EGYGYSZI) k\u00f6zvetlen lakoss\u00e1gi gy\u00f3gyszerell\u00e1t\u00e1s\u00e1t v\u00e9gz\u0151 (k\u00f6zforgalm\u00fa) r\u00e9szlege. Ezzel lehet\u0151v\u00e9 v\u00e1lt, hogy a klinik\u00e1kr\u00f3l t\u00e1voz\u00f3 &hellip;<\/p>\n","protected":false},"author":357,"featured_media":0,"parent":129,"menu_order":0,"comment_status":"closed","ping_status":"closed","template":"","meta":{"_acf_changed":false,"footnotes":""},"categories":[],"tags":[],"class_list":["post-3472","page","type-page","status-publish","hentry"],"acf":[],"_links":{"self":[{"href":"https:\/\/semmelweis.hu\/gyogyszertar\/wp-json\/wp\/v2\/pages\/3472","targetHints":{"allow":["GET"]}}],"collection":[{"href":"https:\/\/semmelweis.hu\/gyogyszertar\/wp-json\/wp\/v2\/pages"}],"about":[{"href":"https:\/\/semmelweis.hu\/gyogyszertar\/wp-json\/wp\/v2\/types\/page"}],"author":[{"embeddable":true,"href":"https:\/\/semmelweis.hu\/gyogyszertar\/wp-json\/wp\/v2\/users\/357"}],"replies":[{"embeddable":true,"href":"https:\/\/semmelweis.hu\/gyogyszertar\/wp-json\/wp\/v2\/comments?post=3472"}],"version-history":[{"count":10,"href":"https:\/\/semmelweis.hu\/gyogyszertar\/wp-json\/wp\/v2\/pages\/3472\/revisions"}],"predecessor-version":[{"id":11330,"href":"https:\/\/semmelweis.hu\/gyogyszertar\/wp-json\/wp\/v2\/pages\/3472\/revisions\/11330"}],"up":[{"embeddable":true,"href":"https:\/\/semmelweis.hu\/gyogyszertar\/wp-json\/wp\/v2\/pages\/129"}],"wp:attachment":[{"href":"https:\/\/semmelweis.hu\/gyogyszertar\/wp-json\/wp\/v2\/media?parent=3472"}],"wp:term":[{"taxonomy":"category","embeddable":true,"href":"https:\/\/semmelweis.hu\/gyogyszertar\/wp-json\/wp\/v2\/categories?post=3472"},{"taxonomy":"post_tag","embeddable":true,"href":"https:\/\/semmelweis.hu\/gyogyszertar\/wp-json\/wp\/v2\/tags?post=3472"}],"curies":[{"name":"wp","href":"https:\/\/api.w.org\/{rel}","templated":true}]}}