{"id":2760,"date":"2016-04-28T11:40:32","date_gmt":"2016-04-28T09:40:32","guid":{"rendered":"http:\/\/semmelweis.hu\/gyogyszertar\/?page_id=2760"},"modified":"2026-04-01T08:05:14","modified_gmt":"2026-04-01T06:05:14","slug":"koranyi-reszleg","status":"publish","type":"page","link":"https:\/\/semmelweis.hu\/gyogyszertar\/rolunk\/osztalyok\/koranyi-reszleg\/","title":{"rendered":"K\u00fcls\u0151 Klinikai T\u00f6mb Int\u00e9zeti R\u00e9szleg"},"content":{"rendered":"<div class=\"responsive-tabs\">\n<h2 class=\"tabtitle\">Bemutat\u00e1s<\/h2>\n<div class=\"tabcontent\">\n\n<p style=\"text-align: justify\"><strong>El\u00e9rhet\u0151s\u00e9gek:<br \/>\n<\/strong>1082 Budapest, \u00dcll\u0151i \u00fat 78\/A<br \/>\nTel.: +36-20-666-20-30<\/p>\n<p style=\"text-align: justify\">A K\u00fcls\u0151 Klinikai T\u00f6mb Int\u00e9zeti Gy\u00f3gyszert\u00e1ra az Egyetemi Gy\u00f3gyszert\u00e1r r\u00e9szek\u00e9nt a T\u00f6mb\u00a0 klinik\u00e1inak gy\u00f3gyszerell\u00e1t\u00e1s\u00e1t v\u00e9gzi. Fejleszt\u00e9si projekt r\u00e9v\u00e9n megval\u00f3sult K\u00fcls\u0151 Klinikai T\u00f6mbben egys\u00e9ges m\u0171k\u00f6d\u00e9s alakult ki. A k\u00f6vetkez\u0151 klinik\u00e1k kaptak helyet az \u00e9p\u00fcletben: II. sz. Sz\u00fcl\u00e9szeti \u00e9s N\u0151gy\u00f3gy\u00e1szati Klinika, Aneszteziol\u00f3giai \u00e9s Intenz\u00edv Ter\u00e1pi\u00e1s Klinika (tov\u00e1bbiakban AITK), Ortop\u00e9diai Klinika, Radiol\u00f3giai Klinika, S\u00fcrg\u0151ss\u00e9gi Betegell\u00e1t\u00f3 Egys\u00e9g, K\u00f6zpont Labor. Az int\u00e9zeti gy\u00f3gyszert\u00e1r feladata a klinik\u00e1k k\u00f6zvetlen gy\u00f3gyszerell\u00e1t\u00e1sa, illetve az oszt\u00e1lyon l\u00e9v\u0151 gy\u00f3gyszerk\u00e9szlet ellen\u0151rz\u00e9se. A gy\u00f3gyszer\u00e9szek napi rendszeress\u00e9ggel vesznek r\u00e9szt az AITK \u00e9s a Perinat\u00e1lis Intenz\u00edv Oszt\u00e1ly oszt\u00e1lyos vizitjein.<\/p>\n<p style=\"text-align: left\">\n<\/div><h2 class=\"tabtitle\">Munkat\u00e1rsak<\/h2>\n<div class=\"tabcontent\">\n<\/p>\n<p style=\"text-align: left\"><strong>Munkat\u00e1rsak:<\/strong><\/p>\n<p><strong>R\u00e9szlegvezet\u0151:<br \/>\n<\/strong><\/p>\n<ul>\n<li>Dr. Vajda P\u00e9ter PhD szakgy\u00f3gyszer\u00e9sz, egyetemi tan\u00e1rseg\u00e9d<br \/>\negyetemi mobil telefonsz\u00e1m: +36-30-016-4990<\/li>\n<\/ul>\n<p><strong>Gy\u00f3gyszer\u00e9szek\/Szakgy\u00f3gyszer\u00e9szek:<\/strong><\/p>\n<ul>\n<li>Dr. Chini Mohammadali szakgy\u00f3gyszer\u00e9sz<br \/>\negyetemi mobil telefonsz\u00e1m: +36-30-016-4102<\/li>\n<li>Dr. Danics Lea Orsolya gy\u00f3gyszer\u00e9sz<\/li>\n<li>Dr. de Jonge Orsolya rezidens gy\u00f3gyszer\u00e9sz &#8211; T\u00e1voll\u00e9ten<\/li>\n<li>Dr. Farag\u00f3-Bodor Zs\u00f3fia szakgy\u00f3gyszer\u00e9sz &#8211; T\u00e1voll\u00e9ten<\/li>\n<li>Dr. Hal\u00e9der Zsuzsanna szakgy\u00f3gyszer\u00e9sz<br \/>\negyetemi mobil telefonsz\u00e1m: +36-20-666-3024<\/li>\n<li>Dr. Herman Fanni rezidens gy\u00f3gyszer\u00e9sz<\/li>\n<li>Dr. Horony Eszter szakgy\u00f3gyszer\u00e9sz \u2013 T\u00e1voll\u00e9ten<\/li>\n<li>Gomb\u00e1sn\u00e9 Dr. Kusny\u00e1r Vivien szakgy\u00f3gyszer\u00e9sz &#8211; T\u00e1voll\u00e9ten<\/li>\n<li>Dr. Kohul\u00e1k Helga No\u00e9mi rezidens gy\u00f3gyszer\u00e9sz<br \/>\negyetemi mobil telefonsz\u00e1m: +36-20-666-2184<\/li>\n<li>Dr. M\u00e9sz\u00e1ros-Zamb\u00f3 Katinka Rita szakgy\u00f3gyszer\u00e9sz &#8211; T\u00e1voll\u00e9ten<\/li>\n<li>Dr. Ngo Hanh Nikoletta rezidens gy\u00f3gyszer\u00e9sz<br \/>\negyetemi mobil telefonsz\u00e1m: +36-30-016-4590<\/li>\n<li>Dr. Nyariki Noel Oneil szakgy\u00f3gyszer\u00e9sz<br \/>\negyetemi mobil telefonsz\u00e1m: +36-20-670-1015<\/li>\n<li>Dr. S\u00e1ghy Zsolt szakgy\u00f3gyszer\u00e9sz<br \/>\negyetemi mobil telefonsz\u00e1m: +36-30-016-4585<\/li>\n<li>Dr. Schv\u00e1b Krisztina szakgy\u00f3gyszer\u00e9sz &#8211; T\u00e1voll\u00e9ten<\/li>\n<li><span data-olk-copy-source=\"MessageBody\"><span data-olk-copy-source=\"MessageBody\">Dr. Stelbaczky Zsuzsanna szakgy\u00f3gyszer\u00e9sz<br \/>\negyetemi mobil telefonsz\u00e1m: <\/span><\/span>+36-30-016-4587<\/li>\n<li>Dr. Szab\u00f3-K\u00e9ringer Kata rezidens gy\u00f3gyszer\u00e9sz &#8211;\u00a0T\u00e1voll\u00e9ten<\/li>\n<li>Dr. Takarics T\u00edmea rezidens gy\u00f3gyszer\u00e9sz<\/li>\n<li>Dr. Tak\u00e1cs Zs\u00f3fia Hanga szakgy\u00f3gyszer\u00e9sz<br \/>\n<span data-olk-copy-source=\"MessageBody\">egyetemi mobil telefonsz\u00e1m: +36-20-666-3361<\/span><\/li>\n<li>Dr. Ter\u00e9k \u00c9va szakgy\u00f3gyszer\u00e9sz<br \/>\n<span data-olk-copy-source=\"MessageBody\">egyetemi mobil telefonsz\u00e1m: +36-20-670-1013<\/span><\/li>\n<li>Dr. Valent Gy\u00f6rgy szakgy\u00f3gyszer\u00e9sz<\/li>\n<\/ul>\n<p style=\"text-align: left\"><strong>Asszisztensek\/Szakasszisztensek:<br \/>\n<\/strong><\/p>\n<ul>\n<li style=\"text-align: left\">B\u00edr\u00f3 Anna szakasszisztens<\/li>\n<li style=\"text-align: left\">Borbola \u00c9va szakasszisztens<br \/>\negyetemi telefonsz\u00e1m: +36-20-825-1194<\/li>\n<li>Cs\u00e1bin\u00e9 Ny\u00e1ri N\u00f3ra asszisztens<\/li>\n<li>Farkas Julianna asszisztens<\/li>\n<li style=\"text-align: left\">Garai Fruzsina szakasszisztens<\/li>\n<li style=\"text-align: left\">Madaras-\u0150sz Em\u0151ke Emese szakasszisztens<br \/>\negyetemi telefonsz\u00e1m: +36-20-825-1194<\/li>\n<li style=\"text-align: left\">R\u00f3nai Daniella szakasszisztens<\/li>\n<li>Vida J\u00e1nosn\u00e9 szakasszisztens<\/li>\n<\/ul>\n<p style=\"text-align: left\"><strong>Seg\u00e9dasszisztensek:<br \/>\n<\/strong><\/p>\n<ul>\n<li style=\"text-align: left\">Barati Istv\u00e1n<br \/>\negyetemi telefonsz\u00e1m: +36-20-666-2031<\/li>\n<li>Cserny\u00e1k Mih\u00e1ly<\/li>\n<li>Koh\u00e1n-Kiss N\u00f3ra M\u00e1ria &#8211; Hallgat\u00f3<\/li>\n<\/ul>\n<\/div><\/div>\n","protected":false},"excerpt":{"rendered":"<p>El\u00e9rhet\u0151s\u00e9gek: 1082 Budapest, \u00dcll\u0151i \u00fat 78\/A Tel.: +36-20-666-20-30 A K\u00fcls\u0151 Klinikai T\u00f6mb Int\u00e9zeti Gy\u00f3gyszert\u00e1ra az Egyetemi Gy\u00f3gyszert\u00e1r r\u00e9szek\u00e9nt a T\u00f6mb\u00a0 klinik\u00e1inak gy\u00f3gyszerell\u00e1t\u00e1s\u00e1t v\u00e9gzi. Fejleszt\u00e9si projekt r\u00e9v\u00e9n megval\u00f3sult K\u00fcls\u0151 Klinikai T\u00f6mbben egys\u00e9ges m\u0171k\u00f6d\u00e9s alakult ki. A k\u00f6vetkez\u0151 klinik\u00e1k kaptak helyet az \u00e9p\u00fcletben: II. sz. Sz\u00fcl\u00e9szeti \u00e9s N\u0151gy\u00f3gy\u00e1szati Klinika, Aneszteziol\u00f3giai \u00e9s Intenz\u00edv Ter\u00e1pi\u00e1s Klinika (tov\u00e1bbiakban AITK), Ortop\u00e9diai &hellip;<\/p>\n","protected":false},"author":357,"featured_media":0,"parent":129,"menu_order":0,"comment_status":"closed","ping_status":"closed","template":"","meta":{"_acf_changed":false,"footnotes":""},"categories":[],"tags":[],"class_list":["post-2760","page","type-page","status-publish","hentry"],"acf":[],"_links":{"self":[{"href":"https:\/\/semmelweis.hu\/gyogyszertar\/wp-json\/wp\/v2\/pages\/2760","targetHints":{"allow":["GET"]}}],"collection":[{"href":"https:\/\/semmelweis.hu\/gyogyszertar\/wp-json\/wp\/v2\/pages"}],"about":[{"href":"https:\/\/semmelweis.hu\/gyogyszertar\/wp-json\/wp\/v2\/types\/page"}],"author":[{"embeddable":true,"href":"https:\/\/semmelweis.hu\/gyogyszertar\/wp-json\/wp\/v2\/users\/357"}],"replies":[{"embeddable":true,"href":"https:\/\/semmelweis.hu\/gyogyszertar\/wp-json\/wp\/v2\/comments?post=2760"}],"version-history":[{"count":11,"href":"https:\/\/semmelweis.hu\/gyogyszertar\/wp-json\/wp\/v2\/pages\/2760\/revisions"}],"predecessor-version":[{"id":11331,"href":"https:\/\/semmelweis.hu\/gyogyszertar\/wp-json\/wp\/v2\/pages\/2760\/revisions\/11331"}],"up":[{"embeddable":true,"href":"https:\/\/semmelweis.hu\/gyogyszertar\/wp-json\/wp\/v2\/pages\/129"}],"wp:attachment":[{"href":"https:\/\/semmelweis.hu\/gyogyszertar\/wp-json\/wp\/v2\/media?parent=2760"}],"wp:term":[{"taxonomy":"category","embeddable":true,"href":"https:\/\/semmelweis.hu\/gyogyszertar\/wp-json\/wp\/v2\/categories?post=2760"},{"taxonomy":"post_tag","embeddable":true,"href":"https:\/\/semmelweis.hu\/gyogyszertar\/wp-json\/wp\/v2\/tags?post=2760"}],"curies":[{"name":"wp","href":"https:\/\/api.w.org\/{rel}","templated":true}]}}