{"id":2427,"date":"2016-01-30T10:44:54","date_gmt":"2016-01-30T09:44:54","guid":{"rendered":"http:\/\/semmelweis.hu\/gyogyszertar\/?page_id=2427"},"modified":"2025-02-06T09:06:34","modified_gmt":"2025-02-06T08:06:34","slug":"nngyk-oldalak","status":"publish","type":"page","link":"https:\/\/semmelweis.hu\/gyogyszertar\/gyogyszerellatas-index\/nngyk-oldalak\/","title":{"rendered":"NNGYK oldalak"},"content":{"rendered":"<ul>\n<li style=\"text-align: left\"><span style=\"font-size: 18pt\"><a href=\"http:\/\/ogyei.gov.hu\/fono\/\" target=\"_blank\" rel=\"noopener noreferrer\">FoNo VII. v\u00e1ltoz\u00e1sai<\/a><\/span><\/li>\n<li style=\"text-align: left\"><span style=\"font-size: 18pt\"><a href=\"http:\/\/ogyei.gov.hu\/gyogyszerkonyv\/\" target=\"_blank\" rel=\"noopener noreferrer\">Ph. Hg. VIII. v\u00e1ltoz\u00e1sai<\/a><\/span><\/li>\n<li style=\"text-align: left\"><span style=\"font-size: 18pt\"><a href=\"http:\/\/ogyei.gov.hu\/gyogyszereszeti_modszertan\/\" target=\"_blank\" rel=\"noopener noreferrer\">Gy\u00f3gyszer\u00e9szeti m\u00f3dszertan<\/a><\/span><\/li>\n<li><a href=\"https:\/\/ogyei.gov.hu\/kivonas_felfuggesztes\" target=\"_blank\" rel=\"noopener\"><span style=\"font-size: 18pt\">Kivon\u00e1s &#8211; Felf\u00fcggeszt\u00e9s<\/span><\/a><\/li>\n<\/ul>\n","protected":false},"excerpt":{"rendered":"<p><a href=\"http:\/\/ogyei.gov.hu\/fono\/\" target=\"_blank\" rel=\"noopener noreferrer\">FoNo VII. v\u00e1ltoz\u00e1sai<\/a><br \/>\n<a href=\"http:\/\/ogyei.gov.hu\/gyogyszerkonyv\/\" target=\"_blank\" rel=\"noopener noreferrer\">Ph. Hg. VIII. v\u00e1ltoz\u00e1sai<\/a><br \/>\n<a href=\"http:\/\/ogyei.gov.hu\/gyogyszereszeti_modszertan\/\" target=\"_blank\" rel=\"noopener noreferrer\">Gy\u00f3gyszer\u00e9szeti m\u00f3dszertan<\/a><br \/>\n<a href=\"https:\/\/ogyei.gov.hu\/kivonas_felfuggesztes\" target=\"_blank\" rel=\"noopener\">Kivon\u00e1s &#8211; Felf\u00fcggeszt\u00e9s<\/a><\/p>\n","protected":false},"author":357,"featured_media":0,"parent":7,"menu_order":8,"comment_status":"closed","ping_status":"closed","template":"","meta":{"_acf_changed":false,"footnotes":""},"categories":[],"tags":[],"class_list":["post-2427","page","type-page","status-publish","hentry"],"acf":[],"_links":{"self":[{"href":"https:\/\/semmelweis.hu\/gyogyszertar\/wp-json\/wp\/v2\/pages\/2427","targetHints":{"allow":["GET"]}}],"collection":[{"href":"https:\/\/semmelweis.hu\/gyogyszertar\/wp-json\/wp\/v2\/pages"}],"about":[{"href":"https:\/\/semmelweis.hu\/gyogyszertar\/wp-json\/wp\/v2\/types\/page"}],"author":[{"embeddable":true,"href":"https:\/\/semmelweis.hu\/gyogyszertar\/wp-json\/wp\/v2\/users\/357"}],"replies":[{"embeddable":true,"href":"https:\/\/semmelweis.hu\/gyogyszertar\/wp-json\/wp\/v2\/comments?post=2427"}],"version-history":[{"count":10,"href":"https:\/\/semmelweis.hu\/gyogyszertar\/wp-json\/wp\/v2\/pages\/2427\/revisions"}],"predecessor-version":[{"id":10870,"href":"https:\/\/semmelweis.hu\/gyogyszertar\/wp-json\/wp\/v2\/pages\/2427\/revisions\/10870"}],"up":[{"embeddable":true,"href":"https:\/\/semmelweis.hu\/gyogyszertar\/wp-json\/wp\/v2\/pages\/7"}],"wp:attachment":[{"href":"https:\/\/semmelweis.hu\/gyogyszertar\/wp-json\/wp\/v2\/media?parent=2427"}],"wp:term":[{"taxonomy":"category","embeddable":true,"href":"https:\/\/semmelweis.hu\/gyogyszertar\/wp-json\/wp\/v2\/categories?post=2427"},{"taxonomy":"post_tag","embeddable":true,"href":"https:\/\/semmelweis.hu\/gyogyszertar\/wp-json\/wp\/v2\/tags?post=2427"}],"curies":[{"name":"wp","href":"https:\/\/api.w.org\/{rel}","templated":true}]}}