{"id":2370,"date":"2016-01-26T11:01:56","date_gmt":"2016-01-26T10:01:56","guid":{"rendered":"http:\/\/semmelweis.hu\/gyogyszertar\/?page_id=2370"},"modified":"2024-02-22T10:18:40","modified_gmt":"2024-02-22T09:18:40","slug":"teteles-elszamolasu-gyogyszerek-kezelesi-rendje","status":"publish","type":"page","link":"https:\/\/semmelweis.hu\/gyogyszertar\/gyogyszerellatas-index\/szabalyzatok-eljarasrendek\/teteles-elszamolasu-gyogyszerek-kezelesi-rendje\/","title":{"rendered":"T\u00e9teles elsz\u00e1mol\u00e1s\u00fa gy\u00f3gyszerek"},"content":{"rendered":"<hr \/>\n<ul>\n<li style=\"text-align: left\"><a href=\"https:\/\/semmelweis.hu\/gyogyszertar\/files\/2016\/05\/KKE-13_2016.-sz._t\u00e9teles-elj\u00e1r\u00e1srend.pdf\" target=\"_blank\" rel=\"noopener noreferrer\">A Semmelweis Egyetem elj\u00e1r\u00e1srendje a t\u00e9teles elsz\u00e1mol\u00e1s\u00fa gy\u00f3gyszerek kezel\u00e9s\u00e9re vonatkoz\u00f3an<\/a><\/li>\n<\/ul>\n<p>&nbsp;<\/p>\n","protected":false},"excerpt":{"rendered":"<p><a href=\"https:\/\/semmelweis.hu\/gyogyszertar\/files\/2016\/05\/KKE-13_2016.-sz._t\u00e9teles-elj\u00e1r\u00e1srend.pdf\" target=\"_blank\" rel=\"noopener noreferrer\">A Semmelweis Egyetem elj\u00e1r\u00e1srendje a t\u00e9teles elsz\u00e1mol\u00e1s\u00fa gy\u00f3gyszerek kezel\u00e9s\u00e9re vonatkoz\u00f3an<\/a><\/p>\n<p>&nbsp;<\/p>\n","protected":false},"author":357,"featured_media":0,"parent":2232,"menu_order":0,"comment_status":"closed","ping_status":"closed","template":"","meta":{"_acf_changed":false,"footnotes":""},"categories":[],"tags":[],"class_list":["post-2370","page","type-page","status-publish","hentry"],"acf":[],"_links":{"self":[{"href":"https:\/\/semmelweis.hu\/gyogyszertar\/wp-json\/wp\/v2\/pages\/2370","targetHints":{"allow":["GET"]}}],"collection":[{"href":"https:\/\/semmelweis.hu\/gyogyszertar\/wp-json\/wp\/v2\/pages"}],"about":[{"href":"https:\/\/semmelweis.hu\/gyogyszertar\/wp-json\/wp\/v2\/types\/page"}],"author":[{"embeddable":true,"href":"https:\/\/semmelweis.hu\/gyogyszertar\/wp-json\/wp\/v2\/users\/357"}],"replies":[{"embeddable":true,"href":"https:\/\/semmelweis.hu\/gyogyszertar\/wp-json\/wp\/v2\/comments?post=2370"}],"version-history":[{"count":7,"href":"https:\/\/semmelweis.hu\/gyogyszertar\/wp-json\/wp\/v2\/pages\/2370\/revisions"}],"predecessor-version":[{"id":9897,"href":"https:\/\/semmelweis.hu\/gyogyszertar\/wp-json\/wp\/v2\/pages\/2370\/revisions\/9897"}],"up":[{"embeddable":true,"href":"https:\/\/semmelweis.hu\/gyogyszertar\/wp-json\/wp\/v2\/pages\/2232"}],"wp:attachment":[{"href":"https:\/\/semmelweis.hu\/gyogyszertar\/wp-json\/wp\/v2\/media?parent=2370"}],"wp:term":[{"taxonomy":"category","embeddable":true,"href":"https:\/\/semmelweis.hu\/gyogyszertar\/wp-json\/wp\/v2\/categories?post=2370"},{"taxonomy":"post_tag","embeddable":true,"href":"https:\/\/semmelweis.hu\/gyogyszertar\/wp-json\/wp\/v2\/tags?post=2370"}],"curies":[{"name":"wp","href":"https:\/\/api.w.org\/{rel}","templated":true}]}}