{"id":2247,"date":"2016-01-20T11:15:16","date_gmt":"2016-01-20T10:15:16","guid":{"rendered":"http:\/\/semmelweis.hu\/gyogyszertar\/?page_id=2247"},"modified":"2021-09-08T13:51:54","modified_gmt":"2021-09-08T11:51:54","slug":"egyedi-import","status":"publish","type":"page","link":"https:\/\/semmelweis.hu\/gyogyszertar\/gyogyszerellatas-index\/dokumentumok-nyomtatvanyok\/egyedi-import\/","title":{"rendered":"Egyedi Import"},"content":{"rendered":"<ul style=\"list-style-type: disc\">\n<li><a href=\"https:\/\/semmelweis.hu\/gyogyszertar\/files\/2021\/09\/korhazi.doc\">Fekv\u0151beteg ig\u00e9nyl\u0151lap<\/a><\/li>\n<li><a href=\"https:\/\/semmelweis.hu\/gyogyszertar\/files\/2021\/09\/JaRoBETEG-GYoGYSZERIGeNYLo-LAP150903.docx\">J\u00e1r\u00f3beteg ig\u00e9nyl\u0151lap\u00a0<\/a><\/li>\n<li><a href=\"https:\/\/semmelweis.hu\/gyogyszertar\/files\/2021\/09\/jarobeteg_hossz.doc\">J\u00e1r\u00f3beteg hosszabb\u00edt\u00e1s<\/a><\/li>\n<\/ul>\n","protected":false},"excerpt":{"rendered":"<p><a href=\"https:\/\/semmelweis.hu\/gyogyszertar\/files\/2021\/09\/korhazi.doc\">Fekv\u0151beteg ig\u00e9nyl\u0151lap<\/a><br \/>\n<a href=\"https:\/\/semmelweis.hu\/gyogyszertar\/files\/2021\/09\/JaRoBETEG-GYoGYSZERIGeNYLo-LAP150903.docx\">J\u00e1r\u00f3beteg ig\u00e9nyl\u0151lap\u00a0<\/a><br \/>\n<a href=\"https:\/\/semmelweis.hu\/gyogyszertar\/files\/2021\/09\/jarobeteg_hossz.doc\">J\u00e1r\u00f3beteg hosszabb\u00edt\u00e1s<\/a><\/p>\n","protected":false},"author":357,"featured_media":0,"parent":2235,"menu_order":0,"comment_status":"closed","ping_status":"closed","template":"","meta":{"_acf_changed":false,"footnotes":""},"categories":[],"tags":[],"class_list":["post-2247","page","type-page","status-publish","hentry"],"acf":[],"_links":{"self":[{"href":"https:\/\/semmelweis.hu\/gyogyszertar\/wp-json\/wp\/v2\/pages\/2247","targetHints":{"allow":["GET"]}}],"collection":[{"href":"https:\/\/semmelweis.hu\/gyogyszertar\/wp-json\/wp\/v2\/pages"}],"about":[{"href":"https:\/\/semmelweis.hu\/gyogyszertar\/wp-json\/wp\/v2\/types\/page"}],"author":[{"embeddable":true,"href":"https:\/\/semmelweis.hu\/gyogyszertar\/wp-json\/wp\/v2\/users\/357"}],"replies":[{"embeddable":true,"href":"https:\/\/semmelweis.hu\/gyogyszertar\/wp-json\/wp\/v2\/comments?post=2247"}],"version-history":[{"count":10,"href":"https:\/\/semmelweis.hu\/gyogyszertar\/wp-json\/wp\/v2\/pages\/2247\/revisions"}],"predecessor-version":[{"id":8800,"href":"https:\/\/semmelweis.hu\/gyogyszertar\/wp-json\/wp\/v2\/pages\/2247\/revisions\/8800"}],"up":[{"embeddable":true,"href":"https:\/\/semmelweis.hu\/gyogyszertar\/wp-json\/wp\/v2\/pages\/2235"}],"wp:attachment":[{"href":"https:\/\/semmelweis.hu\/gyogyszertar\/wp-json\/wp\/v2\/media?parent=2247"}],"wp:term":[{"taxonomy":"category","embeddable":true,"href":"https:\/\/semmelweis.hu\/gyogyszertar\/wp-json\/wp\/v2\/categories?post=2247"},{"taxonomy":"post_tag","embeddable":true,"href":"https:\/\/semmelweis.hu\/gyogyszertar\/wp-json\/wp\/v2\/tags?post=2247"}],"curies":[{"name":"wp","href":"https:\/\/api.w.org\/{rel}","templated":true}]}}