{"id":2232,"date":"2016-01-14T11:53:18","date_gmt":"2016-01-14T10:53:18","guid":{"rendered":"http:\/\/semmelweis.hu\/gyogyszertar\/?page_id=2232"},"modified":"2024-07-09T10:10:53","modified_gmt":"2024-07-09T08:10:53","slug":"szabalyzatok-eljarasrendek","status":"publish","type":"page","link":"https:\/\/semmelweis.hu\/gyogyszertar\/gyogyszerellatas-index\/szabalyzatok-eljarasrendek\/","title":{"rendered":"Szab\u00e1lyzatok, elj\u00e1r\u00e1srendek"},"content":{"rendered":"<ul>\n<li style=\"text-align: left\"><a href=\"https:\/\/semmelweis.hu\/gyogyszertar\/files\/2022\/08\/Gyogyszerellatasi_szabalyzat_hataly_2022_V_21.pdf\" target=\"_blank\" rel=\"noopener\">Gy\u00f3gyszerell\u00e1t\u00e1si Szab\u00e1lyzat 2022<\/a><\/li>\n<li style=\"text-align: left\"><a href=\"https:\/\/semmelweis.hu\/gyogyszertar\/files\/2017\/03\/2.sz_.mell\u00e9klet.docx\">2.sz mell\u00e9klet: Gy\u00f3gyszer-alaplist\u00e1n nem szerepl\u0151 gy\u00f3gyszer egyedi ig\u00e9nyl\u0151lap<\/a><\/li>\n<li style=\"text-align: left\"><a class=\"keklink\" href=\"https:\/\/semmelweis.hu\/gyogyszertar\/teteles-elszamolasu-gyogyszerek-kezelesi-rendje\/\">T\u00e9teles elsz\u00e1mol\u00e1s\u00fa gy\u00f3gyszerek<\/a><\/li>\n<li style=\"text-align: left\"><a href=\"https:\/\/semmelweis.hu\/gyogyszertar\/gyogyszerellatas-index\/egyedi_meltanyossag\/\">A Semmelweis Egyetem elj\u00e1r\u00e1srendje a ritka betegs\u00e9gek (orphan) gy\u00f3gyszereinek, illetve az egyedi m\u00e9lt\u00e1nyoss\u00e1g \u00fatj\u00e1n t\u00e1mogatott gy\u00f3gyszerek kezel\u00e9s\u00e9re vonatkoz\u00f3an<\/a><\/li>\n<li style=\"text-align: left\"><a href=\"https:\/\/semmelweis.hu\/gyogyszertar\/files\/2024\/07\/SE-EGYI-BKT-MU-33.docx\">Hepatitis C kezel\u00e9s\u00e9re szolg\u00e1l\u00f3 gy\u00f3gyszerek kezel\u00e9s\u00e9nek elj\u00e1r\u00e1srendje<\/a><\/li>\n<li style=\"text-align: left\"><a class=\"keklink\" href=\"http:\/\/www.ogyei.gov.hu\/indikacion_tuli_gyogyszerrendeles\/\">Indik\u00e1ci\u00f3n t\u00fali gy\u00f3gyszerrendel\u00e9s<\/a><\/li>\n<li style=\"text-align: left\"><a href=\"https:\/\/semmelweis.hu\/gyogyszertar\/gyogyszerellatas-index\/jogszabalyok\/\">Jogszab\u00e1lyok<\/a><\/li>\n<li style=\"text-align: left\"><a class=\"keklink\" href=\"http:\/\/www.ogyei.gov.hu\/gyogyszereszeti_modszertan\/\" target=\"_blank\" rel=\"noopener noreferrer\">NNGYK hat\u00e1lyos ir\u00e1nyelvei, m\u00f3dszertani levelei<\/a><\/li>\n<li><a href=\"https:\/\/semmelweis.hu\/gyogyszertar\/files\/2024\/02\/A-Voraxaze-glucarpidase-surgossegi-megrendelese.pdf\" target=\"_blank\" rel=\"noopener\">A Voraxaze (glucarpidase) s\u00fcrg\u0151ss\u00e9gi megrendel\u00e9se<\/a><\/li>\n<\/ul>\n<h3>Mell\u00e9khat\u00e1sok kezel\u00e9se<\/h3>\n<ul>\n<li style=\"text-align: left\"><a href=\"https:\/\/ogyei.gov.hu\/mellekhatas_bejelentesek\" target=\"_blank\" rel=\"noopener noreferrer\">Mell\u00e9khat\u00e1s bejelent\u00e9s<\/a><\/li>\n<li style=\"text-align: left\"><a href=\"https:\/\/www.ogyei.gov.hu\/farmakovigilancia\" target=\"_blank\" rel=\"noopener noreferrer\">Farmakovigilancia<\/a><\/li>\n<li style=\"text-align: left\"><a href=\"http:\/\/www.ogyi.hu\/dhpc_levelek\/\">Fontos gy\u00f3gyszerbiztons\u00e1gi inform\u00e1ci\u00f3kr\u00f3l sz\u00f3l\u00f3 t\u00e1j\u00e9koztat\u00f3 lev\u00e9l (DHPC)<\/a><\/li>\n<\/ul>\n<p>&nbsp;<\/p>\n","protected":false},"excerpt":{"rendered":"<p><a href=\"https:\/\/semmelweis.hu\/gyogyszertar\/files\/2022\/08\/Gyogyszerellatasi_szabalyzat_hataly_2022_V_21.pdf\" target=\"_blank\" rel=\"noopener\">Gy\u00f3gyszerell\u00e1t\u00e1si Szab\u00e1lyzat 2022<\/a><br \/>\n<a href=\"https:\/\/semmelweis.hu\/gyogyszertar\/files\/2017\/03\/2.sz_.mell\u00e9klet.docx\">2.sz mell\u00e9klet: Gy\u00f3gyszer-alaplist\u00e1n nem szerepl\u0151 gy\u00f3gyszer egyedi ig\u00e9nyl\u0151lap<\/a><br \/>\n<a class=\"keklink\" href=\"https:\/\/semmelweis.hu\/gyogyszertar\/teteles-elszamolasu-gyogyszerek-kezelesi-rendje\/\">T\u00e9teles elsz\u00e1mol\u00e1s\u00fa gy\u00f3gyszerek<\/a><br \/>\n<a href=\"https:\/\/semmelweis.hu\/gyogyszertar\/gyogyszerellatas-index\/egyedi_meltanyossag\/\">A Semmelweis Egyetem elj\u00e1r\u00e1srendje a ritka betegs\u00e9gek (orphan) gy\u00f3gyszereinek, illetve az egyedi m\u00e9lt\u00e1nyoss\u00e1g \u00fatj\u00e1n t\u00e1mogatott gy\u00f3gyszerek kezel\u00e9s\u00e9re vonatkoz\u00f3an<\/a><br \/>\n<a href=\"https:\/\/semmelweis.hu\/gyogyszertar\/files\/2024\/07\/SE-EGYI-BKT-MU-33.docx\">Hepatitis C kezel\u00e9s\u00e9re szolg\u00e1l\u00f3 gy\u00f3gyszerek kezel\u00e9s\u00e9nek elj\u00e1r\u00e1srendje<\/a><br \/>\n<a class=\"keklink\" href=\"http:\/\/www.ogyei.gov.hu\/indikacion_tuli_gyogyszerrendeles\/\">Indik\u00e1ci\u00f3n t\u00fali gy\u00f3gyszerrendel\u00e9s<\/a><br \/>\n<a href=\"https:\/\/semmelweis.hu\/gyogyszertar\/gyogyszerellatas-index\/jogszabalyok\/\">Jogszab\u00e1lyok<\/a><br \/>\n<a class=\"keklink\" href=\"http:\/\/www.ogyei.gov.hu\/gyogyszereszeti_modszertan\/\" target=\"_blank\" rel=\"noopener noreferrer\">NNGYK hat\u00e1lyos ir\u00e1nyelvei, m\u00f3dszertani levelei<\/a><br \/>\n<a href=\"https:\/\/semmelweis.hu\/gyogyszertar\/files\/2024\/02\/A-Voraxaze-glucarpidase-surgossegi-megrendelese.pdf\" target=\"_blank\" rel=\"noopener\">A Voraxaze (glucarpidase) s\u00fcrg\u0151ss\u00e9gi megrendel\u00e9se<\/a><\/p>\n<p>Mell\u00e9khat\u00e1sok kezel\u00e9se<\/p>\n<p><a href=\"https:\/\/ogyei.gov.hu\/mellekhatas_bejelentesek\" target=\"_blank\" rel=\"noopener noreferrer\">Mell\u00e9khat\u00e1s bejelent\u00e9s<\/a><br \/>\n<a href=\"https:\/\/www.ogyei.gov.hu\/farmakovigilancia\" target=\"_blank\" rel=\"noopener noreferrer\">Farmakovigilancia<\/a><br \/>\n<a href=\"http:\/\/www.ogyi.hu\/dhpc_levelek\/\">Fontos gy\u00f3gyszerbiztons\u00e1gi inform\u00e1ci\u00f3kr\u00f3l sz\u00f3l\u00f3 t\u00e1j\u00e9koztat\u00f3 lev\u00e9l (DHPC)<\/a><\/p>\n<p>&nbsp;<\/p>\n","protected":false},"author":357,"featured_media":0,"parent":7,"menu_order":2,"comment_status":"closed","ping_status":"closed","template":"","meta":{"_acf_changed":false,"footnotes":""},"categories":[],"tags":[],"class_list":["post-2232","page","type-page","status-publish","hentry"],"acf":[],"_links":{"self":[{"href":"https:\/\/semmelweis.hu\/gyogyszertar\/wp-json\/wp\/v2\/pages\/2232","targetHints":{"allow":["GET"]}}],"collection":[{"href":"https:\/\/semmelweis.hu\/gyogyszertar\/wp-json\/wp\/v2\/pages"}],"about":[{"href":"https:\/\/semmelweis.hu\/gyogyszertar\/wp-json\/wp\/v2\/types\/page"}],"author":[{"embeddable":true,"href":"https:\/\/semmelweis.hu\/gyogyszertar\/wp-json\/wp\/v2\/users\/357"}],"replies":[{"embeddable":true,"href":"https:\/\/semmelweis.hu\/gyogyszertar\/wp-json\/wp\/v2\/comments?post=2232"}],"version-history":[{"count":10,"href":"https:\/\/semmelweis.hu\/gyogyszertar\/wp-json\/wp\/v2\/pages\/2232\/revisions"}],"predecessor-version":[{"id":10091,"href":"https:\/\/semmelweis.hu\/gyogyszertar\/wp-json\/wp\/v2\/pages\/2232\/revisions\/10091"}],"up":[{"embeddable":true,"href":"https:\/\/semmelweis.hu\/gyogyszertar\/wp-json\/wp\/v2\/pages\/7"}],"wp:attachment":[{"href":"https:\/\/semmelweis.hu\/gyogyszertar\/wp-json\/wp\/v2\/media?parent=2232"}],"wp:term":[{"taxonomy":"category","embeddable":true,"href":"https:\/\/semmelweis.hu\/gyogyszertar\/wp-json\/wp\/v2\/categories?post=2232"},{"taxonomy":"post_tag","embeddable":true,"href":"https:\/\/semmelweis.hu\/gyogyszertar\/wp-json\/wp\/v2\/tags?post=2232"}],"curies":[{"name":"wp","href":"https:\/\/api.w.org\/{rel}","templated":true}]}}