{"id":2229,"date":"2016-01-14T11:30:08","date_gmt":"2016-01-14T10:30:08","guid":{"rendered":"http:\/\/semmelweis.hu\/gyogyszertar\/?page_id=2229"},"modified":"2026-04-13T07:36:15","modified_gmt":"2026-04-13T05:36:15","slug":"aktualitasok-hirlevel","status":"publish","type":"page","link":"https:\/\/semmelweis.hu\/gyogyszertar\/gyogyszerellatas-index\/aktualitasok-hirlevel\/","title":{"rendered":"Aktualit\u00e1sok"},"content":{"rendered":"<div class=\"responsive-tabs\">\n<h2 class=\"tabtitle\">Lelt\u00e1r<\/h2>\n<div class=\"tabcontent\">\n\n<p><span style=\"font-size: 14pt\"><strong>Lelt\u00e1r 2025<\/strong><\/span><\/p>\n<ul>\n<li style=\"text-align: left\"><a href=\"https:\/\/semmelweis.hu\/gyogyszertar\/files\/2025\/11\/Gyogyszer_Leltar_Segedlet_2025.doc\">Gy\u00f3gyszerlelt\u00e1r seg\u00e9dlet<\/a> &#8211; medsol<\/li>\n<li style=\"text-align: left\"><a href=\"https:\/\/semmelweis.hu\/gyogyszertar\/files\/2025\/11\/Leltar-2025-Osszefoglalo-tudnivalok.docx\">\u00d6sszefoglal\u00f3 tudnival\u00f3k<\/a><\/li>\n<\/ul>\n\n<\/div><h2 class=\"tabtitle\">T\u00e9teles kv\u00f3ta\u00e1ll\u00e1s<\/h2>\n<div class=\"tabcontent\">\n\n<p style=\"text-align: left\"><span style=\"font-size: 14pt\"><strong>T\u00e9teles kv\u00f3ta\u00e1ll\u00e1s<\/strong><\/span><\/p>\n<ul>\n<li><a href=\"https:\/\/semmelweis.hu\/gyogyszertar\/files\/2026\/04\/Uj-kvotatablazat-2026.04.10.pdf\" target=\"_blank\" rel=\"noopener\">2026. \u00e1prilis 10<\/a><\/li>\n<li><a href=\"https:\/\/semmelweis.hu\/gyogyszertar\/files\/2026\/04\/Uj-kvotatablazat-2026.04.02.pdf\" target=\"_blank\" rel=\"noopener\">2026. \u00e1prilis 02<\/a><\/li>\n<li><a href=\"https:\/\/semmelweis.hu\/gyogyszertar\/files\/2026\/03\/Uj-kvotatablazat-2026.03.27.pdf\" target=\"_blank\" rel=\"noopener\">2026. m\u00e1rcius 27<\/a><\/li>\n<\/ul>\n\n<\/div><h2 class=\"tabtitle\">Int\u00e9zeti kisz\u00e1ll\u00edt\u00e1sok rendje<\/h2>\n<div class=\"tabcontent\">\n\n<p><span style=\"font-size: 18.6667px\"><b>Int\u00e9zeti kisz\u00e1ll\u00edt\u00e1sok rendje<\/b><\/span><\/p>\n<ul>\n<li><a href=\"https:\/\/semmelweis.hu\/gyogyszertar\/files\/2025\/10\/2026.-evi-intezeti-kiszallitasok-rendje_132910_GYEGY_2025.pdf\" target=\"_blank\" rel=\"noopener\">2026<\/a><\/li>\n<\/ul>\n<\/div><\/div>\n","protected":false},"excerpt":{"rendered":"<p>Lelt\u00e1r 2025<\/p>\n<p><a href=\"https:\/\/semmelweis.hu\/gyogyszertar\/files\/2025\/11\/Gyogyszer_Leltar_Segedlet_2025.doc\">Gy\u00f3gyszerlelt\u00e1r seg\u00e9dlet<\/a> &#8211; medsol<br \/>\n<a href=\"https:\/\/semmelweis.hu\/gyogyszertar\/files\/2025\/11\/Leltar-2025-Osszefoglalo-tudnivalok.docx\">\u00d6sszefoglal\u00f3 tudnival\u00f3k<\/a><\/p>\n<p>T\u00e9teles kv\u00f3ta\u00e1ll\u00e1s<\/p>\n<p><a href=\"https:\/\/semmelweis.hu\/gyogyszertar\/files\/2026\/04\/Uj-kvotatablazat-2026.04.10.pdf\" target=\"_blank\" rel=\"noopener\">2026. \u00e1prilis 10<\/a><br \/>\n<a href=\"https:\/\/semmelweis.hu\/gyogyszertar\/files\/2026\/04\/Uj-kvotatablazat-2026.04.02.pdf\" target=\"_blank\" rel=\"noopener\">2026. \u00e1prilis 02<\/a><br \/>\n<a href=\"https:\/\/semmelweis.hu\/gyogyszertar\/files\/2026\/03\/Uj-kvotatablazat-2026.03.27.pdf\" target=\"_blank\" rel=\"noopener\">2026. m\u00e1rcius 27<\/a><\/p>\n<p>Int\u00e9zeti kisz\u00e1ll\u00edt\u00e1sok rendje<\/p>\n<p><a href=\"https:\/\/semmelweis.hu\/gyogyszertar\/files\/2025\/10\/2026.-evi-intezeti-kiszallitasok-rendje_132910_GYEGY_2025.pdf\" target=\"_blank\" rel=\"noopener\">2026<\/a><\/p>\n","protected":false},"author":357,"featured_media":0,"parent":7,"menu_order":1,"comment_status":"closed","ping_status":"closed","template":"","meta":{"_acf_changed":false,"footnotes":""},"categories":[],"tags":[],"class_list":["post-2229","page","type-page","status-publish","hentry"],"acf":[],"_links":{"self":[{"href":"https:\/\/semmelweis.hu\/gyogyszertar\/wp-json\/wp\/v2\/pages\/2229","targetHints":{"allow":["GET"]}}],"collection":[{"href":"https:\/\/semmelweis.hu\/gyogyszertar\/wp-json\/wp\/v2\/pages"}],"about":[{"href":"https:\/\/semmelweis.hu\/gyogyszertar\/wp-json\/wp\/v2\/types\/page"}],"author":[{"embeddable":true,"href":"https:\/\/semmelweis.hu\/gyogyszertar\/wp-json\/wp\/v2\/users\/357"}],"replies":[{"embeddable":true,"href":"https:\/\/semmelweis.hu\/gyogyszertar\/wp-json\/wp\/v2\/comments?post=2229"}],"version-history":[{"count":11,"href":"https:\/\/semmelweis.hu\/gyogyszertar\/wp-json\/wp\/v2\/pages\/2229\/revisions"}],"predecessor-version":[{"id":11340,"href":"https:\/\/semmelweis.hu\/gyogyszertar\/wp-json\/wp\/v2\/pages\/2229\/revisions\/11340"}],"up":[{"embeddable":true,"href":"https:\/\/semmelweis.hu\/gyogyszertar\/wp-json\/wp\/v2\/pages\/7"}],"wp:attachment":[{"href":"https:\/\/semmelweis.hu\/gyogyszertar\/wp-json\/wp\/v2\/media?parent=2229"}],"wp:term":[{"taxonomy":"category","embeddable":true,"href":"https:\/\/semmelweis.hu\/gyogyszertar\/wp-json\/wp\/v2\/categories?post=2229"},{"taxonomy":"post_tag","embeddable":true,"href":"https:\/\/semmelweis.hu\/gyogyszertar\/wp-json\/wp\/v2\/tags?post=2229"}],"curies":[{"name":"wp","href":"https:\/\/api.w.org\/{rel}","templated":true}]}}