{"id":1906,"date":"2015-10-21T15:23:02","date_gmt":"2015-10-21T13:23:02","guid":{"rendered":"http:\/\/semmelweis.hu\/gyogyszertar\/?page_id=1906"},"modified":"2026-03-20T07:19:17","modified_gmt":"2026-03-20T06:19:17","slug":"ugyelet","status":"publish","type":"page","link":"https:\/\/semmelweis.hu\/gyogyszertar\/ugyelet\/","title":{"rendered":"\u00dcgyeleti rend"},"content":{"rendered":"<p style=\"text-align: left\"><b>Megsz\u0171nt a 20-666-3190-es k\u00f6zponti, k\u00e9szenl\u00e9ti\u00a0\u00fcgyeleti sz\u00e1m!<\/b><\/p>\n<p style=\"text-align: left\">A k\u00e9szenl\u00e9ti \u00fcgyelet munkaid\u0151n k\u00edv\u00fcli id\u0151szakokban el\u00e9rhet\u0151.<br \/>\nMunkanapokon munkaid\u0151 ut\u00e1n (H,K: 16.00, Sz,Cs: 15.30, P: 14.30) m\u00e1snap reggel munkakezd\u00e9sig (7.30), <span style=\"color: #0000ff\">\u00fcnnep \u00e9s munkasz\u00fcneti napokon az adott napra megadott gy\u00f3gyszer\u00e9sz saj\u00e1t sz\u00e1m\u00e1n, aznap reggel 8.00-t\u00f3l m\u00e1snap reggel 8.00-ig h\u00edvhat\u00f3.<\/span><\/p>\n<p style=\"text-align: left\"><strong>Az EGYGYSZI m\u0171k\u00f6d\u00e9si ideje<\/strong>:<\/p>\n<p style=\"text-align: left;padding-left: 40px\">H\u00e9tf\u0151-Kedd: 7:30-16:00 \u00f3r\u00e1ig<br \/>\nSzerda-Cs\u00fct\u00f6rt\u00f6k: 7:30-15:30 \u00f3r\u00e1ig<br \/>\nP\u00e9ntek: 7:30-14:30 \u00f3r\u00e1ig<\/p>\n<p style=\"text-align: left\"><strong>A k\u00e9szenl\u00e9ti \u00fcgyeletes telefonsz\u00e1ma megtal\u00e1lhat\u00f3 az al\u00e1bbi \u00fcgyeleti rendben<\/strong>:<\/p>\n<ul>\n<li><a href=\"https:\/\/semmelweis.hu\/gyogyszertar\/files\/2026\/03\/Ugyelet-202604_aprilis.pdf\" target=\"_blank\" rel=\"noopener\"><b>Az EGYGYSZI k\u00e9szenl\u00e9ti \u00fcgyeleti rendje &#8211; 2026 \u00e1prilis<\/b><\/a><\/li>\n<li><a href=\"https:\/\/semmelweis.hu\/gyogyszertar\/files\/2026\/02\/Ugyelet-202603_marcius.pdf\" target=\"_blank\" rel=\"noopener\"><b>Az EGYGYSZI k\u00e9szenl\u00e9ti \u00fcgyeleti rendje &#8211; 2026 m\u00e1rcius<\/b><\/a><\/li>\n<\/ul>\n","protected":false},"excerpt":{"rendered":"<p>Megsz\u0171nt a 20-666-3190-es k\u00f6zponti, k\u00e9szenl\u00e9ti\u00a0\u00fcgyeleti sz\u00e1m! A k\u00e9szenl\u00e9ti \u00fcgyelet munkaid\u0151n k\u00edv\u00fcli id\u0151szakokban el\u00e9rhet\u0151. Munkanapokon munkaid\u0151 ut\u00e1n (H,K: 16.00, Sz,Cs: 15.30, P: 14.30) m\u00e1snap reggel munkakezd\u00e9sig (7.30), \u00fcnnep \u00e9s munkasz\u00fcneti napokon az adott napra megadott gy\u00f3gyszer\u00e9sz saj\u00e1t sz\u00e1m\u00e1n, aznap reggel 8.00-t\u00f3l m\u00e1snap reggel 8.00-ig h\u00edvhat\u00f3. Az EGYGYSZI m\u0171k\u00f6d\u00e9si ideje: H\u00e9tf\u0151-Kedd: 7:30-16:00 \u00f3r\u00e1ig Szerda-Cs\u00fct\u00f6rt\u00f6k: 7:30-15:30 \u00f3r\u00e1ig P\u00e9ntek: &hellip;<\/p>\n","protected":false},"author":357,"featured_media":0,"parent":0,"menu_order":2,"comment_status":"closed","ping_status":"closed","template":"","meta":{"_acf_changed":false,"footnotes":""},"categories":[],"tags":[],"class_list":["post-1906","page","type-page","status-publish","hentry"],"acf":[],"_links":{"self":[{"href":"https:\/\/semmelweis.hu\/gyogyszertar\/wp-json\/wp\/v2\/pages\/1906","targetHints":{"allow":["GET"]}}],"collection":[{"href":"https:\/\/semmelweis.hu\/gyogyszertar\/wp-json\/wp\/v2\/pages"}],"about":[{"href":"https:\/\/semmelweis.hu\/gyogyszertar\/wp-json\/wp\/v2\/types\/page"}],"author":[{"embeddable":true,"href":"https:\/\/semmelweis.hu\/gyogyszertar\/wp-json\/wp\/v2\/users\/357"}],"replies":[{"embeddable":true,"href":"https:\/\/semmelweis.hu\/gyogyszertar\/wp-json\/wp\/v2\/comments?post=1906"}],"version-history":[{"count":11,"href":"https:\/\/semmelweis.hu\/gyogyszertar\/wp-json\/wp\/v2\/pages\/1906\/revisions"}],"predecessor-version":[{"id":11309,"href":"https:\/\/semmelweis.hu\/gyogyszertar\/wp-json\/wp\/v2\/pages\/1906\/revisions\/11309"}],"wp:attachment":[{"href":"https:\/\/semmelweis.hu\/gyogyszertar\/wp-json\/wp\/v2\/media?parent=1906"}],"wp:term":[{"taxonomy":"category","embeddable":true,"href":"https:\/\/semmelweis.hu\/gyogyszertar\/wp-json\/wp\/v2\/categories?post=1906"},{"taxonomy":"post_tag","embeddable":true,"href":"https:\/\/semmelweis.hu\/gyogyszertar\/wp-json\/wp\/v2\/tags?post=1906"}],"curies":[{"name":"wp","href":"https:\/\/api.w.org\/{rel}","templated":true}]}}