{"id":1879,"date":"2015-10-12T08:33:58","date_gmt":"2015-10-12T06:33:58","guid":{"rendered":"http:\/\/semmelweis.hu\/gyogyszertar\/?page_id=1879"},"modified":"2025-09-29T11:59:31","modified_gmt":"2025-09-29T09:59:31","slug":"belso-klinkai-tomb-intezeti-reszleg","status":"publish","type":"page","link":"https:\/\/semmelweis.hu\/gyogyszertar\/rolunk\/osztalyok\/belso-klinkai-tomb-intezeti-reszleg\/","title":{"rendered":"Bels\u0151 Klinikai T\u00f6mb Int\u00e9zeti R\u00e9szleg"},"content":{"rendered":"<div class=\"responsive-tabs\">\n<h2 class=\"tabtitle\">Bemutat\u00e1s<\/h2>\n<div class=\"tabcontent\">\n\n<p><strong>El\u00e9rhet\u0151s\u00e9gek:<br \/>\n<\/strong>1085 Budapest, \u00dcll\u0151i \u00fat 26.<br \/>\nTelefon: +36-30-016-4110<br \/>\nFax:\u00a0 459-15-00\/55056<br \/>\nspeci[kukac]semmelweis.hu<\/p>\n<p><strong>Nyitvatart\u00e1s:<br \/>\n<\/strong>H\u00e9tf\u0151-Kedd: 7:30 \u2013 16:00<br \/>\nSzerda-Cs\u00fct\u00f6rt\u00f6k: 7:30 \u2013 15:30<br \/>\nP\u00e9ntek: 7:30 \u2013 14:30<\/p>\n<p>Az Egyetemi Gy\u00f3gyszert\u00e1r K\u00fatv\u00f6lgyi \u00fati R\u00e9szlege telephelye egy 2018. \u00e9vi korm\u00e1nyhat\u00e1rozat alapj\u00e1n megsz\u0171nt, ez\u00e9rt \u00e1tk\u00f6lt\u00f6z\u00f6tt a Bels\u0151 Klinikai T\u00f6mbbe, ahol 2020. m\u00e1rcius\u00e1ra kialak\u00edt\u00e1sra ker\u00fclt az \u00faj gy\u00f3gyszert\u00e1r, els\u0151 l\u00e9p\u00e9sben annak k\u00f6zvetlen lakoss\u00e1gi gy\u00f3gyszerell\u00e1t\u00f3 egys\u00e9ge. Az \u00faj helyen \u00faj n\u00e9vvel \u2013 Benedekf\u0171 Patika \u2013 m\u00e1rcius 24-\u00e9n indult meg a munka.<\/p>\n<p>A k\u00f6vetkez\u0151 l\u00e9p\u00e9sben, 2020. augusztus 1-re elk\u00e9sz\u00fclt az int\u00e9zeti gy\u00f3gyszert\u00e1ri r\u00e9szleg is, amelyik a t\u00f6mb klinik\u00e1inak gy\u00f3gyszerell\u00e1t\u00e1s\u00e1t hivatott biztos\u00edtani a H\u0151gyes Endre utc\u00e1b\u00f3l ide k\u00f6lt\u00f6ztetett Gy\u00e1ri K\u00e9sz\u00edtm\u00e9nyek oszt\u00e1ly\u00e1val egyes\u00edtve.<\/p>\n<p>A k\u00e9t, egym\u00e1st\u00f3l j\u00f3l elk\u00fcl\u00f6n\u00edthet\u0151 r\u00e9szleg \u2013 lakoss\u00e1gi ell\u00e1t\u00f3 r\u00e9szleg, int\u00e9zeti gy\u00f3gyszert\u00e1r \u2013 a bels\u0151 t\u00f6mb\u00e9p\u00fclet f\u00f6ldszintj\u00e9n kapott helyet.<\/p>\n<p>Telephely\u00fcnk feladata a Semmelweis Egyetem bels\u0151 klinikai t\u00f6mb vonz\u00e1sk\u00f6rzet\u00e9ben l\u00e9v\u0151 klinik\u00e1inak gy\u00e1ri k\u00e9sz\u00edtm\u00e9nyekkel (gy\u00f3gyszer-k\u00f6tszer-inf\u00fazi\u00f3-fert\u0151tlen\u00edt\u0151szer) t\u00f6rt\u00e9n\u0151 folyamatos, biztons\u00e1gos, k\u00f6lts\u00e9gtakar\u00e9kos ell\u00e1t\u00e1sa, valamint ehhez kapcsol\u00f3d\u00f3an a klinik\u00e1k gy\u00f3gyszerfelel\u0151seinek, orvosainak, szakdolgoz\u00f3inak gy\u00f3gyszer\u00e9szi t\u00e1j\u00e9koztat\u00e1s biztos\u00edt\u00e1sa. Ez kiterjed a haz\u00e1nkban forgalomba hozatali enged\u00e9llyel rendelkez\u0151 gy\u00f3gyszerekre, k\u00f6tszerekre, fert\u0151tlen\u00edt\u0151 szerekre, valamint az egyedi importk\u00e9nt be\u00e9rkez\u0151 k\u00fclf\u00f6ldi k\u00e9sz\u00edtm\u00e9nyekre egyar\u00e1nt.<\/p>\n<p>A gy\u00f3gyszert\u00e1r heti, illetve napi, ak\u00e1r t\u00f6bbsz\u00f6ri, statim megrendel\u00e9seket teljes\u00edt az ell\u00e1t\u00e1si k\u00f6r\u00e9be tartoz\u00f3 klinik\u00e1k fel\u00e9, valamint szervezi a munkaid\u0151n k\u00edv\u00fcli \u00fcgyeleti ell\u00e1t\u00e1st is. T\u00e9teles elsz\u00e1mol\u00e1s\u00fa, orphan \u00e9s egyedi m\u00e9lt\u00e1nyoss\u00e1g \u00fatj\u00e1n finansz\u00edrozott k\u00e9sz\u00edtm\u00e9nyek eset\u00e9ben a k\u00fcl\u00f6n kisz\u00e1ll\u00edt\u00e1s biztos\u00edt\u00e1sa mellett nyomon k\u00f6veti a rendelkez\u00e9sre \u00e1ll\u00f3 kv\u00f3t\u00e1kat, az enged\u00e9lyek naprak\u00e9szs\u00e9g\u00e9t, valamint int\u00e9zi a sz\u00fcks\u00e9ges p\u00e9nz\u00fcgyi keretek biztos\u00edt\u00e1s\u00e1t. A r\u00e9szleg \u00e1ltal beszerzett k\u00e9sz\u00edtm\u00e9nyek eset\u00e9ben r\u00e9szt vesz a k\u00f6zbeszerz\u00e9sek ki\u00edr\u00e1s\u00e1ban, elb\u00edr\u00e1l\u00e1s\u00e1ban \u00e9s biztos\u00edtja az ezekben foglaltaknak megfelel\u0151 m\u0171k\u00f6d\u00e9st.<\/p>\n<p>Gyakorlati helyet biztos\u00edtunk hazai \u00e9s k\u00fclf\u00f6ldi gy\u00f3gyszer\u00e9szhallgat\u00f3k r\u00e9sz\u00e9re, ahol a hallgat\u00f3k betekint\u00e9st nyerhetnek az ell\u00e1t\u00e1s r\u00e9szleteibe, r\u00e9szv\u00e9teli lehet\u0151s\u00e9get biztos\u00edtunk a kapcsol\u00f3d\u00f3 munkafolyamatokban, megismertetve a hallgat\u00f3kat a speci\u00e1lisan csak fekv\u0151beteg ell\u00e1t\u00e1st ny\u00fajt\u00f3 int\u00e9zm\u00e9nyekben fellelhet\u0151 k\u00e9sz\u00edtm\u00e9nyekkel, \u00e9s az azokhoz kapcsol\u00f3d\u00f3 tudnival\u00f3kkal.<\/p>\n<p>Az Int\u00e9zet honlapj\u00e1n folyamatosan el\u00e9rhet\u0151v\u00e9 tessz\u00fck a gy\u00f3gyszerell\u00e1t\u00e1st \u00e9rint\u0151 inform\u00e1ci\u00f3kat, \u00e9s havi h\u00edrlev\u00e9lben t\u00e1j\u00e9koztatjuk a klinik\u00e1k gy\u00f3gyszerfelel\u0151seit az ell\u00e1t\u00e1si aktualit\u00e1sokr\u00f3l, a kedvezm\u00e9nyes \u00e1ron el\u00e9rhet\u0151 gy\u00f3gyszerekr\u0151l, adom\u00e1nyokr\u00f3l.<\/p>\n\n<\/div><h2 class=\"tabtitle\">Munkat\u00e1rsak<\/h2>\n<div class=\"tabcontent\">\n\n<p><strong>R\u00e9szlegvezet\u0151:<\/strong><\/p>\n<ul>\n<li>Dr. Horv\u00e1th Istv\u00e1n L\u00e1szl\u00f3 szakgy\u00f3gyszer\u00e9sz\n<\/li>\n<\/ul>\n<p><strong>Gy\u00f3gyszer\u00e9szek, Szakgy\u00f3gyszer\u00e9szek:<\/strong><\/p>\n<ul>\n<li>Dr. Albert J\u00e1nos gy\u00f3gyszer\u00e9sz<\/li>\n<li>Bark\u00f3czin\u00e9 Dr. Zsuk Ir\u00e9n szakgy\u00f3gyszer\u00e9sz<\/li>\n<li>Dr. Bencs\u00e1th Zs\u00f3fia szakgy\u00f3gyszer\u00e9sz<\/li>\n<li>Dr. Budai Anna Kinga szakgy\u00f3gyszer\u00e9sz (Gyermekgy\u00f3gy\u00e1szati Klinik\u00e1k)<\/li>\n<li>Dr. Demeter Zolt\u00e1n szakgy\u00f3gyszer\u00e9sz<\/li>\n<li>Dr. Lipt\u00e1k Adrienn szakgy\u00f3gyszer\u00e9sz (fert\u0151tlen\u00edt\u0151szer)<\/li>\n<li>Dr. M\u00e1kszem Em\u0151ke rezidens szakgy\u00f3gyszer\u00e9sz<\/li>\n<li>M\u00e9sz\u00e1rosn\u00e9 dr. Luk\u00e1cs Cintia K\u00edra szakgy\u00f3gyszer\u00e9sz<\/li>\n<li>Dr. Moln\u00e1r Zsuzsa szakgy\u00f3gyszer\u00e9sz<\/li>\n<li>Dr. Niederm\u00fcller \u00c1kos rezidens gy\u00f3gyszer\u00e9sz<\/li>\n<li>Dr. Nyiri Csaba szakgy\u00f3gyszer\u00e9sz (Gyermekgy\u00f3gy\u00e1szati Klinik\u00e1k)<\/li>\n<li>Szaszk\u00f3n\u00e9 dr. Mak\u00f3 Sarolta szakgy\u00f3gyszer\u00e9sz (B\u0151r-, Nemik\u00f3rtani \u00e9s B\u0151ronkol\u00f3giai Klinika)<\/li>\n<\/ul>\n<p><strong>Gy\u00f3gyszert\u00e1ri asszisztensek, szakasszisztensek:<br \/>\n<\/strong><\/p>\n<ul>\n<li>Bart\u00f3k Szilvia<\/li>\n<li>F\u00e1si Petra<\/li>\n<li>Hadnagy Nikolett<\/li>\n<li>Haller Vir\u00e1g<\/li>\n<li>Hegyi-Bodn\u00e1r Cintia (k\u00f6tszer) &#8211; T\u00e1voll\u00e9ten<\/li>\n<li>Sz\u0171cs Orsolya<\/li>\n<li>T\u00f3th-Vass Szilvia<\/li>\n<\/ul>\n<p><strong>Seg\u00e9dasszisztens:<\/strong><\/p>\n<ul>\n<li>Pent\u00e1ler J\u00e1nos<\/li>\n<\/ul>\n<\/div><\/div>\n","protected":false},"excerpt":{"rendered":"<p>El\u00e9rhet\u0151s\u00e9gek: 1085 Budapest, \u00dcll\u0151i \u00fat 26. Telefon: +36-30-016-4110 Fax:\u00a0 459-15-00\/55056 speci[kukac]semmelweis.hu Nyitvatart\u00e1s: H\u00e9tf\u0151-Kedd: 7:30 \u2013 16:00 Szerda-Cs\u00fct\u00f6rt\u00f6k: 7:30 \u2013 15:30 P\u00e9ntek: 7:30 \u2013 14:30 Az Egyetemi Gy\u00f3gyszert\u00e1r K\u00fatv\u00f6lgyi \u00fati R\u00e9szlege telephelye egy 2018. \u00e9vi korm\u00e1nyhat\u00e1rozat alapj\u00e1n megsz\u0171nt, ez\u00e9rt \u00e1tk\u00f6lt\u00f6z\u00f6tt a Bels\u0151 Klinikai T\u00f6mbbe, ahol 2020. m\u00e1rcius\u00e1ra kialak\u00edt\u00e1sra ker\u00fclt az \u00faj gy\u00f3gyszert\u00e1r, els\u0151 l\u00e9p\u00e9sben annak k\u00f6zvetlen &hellip;<\/p>\n","protected":false},"author":357,"featured_media":0,"parent":129,"menu_order":0,"comment_status":"closed","ping_status":"closed","template":"","meta":{"_acf_changed":false,"footnotes":""},"categories":[],"tags":[],"class_list":["post-1879","page","type-page","status-publish","hentry"],"acf":[],"_links":{"self":[{"href":"https:\/\/semmelweis.hu\/gyogyszertar\/wp-json\/wp\/v2\/pages\/1879","targetHints":{"allow":["GET"]}}],"collection":[{"href":"https:\/\/semmelweis.hu\/gyogyszertar\/wp-json\/wp\/v2\/pages"}],"about":[{"href":"https:\/\/semmelweis.hu\/gyogyszertar\/wp-json\/wp\/v2\/types\/page"}],"author":[{"embeddable":true,"href":"https:\/\/semmelweis.hu\/gyogyszertar\/wp-json\/wp\/v2\/users\/357"}],"replies":[{"embeddable":true,"href":"https:\/\/semmelweis.hu\/gyogyszertar\/wp-json\/wp\/v2\/comments?post=1879"}],"version-history":[{"count":12,"href":"https:\/\/semmelweis.hu\/gyogyszertar\/wp-json\/wp\/v2\/pages\/1879\/revisions"}],"predecessor-version":[{"id":11140,"href":"https:\/\/semmelweis.hu\/gyogyszertar\/wp-json\/wp\/v2\/pages\/1879\/revisions\/11140"}],"up":[{"embeddable":true,"href":"https:\/\/semmelweis.hu\/gyogyszertar\/wp-json\/wp\/v2\/pages\/129"}],"wp:attachment":[{"href":"https:\/\/semmelweis.hu\/gyogyszertar\/wp-json\/wp\/v2\/media?parent=1879"}],"wp:term":[{"taxonomy":"category","embeddable":true,"href":"https:\/\/semmelweis.hu\/gyogyszertar\/wp-json\/wp\/v2\/categories?post=1879"},{"taxonomy":"post_tag","embeddable":true,"href":"https:\/\/semmelweis.hu\/gyogyszertar\/wp-json\/wp\/v2\/tags?post=1879"}],"curies":[{"name":"wp","href":"https:\/\/api.w.org\/{rel}","templated":true}]}}