{"id":1614,"date":"2015-09-09T11:56:22","date_gmt":"2015-09-09T09:56:22","guid":{"rendered":"http:\/\/semmelweis.hu\/gyogyszertar\/?page_id=1614"},"modified":"2025-09-10T13:48:28","modified_gmt":"2025-09-10T11:48:28","slug":"gyogyszerugyi-ismeretek","status":"publish","type":"page","link":"https:\/\/semmelweis.hu\/gyogyszertar\/oktatas\/gradualis-kepzes\/gyogyszerugyi-ismeretek\/","title":{"rendered":"Gy\u00f3gyszer\u00fcgyi ismeretek"},"content":{"rendered":"<p style=\"text-align: justify\" align=\"justify\"><div class=\"responsive-tabs\">\n<h2 class=\"tabtitle\">Ismertet\u0151<\/h2>\n<div class=\"tabcontent\">\n<\/p>\n<p>A gy\u00f3gyszer\u00e9szet k\u00fcl\u00f6nb\u00f6z\u0151 ir\u00e1nyainak megismertet\u00e9se \u00e9s a gy\u00f3gyszer\u00e9szi feladatk\u00f6r\u00f6k, valamint a szakmai k\u00e9szs\u00e9gek kompetencia alap\u00fa oktat\u00e1sa f\u0151k\u00e9nt a k\u00f6zvetlen lakoss\u00e1gi gy\u00f3gyszerell\u00e1t\u00e1s ter\u00fclet\u00e9n, kitekint\u00e9ssel az ipari gy\u00f3gyszer\u00e9szet \u00e9s a szakmai hat\u00f3s\u00e1g munk\u00e1j\u00e1ra. \u00c1llamigazgat\u00e1si, jogi, eg\u00e9szs\u00e9g\u00fcgyi finansz\u00edroz\u00e1si \u00e9s gy\u00f3gyszer\u00e9szi szakmai ismeretek oktat\u00e1sa, illetve a diplomaszerz\u00e9st k\u00f6vet\u0151 gy\u00f3gyszer\u00e9szi munkak\u00f6r\u00f6k teljes \u00e9rt\u00e9k\u0171 bet\u00f6lt\u00e9s\u00e9nek megalapoz\u00e1sa.<\/p>\n\n<\/div><h2 class=\"tabtitle\">Tant\u00e1rgyi Adatlap<\/h2>\n<div class=\"tabcontent\">\n\n<p>2025\/26. Tan\u00e9v [Friss\u00edtve: 2025.09.10.]<\/p>\n<ul>\n<li><a href=\"https:\/\/semmelweis.hu\/gyogyszertar\/files\/2025\/09\/Gyogyszerugyi-ismeretek-I-2025.pdf\" target=\"_blank\" rel=\"noopener\">Gy\u00f3gyszer\u00fcgyi ismeretek I<\/a><\/li>\n<li>Gy\u00f3gyszer\u00fcgyi ismeretek II<\/li>\n<\/ul>\n<\/div><\/div>\n","protected":false},"excerpt":{"rendered":"<p>A gy\u00f3gyszer\u00e9szet k\u00fcl\u00f6nb\u00f6z\u0151 ir\u00e1nyainak megismertet\u00e9se \u00e9s a gy\u00f3gyszer\u00e9szi feladatk\u00f6r\u00f6k, valamint a szakmai k\u00e9szs\u00e9gek kompetencia alap\u00fa oktat\u00e1sa f\u0151k\u00e9nt a k\u00f6zvetlen lakoss\u00e1gi gy\u00f3gyszerell\u00e1t\u00e1s ter\u00fclet\u00e9n, kitekint\u00e9ssel az ipari gy\u00f3gyszer\u00e9szet \u00e9s a szakmai hat\u00f3s\u00e1g munk\u00e1j\u00e1ra. \u00c1llamigazgat\u00e1si, jogi, eg\u00e9szs\u00e9g\u00fcgyi finansz\u00edroz\u00e1si \u00e9s gy\u00f3gyszer\u00e9szi szakmai ismeretek oktat\u00e1sa, illetve a diplomaszerz\u00e9st k\u00f6vet\u0151 gy\u00f3gyszer\u00e9szi munkak\u00f6r\u00f6k teljes \u00e9rt\u00e9k\u0171 bet\u00f6lt\u00e9s\u00e9nek megalapoz\u00e1sa. 2025\/26. Tan\u00e9v [Friss\u00edtve: 2025.09.10.] <a href=\"https:\/\/semmelweis.hu\/gyogyszertar\/files\/2025\/09\/Gyogyszerugyi-ismeretek-I-2025.pdf\" target=\"_blank\" rel=\"noopener\">Gy\u00f3gyszer\u00fcgyi ismeretek I<\/a> Gy\u00f3gyszer\u00fcgyi &hellip;<\/p>\n","protected":false},"author":357,"featured_media":0,"parent":90,"menu_order":5,"comment_status":"closed","ping_status":"closed","template":"","meta":{"_acf_changed":false,"footnotes":""},"categories":[],"tags":[],"class_list":["post-1614","page","type-page","status-publish","hentry"],"acf":[],"_links":{"self":[{"href":"https:\/\/semmelweis.hu\/gyogyszertar\/wp-json\/wp\/v2\/pages\/1614","targetHints":{"allow":["GET"]}}],"collection":[{"href":"https:\/\/semmelweis.hu\/gyogyszertar\/wp-json\/wp\/v2\/pages"}],"about":[{"href":"https:\/\/semmelweis.hu\/gyogyszertar\/wp-json\/wp\/v2\/types\/page"}],"author":[{"embeddable":true,"href":"https:\/\/semmelweis.hu\/gyogyszertar\/wp-json\/wp\/v2\/users\/357"}],"replies":[{"embeddable":true,"href":"https:\/\/semmelweis.hu\/gyogyszertar\/wp-json\/wp\/v2\/comments?post=1614"}],"version-history":[{"count":12,"href":"https:\/\/semmelweis.hu\/gyogyszertar\/wp-json\/wp\/v2\/pages\/1614\/revisions"}],"predecessor-version":[{"id":11108,"href":"https:\/\/semmelweis.hu\/gyogyszertar\/wp-json\/wp\/v2\/pages\/1614\/revisions\/11108"}],"up":[{"embeddable":true,"href":"https:\/\/semmelweis.hu\/gyogyszertar\/wp-json\/wp\/v2\/pages\/90"}],"wp:attachment":[{"href":"https:\/\/semmelweis.hu\/gyogyszertar\/wp-json\/wp\/v2\/media?parent=1614"}],"wp:term":[{"taxonomy":"category","embeddable":true,"href":"https:\/\/semmelweis.hu\/gyogyszertar\/wp-json\/wp\/v2\/categories?post=1614"},{"taxonomy":"post_tag","embeddable":true,"href":"https:\/\/semmelweis.hu\/gyogyszertar\/wp-json\/wp\/v2\/tags?post=1614"}],"curies":[{"name":"wp","href":"https:\/\/api.w.org\/{rel}","templated":true}]}}