{"id":1591,"date":"2015-09-09T11:10:51","date_gmt":"2015-09-09T09:10:51","guid":{"rendered":"http:\/\/semmelweis.hu\/gyogyszertar\/?page_id=1591"},"modified":"2023-09-27T09:02:25","modified_gmt":"2023-09-27T07:02:25","slug":"minosegellenorzesi-osztaly-kemiai-es-mikrobiologiai-laboratorium","status":"publish","type":"page","link":"https:\/\/semmelweis.hu\/gyogyszertar\/rolunk\/osztalyok\/minosegellenorzesi-osztaly-kemiai-es-mikrobiologiai-laboratorium\/","title":{"rendered":"Min\u0151s\u00e9gellen\u0151rz\u00e9si Oszt\u00e1ly &#8211; K\u00e9miai \u00e9s Mikrobiol\u00f3giai Laborat\u00f3rium"},"content":{"rendered":"<div class=\"responsive-tabs\">\n<h2 class=\"tabtitle\">Bemutat\u00e1s<\/h2>\n<div class=\"tabcontent\">\n\n<p><strong>El\u00e9rhet\u0151s\u00e9g\u00fcnk:<\/strong><br \/>\n1092. Budapest, H\u0151gyes Endre utca 7-9<br \/>\nTel: +36-20-825-30-70 ; +36-20-825-30-29<\/p>\n<p style=\"text-align: justify\">Az Oszt\u00e1ly feladatai els\u0151sorban a min\u0151s\u00e9gellen\u0151rz\u00e9st, a relev\u00e1ns klinikai \u00e9s egyedi ig\u00e9nyek teljes\u00edt\u00e9s\u00e9t, tov\u00e1bb\u00e1 az \u00e1llamvizsg\u00e1s hallgat\u00f3k oktat\u00e1s\u00e1t foglalj\u00e1k magukban:<\/p>\n<ul>\n<li style=\"text-align: justify\">Az Int\u00e9zet ter\u00fclet\u00e9n gy\u00e1rtott gy\u00f3gyszerk\u00e9sz\u00edtm\u00e9nyek, a k\u00e9sz\u00edt\u00e9s sor\u00e1n felhaszn\u00e1lt alapanyagok min\u0151s\u00e9gellen\u0151rz\u00e9se, term\u00e9kfelszabad\u00edt\u00e1s. Ez mag\u00e1ban foglalja a steril, ill. aszeptikusan gy\u00e1rtott, tov\u00e1bb\u00e1 a nem steril term\u00e9kek teljes k\u00f6r\u0171 vizsg\u00e1lat\u00e1t (fizikai, k\u00e9miai, mikrobiol\u00f3giai param\u00e9terek). Kiemelten ellen\u0151rizz\u00fck a bels\u0151leges indik\u00e1ci\u00f3ban alkalmazand\u00f3 k\u00e9sz\u00edtm\u00e9nyeket. Mikrobiol\u00f3giai min\u0151s\u00edt\u00e9s\u00fcnk nemcsak a sterilit\u00e1st, esetleges bioburden szennyez\u00e9st ellen\u0151rzi, hanem kromog\u00e9n, kinetikus LAL-m\u00f3dszerrel k\u00e9pesek vagyunk bakteri\u00e1lis endotoxin tartalom meghat\u00e1roz\u00e1sra is.<\/li>\n<li style=\"text-align: justify\">Inf\u00fazi\u00f3 gy\u00e1rt\u00e1shoz haszn\u00e1lt, helyben gy\u00e1rtott Aqua ad iniectabilia (Water For Injection; WFI) min\u0151s\u00edt\u00e9se, a termel\u0151 rendszer (RO, WFI) folyamatos fel\u00fcgyelete.<\/li>\n<li style=\"text-align: justify\">Steriliz\u00e1torok, steril f\u00fclk\u00e9k (LAF, Biohazard), m\u00e9rlegek, h\u0151m\u00e9r\u0151 szenzorok megfelel\u0151ss\u00e9g\u00e9nek (OQ) folyamatos nyomonk\u00f6vet\u00e9se.<\/li>\n<li style=\"text-align: justify\">Egyedi parenter\u00e1lis \u00e9s nem parenter\u00e1lis \u00f6sszet\u00e9telek vizsg\u00e1lati m\u00f3dszereinek megalkot\u00e1sa, fejleszt\u00e9se, ellen\u0151rz\u00e9se.<\/li>\n<li style=\"text-align: justify\">Term\u00e9kreklam\u00e1ci\u00f3k kezel\u00e9se<\/li>\n<li style=\"text-align: justify\">Klinikai reagens, vegyszer \u00e9s desztill\u00e1lt v\u00edz ig\u00e9nyek kiszolg\u00e1l\u00e1sa<\/li>\n<li style=\"text-align: justify\">Az Int\u00e9zet MIR-rendszer\u00e9nek fel\u00fcgyelete, karbantart\u00e1sa<\/li>\n<li style=\"text-align: justify\">\u00c1llamvizsg\u00e1s hallgat\u00f3k oktat\u00e1sa<\/li>\n<\/ul>\n\n<\/div><h2 class=\"tabtitle\">Munkat\u00e1rsak<\/h2>\n<div class=\"tabcontent\">\n\n<p><strong>MUNKAT\u00c1RSAK:<\/strong><\/p>\n<p><strong>Oszt\u00e1lyvezet\u0151:<\/strong><\/p>\n<ul>\n<li>Dr. Bartus G\u00e1bor szakgy\u00f3gyszer\u00e9sz<br \/>\negyetemi mobil: +36-70-372-14-81<\/p>\n<\/li>\n<\/ul>\n<p><strong>Asszisztensek\/szakasszisztensek:\u00a0 <\/strong>\u00a0\u00a0\u00a0\u00a0\u00a0\u00a0\u00a0\u00a0\u00a0\u00a0\u00a0\u00a0\u00a0\u00a0\u00a0\u00a0\u00a0\u00a0\u00a0\u00a0\u00a0\u00a0\u00a0 \u00a0<\/p>\n<ul>\n<li>Horv\u00e1thn\u00e9 Heine Be\u00e1ta<br \/>\negyetemi mell\u00e9k: 53070<\/li>\n<li>Karajosn\u00e9 Dunai Andrea<br \/>\negyetemi mell\u00e9k: 53029<\/li>\n<li>Veszely Istv\u00e1nn\u00e9<br \/>\negyetemi mell\u00e9k: 53070<\/li>\n<\/ul>\n<\/div><\/div>\n<p>&nbsp;<\/p>\n","protected":false},"excerpt":{"rendered":"<p>El\u00e9rhet\u0151s\u00e9g\u00fcnk: 1092. Budapest, H\u0151gyes Endre utca 7-9 Tel: +36-20-825-30-70 ; +36-20-825-30-29 Az Oszt\u00e1ly feladatai els\u0151sorban a min\u0151s\u00e9gellen\u0151rz\u00e9st, a relev\u00e1ns klinikai \u00e9s egyedi ig\u00e9nyek teljes\u00edt\u00e9s\u00e9t, tov\u00e1bb\u00e1 az \u00e1llamvizsg\u00e1s hallgat\u00f3k oktat\u00e1s\u00e1t foglalj\u00e1k magukban: Az Int\u00e9zet ter\u00fclet\u00e9n gy\u00e1rtott gy\u00f3gyszerk\u00e9sz\u00edtm\u00e9nyek, a k\u00e9sz\u00edt\u00e9s sor\u00e1n felhaszn\u00e1lt alapanyagok min\u0151s\u00e9gellen\u0151rz\u00e9se, term\u00e9kfelszabad\u00edt\u00e1s. Ez mag\u00e1ban foglalja a steril, ill. aszeptikusan gy\u00e1rtott, tov\u00e1bb\u00e1 a nem steril &hellip;<\/p>\n","protected":false},"author":357,"featured_media":0,"parent":129,"menu_order":0,"comment_status":"closed","ping_status":"closed","template":"","meta":{"_acf_changed":false,"footnotes":""},"categories":[],"tags":[],"class_list":["post-1591","page","type-page","status-publish","hentry"],"acf":[],"_links":{"self":[{"href":"https:\/\/semmelweis.hu\/gyogyszertar\/wp-json\/wp\/v2\/pages\/1591","targetHints":{"allow":["GET"]}}],"collection":[{"href":"https:\/\/semmelweis.hu\/gyogyszertar\/wp-json\/wp\/v2\/pages"}],"about":[{"href":"https:\/\/semmelweis.hu\/gyogyszertar\/wp-json\/wp\/v2\/types\/page"}],"author":[{"embeddable":true,"href":"https:\/\/semmelweis.hu\/gyogyszertar\/wp-json\/wp\/v2\/users\/357"}],"replies":[{"embeddable":true,"href":"https:\/\/semmelweis.hu\/gyogyszertar\/wp-json\/wp\/v2\/comments?post=1591"}],"version-history":[{"count":10,"href":"https:\/\/semmelweis.hu\/gyogyszertar\/wp-json\/wp\/v2\/pages\/1591\/revisions"}],"predecessor-version":[{"id":9671,"href":"https:\/\/semmelweis.hu\/gyogyszertar\/wp-json\/wp\/v2\/pages\/1591\/revisions\/9671"}],"up":[{"embeddable":true,"href":"https:\/\/semmelweis.hu\/gyogyszertar\/wp-json\/wp\/v2\/pages\/129"}],"wp:attachment":[{"href":"https:\/\/semmelweis.hu\/gyogyszertar\/wp-json\/wp\/v2\/media?parent=1591"}],"wp:term":[{"taxonomy":"category","embeddable":true,"href":"https:\/\/semmelweis.hu\/gyogyszertar\/wp-json\/wp\/v2\/categories?post=1591"},{"taxonomy":"post_tag","embeddable":true,"href":"https:\/\/semmelweis.hu\/gyogyszertar\/wp-json\/wp\/v2\/tags?post=1591"}],"curies":[{"name":"wp","href":"https:\/\/api.w.org\/{rel}","templated":true}]}}