{"id":1589,"date":"2015-09-09T11:10:02","date_gmt":"2015-09-09T09:10:02","guid":{"rendered":"http:\/\/semmelweis.hu\/gyogyszertar\/?page_id=1589"},"modified":"2026-03-19T12:52:43","modified_gmt":"2026-03-19T11:52:43","slug":"gazdasagi-penzugyi-es-gyogyszergazdalkodasi-osztaly-es-titkarsag","status":"publish","type":"page","link":"https:\/\/semmelweis.hu\/gyogyszertar\/rolunk\/osztalyok\/gazdasagi-penzugyi-es-gyogyszergazdalkodasi-osztaly-es-titkarsag\/","title":{"rendered":"Gazdas\u00e1gi, P\u00e9nz\u00fcgyi \u00e9s Gy\u00f3gyszergazd\u00e1lkod\u00e1si Egys\u00e9g \u00e9s Titk\u00e1rs\u00e1g"},"content":{"rendered":"<div class=\"responsive-tabs\">\n<h2 class=\"tabtitle\">Bemutat\u00e1s<\/h2>\n<div class=\"tabcontent\">\n\n<p style=\"text-align: justify\">Az Egyetemi Gy\u00f3gyszert\u00e1r Gy\u00f3gyszer\u00fcgyi Szervez\u00e9si Int\u00e9zet gazd\u00e1lkod\u00e1sa az ellenjegyz\u00e9si jogosults\u00e1got tekintve a 2012. \u00e9vt\u0151l centraliz\u00e1lt form\u00e1ban m\u0171k\u00f6dik. A gazd\u00e1lkod\u00e1s a kari gazdas\u00e1gi vezet\u0151 koordin\u00e1l\u00e1s\u00e1val, a Kar \u00e9ves k\u00f6lts\u00e9gvet\u00e9si keret\u00e9n bel\u00fcl a b\u00e9rkereteken centraliz\u00e1ltan, a dologi kereten decentraliz\u00e1ltan t\u00f6rt\u00e9nik. Az Int\u00e9zet kilenc kisebb szervezeti egys\u00e9gb\u0151l (oszt\u00e1lyb\u00f3l) \u00e1ll, amelyek k\u00f6z\u00fcl h\u00e9t a gy\u00f3gyszerell\u00e1t\u00e1s mellett a gy\u00f3gyszer\u00e9szhallgat\u00f3k oktat\u00e1s\u00e1val foglalkozik, tov\u00e1bbi k\u00e9t egys\u00e9g pedig az ehhez kapcsol\u00f3d\u00f3 adminisztrat\u00edv,\u00a0 fenntart\u00e1si \u00e9s egy\u00e9b feladatokat l\u00e1tja el az al\u00e1bbi munkat\u00e1rsak k\u00f6zrem\u0171k\u00f6d\u00e9s\u00e9vel.<\/p>\n\n<\/div><h2 class=\"tabtitle\">Munkat\u00e1rsak<\/h2>\n<div class=\"tabcontent\">\n\n<p><strong><span style=\"margin: 0px;padding: 0cm;border: 1pt windowtext;color: black;font-family: 'Georgia',serif\">MUNKAT\u00c1RSAK:<\/span><\/strong><\/p>\n<p><strong><span style=\"margin: 0px;padding: 0cm;border: 1pt windowtext;color: black;font-family: 'Georgia',serif\">Gazdas\u00e1gi igazgat\u00f3:<\/span><\/strong><span style=\"margin: 0px;color: black;font-family: 'Georgia',serif\"><br \/>\n<\/span><\/p>\n<ul>\n<li><span style=\"margin: 0px;color: black;font-family: 'Georgia',serif\">G\u00e1briel Edina<\/span><\/li>\n<\/ul>\n<p><strong><span style=\"margin: 0px;padding: 0cm;border: 1pt windowtext;color: black;font-family: 'Georgia',serif\">Igazgat\u00f3i referens:<br \/>\n<\/span><\/strong><\/p>\n<ul>\n<li><span style=\"margin: 0px;padding: 0cm;border: 1pt windowtext;color: black;font-family: 'Georgia',serif\">Szepesi Csilla<\/span><\/li>\n<\/ul>\n<p><strong><span style=\"margin: 0px;padding: 0cm;border: 1pt windowtext;color: black;font-family: 'Georgia',serif\">Titk\u00e1rn\u0151:<\/span><\/strong><span style=\"margin: 0px;color: black;font-family: 'Georgia',serif\"><br \/>\n<\/span><\/p>\n<ul>\n<li><span style=\"margin: 0px;color: black;font-family: 'Georgia',serif\">Bazs\u00f3 Zsanett<\/span><\/li>\n<\/ul>\n<p><strong><span style=\"margin: 0px;padding: 0cm;border: 1pt windowtext;color: black;font-family: 'Georgia',serif\">MedSolution rendszergazda:<\/span><\/strong><span style=\"margin: 0px;color: black;font-family: 'Georgia',serif\"><br \/>\n<\/span><\/p>\n<ul>\n<li><span style=\"margin: 0px;color: black;font-family: 'Georgia',serif\">V\u00e9ber Alfr\u00e9d<br \/>\n<\/span><\/li>\n<\/ul>\n<p><strong>Oktat\u00e1sszervez\u0151 &#8211; Technikus:<\/strong><\/p>\n<ul>\n<li>W\u00e9ber S\u00e1ndor Szven<\/li>\n<\/ul>\n<p><strong><span style=\"margin: 0px;padding: 0cm;border: 1pt windowtext;color: black;font-family: 'Georgia',serif\">\u00dcgyint\u00e9z\u0151k:<br \/>\n<\/span><\/strong><span style=\"margin: 0px;color: black;font-family: 'Georgia',serif\"><em><span style=\"color: #000000\">Az int\u00e9zet m\u0171k\u00f6d\u00e9s\u00e9vel kapcsolatos hum\u00e1n feladatok ell\u00e1t\u00e1sa:<\/span><\/em><u><span style=\"color: #000000\"><br \/>\n<\/span><\/u><\/span><\/p>\n<ul>\n<li><span style=\"margin: 0px;padding: 0cm;border: 1pt windowtext;color: black;font-family: 'Georgia',serif\">Bodn\u00e1r Zs\u00f3ka<\/span><\/li>\n<\/ul>\n<p><em><span style=\"margin: 0px;padding: 0cm;border: 1pt windowtext;color: black;font-family: 'Georgia',serif\">Az int\u00e9zet m\u0171k\u00f6d\u00e9s\u00e9vel kapcsolatos p\u00e9nz\u00fcgyi feladatok ell\u00e1t\u00e1sa:<\/span><\/em><u><span style=\"margin: 0px;padding: 0cm;border: 1pt windowtext;color: black;font-family: 'Georgia',serif\"><br \/>\n<\/span><\/u><\/p>\n<ul>\n<li><span style=\"margin: 0px;padding: 0cm;border: 1pt windowtext;color: black;font-family: 'Georgia',serif\">Stang Di\u00e1na<\/span><\/li>\n<\/ul>\n<div><em>Az int\u00e9zet m\u0171k\u00f6d\u00e9s\u00e9vel kapcsolatos\u00a0m\u0171szaki-beszerz\u00e9si feladatok ell\u00e1t\u00e1sa:<\/em><\/div>\n<div>\u00a0<\/div>\n<ul>\n<li>Szferle L\u00e1szl\u00f3<\/li>\n<\/ul>\n<p><em><span style=\"margin: 0px;padding: 0cm;border: 1pt windowtext;color: black;font-family: 'Georgia',serif\">A gy\u00f3gyszerell\u00e1t\u00e1ssal kapcsolatos p\u00e9nz\u00fcgyi feladatok ell\u00e1t\u00e1sa:<\/span><\/em><u><span style=\"margin: 0px;padding: 0cm;border: 1pt windowtext;color: black;font-family: 'Georgia',serif\"><br \/>\n<\/span><\/u><\/p>\n<ul>\n<li>Andr\u00e1ssy-Nagy Melinda<\/li>\n<li>Bolob\u00e1s Bertalan<\/li>\n<li>S\u00f3v\u00e1ri Andrea<\/li>\n<\/ul>\n<p><strong><span style=\"margin: 0px;padding: 0cm;border: 1pt windowtext;color: black;font-family: 'Georgia',serif\">Karbantart\u00f3:<\/span><\/strong><\/p>\n<ul>\n<li>Islai L\u00e1szl\u00f3 Zolt\u00e1n<\/li>\n<\/ul>\n<p><strong><span style=\"margin: 0px;padding: 0cm;border: 1pt windowtext;color: black;font-family: 'Georgia',serif\">Takar\u00edt\u00f3 &#8211; K\u00e9zbes\u00edt\u0151:<br \/>\n<\/span><\/strong><\/p>\n<ul>\n<li>Harastasan Hortensia<\/li>\n<li><span style=\"margin: 0px;padding: 0cm;border: 1pt windowtext;color: black;font-family: 'Georgia',serif\">Szegedi Gabriella<\/span><\/li>\n<\/ul>\n<\/div><\/div>\n<p><span style=\"color: #000000;font-family: Calibri\">\u00a0<\/span><\/p>\n","protected":false},"excerpt":{"rendered":"<p>Az Egyetemi Gy\u00f3gyszert\u00e1r Gy\u00f3gyszer\u00fcgyi Szervez\u00e9si Int\u00e9zet gazd\u00e1lkod\u00e1sa az ellenjegyz\u00e9si jogosults\u00e1got tekintve a 2012. \u00e9vt\u0151l centraliz\u00e1lt form\u00e1ban m\u0171k\u00f6dik. A gazd\u00e1lkod\u00e1s a kari gazdas\u00e1gi vezet\u0151 koordin\u00e1l\u00e1s\u00e1val, a Kar \u00e9ves k\u00f6lts\u00e9gvet\u00e9si keret\u00e9n bel\u00fcl a b\u00e9rkereteken centraliz\u00e1ltan, a dologi kereten decentraliz\u00e1ltan t\u00f6rt\u00e9nik. Az Int\u00e9zet kilenc kisebb szervezeti egys\u00e9gb\u0151l (oszt\u00e1lyb\u00f3l) \u00e1ll, amelyek k\u00f6z\u00fcl h\u00e9t a gy\u00f3gyszerell\u00e1t\u00e1s mellett a gy\u00f3gyszer\u00e9szhallgat\u00f3k oktat\u00e1s\u00e1val &hellip;<\/p>\n","protected":false},"author":357,"featured_media":0,"parent":129,"menu_order":0,"comment_status":"closed","ping_status":"closed","template":"","meta":{"_acf_changed":false,"footnotes":""},"categories":[],"tags":[],"class_list":["post-1589","page","type-page","status-publish","hentry"],"acf":[],"_links":{"self":[{"href":"https:\/\/semmelweis.hu\/gyogyszertar\/wp-json\/wp\/v2\/pages\/1589","targetHints":{"allow":["GET"]}}],"collection":[{"href":"https:\/\/semmelweis.hu\/gyogyszertar\/wp-json\/wp\/v2\/pages"}],"about":[{"href":"https:\/\/semmelweis.hu\/gyogyszertar\/wp-json\/wp\/v2\/types\/page"}],"author":[{"embeddable":true,"href":"https:\/\/semmelweis.hu\/gyogyszertar\/wp-json\/wp\/v2\/users\/357"}],"replies":[{"embeddable":true,"href":"https:\/\/semmelweis.hu\/gyogyszertar\/wp-json\/wp\/v2\/comments?post=1589"}],"version-history":[{"count":11,"href":"https:\/\/semmelweis.hu\/gyogyszertar\/wp-json\/wp\/v2\/pages\/1589\/revisions"}],"predecessor-version":[{"id":11306,"href":"https:\/\/semmelweis.hu\/gyogyszertar\/wp-json\/wp\/v2\/pages\/1589\/revisions\/11306"}],"up":[{"embeddable":true,"href":"https:\/\/semmelweis.hu\/gyogyszertar\/wp-json\/wp\/v2\/pages\/129"}],"wp:attachment":[{"href":"https:\/\/semmelweis.hu\/gyogyszertar\/wp-json\/wp\/v2\/media?parent=1589"}],"wp:term":[{"taxonomy":"category","embeddable":true,"href":"https:\/\/semmelweis.hu\/gyogyszertar\/wp-json\/wp\/v2\/categories?post=1589"},{"taxonomy":"post_tag","embeddable":true,"href":"https:\/\/semmelweis.hu\/gyogyszertar\/wp-json\/wp\/v2\/tags?post=1589"}],"curies":[{"name":"wp","href":"https:\/\/api.w.org\/{rel}","templated":true}]}}