{"id":1543,"date":"2015-06-24T09:41:48","date_gmt":"2015-06-24T07:41:48","guid":{"rendered":"http:\/\/semmelweis.hu\/gyogyszertar\/?page_id=1543"},"modified":"2026-03-17T13:25:34","modified_gmt":"2026-03-17T12:25:34","slug":"minosegiranyitasi-kezikonyv","status":"publish","type":"page","link":"https:\/\/semmelweis.hu\/gyogyszertar\/minosegiranyitasi-rendszer\/minosegiranyitasi-kezikonyv\/","title":{"rendered":"Min\u0151s\u00e9gir\u00e1ny\u00edt\u00e1si K\u00e9zik\u00f6nyv"},"content":{"rendered":"","protected":true},"excerpt":{"rendered":"","protected":true},"author":357,"featured_media":0,"parent":166,"menu_order":10,"comment_status":"closed","ping_status":"closed","template":"","meta":{"_acf_changed":false,"footnotes":""},"categories":[],"tags":[],"class_list":["post-1543","page","type-page","status-publish","post-password-required","hentry"],"acf":[],"_links":{"self":[{"href":"https:\/\/semmelweis.hu\/gyogyszertar\/wp-json\/wp\/v2\/pages\/1543","targetHints":{"allow":["GET"]}}],"collection":[{"href":"https:\/\/semmelweis.hu\/gyogyszertar\/wp-json\/wp\/v2\/pages"}],"about":[{"href":"https:\/\/semmelweis.hu\/gyogyszertar\/wp-json\/wp\/v2\/types\/page"}],"author":[{"embeddable":true,"href":"https:\/\/semmelweis.hu\/gyogyszertar\/wp-json\/wp\/v2\/users\/357"}],"replies":[{"embeddable":true,"href":"https:\/\/semmelweis.hu\/gyogyszertar\/wp-json\/wp\/v2\/comments?post=1543"}],"version-history":[{"count":10,"href":"https:\/\/semmelweis.hu\/gyogyszertar\/wp-json\/wp\/v2\/pages\/1543\/revisions"}],"predecessor-version":[{"id":11304,"href":"https:\/\/semmelweis.hu\/gyogyszertar\/wp-json\/wp\/v2\/pages\/1543\/revisions\/11304"}],"up":[{"embeddable":true,"href":"https:\/\/semmelweis.hu\/gyogyszertar\/wp-json\/wp\/v2\/pages\/166"}],"wp:attachment":[{"href":"https:\/\/semmelweis.hu\/gyogyszertar\/wp-json\/wp\/v2\/media?parent=1543"}],"wp:term":[{"taxonomy":"category","embeddable":true,"href":"https:\/\/semmelweis.hu\/gyogyszertar\/wp-json\/wp\/v2\/categories?post=1543"},{"taxonomy":"post_tag","embeddable":true,"href":"https:\/\/semmelweis.hu\/gyogyszertar\/wp-json\/wp\/v2\/tags?post=1543"}],"curies":[{"name":"wp","href":"https:\/\/api.w.org\/{rel}","templated":true}]}}