{"id":1539,"date":"2015-06-24T09:40:20","date_gmt":"2015-06-24T07:40:20","guid":{"rendered":"http:\/\/semmelweis.hu\/gyogyszertar\/?page_id=1539"},"modified":"2025-09-25T11:31:57","modified_gmt":"2025-09-25T09:31:57","slug":"gyogyszertechnologiai-osztaly-es-gyogyszerellenorzesi-osztaly","status":"publish","type":"page","link":"https:\/\/semmelweis.hu\/gyogyszertar\/minosegiranyitasi-rendszer\/gyogyszertechnologiai-osztaly-es-gyogyszerellenorzesi-osztaly\/","title":{"rendered":"Gy\u00f3gyszertechnol\u00f3giai Oszt\u00e1ly"},"content":{"rendered":"<div class=\"responsive-tabs\">\n<h2 class=\"tabtitle\">Inf\u00fazi\u00f3s Laborat\u00f3rium<\/h2>\n<div class=\"tabcontent\">\n\n<h4 class=\"piros_h4\" style=\"text-align: left\"><b>Egys\u00e9gszint\u0171 M\u0171k\u00f6d\u00e9si Szab\u00e1lyzat:<\/b> <a href=\"https:\/\/semmelweis.hu\/gyogyszertar\/files\/2024\/09\/SE-GYTK-EGYI-GYT-EMSZ.pdf\" target=\"_blank\" rel=\"noopener\">SE-EGYI-GYT-EMSZ<\/a><br \/>\n<b>MUNKAUTAS\u00cdT\u00c1SOK LIST\u00c1JA:<\/b> <a href=\"https:\/\/semmelweis.hu\/gyogyszertar\/files\/2024\/09\/SE-GYTK-EGYI-GYT-EMSZ-M01.pdf\" target=\"_blank\" rel=\"noopener\">SE-EGYI-GYT-EMSZ-M01<\/a><\/h4>\n<ul>\n<li><a href=\"https:\/\/semmelweis.hu\/gyogyszertar\/files\/2024\/09\/SE-GYTK-EGYI-GYT-MU-01.pdf\" target=\"_blank\" rel=\"noopener\">SE-EGYI-GYT-MU-01<\/a> Inf\u00fazi\u00f3k\u00e9sz\u00edt\u00e9s<\/li>\n<li><a href=\"https:\/\/semmelweis.hu\/gyogyszertar\/files\/2024\/09\/SE-GYTK-EGYI-GYT-MU-01-M01.pdf\" target=\"_blank\" rel=\"noopener\">SE-EGYI-GYT-MU-01-M01<\/a> Inf\u00fazi\u00f3s k\u00e9sz\u00edtm\u00e9ny t\u00f6rzslapja<\/li>\n<li><a href=\"https:\/\/semmelweis.hu\/gyogyszertar\/files\/2024\/09\/SE-GYTK-EGYI-GYT-MU-02.pdf\" target=\"_blank\" rel=\"noopener\">SE-EGYI-GYT-MU-02<\/a> Egyedi kever\u00e9kinf\u00fazi\u00f3 k\u00e9sz\u00edt\u00e9s<\/li>\n<li><a href=\"https:\/\/semmelweis.hu\/gyogyszertar\/files\/2024\/09\/SE-GYTK-EGYI-GYT-MU-02-M01.pdf\" target=\"_blank\" rel=\"noopener\">SE-EGYI-GYT-MU-02-M01<\/a> Kever\u00e9kinf\u00fazi\u00f3 t\u00f6rzslapja<\/li>\n<li><a href=\"https:\/\/semmelweis.hu\/gyogyszertar\/files\/2024\/09\/SE-GYTK-EGYI-GYT-MU-02-M02.pdf\" target=\"_blank\" rel=\"noopener\">SE-EGYI-GYT-MU-02-M02<\/a> F\u00e9nyt\u0151l v\u00e9dve t\u00e1roland\u00f3 gy\u00e1ri k\u00e9sz\u00edtm\u00e9nyek<\/li>\n<li><a href=\"https:\/\/semmelweis.hu\/gyogyszertar\/files\/2024\/09\/SE-GYTK-EGYI-GYT-MU-04.pdf\" target=\"_blank\" rel=\"noopener\">SE-EGYI-GYT-MU-04<\/a> Statim \u00e9s \u00e9letment\u0151 inf\u00fazi\u00f3 rendel\u00e9sek kiad\u00e1sa<\/li>\n<li><a href=\"https:\/\/semmelweis.hu\/gyogyszertar\/files\/2024\/09\/SE-GYTK-EGYI-GYT-MU-25.pdf\" target=\"_blank\" rel=\"noopener\">SE-EGYI-GYT-MU-25<\/a> Parenter\u00e1lis t\u00e1rol\u00f3ed\u00e9nyek \u00e9s eszk\u00f6z\u00f6k el\u0151kezel\u00e9se, tiszt\u00edt\u00e1sa<\/li>\n<li><a href=\"https:\/\/semmelweis.hu\/gyogyszertar\/files\/2024\/09\/SE-GYTK-EGYI-GYT-MU-25-M01.pdf\" target=\"_blank\" rel=\"noopener\">SE-EGYI-GYT-MU-25-M01<\/a> Inf\u00fazi\u00f3s \u00fcvegmos\u00e1s<\/li>\n<li><a href=\"https:\/\/semmelweis.hu\/gyogyszertar\/files\/2024\/09\/SE-GYTK-EGYI-GYT-MU-26.pdf\" target=\"_blank\" rel=\"noopener\">SE-EGYI-GYT-MU-26<\/a> Fert\u0151tlen\u00edt\u0151 takar\u00edt\u00e1s az inf\u00fazi\u00f3s laborat\u00f3riumban<\/li>\n<li><a href=\"https:\/\/semmelweis.hu\/gyogyszertar\/files\/2024\/09\/SE-GYTK-EGYI-GYT-MU-40.pdf\" target=\"_blank\" rel=\"noopener\">SE-EGYI-GYT-MU-40<\/a> Egyedi injekci\u00f3k k\u00e9sz\u00edt\u00e9se<\/li>\n<li><a href=\"https:\/\/semmelweis.hu\/gyogyszertar\/files\/2024\/09\/SE-GYTK-EGYI-GYT-MU-40-M01.pdf\" target=\"_blank\" rel=\"noopener\">SE-EGYI-GYT-MU-40-M01<\/a> Egyedi injekci\u00f3 t\u00f6rzslapja<\/li>\n<li><a href=\"https:\/\/semmelweis.hu\/gyogyszertar\/files\/2024\/09\/SE-GYTK-EGYI-GYT-MU-51.pdf\" target=\"_blank\" rel=\"noopener\">SE-EGYI-GYT-MU-51<\/a> Gy\u00e1ri inf\u00fazi\u00f3k kezel\u00e9se<\/li>\n<li><a href=\"https:\/\/semmelweis.hu\/gyogyszertar\/files\/2024\/09\/SE-GYTK-EGYI-GYT-MU-51-M01.pdf\" target=\"_blank\" rel=\"noopener\">SE-EGYI-GYT-MU-51-M01<\/a> Besz\u00e1ll\u00edt\u00f3k &#8211; Nagykeresked\u0151k list\u00e1ja<\/li>\n<li><a href=\"https:\/\/semmelweis.hu\/gyogyszertar\/files\/2024\/09\/SE-GYTK-EGYI-GYT-MU-51-M02.pdf\" target=\"_blank\" rel=\"noopener\">SE-EGYI-GYT-MU-51-M02<\/a> Heti kisz\u00e1ll\u00edt\u00e1si rend<\/li>\n<\/ul>\n\n<\/div><h2 class=\"tabtitle\">Magisztr\u00e1lis Laborat\u00f3rium<\/h2>\n<div class=\"tabcontent\">\n\n<ul style=\"list-style-type: disc\">\n<li><a href=\"https:\/\/semmelweis.hu\/gyogyszertar\/files\/2024\/09\/SE-EGYI-GYT-MU_05_Kulso-vevonek-torteno-magisztralis-keszitmeny-ertekesites.pdf\" target=\"_blank\" rel=\"noopener\">SE-EGYI-GYT-MU-05<\/a> K\u00fcls\u0151 vev\u0151nek t\u00f6rt\u00e9n\u0151 magisztr\u00e1lis k\u00e9sz\u00edtm\u00e9ny \u00e9rt\u00e9kes\u00edt\u00e9s<\/li>\n<li><a href=\"https:\/\/semmelweis.hu\/gyogyszertar\/files\/2024\/09\/SE-EGYI-GYT-MU_06_Magisztralis-keszitmenyek-eloallitasa.pdf\" target=\"_blank\" rel=\"noopener\">SE-EGYI-GYT-MU-06<\/a> Magisztr\u00e1lis k\u00e9sz\u00edtm\u00e9nyek el\u0151\u00e1ll\u00edt\u00e1sa<\/li>\n<li><a href=\"https:\/\/semmelweis.hu\/gyogyszertar\/files\/2025\/09\/SE-EGYI-GYT-MU-8-V6-tarolas.pdf\" target=\"_blank\" rel=\"noopener\">SE-EGYI-GYT-MU-08<\/a> Gy\u00f3gyszerek t\u00e1rol\u00e1sa<\/li>\n<li><a href=\"https:\/\/semmelweis.hu\/gyogyszertar\/files\/2024\/09\/SE-EGYI-GYT-MU_09_Magisztralis-keszitmenyek-kiadasa.pdf\" target=\"_blank\" rel=\"noopener\">SE-EGYI-GYT-MU-09<\/a> Magisztr\u00e1lis k\u00e9sz\u00edtm\u00e9nyek kiad\u00e1sa<\/li>\n<li><a href=\"https:\/\/semmelweis.hu\/gyogyszertar\/files\/2024\/09\/SE-EGYI-GYT-MU_10_Lejaratfigyeles.pdf\" target=\"_blank\" rel=\"noopener\">SE-EGYI-GYT-MU-10<\/a> Lej\u00e1ratfigyel\u00e9s<\/li>\n<li><a href=\"https:\/\/semmelweis.hu\/gyogyszertar\/files\/2024\/09\/SE-EGYI-GYT-MU_11-_visszahivas-rendje.pdf\" target=\"_blank\" rel=\"noopener\">SE-EGYI-GYT-MU-11<\/a> Visszah\u00edv\u00e1s rendje<\/li>\n<li><a href=\"https:\/\/semmelweis.hu\/gyogyszertar\/files\/2024\/09\/SE-EGYI-GYT-MU_18_M01-MAGISZTRALIS-OSZTALY-KULSO-BESZALLITOK-ELERHETOSEGE.pdf\" target=\"_blank\" rel=\"noopener\">SE-EGYI-GYT-MU-18-M01<\/a> Magisztr\u00e1lis oszt\u00e1ly k\u00fcls\u0151 besz\u00e1ll\u00edt\u00f3k el\u00e9rhet\u0151s\u00e9ge<\/li>\n<li><a href=\"https:\/\/semmelweis.hu\/gyogyszertar\/files\/2024\/09\/SE-EGYI-GYT-MU_24-Magisztralis-Laboratorium-Osztaly-receptgyujtemenyenek-karbantartasa.pdf\" target=\"_blank\" rel=\"noopener\">SE-EGYI-GYT-MU-24<\/a> Magisztr\u00e1lis Laborat\u00f3rium (Oszt\u00e1ly) receptgy\u0171jtem\u00e9ny\u00e9nek karbantart\u00e1sa<\/li>\n<li><a href=\"https:\/\/semmelweis.hu\/gyogyszertar\/files\/2024\/09\/SE-EGYI-GYT-MU_27-_-Magisztralis-Laboratorium-mosogatasanak-rendje.pdf\" target=\"_blank\" rel=\"noopener\">SE-EGYI-GYT-MU-27<\/a> Magisztr\u00e1lis Laborat\u00f3rium mosogat\u00e1s\u00e1nak rendje<\/li>\n<li><a href=\"https:\/\/semmelweis.hu\/gyogyszertar\/files\/2024\/09\/SE-EGYI-GYT-MU_28-_Magisztr.lab_.tabletta-keszit.es-egyeb-gyszerkesz.pdf\" target=\"_blank\" rel=\"noopener\">SE-EGYI-GYT-MU-28<\/a> Magisztr\u00e1lis Laborat\u00f3riumban t\u00f6rt\u00e9n\u0151 tabletta k\u00e9sz\u00edt\u00e9s \u00e9s egy\u00e9b gy\u00f3gyszerk\u00e9sz\u00edtm\u00e9nyek gy\u00e1rt\u00e1sk\u00f6zi kontrollja<\/li>\n<li><a href=\"https:\/\/semmelweis.hu\/gyogyszertar\/files\/2024\/09\/SE-EGYI-GYT-MU_30-_-Magisztr.Labor_.vegzett-implealas.pdf\" target=\"_blank\" rel=\"noopener\">SE-EGYI-GYT-MU-30<\/a> Magisztr\u00e1lis Laborat\u00f3riumban v\u00e9gzett imple\u00e1l\u00e1s<\/li>\n<li><a href=\"https:\/\/semmelweis.hu\/gyogyszertar\/files\/2024\/09\/SE-EGYI-GYT-MU_32-_-Gyogyszeralapanyagmegrend.-kuls.-szall.pdf\" target=\"_blank\" rel=\"noopener\">SE-EGYI-GYT-MU-32<\/a> Gy\u00f3gyszer alapanyag megrendel\u00e9se k\u00fcls\u0151 sz\u00e1ll\u00edt\u00f3t\u00f3l<\/li>\n<li><a href=\"https:\/\/semmelweis.hu\/gyogyszertar\/files\/2024\/09\/SE-EGYI-GYT-MU_33-_Magisztralis-Laboratoriumban-felhasznalt-prekurzorok-ellenorzott-szerek-kezelese.pdf\" target=\"_blank\" rel=\"noopener\">SE-EGYI-GYT-MU-33<\/a> Magisztr\u00e1lis Laborat\u00f3riumban felhaszn\u00e1lt prekurzorok, ellen\u0151rz\u00f6tt szerek kezel\u00e9se<\/li>\n<li><a href=\"https:\/\/semmelweis.hu\/gyogyszertar\/files\/2024\/09\/SE-EGYI-GYT-MU_34-_-Agyogyszerkeszitesben-felh.anyagok.pdf\" target=\"_blank\" rel=\"noopener\">SE-EGYI-GYT-MU-34<\/a> Gy\u00f3gyszerk\u00e9sz\u00edt\u00e9sben felhaszn\u00e1lt alapanyagok t\u00e1rol\u00e1sa<\/li>\n<li><a href=\"https:\/\/semmelweis.hu\/gyogyszertar\/files\/2024\/09\/SE-EGYI-GYT-MU_35-_-Gyogyszerkonyvi-minosegu-alapanyagok-szetmerese-kiszerelese.pdf\" target=\"_blank\" rel=\"noopener\">SE-EGYI-GYT-MU-35<\/a> Gy\u00f3gyszerk\u00f6nyvi min\u0151s\u00e9g\u0171 alapanyagok sz\u00e9tm\u00e9r\u00e9se, kiszerel\u00e9se<\/li>\n<li><a href=\"https:\/\/semmelweis.hu\/gyogyszertar\/files\/2024\/09\/SE-EGYI-GYT-MU_36-_gyogyszerkeszitesben-felh.alapanyaggyogyszer.-daralasa.pdf\" target=\"_blank\" rel=\"noopener\">SE-EGYI-GYT-MU-36<\/a> Gy\u00f3gyszerk\u00e9sz\u00edt\u00e9sben felhaszn\u00e1lt alapanyagok\/gy\u00f3gyszerek dar\u00e1l\u00e1sa<\/li>\n<li><a href=\"https:\/\/semmelweis.hu\/gyogyszertar\/files\/2024\/09\/SE-EGYI-GYT-MU_37-_-A-MagisztralisLabor.-felh.tisztitott-vizzel-kapcs.-szab.pdf\" target=\"_blank\" rel=\"noopener\">SE-EGYI-GYT-MU-37<\/a> A Magisztr\u00e1lis Laborban felhaszn\u00e1lt tiszt\u00edtott v\u00edzzel kapcsolatos szab\u00e1lyok<\/li>\n<li><a href=\"https:\/\/semmelweis.hu\/gyogyszertar\/files\/2024\/09\/SE-EGYI-GYT-MU_38-_-A-magisztr.keszitmeny.-lejarat.idj_.meghat.pdf\" target=\"_blank\" rel=\"noopener\">SE-EGYI-GYT-MU-38<\/a> A magisztr\u00e1lis k\u00e9sz\u00edtm\u00e9nyek lej\u00e1rati idej\u00e9nek meghat\u00e1roz\u00e1sa<\/li>\n<li><a href=\"https:\/\/semmelweis.hu\/gyogyszertar\/files\/2024\/09\/SE-EGYI-GYT-MU_39-_A-magisztr.lab_.tubustolto-es-zaro-berend.tisztitasa.pdf\" target=\"_blank\" rel=\"noopener\">SE-EGYI-GYT-MU-39<\/a> Magisztr\u00e1lis Labor tubust\u00f6lt\u0151 \u00e9s z\u00e1r\u00f3 berendez\u00e9s\u00e9nek tiszt\u00edt\u00e1sa<\/li>\n<li><a href=\"https:\/\/semmelweis.hu\/gyogyszertar\/files\/2024\/09\/SE-EGYI-GYT-MU_41_-A-kabitoszer-alapanyag-rendelese-eskiadasa.pdf\" target=\"_blank\" rel=\"noopener\">SE-EGYI-GYT-MU-41<\/a> A k\u00e1b\u00edt\u00f3szer alapanyag rendel\u00e9se \u00e9s kiad\u00e1sa<\/li>\n<li><a href=\"https:\/\/semmelweis.hu\/gyogyszertar\/files\/2024\/09\/SE-EGYI-GYT-MU-42-veszelyes-lab-mukodesi-rendje.pdf\" target=\"_blank\" rel=\"noopener\">SE-EGYI-GYT-MU-42<\/a> A Magisztr\u00e1lis Laborat\u00f3rium Vesz\u00e9lyes-gy\u00f3gyszer k\u00e9sz\u00edt\u0151 laborat\u00f3rium\u00e1nak m\u0171k\u00f6d\u00e9si rendje<\/li>\n<li><a href=\"https:\/\/semmelweis.hu\/gyogyszertar\/files\/2024\/09\/SE-EGYI-GYT-MU_43-_A-Tablettazo-lab.-mukodese.pdf\" target=\"_blank\" rel=\"noopener\">SE-EGYI-GYT-MU-43<\/a> A Magisztr\u00e1lis Laborat\u00f3rium tablett\u00e1z\u00f3 labor m\u0171k\u00f6d\u00e9se<\/li>\n<li><a href=\"https:\/\/semmelweis.hu\/gyogyszertar\/files\/2024\/09\/SE-EGYI-GYT-MU-44-ATMP.pdf\" target=\"_blank\" rel=\"noopener\">SE-EGYI-GYT-MU-44<\/a> ATMP<\/li>\n<li><a href=\"https:\/\/semmelweis.hu\/gyogyszertar\/files\/2024\/09\/SE-EGYI-GYT-MU-45-kesztyuhasznkezfert.pdf\" target=\"_blank\" rel=\"noopener\">SE-EGYI-GYT-MU-45<\/a> K\u00e9zhigi\u00e9n\u00e9, be\u00f6lt\u00f6z\u00e9s \u00e9s keszty\u0171haszn\u00e1lat a term\u00e9k el\u0151\u00e1ll\u00edt\u00e1sban<\/li>\n<\/ul>\n<\/div><\/div>\n","protected":false},"excerpt":{"rendered":"<p>Egys\u00e9gszint\u0171 M\u0171k\u00f6d\u00e9si Szab\u00e1lyzat: <a href=\"https:\/\/semmelweis.hu\/gyogyszertar\/files\/2024\/09\/SE-GYTK-EGYI-GYT-EMSZ.pdf\" target=\"_blank\" rel=\"noopener\">SE-EGYI-GYT-EMSZ<\/a> MUNKAUTAS\u00cdT\u00c1SOK LIST\u00c1JA: <a href=\"https:\/\/semmelweis.hu\/gyogyszertar\/files\/2024\/09\/SE-GYTK-EGYI-GYT-EMSZ-M01.pdf\" target=\"_blank\" rel=\"noopener\">SE-EGYI-GYT-EMSZ-M01<\/a> <a href=\"https:\/\/semmelweis.hu\/gyogyszertar\/files\/2024\/09\/SE-GYTK-EGYI-GYT-MU-01.pdf\" target=\"_blank\" rel=\"noopener\">SE-EGYI-GYT-MU-01<\/a> Inf\u00fazi\u00f3k\u00e9sz\u00edt\u00e9s <a href=\"https:\/\/semmelweis.hu\/gyogyszertar\/files\/2024\/09\/SE-GYTK-EGYI-GYT-MU-01-M01.pdf\" target=\"_blank\" rel=\"noopener\">SE-EGYI-GYT-MU-01-M01<\/a> Inf\u00fazi\u00f3s k\u00e9sz\u00edtm\u00e9ny t\u00f6rzslapja <a href=\"https:\/\/semmelweis.hu\/gyogyszertar\/files\/2024\/09\/SE-GYTK-EGYI-GYT-MU-02.pdf\" target=\"_blank\" rel=\"noopener\">SE-EGYI-GYT-MU-02<\/a> Egyedi kever\u00e9kinf\u00fazi\u00f3 k\u00e9sz\u00edt\u00e9s <a href=\"https:\/\/semmelweis.hu\/gyogyszertar\/files\/2024\/09\/SE-GYTK-EGYI-GYT-MU-02-M01.pdf\" target=\"_blank\" rel=\"noopener\">SE-EGYI-GYT-MU-02-M01<\/a> Kever\u00e9kinf\u00fazi\u00f3 t\u00f6rzslapja <a href=\"https:\/\/semmelweis.hu\/gyogyszertar\/files\/2024\/09\/SE-GYTK-EGYI-GYT-MU-02-M02.pdf\" target=\"_blank\" rel=\"noopener\">SE-EGYI-GYT-MU-02-M02<\/a> F\u00e9nyt\u0151l v\u00e9dve t\u00e1roland\u00f3 gy\u00e1ri k\u00e9sz\u00edtm\u00e9nyek <a href=\"https:\/\/semmelweis.hu\/gyogyszertar\/files\/2024\/09\/SE-GYTK-EGYI-GYT-MU-04.pdf\" target=\"_blank\" rel=\"noopener\">SE-EGYI-GYT-MU-04<\/a> Statim \u00e9s \u00e9letment\u0151 inf\u00fazi\u00f3 rendel\u00e9sek kiad\u00e1sa <a href=\"https:\/\/semmelweis.hu\/gyogyszertar\/files\/2024\/09\/SE-GYTK-EGYI-GYT-MU-25.pdf\" target=\"_blank\" rel=\"noopener\">SE-EGYI-GYT-MU-25<\/a> Parenter\u00e1lis t\u00e1rol\u00f3ed\u00e9nyek \u00e9s eszk\u00f6z\u00f6k el\u0151kezel\u00e9se, tiszt\u00edt\u00e1sa <a href=\"https:\/\/semmelweis.hu\/gyogyszertar\/files\/2024\/09\/SE-GYTK-EGYI-GYT-MU-25-M01.pdf\" target=\"_blank\" rel=\"noopener\">SE-EGYI-GYT-MU-25-M01<\/a> Inf\u00fazi\u00f3s \u00fcvegmos\u00e1s <a href=\"https:\/\/semmelweis.hu\/gyogyszertar\/files\/2024\/09\/SE-GYTK-EGYI-GYT-MU-26.pdf\" target=\"_blank\" rel=\"noopener\">SE-EGYI-GYT-MU-26<\/a> Fert\u0151tlen\u00edt\u0151 takar\u00edt\u00e1s az inf\u00fazi\u00f3s laborat\u00f3riumban <a href=\"https:\/\/semmelweis.hu\/gyogyszertar\/files\/2024\/09\/SE-GYTK-EGYI-GYT-MU-40.pdf\" target=\"_blank\" rel=\"noopener\">SE-EGYI-GYT-MU-40<\/a> Egyedi injekci\u00f3k k\u00e9sz\u00edt\u00e9se <a href=\"https:\/\/semmelweis.hu\/gyogyszertar\/files\/2024\/09\/SE-GYTK-EGYI-GYT-MU-40-M01.pdf\" target=\"_blank\" rel=\"noopener\">SE-EGYI-GYT-MU-40-M01<\/a> Egyedi injekci\u00f3 t\u00f6rzslapja <a href=\"https:\/\/semmelweis.hu\/gyogyszertar\/files\/2024\/09\/SE-GYTK-EGYI-GYT-MU-51.pdf\" target=\"_blank\" rel=\"noopener\">SE-EGYI-GYT-MU-51<\/a> Gy\u00e1ri inf\u00fazi\u00f3k kezel\u00e9se <a href=\"https:\/\/semmelweis.hu\/gyogyszertar\/files\/2024\/09\/SE-GYTK-EGYI-GYT-MU-51-M01.pdf\" target=\"_blank\" rel=\"noopener\">SE-EGYI-GYT-MU-51-M01<\/a> Besz\u00e1ll\u00edt\u00f3k &#8211; Nagykeresked\u0151k list\u00e1ja <a href=\"https:\/\/semmelweis.hu\/gyogyszertar\/files\/2024\/09\/SE-GYTK-EGYI-GYT-MU-51-M02.pdf\" target=\"_blank\" rel=\"noopener\">SE-EGYI-GYT-MU-51-M02<\/a> Heti kisz\u00e1ll\u00edt\u00e1si rend <a href=\"https:\/\/semmelweis.hu\/gyogyszertar\/files\/2024\/09\/SE-EGYI-GYT-MU_05_Kulso-vevonek-torteno-magisztralis-keszitmeny-ertekesites.pdf\" target=\"_blank\" rel=\"noopener\">SE-EGYI-GYT-MU-05<\/a> K\u00fcls\u0151 &hellip;<\/p>\n","protected":false},"author":357,"featured_media":0,"parent":166,"menu_order":3,"comment_status":"closed","ping_status":"closed","template":"","meta":{"_acf_changed":false,"footnotes":""},"categories":[],"tags":[],"class_list":["post-1539","page","type-page","status-publish","hentry"],"acf":[],"_links":{"self":[{"href":"https:\/\/semmelweis.hu\/gyogyszertar\/wp-json\/wp\/v2\/pages\/1539","targetHints":{"allow":["GET"]}}],"collection":[{"href":"https:\/\/semmelweis.hu\/gyogyszertar\/wp-json\/wp\/v2\/pages"}],"about":[{"href":"https:\/\/semmelweis.hu\/gyogyszertar\/wp-json\/wp\/v2\/types\/page"}],"author":[{"embeddable":true,"href":"https:\/\/semmelweis.hu\/gyogyszertar\/wp-json\/wp\/v2\/users\/357"}],"replies":[{"embeddable":true,"href":"https:\/\/semmelweis.hu\/gyogyszertar\/wp-json\/wp\/v2\/comments?post=1539"}],"version-history":[{"count":11,"href":"https:\/\/semmelweis.hu\/gyogyszertar\/wp-json\/wp\/v2\/pages\/1539\/revisions"}],"predecessor-version":[{"id":11131,"href":"https:\/\/semmelweis.hu\/gyogyszertar\/wp-json\/wp\/v2\/pages\/1539\/revisions\/11131"}],"up":[{"embeddable":true,"href":"https:\/\/semmelweis.hu\/gyogyszertar\/wp-json\/wp\/v2\/pages\/166"}],"wp:attachment":[{"href":"https:\/\/semmelweis.hu\/gyogyszertar\/wp-json\/wp\/v2\/media?parent=1539"}],"wp:term":[{"taxonomy":"category","embeddable":true,"href":"https:\/\/semmelweis.hu\/gyogyszertar\/wp-json\/wp\/v2\/categories?post=1539"},{"taxonomy":"post_tag","embeddable":true,"href":"https:\/\/semmelweis.hu\/gyogyszertar\/wp-json\/wp\/v2\/tags?post=1539"}],"curies":[{"name":"wp","href":"https:\/\/api.w.org\/{rel}","templated":true}]}}