{"id":1535,"date":"2015-06-24T09:38:37","date_gmt":"2015-06-24T07:38:37","guid":{"rendered":"http:\/\/semmelweis.hu\/gyogyszertar\/?page_id=1535"},"modified":"2024-09-17T08:05:54","modified_gmt":"2024-09-17T06:05:54","slug":"varosmajori-sziv-es-ergyogyaszati-klinika","status":"publish","type":"page","link":"https:\/\/semmelweis.hu\/gyogyszertar\/minosegiranyitasi-rendszer\/varosmajori-sziv-es-ergyogyaszati-klinika\/","title":{"rendered":"V\u00e1rosmajori Sz\u00edv- \u00e9s \u00c9rgy\u00f3gy\u00e1szati Klinika int\u00e9zeti gy\u00f3gyszert\u00e1ri r\u00e9szleg"},"content":{"rendered":"<h4 class=\"piros_h4\"><b>Egys\u00e9gszint\u0171 M\u0171k\u00f6d\u00e9si Szab\u00e1lyzat: <a href=\"https:\/\/semmelweis.hu\/gyogyszertar\/files\/2024\/09\/SE-EGYI-VKT-EMSZ2023.docx\" target=\"_blank\" rel=\"noopener\">SE-EGYI-VKT-EMSZ<\/a><\/b><\/h4>\n<ul>\n<li><a href=\"https:\/\/semmelweis.hu\/gyogyszertar\/files\/2024\/09\/SE-EGYI-VSZEK-MU-2023-1.docx\" target=\"_blank\" rel=\"noopener\">SE-EGYI-VSZEK-MU-1<\/a> \u00dcgyeleti szolg\u00e1lat<\/li>\n<li><a href=\"https:\/\/semmelweis.hu\/gyogyszertar\/files\/2024\/09\/SE-EGYI-VSZEK-MU-2023-2.docx\" target=\"_blank\" rel=\"noopener\">SE-EGYI-VSZEK-MU-2<\/a> K\u00fcls\u0151 sz\u00e1ll\u00edt\u00f3t\u00f3l val\u00f3 rendel\u00e9s<\/li>\n<li><a href=\"https:\/\/semmelweis.hu\/gyogyszertar\/files\/2024\/09\/SE-EGYI-VSZEK-MU-2023-3.docx\" target=\"_blank\" rel=\"noopener\">SE-EGYI-VSZEK-MU-3<\/a> Gy\u00f3gyszerek, inf\u00fazi\u00f3k, magisztr\u00e1lis k\u00e9sz\u00edtm\u00e9nyek, k\u00f6tszerek, fert\u0151tlen\u00edt\u0151 szerek, vegyszerek \u00e9s egy\u00e9b anyagok \u00e1tv\u00e9tele<\/li>\n<li><a href=\"https:\/\/semmelweis.hu\/gyogyszertar\/files\/2024\/09\/SE-EGYI-VSZEK-MU-2023-4.docx\" target=\"_blank\" rel=\"noopener\">SE-EGYI-VSZEK-MU-4<\/a> Rendel\u00e9sek kiad\u00e1sa<\/li>\n<li><a href=\"https:\/\/semmelweis.hu\/gyogyszertar\/files\/2024\/09\/SE-EGYI-VSZEK-MU-2023-5.docx\" target=\"_blank\" rel=\"noopener\">SE-EGYI-VSZEK-MU-5<\/a> Statim, \u00e9letment\u0151 gy\u00f3gyszerek kiad\u00e1sa<\/li>\n<li><a href=\"https:\/\/semmelweis.hu\/gyogyszertar\/files\/2024\/09\/SE-EGYI-VSZEK-MU-2023-6.docx\" target=\"_blank\" rel=\"noopener\">SE-EGYI-VSZEK-MU-6<\/a> Fokozottan ellen\u0151rz\u00f6tt szerek kezel\u00e9se<\/li>\n<li><a href=\"https:\/\/semmelweis.hu\/gyogyszertar\/files\/2024\/09\/SE-EGYI-VSZEK-MU-2023-7.docx\" target=\"_blank\" rel=\"noopener\">SE-EGYI-VSZEK-MU-7<\/a> Egyedi import gy\u00f3gyszerek rendel\u00e9se, kiad\u00e1sa<\/li>\n<li><a href=\"https:\/\/semmelweis.hu\/gyogyszertar\/files\/2024\/09\/SE-EGYI-VSZEK-MU-2023-8.docx\" target=\"_blank\" rel=\"noopener\">SE-EGYI-VSZEK-MU-8<\/a> T\u00e9teles elsz\u00e1mol\u00e1s\u00fa gy\u00f3gyszerek rendel\u00e9se, kiad\u00e1sa<\/li>\n<li><a href=\"https:\/\/semmelweis.hu\/gyogyszertar\/files\/2024\/09\/SE-EGYI-VSZEK-MU-2023-9.docx\" target=\"_blank\" rel=\"noopener\">SE-EGYI-VSZEK-MU-9<\/a> Gy\u00f3gyszerek, inf\u00fazi\u00f3k, magisztr\u00e1lis k\u00e9sz\u00edtm\u00e9nyek, k\u00f6tszerek, fert\u0151tlen\u00edt\u0151 szerek, vegyszerek t\u00e1rol\u00e1sa<\/li>\n<li><a href=\"https:\/\/semmelweis.hu\/gyogyszertar\/files\/2024\/09\/SE-EGYI-VSZEK-MU-2023-10.docx\" target=\"_blank\" rel=\"noopener\">SE-EGYI-VSZEK-MU-10<\/a> Minimumk\u00e9szlet kialak\u00edt\u00e1sa<\/li>\n<li><a href=\"https:\/\/semmelweis.hu\/gyogyszertar\/files\/2024\/09\/SE-EGYI-VSZEK-MU-2023-11.docx\" target=\"_blank\" rel=\"noopener\">SE-EGYI-VSZEK-MU-11<\/a> Lej\u00e1ratfigyel\u00e9s<\/li>\n<li><a href=\"https:\/\/semmelweis.hu\/gyogyszertar\/files\/2024\/09\/SE-EGYI-VSZEK-MU-2023-12.docx\" target=\"_blank\" rel=\"noopener\">SE-EGYI-VSZEK-MU-12<\/a> Visszah\u00edv\u00e1s rendje<\/li>\n<li><a href=\"https:\/\/semmelweis.hu\/gyogyszertar\/files\/2024\/09\/SE-EGYI-VSZEK-MU-2023-13.docx\" target=\"_blank\" rel=\"noopener\">SE-EGYI-VSZEK-MU-13<\/a> Forgalomb\u00f3l val\u00f3 kivon\u00e1s<\/li>\n<li><a href=\"https:\/\/semmelweis.hu\/gyogyszertar\/files\/2024\/09\/SE-EGYI-VSZEK-MU-2023-14.docx\" target=\"_blank\" rel=\"noopener\">SE-EGYI-VSZEK-MU-14<\/a> Adom\u00e1nyok kezel\u00e9se<\/li>\n<li><a href=\"https:\/\/semmelweis.hu\/gyogyszertar\/files\/2024\/09\/SE-EGYI-VSZEK-MU-2023-15.docx\" target=\"_blank\" rel=\"noopener\">SE-EGYI-VSZEK-MU-15<\/a> Egyedi m\u00e9lt\u00e1nyoss\u00e1g\u00fa gy\u00f3gyszerek rendel\u00e9se, kiad\u00e1sa<\/li>\n<li><a href=\"https:\/\/semmelweis.hu\/gyogyszertar\/files\/2024\/09\/SE-EGYI-VSZEK-MU-2023-16.docx\" target=\"_blank\" rel=\"noopener\">SE-EGYI-VSZEK-MU-16<\/a> Antibiotikum ter\u00e1pi\u00e1k gy\u00f3gyszer\u00e9szi t\u00e1mogat\u00e1sa<\/li>\n<li><a href=\"https:\/\/semmelweis.hu\/gyogyszertar\/files\/2024\/09\/SE-EGYI-VSZEK-MU-2023-17.docx\" target=\"_blank\" rel=\"noopener\">SE-EGYI-VSZEK-MU-17<\/a> A vancomycin AUC szerinti monitoroz\u00e1sa a fekv\u0151beteg oszt\u00e1lyokon<\/li>\n<li><a href=\"https:\/\/semmelweis.hu\/gyogyszertar\/files\/2024\/09\/SE-EGYI-VSZEK-MU-2023-18.docx\" target=\"_blank\" rel=\"noopener\">SE-EGYI-VSZEK-MU-18<\/a> Sz\u00edvtranszplant\u00e1lt betegek gy\u00f3gyszer\u00e9szi eduk\u00e1ci\u00f3ja<\/li>\n<\/ul>\n<p>&nbsp;<\/p>\n","protected":false},"excerpt":{"rendered":"<p>Egys\u00e9gszint\u0171 M\u0171k\u00f6d\u00e9si Szab\u00e1lyzat: <a href=\"https:\/\/semmelweis.hu\/gyogyszertar\/files\/2024\/09\/SE-EGYI-VKT-EMSZ2023.docx\" target=\"_blank\" rel=\"noopener\">SE-EGYI-VKT-EMSZ<\/a> <a href=\"https:\/\/semmelweis.hu\/gyogyszertar\/files\/2024\/09\/SE-EGYI-VSZEK-MU-2023-1.docx\" target=\"_blank\" rel=\"noopener\">SE-EGYI-VSZEK-MU-1<\/a> \u00dcgyeleti szolg\u00e1lat <a href=\"https:\/\/semmelweis.hu\/gyogyszertar\/files\/2024\/09\/SE-EGYI-VSZEK-MU-2023-2.docx\" target=\"_blank\" rel=\"noopener\">SE-EGYI-VSZEK-MU-2<\/a> K\u00fcls\u0151 sz\u00e1ll\u00edt\u00f3t\u00f3l val\u00f3 rendel\u00e9s <a href=\"https:\/\/semmelweis.hu\/gyogyszertar\/files\/2024\/09\/SE-EGYI-VSZEK-MU-2023-3.docx\" target=\"_blank\" rel=\"noopener\">SE-EGYI-VSZEK-MU-3<\/a> Gy\u00f3gyszerek, inf\u00fazi\u00f3k, magisztr\u00e1lis k\u00e9sz\u00edtm\u00e9nyek, k\u00f6tszerek, fert\u0151tlen\u00edt\u0151 szerek, vegyszerek \u00e9s egy\u00e9b anyagok \u00e1tv\u00e9tele <a href=\"https:\/\/semmelweis.hu\/gyogyszertar\/files\/2024\/09\/SE-EGYI-VSZEK-MU-2023-4.docx\" target=\"_blank\" rel=\"noopener\">SE-EGYI-VSZEK-MU-4<\/a> Rendel\u00e9sek kiad\u00e1sa <a href=\"https:\/\/semmelweis.hu\/gyogyszertar\/files\/2024\/09\/SE-EGYI-VSZEK-MU-2023-5.docx\" target=\"_blank\" rel=\"noopener\">SE-EGYI-VSZEK-MU-5<\/a> Statim, \u00e9letment\u0151 gy\u00f3gyszerek kiad\u00e1sa <a href=\"https:\/\/semmelweis.hu\/gyogyszertar\/files\/2024\/09\/SE-EGYI-VSZEK-MU-2023-6.docx\" target=\"_blank\" rel=\"noopener\">SE-EGYI-VSZEK-MU-6<\/a> Fokozottan ellen\u0151rz\u00f6tt szerek kezel\u00e9se <a href=\"https:\/\/semmelweis.hu\/gyogyszertar\/files\/2024\/09\/SE-EGYI-VSZEK-MU-2023-7.docx\" target=\"_blank\" rel=\"noopener\">SE-EGYI-VSZEK-MU-7<\/a> Egyedi import gy\u00f3gyszerek rendel\u00e9se, kiad\u00e1sa <a href=\"https:\/\/semmelweis.hu\/gyogyszertar\/files\/2024\/09\/SE-EGYI-VSZEK-MU-2023-8.docx\" target=\"_blank\" rel=\"noopener\">SE-EGYI-VSZEK-MU-8<\/a> T\u00e9teles elsz\u00e1mol\u00e1s\u00fa gy\u00f3gyszerek rendel\u00e9se, kiad\u00e1sa <a href=\"https:\/\/semmelweis.hu\/gyogyszertar\/files\/2024\/09\/SE-EGYI-VSZEK-MU-2023-9.docx\" target=\"_blank\" rel=\"noopener\">SE-EGYI-VSZEK-MU-9<\/a> Gy\u00f3gyszerek, inf\u00fazi\u00f3k, magisztr\u00e1lis k\u00e9sz\u00edtm\u00e9nyek, k\u00f6tszerek, fert\u0151tlen\u00edt\u0151 szerek, vegyszerek t\u00e1rol\u00e1sa <a href=\"https:\/\/semmelweis.hu\/gyogyszertar\/files\/2024\/09\/SE-EGYI-VSZEK-MU-2023-10.docx\" target=\"_blank\" rel=\"noopener\">SE-EGYI-VSZEK-MU-10<\/a> Minimumk\u00e9szlet kialak\u00edt\u00e1sa <a href=\"https:\/\/semmelweis.hu\/gyogyszertar\/files\/2024\/09\/SE-EGYI-VSZEK-MU-2023-11.docx\" target=\"_blank\" rel=\"noopener\">SE-EGYI-VSZEK-MU-11<\/a> Lej\u00e1ratfigyel\u00e9s <a href=\"https:\/\/semmelweis.hu\/gyogyszertar\/files\/2024\/09\/SE-EGYI-VSZEK-MU-2023-12.docx\" target=\"_blank\" rel=\"noopener\">SE-EGYI-VSZEK-MU-12<\/a> Visszah\u00edv\u00e1s rendje &hellip;<\/p>\n","protected":false},"author":357,"featured_media":0,"parent":166,"menu_order":13,"comment_status":"closed","ping_status":"closed","template":"","meta":{"_acf_changed":false,"footnotes":""},"categories":[],"tags":[],"class_list":["post-1535","page","type-page","status-publish","hentry"],"acf":[],"_links":{"self":[{"href":"https:\/\/semmelweis.hu\/gyogyszertar\/wp-json\/wp\/v2\/pages\/1535","targetHints":{"allow":["GET"]}}],"collection":[{"href":"https:\/\/semmelweis.hu\/gyogyszertar\/wp-json\/wp\/v2\/pages"}],"about":[{"href":"https:\/\/semmelweis.hu\/gyogyszertar\/wp-json\/wp\/v2\/types\/page"}],"author":[{"embeddable":true,"href":"https:\/\/semmelweis.hu\/gyogyszertar\/wp-json\/wp\/v2\/users\/357"}],"replies":[{"embeddable":true,"href":"https:\/\/semmelweis.hu\/gyogyszertar\/wp-json\/wp\/v2\/comments?post=1535"}],"version-history":[{"count":11,"href":"https:\/\/semmelweis.hu\/gyogyszertar\/wp-json\/wp\/v2\/pages\/1535\/revisions"}],"predecessor-version":[{"id":10537,"href":"https:\/\/semmelweis.hu\/gyogyszertar\/wp-json\/wp\/v2\/pages\/1535\/revisions\/10537"}],"up":[{"embeddable":true,"href":"https:\/\/semmelweis.hu\/gyogyszertar\/wp-json\/wp\/v2\/pages\/166"}],"wp:attachment":[{"href":"https:\/\/semmelweis.hu\/gyogyszertar\/wp-json\/wp\/v2\/media?parent=1535"}],"wp:term":[{"taxonomy":"category","embeddable":true,"href":"https:\/\/semmelweis.hu\/gyogyszertar\/wp-json\/wp\/v2\/categories?post=1535"},{"taxonomy":"post_tag","embeddable":true,"href":"https:\/\/semmelweis.hu\/gyogyszertar\/wp-json\/wp\/v2\/tags?post=1535"}],"curies":[{"name":"wp","href":"https:\/\/api.w.org\/{rel}","templated":true}]}}