{"id":1533,"date":"2015-06-24T09:37:38","date_gmt":"2015-06-24T07:37:38","guid":{"rendered":"http:\/\/semmelweis.hu\/gyogyszertar\/?page_id=1533"},"modified":"2025-05-20T08:10:45","modified_gmt":"2025-05-20T06:10:45","slug":"belso-klinikai-tomb","status":"publish","type":"page","link":"https:\/\/semmelweis.hu\/gyogyszertar\/minosegiranyitasi-rendszer\/belso-klinikai-tomb\/","title":{"rendered":"Bels\u0151 Klinikai T\u00f6mb int\u00e9zeti gy\u00f3gyszert\u00e1ri r\u00e9szleg"},"content":{"rendered":"<h4 class=\"piros_h4\" style=\"text-align: left\"><b>Egys\u00e9gszint\u0171 M\u0171k\u00f6d\u00e9si Szab\u00e1lyzat: <\/b><a href=\"https:\/\/semmelweis.hu\/gyogyszertar\/files\/2024\/09\/SE-EGYI-BKT-EMSZ.pdf\" target=\"_blank\" rel=\"noopener\">SE-EGYI-BKT-EMSZ<\/a><\/h4>\n<ul>\n<li><a href=\"https:\/\/semmelweis.hu\/gyogyszertar\/files\/2024\/09\/SE-EGYI-BKT-MU-01-ugyelet.pdf\" target=\"_blank\" rel=\"noopener\">SE-EGYI-BKT-MU-01<\/a> \u00dcgyeleti szolg\u00e1lat<\/li>\n<li><a href=\"https:\/\/semmelweis.hu\/gyogyszertar\/files\/2025\/05\/SE-EGYI-BKT-MU-02-rendeles-kulso.pdf\" target=\"_blank\" rel=\"noopener\">SE-EGYI-BKT-MU-02<\/a> K\u00fcls\u0151 sz\u00e1ll\u00edt\u00f3t\u00f3l val\u00f3 rendel\u00e9s<\/li>\n<li><a href=\"https:\/\/semmelweis.hu\/gyogyszertar\/files\/2025\/05\/SE-EGYI-BKT-MU-03-aruatvetel.pdf\" target=\"_blank\" rel=\"noopener\">SE-EGYI-BKT-MU-03<\/a> \u00c1ru\u00e1tv\u00e9tel<\/li>\n<li><a href=\"https:\/\/semmelweis.hu\/gyogyszertar\/files\/2025\/05\/SE-EGYI-BKT-MU-04-kiadas.pdf\" target=\"_blank\" rel=\"noopener\">SE-EGYI-BKT-MU-04<\/a> Rendel\u00e9s kiad\u00e1sa<\/li>\n<li><a href=\"https:\/\/semmelweis.hu\/gyogyszertar\/files\/2025\/05\/SE-EGYI-BKT-MU-05-statim.pdf\" target=\"_blank\" rel=\"noopener\">SE-EGYI-BKT-MU-05<\/a> Statim rendel\u00e9s<\/li>\n<li><a href=\"https:\/\/semmelweis.hu\/gyogyszertar\/files\/2024\/09\/SE-EGYI-BKT-MU-06-egyedi-import-beszerzes.pdf\" target=\"_blank\" rel=\"noopener\">SE-EGYI-BKT-MU-06<\/a> Egyedi import gy\u00f3gyszerrendel\u00e9s, kiad\u00e1s<\/li>\n<li><a href=\"https:\/\/semmelweis.hu\/gyogyszertar\/files\/2024\/09\/SE-EGYI-BKT-MU-07-teteles.pdf\" target=\"_blank\" rel=\"noopener\">SE-EGYI-BKT-MU-07<\/a> T\u00e9teles elsz\u00e1mol\u00e1s\u00fa gy\u00f3gyszerek rendel\u00e9se \u00e9s kiad\u00e1sa<\/li>\n<li><a href=\"https:\/\/semmelweis.hu\/gyogyszertar\/files\/2024\/09\/SE-EGYI-BKT-MU-08-kulso-vevo.pdf\" target=\"_blank\" rel=\"noopener\">SE-EGYI-BKT-MU-08<\/a> K\u00fcls\u0151 vev\u0151nek t\u00f6rt\u00e9n\u0151 \u00e9rt\u00e9kes\u00edt\u00e9s<\/li>\n<li><a href=\"https:\/\/semmelweis.hu\/gyogyszertar\/files\/2024\/09\/SE-EGYI-BKT-MU-09-fokozottan-ellenorzott-szer.pdf\" target=\"_blank\" rel=\"noopener\">SE-EGYI-BKT-MU-09<\/a> Fokozottan ellen\u0151rz\u00f6tt szerek kezel\u00e9se<\/li>\n<li><a href=\"https:\/\/semmelweis.hu\/gyogyszertar\/files\/2025\/05\/SE-EGYI-BKT-MU-11-tarolas.pdf\" target=\"_blank\" rel=\"noopener\">SE-EGYI-BKT-MU-11<\/a> Gy\u00f3gyszerek, k\u00f6tszerek, fert\u0151tlen\u00edt\u0151szerek t\u00e1rol\u00e1sa<\/li>\n<li><a href=\"https:\/\/semmelweis.hu\/gyogyszertar\/files\/2025\/05\/SE-EGYI-BKT-MU-13-alaplista.pdf\" target=\"_blank\" rel=\"noopener\">SE-EGYI-BKT-MU-13<\/a> Gy\u00f3gyszer-alaplista kialak\u00edt\u00e1sa, id\u0151szakos fel\u00fclvizsg\u00e1lata<\/li>\n<li><a href=\"https:\/\/semmelweis.hu\/gyogyszertar\/files\/2025\/05\/SE-EGYI-BKT-MU-14-minimum-keszlet.pdf\" target=\"_blank\" rel=\"noopener\">SE-EGYI-BKT-MU-14<\/a> Minimumk\u00e9szlet kialak\u00edt\u00e1sa<\/li>\n<li><a href=\"https:\/\/semmelweis.hu\/gyogyszertar\/files\/2024\/09\/SE-EGYI-BKT-MU-15-lejaratfigyeles.pdf\" target=\"_blank\" rel=\"noopener\">SE-EGYI-BKT-MU-15<\/a> Lej\u00e1ratfigyel\u00e9s<\/li>\n<li><a href=\"https:\/\/semmelweis.hu\/gyogyszertar\/files\/2024\/09\/SE-EGYI-BKT-MU-16-visszahivas.pdf\" target=\"_blank\" rel=\"noopener\">SE-EGYI-BKT-MU-16<\/a> Visszah\u00edv\u00e1s rendje<\/li>\n<li><a href=\"https:\/\/semmelweis.hu\/gyogyszertar\/files\/2024\/09\/SE-EGYI-BKT-MU-17-forgalombol-kivonas.pdf\" target=\"_blank\" rel=\"noopener\">SE-EGYI-BKT-MU-17<\/a> Forgalomb\u00f3l val\u00f3 kivon\u00e1s<\/li>\n<li><a href=\"https:\/\/semmelweis.hu\/gyogyszertar\/files\/2024\/09\/SE-EGYI-BKT-MU-24-adomanyok.pdf\" target=\"_blank\" rel=\"noopener\">SE-EGYI-BKT-MU-24<\/a> Adom\u00e1nyok kezel\u00e9se<\/li>\n<li><a href=\"https:\/\/semmelweis.hu\/gyogyszertar\/files\/2024\/09\/SE-EGYI-BKT-MU-25-mellekhatas-jelentes.pdf\" target=\"_blank\" rel=\"noopener\">SE-EGYI-BKT-MU-25<\/a> Mell\u00e9khat\u00e1s bejelent\u00e9sek kezel\u00e9se<\/li>\n<li><a href=\"https:\/\/semmelweis.hu\/gyogyszertar\/files\/2024\/09\/SE-EGYI-BKT-MU-28-klinikai-vizsgalatok-nyilvantartasa.pdf\" target=\"_blank\" rel=\"noopener\">SE-EGYI-BKT-MU-28<\/a> Klinikai vizsg\u00e1latok \u00e9rkeztet\u00e9se \u00e9s nyilv\u00e1ntart\u00e1sa<\/li>\n<li><a href=\"https:\/\/semmelweis.hu\/gyogyszertar\/files\/2025\/05\/SE-EGYI-BKT-MU-30-UD.pdf\" target=\"_blank\" rel=\"noopener\">SE-EGYI-BKT-MU-30<\/a> Betegre szabott gy\u00f3gyszeroszt\u00e1s<\/li>\n<li><a href=\"https:\/\/semmelweis.hu\/gyogyszertar\/files\/2024\/09\/SE-EGYI-BKT-MU-31-hutok-tavfelugyelete.pdf\" target=\"_blank\" rel=\"noopener\">SE-EGYI-BKT-MU-31<\/a> H\u0171t\u0151k h\u0151m\u00e9rs\u00e9klet\u00e9nek t\u00e1vfel\u00fcgyeleti rendszere<\/li>\n<li><a href=\"https:\/\/semmelweis.hu\/gyogyszertar\/files\/2024\/09\/SE-EGYI-BKT-MU-32-HUMVO.pdf\" target=\"_blank\" rel=\"noopener\">SE-EGYI-BKT-MU-32<\/a> Gy\u00f3gyszerazonos\u00edt\u00e1s (szerializ\u00e1ci\u00f3s-k\u00f3d ellen\u0151rz\u00e9se)<\/li>\n<li><a href=\"https:\/\/semmelweis.hu\/gyogyszertar\/files\/2024\/09\/SE-EGYI-BKT-MU-33-Hep-C-kez.pdf\" target=\"_blank\" rel=\"noopener\">SE-EGYI-BKT-MU-33<\/a> Hepatitis C kezel\u00e9s\u00e9re szolg\u00e1l\u00f3 gy\u00f3gyszerek kezel\u00e9s\u00e9nek elj\u00e1r\u00e1srendje<\/li>\n<li><a href=\"https:\/\/semmelweis.hu\/gyogyszertar\/files\/2025\/05\/SE-EGYI-BKT-MU-34-lejarat.pdf\" target=\"_blank\" rel=\"noopener\">SE-EGYI-BKT-MU-34<\/a> Lej\u00e1ratfigyel\u00e9s \u00e9s selejtez\u00e9s<\/li>\n<\/ul>\n<p>&nbsp;<\/p>\n<p style=\"text-align: center\">\u00a0<\/p>\n","protected":false},"excerpt":{"rendered":"<p>Egys\u00e9gszint\u0171 M\u0171k\u00f6d\u00e9si Szab\u00e1lyzat: <a href=\"https:\/\/semmelweis.hu\/gyogyszertar\/files\/2024\/09\/SE-EGYI-BKT-EMSZ.pdf\" target=\"_blank\" rel=\"noopener\">SE-EGYI-BKT-EMSZ<\/a> <a href=\"https:\/\/semmelweis.hu\/gyogyszertar\/files\/2024\/09\/SE-EGYI-BKT-MU-01-ugyelet.pdf\" target=\"_blank\" rel=\"noopener\">SE-EGYI-BKT-MU-01<\/a> \u00dcgyeleti szolg\u00e1lat <a href=\"https:\/\/semmelweis.hu\/gyogyszertar\/files\/2025\/05\/SE-EGYI-BKT-MU-02-rendeles-kulso.pdf\" target=\"_blank\" rel=\"noopener\">SE-EGYI-BKT-MU-02<\/a> K\u00fcls\u0151 sz\u00e1ll\u00edt\u00f3t\u00f3l val\u00f3 rendel\u00e9s <a href=\"https:\/\/semmelweis.hu\/gyogyszertar\/files\/2025\/05\/SE-EGYI-BKT-MU-03-aruatvetel.pdf\" target=\"_blank\" rel=\"noopener\">SE-EGYI-BKT-MU-03<\/a> \u00c1ru\u00e1tv\u00e9tel <a href=\"https:\/\/semmelweis.hu\/gyogyszertar\/files\/2025\/05\/SE-EGYI-BKT-MU-04-kiadas.pdf\" target=\"_blank\" rel=\"noopener\">SE-EGYI-BKT-MU-04<\/a> Rendel\u00e9s kiad\u00e1sa <a href=\"https:\/\/semmelweis.hu\/gyogyszertar\/files\/2025\/05\/SE-EGYI-BKT-MU-05-statim.pdf\" target=\"_blank\" rel=\"noopener\">SE-EGYI-BKT-MU-05<\/a> Statim rendel\u00e9s <a href=\"https:\/\/semmelweis.hu\/gyogyszertar\/files\/2024\/09\/SE-EGYI-BKT-MU-06-egyedi-import-beszerzes.pdf\" target=\"_blank\" rel=\"noopener\">SE-EGYI-BKT-MU-06<\/a> Egyedi import gy\u00f3gyszerrendel\u00e9s, kiad\u00e1s <a href=\"https:\/\/semmelweis.hu\/gyogyszertar\/files\/2024\/09\/SE-EGYI-BKT-MU-07-teteles.pdf\" target=\"_blank\" rel=\"noopener\">SE-EGYI-BKT-MU-07<\/a> T\u00e9teles elsz\u00e1mol\u00e1s\u00fa gy\u00f3gyszerek rendel\u00e9se \u00e9s kiad\u00e1sa <a href=\"https:\/\/semmelweis.hu\/gyogyszertar\/files\/2024\/09\/SE-EGYI-BKT-MU-08-kulso-vevo.pdf\" target=\"_blank\" rel=\"noopener\">SE-EGYI-BKT-MU-08<\/a> K\u00fcls\u0151 vev\u0151nek t\u00f6rt\u00e9n\u0151 \u00e9rt\u00e9kes\u00edt\u00e9s <a href=\"https:\/\/semmelweis.hu\/gyogyszertar\/files\/2024\/09\/SE-EGYI-BKT-MU-09-fokozottan-ellenorzott-szer.pdf\" target=\"_blank\" rel=\"noopener\">SE-EGYI-BKT-MU-09<\/a> Fokozottan ellen\u0151rz\u00f6tt szerek kezel\u00e9se <a href=\"https:\/\/semmelweis.hu\/gyogyszertar\/files\/2025\/05\/SE-EGYI-BKT-MU-11-tarolas.pdf\" target=\"_blank\" rel=\"noopener\">SE-EGYI-BKT-MU-11<\/a> Gy\u00f3gyszerek, k\u00f6tszerek, fert\u0151tlen\u00edt\u0151szerek t\u00e1rol\u00e1sa <a href=\"https:\/\/semmelweis.hu\/gyogyszertar\/files\/2025\/05\/SE-EGYI-BKT-MU-13-alaplista.pdf\" target=\"_blank\" rel=\"noopener\">SE-EGYI-BKT-MU-13<\/a> Gy\u00f3gyszer-alaplista kialak\u00edt\u00e1sa, id\u0151szakos fel\u00fclvizsg\u00e1lata <a href=\"https:\/\/semmelweis.hu\/gyogyszertar\/files\/2025\/05\/SE-EGYI-BKT-MU-14-minimum-keszlet.pdf\" target=\"_blank\" rel=\"noopener\">SE-EGYI-BKT-MU-14<\/a> Minimumk\u00e9szlet kialak\u00edt\u00e1sa <a href=\"https:\/\/semmelweis.hu\/gyogyszertar\/files\/2024\/09\/SE-EGYI-BKT-MU-15-lejaratfigyeles.pdf\" target=\"_blank\" rel=\"noopener\">SE-EGYI-BKT-MU-15<\/a> Lej\u00e1ratfigyel\u00e9s <a href=\"https:\/\/semmelweis.hu\/gyogyszertar\/files\/2024\/09\/SE-EGYI-BKT-MU-16-visszahivas.pdf\" target=\"_blank\" rel=\"noopener\">SE-EGYI-BKT-MU-16<\/a> Visszah\u00edv\u00e1s rendje <a href=\"https:\/\/semmelweis.hu\/gyogyszertar\/files\/2024\/09\/SE-EGYI-BKT-MU-17-forgalombol-kivonas.pdf\" target=\"_blank\" rel=\"noopener\">SE-EGYI-BKT-MU-17<\/a> Forgalomb\u00f3l val\u00f3 kivon\u00e1s <a href=\"https:\/\/semmelweis.hu\/gyogyszertar\/files\/2024\/09\/SE-EGYI-BKT-MU-24-adomanyok.pdf\" target=\"_blank\" rel=\"noopener\">SE-EGYI-BKT-MU-24<\/a> Adom\u00e1nyok kezel\u00e9se <a href=\"https:\/\/semmelweis.hu\/gyogyszertar\/files\/2024\/09\/SE-EGYI-BKT-MU-25-mellekhatas-jelentes.pdf\" target=\"_blank\" rel=\"noopener\">SE-EGYI-BKT-MU-25<\/a> Mell\u00e9khat\u00e1s bejelent\u00e9sek kezel\u00e9se <a href=\"https:\/\/semmelweis.hu\/gyogyszertar\/files\/2024\/09\/SE-EGYI-BKT-MU-28-klinikai-vizsgalatok-nyilvantartasa.pdf\" target=\"_blank\" rel=\"noopener\">SE-EGYI-BKT-MU-28<\/a> Klinikai vizsg\u00e1latok &hellip;<\/p>\n","protected":false},"author":357,"featured_media":0,"parent":166,"menu_order":1,"comment_status":"closed","ping_status":"closed","template":"","meta":{"_acf_changed":false,"footnotes":""},"categories":[],"tags":[],"class_list":["post-1533","page","type-page","status-publish","hentry"],"acf":[],"_links":{"self":[{"href":"https:\/\/semmelweis.hu\/gyogyszertar\/wp-json\/wp\/v2\/pages\/1533","targetHints":{"allow":["GET"]}}],"collection":[{"href":"https:\/\/semmelweis.hu\/gyogyszertar\/wp-json\/wp\/v2\/pages"}],"about":[{"href":"https:\/\/semmelweis.hu\/gyogyszertar\/wp-json\/wp\/v2\/types\/page"}],"author":[{"embeddable":true,"href":"https:\/\/semmelweis.hu\/gyogyszertar\/wp-json\/wp\/v2\/users\/357"}],"replies":[{"embeddable":true,"href":"https:\/\/semmelweis.hu\/gyogyszertar\/wp-json\/wp\/v2\/comments?post=1533"}],"version-history":[{"count":10,"href":"https:\/\/semmelweis.hu\/gyogyszertar\/wp-json\/wp\/v2\/pages\/1533\/revisions"}],"predecessor-version":[{"id":11020,"href":"https:\/\/semmelweis.hu\/gyogyszertar\/wp-json\/wp\/v2\/pages\/1533\/revisions\/11020"}],"up":[{"embeddable":true,"href":"https:\/\/semmelweis.hu\/gyogyszertar\/wp-json\/wp\/v2\/pages\/166"}],"wp:attachment":[{"href":"https:\/\/semmelweis.hu\/gyogyszertar\/wp-json\/wp\/v2\/media?parent=1533"}],"wp:term":[{"taxonomy":"category","embeddable":true,"href":"https:\/\/semmelweis.hu\/gyogyszertar\/wp-json\/wp\/v2\/categories?post=1533"},{"taxonomy":"post_tag","embeddable":true,"href":"https:\/\/semmelweis.hu\/gyogyszertar\/wp-json\/wp\/v2\/tags?post=1533"}],"curies":[{"name":"wp","href":"https:\/\/api.w.org\/{rel}","templated":true}]}}