{"id":11177,"date":"2025-11-04T09:57:38","date_gmt":"2025-11-04T08:57:38","guid":{"rendered":"https:\/\/semmelweis.hu\/gyogyszertar\/?page_id=11177"},"modified":"2025-11-04T10:41:56","modified_gmt":"2025-11-04T09:41:56","slug":"szakmai-programok-es-munkavegzes-az-egyetemi-gyogyszertarban","status":"publish","type":"page","link":"https:\/\/semmelweis.hu\/gyogyszertar\/oktatas\/gradualis-kepzes\/szakmai-programok-es-munkavegzes-az-egyetemi-gyogyszertarban\/","title":{"rendered":"Szakmai programok \u00e9s munkav\u00e9gz\u00e9s az egyetemi gy\u00f3gyszert\u00e1rban"},"content":{"rendered":"<p>Kedves \u00c9rdekl\u0151d\u0151k!<\/p>\n<p>Az Egyetemi Gy\u00f3gyszert\u00e1r Gy\u00f3gyszer\u00fcgyi Szervez\u00e9si Int\u00e9zete fontosnak tartja a hallgat\u00f3k szakmai fejl\u0151d\u00e9s\u00e9t. Ennek megfelel\u0151en sz\u00edvesen fogad:<\/p>\n<ul>\n<li>Erasmus programban r\u00e9szt vev\u0151<\/li>\n<li>\u00f6nk\u00e9ntesk\u00e9nt \u00e9rkez\u0151, \u00e9s<\/li>\n<li>&#8222;klinikai munka&#8221; kurzusban r\u00e9szt vev\u0151 hallgat\u00f3kat.<\/li>\n<\/ul>\n<p>Mi\u00e9rt j\u00f3 n\u00e1lunk dolgozni?<\/p>\n<ul>\n<li>a Semmelweis Egyetem az orsz\u00e1g legsokr\u00e9t\u0171bb fekv\u0151-, j\u00e1r\u00f3beteg \u00e9s k\u00faraszer\u0171 ell\u00e1t\u00e1s\u00e1t v\u00e9gz\u0151 int\u00e9zm\u00e9ny, a gy\u00f3gyszerell\u00e1t\u00e1s ennek megfelel\u0151en szerte\u00e1gaz\u00f3 \u00e9s szakmai kih\u00edv\u00e1sokban gazdag<\/li>\n<li>tapasztalt oktat\u00f3ink betekint\u00e9st tudnak ny\u00fajtani a k\u00f3rh\u00e1zi-klinikai szakgy\u00f3gyszer\u00e9szek tev\u00e9kenys\u00e9g\u00e9be<\/li>\n<li>lehet\u0151s\u00e9get kapnak a hallgat\u00f3k, hogy a Semmelweis Egyetem k\u00f6nyvt\u00e1ra \u00e1ltal biztos\u00edtott eszk\u00f6zparkkal tudjatok dolgozni, ez\u00e1ltal sz\u00e1mtalan k\u00f6lts\u00e9gig\u00e9nyes adatb\u00e1zishoz tudnak hozz\u00e1f\u00e9rni<\/li>\n<\/ul>\n<div class=\"responsive-tabs\">\n<h2 class=\"tabtitle\">Erasmus program<\/h2>\n<div class=\"tabcontent\">\n\n<p><strong>Erasmus program<\/strong><\/p>\n<p>K\u00f6vetelm\u00e9nyek:<\/p>\n<ul>\n<li>\u00e9vfolyam elv\u00e9gz\u00e9se<\/li>\n<li>Europass \u00f6n\u00e9letrajz<\/li>\n<li>motiv\u00e1ci\u00f3s lev\u00e9l (Maximum 1 oldal; Times New Roman, 1,5 sork\u00f6z)<\/li>\n<li>k\u00e9rj\u00fck a Nemzetk\u00f6zi Mobilit\u00e1si irod\u00e1n kereszt\u00fcl (jelenlegi koordin\u00e1tor: Dr. P\u00e1lla Tam\u00e1s) keress\u00e9k meg az egyetemet: https:\/\/semmelweis.hu\/erasmus\/kapcsolat\/<\/li>\n<\/ul>\n<p>Egy\u00e9b<\/p>\n<p>Az int\u00e9zet \u00e1ltal biztos\u00edtott helyek sz\u00e1ma limit\u00e1lt: Az elb\u00edr\u00e1l\u00e1s sor\u00e1n a leadott dokumentumok, az id\u0151rendi sorrend \u00e9s \u2013 ha sz\u00fcks\u00e9ges \u2013 meghallgat\u00e1s alapj\u00e1n d\u00f6nt\u00fcnk.<\/p>\n<p>Az int\u00e9zet nem tud anyagi juttat\u00e1st biztos\u00edtani.<\/p>\n\n<\/div><h2 class=\"tabtitle\">\u00d6nk\u00e9ntes seg\u00edt\u0151i feladatok<\/h2>\n<div class=\"tabcontent\">\n\n<p><strong>\u00d6nk\u00e9ntes seg\u00edt\u0151i feladatok<\/strong><\/p>\n<p>K\u00f6vetelm\u00e9nyek:<\/p>\n<ul>\n<li>\u00e9vfolyam elv\u00e9gz\u00e9se<\/li>\n<li>Europass \u00f6n\u00e9letrajz<\/li>\n<li>motiv\u00e1ci\u00f3s lev\u00e9l (Maximum 1 oldal; Times New Roman, 1,5 sork\u00f6z)<\/li>\n<li>az \u00f6nk\u00e9ntes seg\u00edt\u0151i feladatok az al\u00e1bbi szerz\u0151d\u00e9s megk\u00f6t\u00e9s\u00e9t k\u00f6vet\u0151en v\u00e9gezhet\u0151: https:\/\/semmelweis.hu\/human\/nyomtatvanyok\/onkentes-segitoi-szerzodes\/<\/li>\n<li>k\u00e9rj\u00fck az int\u00e9zetet Dr. Kleiner D\u00e9nesen (kleiner.denes@semmelweis.hu) kereszt\u00fcl keress\u00e9k meg<\/li>\n<li>heti feladatv\u00e9gz\u00e9s az adott r\u00e9szleg vezet\u0151j\u00e9vel egyeztetve<\/li>\n<\/ul>\n<p>Egy\u00e9b:<\/p>\n<p>Az int\u00e9zet \u00e1ltal biztos\u00edtott helyek sz\u00e1ma limit\u00e1lt: Az elb\u00edr\u00e1l\u00e1s sor\u00e1n a leadott dokumentumok, az id\u0151rendi sorrend \u00e9s \u2013 ha sz\u00fcks\u00e9ges \u2013 meghallgat\u00e1s alapj\u00e1n d\u00f6nt\u00fcnk.<\/p>\n<p>Az int\u00e9zet nem tud anyagi juttat\u00e1sokat \u00e9s kreditpontot biztos\u00edtani.<\/p>\n<p>A tev\u00e9kenys\u00e9g sor\u00e1n seg\u00e9dasszisztensi feladatokra kell sz\u00e1m\u00edtani<\/p>\n\n<\/div><h2 class=\"tabtitle\">Klinikai munka<\/h2>\n<div class=\"tabcontent\">\n\n<p><strong>Klinikai munka<\/strong><\/p>\n<p>K\u00f6vetelm\u00e9nyek:<\/p>\n<ul>\n<li>\u00e9vfolyam elv\u00e9gz\u00e9se<\/li>\n<li>a jelentkez\u00e9st az al\u00e1bbi honlap, \u201edi\u00e1kmunka\u201d platformj\u00e1n kell leadni: https:\/\/semmelweis.hu\/studentservices\/semmelweis-egyetem-diakmunka-platform\/<\/li>\n<li>klinikai munk\u00e1t csak szerz\u0151d\u00e9s birtok\u00e1ban lehet v\u00e9gezni, melyet a fenti honlap automatikusan k\u00e9sz\u00edt<\/li>\n<li>a Klinikai munka elv\u00e9gz\u00e9s\u00e9nek felt\u00e9tele a k\u00f6vetelm\u00e9nyben meghat\u00e1rozott \u00f3rasz\u00e1m teljes\u00edt\u00e9se (minimum 6 \u00f3ra\/h\u00e9t) \u00e9s munkanapl\u00f3 vezet\u00e9se. A tant\u00e1rggyal kapcsolatos pontos inform\u00e1ci\u00f3k a tant\u00e1rgyi adatlapon vannak defini\u00e1lva. Ez el\u00e9rhet\u0151 az Egyetem honlapj\u00e1n: https:\/\/semmelweis.hu\/gytk\/oktatas\/tantargyi-programok\/<\/li>\n<\/ul>\n<p>Egy\u00e9b:<\/p>\n<p>A klinikai munka seg\u00e9dasszisztensi munkak\u00f6rt jelent<\/p>\n<p>Az int\u00e9zet \u00e1ltal biztos\u00edtott helyek sz\u00e1ma limit\u00e1lt: Az elb\u00edr\u00e1l\u00e1s sor\u00e1n a leadott dokumentumok, az id\u0151rendi sorrend \u00e9s \u2013 ha sz\u00fcks\u00e9ges \u2013 meghallgat\u00e1s alapj\u00e1n d\u00f6nt\u00fcnk.<\/p>\n<p>a Klinikai munk\u00e1\u00e9rt a hallgat\u00f3 fizet\u00e9st \u00e9s 1 kreditpontot kap<\/p>\n<\/div><\/div>\n","protected":false},"excerpt":{"rendered":"<p>Kedves \u00c9rdekl\u0151d\u0151k! Az Egyetemi Gy\u00f3gyszert\u00e1r Gy\u00f3gyszer\u00fcgyi Szervez\u00e9si Int\u00e9zete fontosnak tartja a hallgat\u00f3k szakmai fejl\u0151d\u00e9s\u00e9t. Ennek megfelel\u0151en sz\u00edvesen fogad: Erasmus programban r\u00e9szt vev\u0151 \u00f6nk\u00e9ntesk\u00e9nt \u00e9rkez\u0151, \u00e9s &#8222;klinikai munka&#8221; kurzusban r\u00e9szt vev\u0151 hallgat\u00f3kat. Mi\u00e9rt j\u00f3 n\u00e1lunk dolgozni? a Semmelweis Egyetem az orsz\u00e1g legsokr\u00e9t\u0171bb fekv\u0151-, j\u00e1r\u00f3beteg \u00e9s k\u00faraszer\u0171 ell\u00e1t\u00e1s\u00e1t v\u00e9gz\u0151 int\u00e9zm\u00e9ny, a gy\u00f3gyszerell\u00e1t\u00e1s ennek megfelel\u0151en szerte\u00e1gaz\u00f3 \u00e9s szakmai &hellip;<\/p>\n","protected":false},"author":357,"featured_media":0,"parent":90,"menu_order":11,"comment_status":"closed","ping_status":"closed","template":"","meta":{"_acf_changed":false,"footnotes":""},"categories":[],"tags":[],"class_list":["post-11177","page","type-page","status-publish","hentry"],"acf":[],"_links":{"self":[{"href":"https:\/\/semmelweis.hu\/gyogyszertar\/wp-json\/wp\/v2\/pages\/11177","targetHints":{"allow":["GET"]}}],"collection":[{"href":"https:\/\/semmelweis.hu\/gyogyszertar\/wp-json\/wp\/v2\/pages"}],"about":[{"href":"https:\/\/semmelweis.hu\/gyogyszertar\/wp-json\/wp\/v2\/types\/page"}],"author":[{"embeddable":true,"href":"https:\/\/semmelweis.hu\/gyogyszertar\/wp-json\/wp\/v2\/users\/357"}],"replies":[{"embeddable":true,"href":"https:\/\/semmelweis.hu\/gyogyszertar\/wp-json\/wp\/v2\/comments?post=11177"}],"version-history":[{"count":6,"href":"https:\/\/semmelweis.hu\/gyogyszertar\/wp-json\/wp\/v2\/pages\/11177\/revisions"}],"predecessor-version":[{"id":11184,"href":"https:\/\/semmelweis.hu\/gyogyszertar\/wp-json\/wp\/v2\/pages\/11177\/revisions\/11184"}],"up":[{"embeddable":true,"href":"https:\/\/semmelweis.hu\/gyogyszertar\/wp-json\/wp\/v2\/pages\/90"}],"wp:attachment":[{"href":"https:\/\/semmelweis.hu\/gyogyszertar\/wp-json\/wp\/v2\/media?parent=11177"}],"wp:term":[{"taxonomy":"category","embeddable":true,"href":"https:\/\/semmelweis.hu\/gyogyszertar\/wp-json\/wp\/v2\/categories?post=11177"},{"taxonomy":"post_tag","embeddable":true,"href":"https:\/\/semmelweis.hu\/gyogyszertar\/wp-json\/wp\/v2\/tags?post=11177"}],"curies":[{"name":"wp","href":"https:\/\/api.w.org\/{rel}","templated":true}]}}