{"id":1073,"date":"2014-09-25T12:08:41","date_gmt":"2014-09-25T10:08:41","guid":{"rendered":"http:\/\/semmelweis.hu\/gyogyszertar\/?page_id=1073"},"modified":"2025-09-10T13:41:31","modified_gmt":"2025-09-10T11:41:31","slug":"gyogyszereszi-gondozas-2014","status":"publish","type":"page","link":"https:\/\/semmelweis.hu\/gyogyszertar\/oktatas\/gradualis-kepzes\/gyogyszereszi-gondozas-2014\/","title":{"rendered":"Gy\u00f3gyszer\u00e9szi gondoz\u00e1s"},"content":{"rendered":"<div class=\"responsive-tabs\">\n<h2 class=\"tabtitle\">Ismertet\u0151<\/h2>\n<div class=\"tabcontent\">\n\n<p>A tant\u00e1rgy c\u00e9lkit\u0171z\u00e9se a k\u00f6zvetlen lakoss\u00e1gi gy\u00f3gyszerell\u00e1t\u00e1s sor\u00e1n v\u00e9gzett gy\u00f3gyszer\u00e9szi tan\u00e1csad\u00e1s, gy\u00f3gyszer\u00e9szi gondoz\u00e1s \u00e9s a gy\u00f3gyszeres ter\u00e1pia menedzsment alapjainak gyakorlatias elsaj\u00e1t\u00edt\u00e1sa. Feladata, hogy olyan gy\u00f3gyszer\u00e9szi m\u00f3dszertani ismereteket ny\u00fajtson a hallgat\u00f3knak, amely seg\u00edts\u00e9g\u00e9vel a tanult szakspecifikus tant\u00e1rgyak sor\u00e1n elsaj\u00e1t\u00edtott ismeretanyag \u00e9s tud\u00e1s \u2013 pl. gy\u00f3gyszerhat\u00e1stan \u00e9s toxikol\u00f3gia, gy\u00f3gyszeres ter\u00e1pia, n\u00e9peg\u00e9szs\u00e9g\u00fcgy stb. \u2013 alkalmazhat\u00f3v\u00e1 v\u00e1lik a k\u00f6zforgalm\u00fa gy\u00f3gyszert\u00e1ri k\u00f6rnyezetben.<\/p>\n\n<\/div><h2 class=\"tabtitle\">Tant\u00e1rgyi Adatlap<\/h2>\n<div class=\"tabcontent\">\n\n<p><a href=\"https:\/\/semmelweis.hu\/gyogyszertar\/files\/2025\/09\/Gyogyszereszi-gondozas-2025.pdf\" target=\"_blank\" rel=\"noopener\">2025\/26. Tan\u00e9v<\/a> [Friss\u00edtve: 2025.09.10.]<\/p>\n<\/div><\/div>\n","protected":false},"excerpt":{"rendered":"<p>A tant\u00e1rgy c\u00e9lkit\u0171z\u00e9se a k\u00f6zvetlen lakoss\u00e1gi gy\u00f3gyszerell\u00e1t\u00e1s sor\u00e1n v\u00e9gzett gy\u00f3gyszer\u00e9szi tan\u00e1csad\u00e1s, gy\u00f3gyszer\u00e9szi gondoz\u00e1s \u00e9s a gy\u00f3gyszeres ter\u00e1pia menedzsment alapjainak gyakorlatias elsaj\u00e1t\u00edt\u00e1sa. Feladata, hogy olyan gy\u00f3gyszer\u00e9szi m\u00f3dszertani ismereteket ny\u00fajtson a hallgat\u00f3knak, amely seg\u00edts\u00e9g\u00e9vel a tanult szakspecifikus tant\u00e1rgyak sor\u00e1n elsaj\u00e1t\u00edtott ismeretanyag \u00e9s tud\u00e1s \u2013 pl. gy\u00f3gyszerhat\u00e1stan \u00e9s toxikol\u00f3gia, gy\u00f3gyszeres ter\u00e1pia, n\u00e9peg\u00e9szs\u00e9g\u00fcgy stb. \u2013 alkalmazhat\u00f3v\u00e1 v\u00e1lik a k\u00f6zforgalm\u00fa &hellip;<\/p>\n","protected":false},"author":113,"featured_media":0,"parent":90,"menu_order":3,"comment_status":"closed","ping_status":"closed","template":"","meta":{"_acf_changed":false,"footnotes":""},"categories":[],"tags":[],"class_list":["post-1073","page","type-page","status-publish","hentry"],"acf":[],"_links":{"self":[{"href":"https:\/\/semmelweis.hu\/gyogyszertar\/wp-json\/wp\/v2\/pages\/1073","targetHints":{"allow":["GET"]}}],"collection":[{"href":"https:\/\/semmelweis.hu\/gyogyszertar\/wp-json\/wp\/v2\/pages"}],"about":[{"href":"https:\/\/semmelweis.hu\/gyogyszertar\/wp-json\/wp\/v2\/types\/page"}],"author":[{"embeddable":true,"href":"https:\/\/semmelweis.hu\/gyogyszertar\/wp-json\/wp\/v2\/users\/113"}],"replies":[{"embeddable":true,"href":"https:\/\/semmelweis.hu\/gyogyszertar\/wp-json\/wp\/v2\/comments?post=1073"}],"version-history":[{"count":13,"href":"https:\/\/semmelweis.hu\/gyogyszertar\/wp-json\/wp\/v2\/pages\/1073\/revisions"}],"predecessor-version":[{"id":11099,"href":"https:\/\/semmelweis.hu\/gyogyszertar\/wp-json\/wp\/v2\/pages\/1073\/revisions\/11099"}],"up":[{"embeddable":true,"href":"https:\/\/semmelweis.hu\/gyogyszertar\/wp-json\/wp\/v2\/pages\/90"}],"wp:attachment":[{"href":"https:\/\/semmelweis.hu\/gyogyszertar\/wp-json\/wp\/v2\/media?parent=1073"}],"wp:term":[{"taxonomy":"category","embeddable":true,"href":"https:\/\/semmelweis.hu\/gyogyszertar\/wp-json\/wp\/v2\/categories?post=1073"},{"taxonomy":"post_tag","embeddable":true,"href":"https:\/\/semmelweis.hu\/gyogyszertar\/wp-json\/wp\/v2\/tags?post=1073"}],"curies":[{"name":"wp","href":"https:\/\/api.w.org\/{rel}","templated":true}]}}