{"id":10701,"date":"2025-01-09T10:25:29","date_gmt":"2025-01-09T09:25:29","guid":{"rendered":"https:\/\/semmelweis.hu\/gyogyszertar\/?page_id=10701"},"modified":"2025-01-09T11:01:05","modified_gmt":"2025-01-09T10:01:05","slug":"citosztatikus-keverekinfuzio-keszito-laboratorium","status":"publish","type":"page","link":"https:\/\/semmelweis.hu\/gyogyszertar\/minosegiranyitasi-rendszer\/citosztatikus-keverekinfuzio-keszito-laboratorium\/","title":{"rendered":"Citosztatikus kever\u00e9kinf\u00fazi\u00f3 k\u00e9sz\u00edt\u0151 laborat\u00f3rium"},"content":{"rendered":"<ul>\n<li><a href=\"https:\/\/semmelweis.hu\/gyogyszertar\/files\/2025\/01\/SE-EGYI-CL-MU-01_2024-05-v2.pdf\" target=\"_blank\" rel=\"noopener\">SE-EGYI-CL-MU-01<\/a> A CITOSZTATIKUS KEVER\u00c9KINF\u00daZI\u00d3 K\u00c9SZ\u00cdT\u0150 LABORAT\u00d3RIUM M\u0170K\u0150D\u00c9SI RENDJE<\/li>\n<li><a href=\"https:\/\/semmelweis.hu\/gyogyszertar\/files\/2025\/01\/SE-EGYI-CL-MU-02_2024-05-V2.pdf\" target=\"_blank\" rel=\"noopener\">SE-EGYI-CL-MU-02<\/a> A CITOSZTATIKUS KEVER\u00c9KINF\u00daZI\u00d3 K\u00c9SZ\u00cdT\u0150 LABORAT\u00d3RIUM EGYEDI CITOSZTATIKUS KEVER\u00c9KINF\u00daZI\u00d3 K\u00c9SZ\u00cdT\u00c9SE<\/li>\n<li><a href=\"https:\/\/semmelweis.hu\/gyogyszertar\/files\/2025\/01\/SE-EGYI-CL-MU-03_2024-05-V2.pdf\" target=\"_blank\" rel=\"noopener\">SE-EGYI-CL-MU-03<\/a> A CITOSZTATIKUS KEVER\u00c9KINF\u00daZI\u00d3 K\u00c9SZ\u00cdT\u0150 LABORAT\u00d3RIUM GY\u00d3GYSZER RENDEL\u00c9S\u00c9NEK, \u00c1TV\u00c9TEL\u00c9NEK \u00c9S KIAD\u00c1S\u00c1NAK RENDJE<\/li>\n<li><a href=\"https:\/\/semmelweis.hu\/gyogyszertar\/files\/2025\/01\/SE-EGYI-CL-MU-04_2024-05-V2.pdf\" target=\"_blank\" rel=\"noopener\">SE-EGYI-CL-MU-04<\/a> V\u00c9D\u0150RUH\u00c1BA VAL\u00d3 BE- \u00c9S KI\u00d6LT\u00d6Z\u00c9S RENDJE A CITOSZTATIKUS KEVER\u00c9KINF\u00daZI\u00d3 K\u00c9SZ\u00cdT\u0150 LABORAT\u00d3RIUM <br \/>\nTER\u00dcLET\u00c9N<\/li>\n<li><a href=\"https:\/\/semmelweis.hu\/gyogyszertar\/files\/2025\/01\/SE-EGYI-CL-MU-05_2024-05-V2.pdf\" target=\"_blank\" rel=\"noopener\">SE-EGYI-CL-MU-05<\/a> A TAKAR\u00cdT\u00c1S RENDJE A CITOSZTATIKUS KEVER\u00c9KINF\u00daZI\u00d3 K\u00c9SZ\u00cdT\u0150 LABORAT\u00d3RIUMBAN<\/li>\n<li><a href=\"https:\/\/semmelweis.hu\/gyogyszertar\/files\/2025\/01\/SE-EGYI-CL-MU-06_2024-05-V2.pdf\" target=\"_blank\" rel=\"noopener\">SE-EGYI-CL-MU-06<\/a> A CITOSZTATIKUS KEVER\u00c9KINF\u00daZI\u00d3 K\u00c9SZ\u00cdT\u0150 LABORAT\u00d3RIUM MIKROBIOL\u00d3GIAI MINTAV\u00c9TELI TERV<\/li>\n<li><a href=\"https:\/\/semmelweis.hu\/gyogyszertar\/files\/2025\/01\/SE-EGYI-CL-MU-07_2024-05-V2.pdf\" target=\"_blank\" rel=\"noopener\">SE-EGYI-CL-MU-07<\/a> A CITOSZTATIKUS KEVER\u00c9KINF\u00daZI\u00d3 K\u00c9SZ\u00cdT\u0150 LABORAT\u00d3RIUM SZEM\u00c9LYI HIGI\u00c9N\u00c9S RENDJE<\/li>\n<li><a href=\"https:\/\/semmelweis.hu\/gyogyszertar\/files\/2025\/01\/SE-EGYI-CL-MU-08_2024-05-V2.pdf\" target=\"_blank\" rel=\"noopener\">SE-EGYI-CL-MU-08<\/a> A CITOSZTATIKUS KEVER\u00c9KINF\u00daZI\u00d3 K\u00c9SZ\u00cdT\u0150 LABORAT\u00d3RIUM CITOSZTATIKUS GY\u00d3GYSZEREINEK \u00c9S INF\u00daZI\u00d3INAK T\u00c1ROL\u00c1SA<\/li>\n<li><a href=\"https:\/\/semmelweis.hu\/gyogyszertar\/files\/2025\/01\/SE-EGYI-CL-MU-09_2024-05-V2.pdf\" target=\"_blank\" rel=\"noopener\">SE-EGYI-CL-MU-09<\/a> A CITOSZTATIKUS KEVER\u00c9KINF\u00daZI\u00d3 K\u00c9SZ\u00cdT\u0150 LABORAT\u00d3RIUM LEJ\u00c1RATFIGYEL\u00c9SE<\/li>\n<li><a href=\"https:\/\/semmelweis.hu\/gyogyszertar\/files\/2025\/01\/SE-EGYI-CL-MU-10_2024-05-V2.pdf\" target=\"_blank\" rel=\"noopener\">SE-EGYI-CL-MU-10<\/a> A CITOSZTATIKUS KEVER\u00c9KINF\u00daZI\u00d3 K\u00c9SZ\u00cdT\u0150 LABORAT\u00d3RIUM VISSZAH\u00cdV\u00c1SI RENDJE<\/li>\n<li><a href=\"https:\/\/semmelweis.hu\/gyogyszertar\/files\/2025\/01\/SE-EGYI-CL-MU-11_2024-05-V2.pdf\" target=\"_blank\" rel=\"noopener\">SE-EGYI-CL-MU-11<\/a> A CITOSZTATIKUS KEVER\u00c9KINF\u00daZI\u00d3 K\u00c9SZ\u00cdT\u0150 LABORAT\u00d3RIUM K\u00c1RESET KEZEL\u00c9SE<\/li>\n<li><a href=\"https:\/\/semmelweis.hu\/gyogyszertar\/files\/2025\/01\/SE-EGYI-CL-MU-12_2024-05-V2.pdf\" target=\"_blank\" rel=\"noopener\">SE-EGYI-CL-MU-12<\/a> A CITOSZTATIKUS KEVER\u00c9KINF\u00daZI\u00d3 K\u00c9SZ\u00cdT\u0150 LABORAT\u00d3RIUM HULLAD\u00c9KKEZEL\u00c9SE<\/li>\n<li><a href=\"https:\/\/semmelweis.hu\/gyogyszertar\/files\/2025\/01\/SE-EGYI-CL-MU-13_2024-05-V1.pdf\" target=\"_blank\" rel=\"noopener\">SE-EGYI-CL-MU-13<\/a> A V\u00c9NYK\u00d6TELES CITOSZTATIKUMOK KIV\u00c1LT\u00c1S\u00c1NAK \u00c9S A CITOSZTATIKUS KEVER\u00c9KINF\u00daZI\u00d3 K\u00c9SZ\u00cdT\u0150 LABORAT\u00d3RIUMBAN VAL\u00d3 ELK\u00c9SZ\u00cdT\u00c9S\u00c9NEK RENDJE<\/li>\n<\/ul>\n","protected":false},"excerpt":{"rendered":"<p><a href=\"https:\/\/semmelweis.hu\/gyogyszertar\/files\/2025\/01\/SE-EGYI-CL-MU-01_2024-05-v2.pdf\" target=\"_blank\" rel=\"noopener\">SE-EGYI-CL-MU-01<\/a> A CITOSZTATIKUS KEVER\u00c9KINF\u00daZI\u00d3 K\u00c9SZ\u00cdT\u0150 LABORAT\u00d3RIUM M\u0170K\u0150D\u00c9SI RENDJE <a href=\"https:\/\/semmelweis.hu\/gyogyszertar\/files\/2025\/01\/SE-EGYI-CL-MU-02_2024-05-V2.pdf\" target=\"_blank\" rel=\"noopener\">SE-EGYI-CL-MU-02<\/a> A CITOSZTATIKUS KEVER\u00c9KINF\u00daZI\u00d3 K\u00c9SZ\u00cdT\u0150 LABORAT\u00d3RIUM EGYEDI CITOSZTATIKUS KEVER\u00c9KINF\u00daZI\u00d3 K\u00c9SZ\u00cdT\u00c9SE <a href=\"https:\/\/semmelweis.hu\/gyogyszertar\/files\/2025\/01\/SE-EGYI-CL-MU-03_2024-05-V2.pdf\" target=\"_blank\" rel=\"noopener\">SE-EGYI-CL-MU-03<\/a> A CITOSZTATIKUS KEVER\u00c9KINF\u00daZI\u00d3 K\u00c9SZ\u00cdT\u0150 LABORAT\u00d3RIUM GY\u00d3GYSZER RENDEL\u00c9S\u00c9NEK, \u00c1TV\u00c9TEL\u00c9NEK \u00c9S KIAD\u00c1S\u00c1NAK RENDJE <a href=\"https:\/\/semmelweis.hu\/gyogyszertar\/files\/2025\/01\/SE-EGYI-CL-MU-04_2024-05-V2.pdf\" target=\"_blank\" rel=\"noopener\">SE-EGYI-CL-MU-04<\/a> V\u00c9D\u0150RUH\u00c1BA VAL\u00d3 BE- \u00c9S KI\u00d6LT\u00d6Z\u00c9S RENDJE A CITOSZTATIKUS KEVER\u00c9KINF\u00daZI\u00d3 K\u00c9SZ\u00cdT\u0150 LABORAT\u00d3RIUM TER\u00dcLET\u00c9N <a href=\"https:\/\/semmelweis.hu\/gyogyszertar\/files\/2025\/01\/SE-EGYI-CL-MU-05_2024-05-V2.pdf\" target=\"_blank\" rel=\"noopener\">SE-EGYI-CL-MU-05<\/a> A TAKAR\u00cdT\u00c1S RENDJE A CITOSZTATIKUS KEVER\u00c9KINF\u00daZI\u00d3 K\u00c9SZ\u00cdT\u0150 LABORAT\u00d3RIUMBAN <a href=\"https:\/\/semmelweis.hu\/gyogyszertar\/files\/2025\/01\/SE-EGYI-CL-MU-06_2024-05-V2.pdf\" target=\"_blank\" rel=\"noopener\">SE-EGYI-CL-MU-06<\/a> A CITOSZTATIKUS KEVER\u00c9KINF\u00daZI\u00d3 K\u00c9SZ\u00cdT\u0150 LABORAT\u00d3RIUM MIKROBIOL\u00d3GIAI MINTAV\u00c9TELI TERV &hellip;<\/p>\n","protected":false},"author":357,"featured_media":0,"parent":166,"menu_order":3,"comment_status":"closed","ping_status":"closed","template":"","meta":{"_acf_changed":false,"footnotes":""},"categories":[],"tags":[],"class_list":["post-10701","page","type-page","status-publish","hentry"],"acf":[],"_links":{"self":[{"href":"https:\/\/semmelweis.hu\/gyogyszertar\/wp-json\/wp\/v2\/pages\/10701","targetHints":{"allow":["GET"]}}],"collection":[{"href":"https:\/\/semmelweis.hu\/gyogyszertar\/wp-json\/wp\/v2\/pages"}],"about":[{"href":"https:\/\/semmelweis.hu\/gyogyszertar\/wp-json\/wp\/v2\/types\/page"}],"author":[{"embeddable":true,"href":"https:\/\/semmelweis.hu\/gyogyszertar\/wp-json\/wp\/v2\/users\/357"}],"replies":[{"embeddable":true,"href":"https:\/\/semmelweis.hu\/gyogyszertar\/wp-json\/wp\/v2\/comments?post=10701"}],"version-history":[{"count":10,"href":"https:\/\/semmelweis.hu\/gyogyszertar\/wp-json\/wp\/v2\/pages\/10701\/revisions"}],"predecessor-version":[{"id":10733,"href":"https:\/\/semmelweis.hu\/gyogyszertar\/wp-json\/wp\/v2\/pages\/10701\/revisions\/10733"}],"up":[{"embeddable":true,"href":"https:\/\/semmelweis.hu\/gyogyszertar\/wp-json\/wp\/v2\/pages\/166"}],"wp:attachment":[{"href":"https:\/\/semmelweis.hu\/gyogyszertar\/wp-json\/wp\/v2\/media?parent=10701"}],"wp:term":[{"taxonomy":"category","embeddable":true,"href":"https:\/\/semmelweis.hu\/gyogyszertar\/wp-json\/wp\/v2\/categories?post=10701"},{"taxonomy":"post_tag","embeddable":true,"href":"https:\/\/semmelweis.hu\/gyogyszertar\/wp-json\/wp\/v2\/tags?post=10701"}],"curies":[{"name":"wp","href":"https:\/\/api.w.org\/{rel}","templated":true}]}}