{"id":10590,"date":"2024-10-14T11:46:33","date_gmt":"2024-10-14T09:46:33","guid":{"rendered":"https:\/\/semmelweis.hu\/gyogyszertar\/?page_id=10590"},"modified":"2025-11-20T13:32:35","modified_gmt":"2025-11-20T12:32:35","slug":"benedekfu-patika","status":"publish","type":"page","link":"https:\/\/semmelweis.hu\/gyogyszertar\/rolunk\/osztalyok\/benedekfu-patika\/","title":{"rendered":"Benedekf\u0171 Patika"},"content":{"rendered":"<div class=\"responsive-tabs\">\n<h2 class=\"tabtitle\">Bemutat\u00e1s<\/h2>\n<div class=\"tabcontent\">\n\n<p><strong>El\u00e9rhet\u0151s\u00e9gek:<br \/>\n<\/strong>1085 Budapest, \u00dcll\u0151i \u00fat 26.<br \/>\nTel\/ Fax: +36-1-3566-763<br \/>\nTelefon: 459-15-00\/55025, <strong>+36-20-825-5025<\/strong><br \/>\nBels\u0151 mell\u00e9k: 55025<br \/>\nbenedekfupatika[kukac]semmelweis.hu<\/p>\n<p><strong>Nyitvatart\u00e1s:<\/strong><strong><br \/>\n<\/strong>H\u00e9tf\u0151 \u2013 P\u00e9ntek.: 8:00 \u2013 16:00<br \/>\nSzombat-Vas\u00e1rnap: Z\u00c1RVA<\/p>\n<p style=\"margin-top: 0cm;line-height: 150%;text-align: left\"><span style=\"color: #1e2326\">Az Egyetemi Gy\u00f3gyszert\u00e1r K\u00fatv\u00f6lgyi \u00fati R\u00e9szlege telephelye egy 2018. \u00e9vi korm\u00e1nyhat\u00e1rozat alapj\u00e1n megsz\u0171nt, ez\u00e9rt \u00e1tk\u00f6lt\u00f6z\u00f6tt a Bels\u0151 Klinikai T\u00f6mbbe, ahol 2020. m\u00e1rcius\u00e1ra kialak\u00edt\u00e1sra ker\u00fclt az \u00faj gy\u00f3gyszert\u00e1r, els\u0151 l\u00e9p\u00e9sben annak k\u00f6zvetlen lakoss\u00e1gi gy\u00f3gyszerell\u00e1t\u00f3 egys\u00e9ge. Az \u00faj helyen \u00faj n\u00e9vvel \u2013 Benedekf\u0171 Patika \u2013 m\u00e1rcius 24-\u00e9n indult meg a munka.<\/span><\/p>\n<p style=\"margin-top: 0cm;line-height: 150%;text-align: left\"><span style=\"color: #1e2326;background: white\">A gy\u00f3gyszert\u00e1r nev\u00e9t az em\u00e9szt\u00e9st el\u0151seg\u00edt\u0151, \u00e9tv\u00e1gyjav\u00edt\u00f3 benedekf\u0171-r\u0151l (Cnicus benedictus) kapta. A gy\u00f3gyn\u00f6v\u00e9ny keser\u0171-anyagai a n\u00e9pi gy\u00f3gy\u00e1szatban sz\u00e1mos gyomor-, b\u00e9lrendszeri betegs\u00e9gben haszn\u00e1latosak, a lik\u0151ripar is sz\u00edvesen dolgozza fel a gyomorkeser\u0171k anyagak\u00e9nt. N\u00e9pies neve az \u00e1ldott bog\u00e1ncs, \u00e1ldott f\u0171, sz\u00far\u00f3s f\u0171, mind \u00e1ld\u00e1sos hat\u00e1s\u00e1t neves\u00edti. Az\u00e9rt dolgozunk, hogy munk\u00e1nkat k\u00eds\u00e9rje \u00e1ld\u00e1s betegeink gy\u00f3gy\u00edt\u00e1sa sor\u00e1n.<\/span><\/p>\n<p style=\"margin-top: 0cm;line-height: 150%;text-align: left\"><span style=\"color: #1e2326\">A k\u00f6zvetlen lakoss\u00e1gi gy\u00f3gyszerell\u00e1t\u00e1s a T\u00f6mbbe \u00e9rkez\u0151 p\u00e1ciensek, a t\u00e1voz\u00f3 fekv\u0151betegek, int\u00e9zm\u00e9nyi dolgoz\u00f3k sz\u00e1m\u00e1ra biztos\u00edtja a gy\u00f3gyszerhez jut\u00e1st v\u00e9nyre, v\u00e9ny n\u00e9lk\u00fcli k\u00e9sz\u00edtm\u00e9nyek kiszolg\u00e1l\u00e1s\u00e1val, haz\u00e1nkban t\u00f6rzsk\u00f6nyvezett, illetve egyedi import \u00fatj\u00e1n beszerzett gy\u00f3gyszerekkel. Az ehhez szorosan hozz\u00e1tartoz\u00f3 szakmai feladatok elv\u00e9gz\u00e9se, valamint a gy\u00f3gyszerekkel kapcsolatos sz\u00e9lesk\u00f6r\u0171 szakmai inform\u00e1ci\u00f3 biztos\u00edt\u00e1sa is feladataink k\u00f6z\u00e9 tartozik.<\/span><\/p>\n<p style=\"margin-top: 0cm;line-height: 150%;text-align: left\"><span style=\"color: #1e2326\">A t\u00e9teles finansz\u00edroz\u00e1sban t\u00e9r\u00edt\u00e9smentesen biztos\u00edtott, de a beteg otthon\u00e1ban alkalmazott k\u00e9sz\u00edtm\u00e9nyek kiad\u00e1sa is a k\u00f6zvetlen lakoss\u00e1gi ell\u00e1t\u00f3 egys\u00e9gben, az erre a c\u00e9lra kialak\u00edtott szob\u00e1ban t\u00f6rt\u00e9nik, \u00edgy a hozz\u00e1adott inform\u00e1ci\u00f3 is szakembert\u0151l ker\u00fcl \u00e1tad\u00e1sra.<\/span><\/p>\n<p style=\"margin-top: 0cm;line-height: 150%;text-align: left\"><span style=\"color: #1e2326;background: white\">Tev\u00e9kenys\u00e9gi k\u00f6r\u00fcnk egyik alappill\u00e9re az Egyetemi Gy\u00f3gyszert\u00e1r Gy\u00f3gyszertechnol\u00f3giai Oszt\u00e1ly\u00e1nak k\u00f6zrem\u0171k\u00f6d\u00e9s\u00e9vel megval\u00f3sul\u00f3 magisztr\u00e1lis gy\u00f3gyszerk\u00e9sz\u00edt\u00e9s. K\u00fcldet\u00e9s\u00fcnknek \u00e9rezz\u00fck ennek megtart\u00e1s\u00e1t, ezzel is seg\u00edtve az egyedi gy\u00f3gyszeres ter\u00e1pi\u00e1k elterjed\u00e9s\u00e9t. K\u00fclf\u00f6ldr\u0151l, egyedi import \u00fatj\u00e1n behozhat\u00f3 k\u00e9sz\u00edtm\u00e9nyek beszerz\u00e9s\u00e9ben, indik\u00e1ci\u00f3n t\u00fali enged\u00e9llyel rendelkez\u0151 \u00e9s egyedi finansz\u00edroz\u00e1s\u00fa k\u00e9sz\u00edtm\u00e9nyek kiad\u00e1s\u00e1ban sz\u00e9les k\u00f6r\u0171 tapasztalattal rendelkez\u00fcnk.<\/span><\/p>\n<p style=\"margin-top: 0cm;line-height: 150%;text-align: left\"><span style=\"font-family: Roboto\">Akkredit\u00e1lt oktat\u00e1si helyk\u00e9nt r\u00e9szt vesz\u00fcnk gy\u00f3gyszer\u00e9szhallgat\u00f3ink gradu\u00e1lis \u00e9s posztgradu\u00e1lis, valamint gy\u00f3gyszert\u00e1ri asszisztens tanul\u00f3k gyakorlati k\u00e9pz\u00e9s\u00e9ben.<\/span><\/p>\n<p style=\"margin-top: 0cm;line-height: 150%;text-align: left\"><span style=\"font-family: Roboto\">Gy\u00f3gyszert\u00e1runk m\u0171k\u00f6dtet\u00e9se sor\u00e1n kiemelt figyelmet ford\u00edtunk a gyors, pontos, udvarias, szakmailag magas sz\u00ednvonal\u00fa betegell\u00e1t\u00e1sra. Dolgoz\u00f3ink folyamatosan tov\u00e1bbk\u00e9pzik magukat, l\u00e9p\u00e9sttartva korunk rohamosan fejl\u0151d\u0151 \u00e9s \u00e1lland\u00f3an b\u0151v\u00fcl\u0151 gy\u00f3gyszer \u00e9s egy\u00e9b term\u00e9kk\u00edn\u00e1lat\u00e1val, megteremtve ezzel egy hozz\u00e1adott \u00e9rt\u00e9ket a szakma \u00e9s a betegek sz\u00e1m\u00e1ra.<\/span><\/p>\n\n<\/div><h2 class=\"tabtitle\">Munkat\u00e1rsak<\/h2>\n<div class=\"tabcontent\">\n\n<p><strong>Patikavezet\u0151:<\/strong><\/p>\n<ul>\n<li>Dr. Horv\u00e1th Istv\u00e1n L\u00e1szl\u00f3 szakgy\u00f3gyszer\u00e9sz<\/li>\n<\/ul>\n<p><strong>Gy\u00f3gyszer\u00e9szek, Szakgy\u00f3gyszer\u00e9szek:<\/strong><\/p>\n<ul>\n<li>Dr. Bodor \u00c1ron szakgy\u00f3gyszer\u00e9sz<\/li>\n<li>Dr. Nagy Dorottya szakgy\u00f3gyszer\u00e9sz &#8211; T\u00e1voll\u00e9ten<\/li>\n<li>Pauern\u00e9 dr. \u00d3v\u00e1ri Lilla szakgy\u00f3gyszer\u00e9sz<\/li>\n<li>Dr. T\u00f3thfalusi Erzs\u00e9bet szakgy\u00f3gyszer\u00e9sz<\/li>\n<\/ul>\n<p><strong>Gy\u00f3gyszert\u00e1ri asszisztensek, szakasszisztensek:<\/strong><strong><br \/>\n<\/strong><\/p>\n<ul>\n<li>Ficzere-So\u00f3s Eszter<\/li>\n<li>Hegyi-Bodn\u00e1r Cintia &#8211; T\u00e1voll\u00e9ten<\/li>\n<li>N\u00e9meth Regina<\/li>\n<\/ul>\n<\/div><\/div>\n","protected":false},"excerpt":{"rendered":"<p>El\u00e9rhet\u0151s\u00e9gek: 1085 Budapest, \u00dcll\u0151i \u00fat 26. Tel\/ Fax: +36-1-3566-763 Telefon: 459-15-00\/55025, +36-20-825-5025 Bels\u0151 mell\u00e9k: 55025 benedekfupatika[kukac]semmelweis.hu Nyitvatart\u00e1s: H\u00e9tf\u0151 \u2013 P\u00e9ntek.: 8:00 \u2013 16:00 Szombat-Vas\u00e1rnap: Z\u00c1RVA Az Egyetemi Gy\u00f3gyszert\u00e1r K\u00fatv\u00f6lgyi \u00fati R\u00e9szlege telephelye egy 2018. \u00e9vi korm\u00e1nyhat\u00e1rozat alapj\u00e1n megsz\u0171nt, ez\u00e9rt \u00e1tk\u00f6lt\u00f6z\u00f6tt a Bels\u0151 Klinikai T\u00f6mbbe, ahol 2020. m\u00e1rcius\u00e1ra kialak\u00edt\u00e1sra ker\u00fclt az \u00faj gy\u00f3gyszert\u00e1r, els\u0151 l\u00e9p\u00e9sben annak &hellip;<\/p>\n","protected":false},"author":357,"featured_media":0,"parent":129,"menu_order":0,"comment_status":"closed","ping_status":"closed","template":"","meta":{"_acf_changed":false,"footnotes":""},"categories":[],"tags":[],"class_list":["post-10590","page","type-page","status-publish","hentry"],"acf":[],"_links":{"self":[{"href":"https:\/\/semmelweis.hu\/gyogyszertar\/wp-json\/wp\/v2\/pages\/10590","targetHints":{"allow":["GET"]}}],"collection":[{"href":"https:\/\/semmelweis.hu\/gyogyszertar\/wp-json\/wp\/v2\/pages"}],"about":[{"href":"https:\/\/semmelweis.hu\/gyogyszertar\/wp-json\/wp\/v2\/types\/page"}],"author":[{"embeddable":true,"href":"https:\/\/semmelweis.hu\/gyogyszertar\/wp-json\/wp\/v2\/users\/357"}],"replies":[{"embeddable":true,"href":"https:\/\/semmelweis.hu\/gyogyszertar\/wp-json\/wp\/v2\/comments?post=10590"}],"version-history":[{"count":11,"href":"https:\/\/semmelweis.hu\/gyogyszertar\/wp-json\/wp\/v2\/pages\/10590\/revisions"}],"predecessor-version":[{"id":11191,"href":"https:\/\/semmelweis.hu\/gyogyszertar\/wp-json\/wp\/v2\/pages\/10590\/revisions\/11191"}],"up":[{"embeddable":true,"href":"https:\/\/semmelweis.hu\/gyogyszertar\/wp-json\/wp\/v2\/pages\/129"}],"wp:attachment":[{"href":"https:\/\/semmelweis.hu\/gyogyszertar\/wp-json\/wp\/v2\/media?parent=10590"}],"wp:term":[{"taxonomy":"category","embeddable":true,"href":"https:\/\/semmelweis.hu\/gyogyszertar\/wp-json\/wp\/v2\/categories?post=10590"},{"taxonomy":"post_tag","embeddable":true,"href":"https:\/\/semmelweis.hu\/gyogyszertar\/wp-json\/wp\/v2\/tags?post=10590"}],"curies":[{"name":"wp","href":"https:\/\/api.w.org\/{rel}","templated":true}]}}