{"id":10550,"date":"2024-09-18T12:35:40","date_gmt":"2024-09-18T10:35:40","guid":{"rendered":"https:\/\/semmelweis.hu\/gyogyszertar\/?page_id=10550"},"modified":"2025-09-10T13:46:27","modified_gmt":"2025-09-10T11:46:27","slug":"gyogyszereszi-propedeutika","status":"publish","type":"page","link":"https:\/\/semmelweis.hu\/gyogyszertar\/oktatas\/gradualis-kepzes\/gyogyszereszi-propedeutika\/","title":{"rendered":"Gy\u00f3gyszer\u00e9szi propedeutika"},"content":{"rendered":"<div class=\"responsive-tabs\">\n<h2 class=\"tabtitle\">Ismertet\u0151<\/h2>\n<div class=\"tabcontent\">\n\n<div class=\"x_elementToProof\" style=\"text-align: left\">A tant\u00e1rgy c\u00e9lja az egyetemi k\u00e9pz\u00e9si program tartalmi \u00e9s szerkezeti elemeinek megismertet\u00e9se, amelynek kiindul\u00f3 pontj\u00e1t a gy\u00f3gyszer\u00e9szk\u00e9pz\u00e9s elv\u00e1rt k\u00e9pz\u00e9si eredm\u00e9nyeinek ismerete k\u00e9pezi, a vonatkoz\u00f3 hazai EU-konform szab\u00e1lyoz\u00e1s alapj\u00e1n. Ezt k\u00f6vet\u0151en ker\u00fcl sor a Semmelweis Egyetem \u00e9s a Gy\u00f3gyszer\u00e9sztudom\u00e1nyi Kar szervezeti fel\u00e9p\u00edt\u00e9s\u00e9nek \u00e9s k\u00e9pz\u00e9si strukt\u00far\u00e1j\u00e1nak bemutat\u00e1s\u00e1ra.\u00a0 A tant\u00e1rgy c\u00e9lja tov\u00e1bb\u00e1, hogy \u00e1ltal\u00e1nos gy\u00f3gyszer\u00e9szi ismereteket ny\u00fajtson az els\u0151 \u00e9ves hallgat\u00f3knak a tanulm\u00e1nyaik elej\u00e9n, hogy az alapt\u00e1rgyakat egy megfelel\u0151 gy\u00f3gyszer\u00e9szi szeml\u00e9let birtok\u00e1ban saj\u00e1t\u00edthass\u00e1k el. A tant\u00e1rgy mindamellett, hogy el\u0151ad\u00e1sok keret\u00e9ben egy \u00e1ttekint\u0151 \u00f6sszefoglal\u00f3t ny\u00fajt a gy\u00f3gyszer\u00e9szet k\u00fcl\u00f6nb\u00f6z\u0151 ter\u00fcleteinek megismer\u00e9s\u00e9hez, igyekszik interakt\u00edv, csapat\u00e9p\u00edt\u0151 \u00e9s t\u00e1j\u00e9kozotts\u00e1got fejleszt\u0151 feladatokat \u00e1ll\u00edtani a j\u00f6v\u0151 gy\u00f3gyszer\u00e9szei el\u00e9. A tant\u00e1rgy oktat\u00e1s\u00e1nak els\u0151dleges c\u00e9lja, hogy meger\u0151s\u00edtse a hallgat\u00f3kat abban, hogy \u00e9rt\u00e9kes \u00e9s izgalmas hivat\u00e1st v\u00e1lasztottak maguknak.<\/div>\n\n<\/div><h2 class=\"tabtitle\">Tant\u00e1rgyi Adatlap<\/h2>\n<div class=\"tabcontent\">\n\n<p style=\"text-align: left\"><a href=\"https:\/\/semmelweis.hu\/gyogyszertar\/files\/2025\/09\/Gyogyszereszi-propedeutika-2025.pdf\" target=\"_blank\" rel=\"noopener\">2025\/26. Tan\u00e9v<\/a> [Friss\u00edtve: 2025.09.10.]<\/p>\n<\/div><\/div>\n<h3>\u00a0<\/h3>\n","protected":false},"excerpt":{"rendered":"<p>A tant\u00e1rgy c\u00e9lja az egyetemi k\u00e9pz\u00e9si program tartalmi \u00e9s szerkezeti elemeinek megismertet\u00e9se, amelynek kiindul\u00f3 pontj\u00e1t a gy\u00f3gyszer\u00e9szk\u00e9pz\u00e9s elv\u00e1rt k\u00e9pz\u00e9si eredm\u00e9nyeinek ismerete k\u00e9pezi, a vonatkoz\u00f3 hazai EU-konform szab\u00e1lyoz\u00e1s alapj\u00e1n. Ezt k\u00f6vet\u0151en ker\u00fcl sor a Semmelweis Egyetem \u00e9s a Gy\u00f3gyszer\u00e9sztudom\u00e1nyi Kar szervezeti fel\u00e9p\u00edt\u00e9s\u00e9nek \u00e9s k\u00e9pz\u00e9si strukt\u00far\u00e1j\u00e1nak bemutat\u00e1s\u00e1ra.\u00a0 A tant\u00e1rgy c\u00e9lja tov\u00e1bb\u00e1, hogy \u00e1ltal\u00e1nos gy\u00f3gyszer\u00e9szi ismereteket ny\u00fajtson az &hellip;<\/p>\n","protected":false},"author":357,"featured_media":0,"parent":90,"menu_order":5,"comment_status":"closed","ping_status":"closed","template":"","meta":{"_acf_changed":false,"footnotes":""},"categories":[],"tags":[],"class_list":["post-10550","page","type-page","status-publish","hentry"],"acf":[],"_links":{"self":[{"href":"https:\/\/semmelweis.hu\/gyogyszertar\/wp-json\/wp\/v2\/pages\/10550","targetHints":{"allow":["GET"]}}],"collection":[{"href":"https:\/\/semmelweis.hu\/gyogyszertar\/wp-json\/wp\/v2\/pages"}],"about":[{"href":"https:\/\/semmelweis.hu\/gyogyszertar\/wp-json\/wp\/v2\/types\/page"}],"author":[{"embeddable":true,"href":"https:\/\/semmelweis.hu\/gyogyszertar\/wp-json\/wp\/v2\/users\/357"}],"replies":[{"embeddable":true,"href":"https:\/\/semmelweis.hu\/gyogyszertar\/wp-json\/wp\/v2\/comments?post=10550"}],"version-history":[{"count":9,"href":"https:\/\/semmelweis.hu\/gyogyszertar\/wp-json\/wp\/v2\/pages\/10550\/revisions"}],"predecessor-version":[{"id":11105,"href":"https:\/\/semmelweis.hu\/gyogyszertar\/wp-json\/wp\/v2\/pages\/10550\/revisions\/11105"}],"up":[{"embeddable":true,"href":"https:\/\/semmelweis.hu\/gyogyszertar\/wp-json\/wp\/v2\/pages\/90"}],"wp:attachment":[{"href":"https:\/\/semmelweis.hu\/gyogyszertar\/wp-json\/wp\/v2\/media?parent=10550"}],"wp:term":[{"taxonomy":"category","embeddable":true,"href":"https:\/\/semmelweis.hu\/gyogyszertar\/wp-json\/wp\/v2\/categories?post=10550"},{"taxonomy":"post_tag","embeddable":true,"href":"https:\/\/semmelweis.hu\/gyogyszertar\/wp-json\/wp\/v2\/tags?post=10550"}],"curies":[{"name":"wp","href":"https:\/\/api.w.org\/{rel}","templated":true}]}}