{"id":10362,"date":"2024-09-16T18:08:18","date_gmt":"2024-09-16T16:08:18","guid":{"rendered":"https:\/\/semmelweis.hu\/gyogyszertar\/?page_id=10362"},"modified":"2024-09-17T08:11:33","modified_gmt":"2024-09-17T06:11:33","slug":"szent-rokus-klinikai-tomb-intezeti-gyogyszertari-reszleg","status":"publish","type":"page","link":"https:\/\/semmelweis.hu\/gyogyszertar\/minosegiranyitasi-rendszer\/szent-rokus-klinikai-tomb-intezeti-gyogyszertari-reszleg\/","title":{"rendered":"Szent R\u00f3kus Klinikai T\u00f6mb int\u00e9zeti gy\u00f3gyszert\u00e1ri r\u00e9szleg"},"content":{"rendered":"<h4 class=\"piros_h4\"><b>Egys\u00e9gszint\u0171 M\u0171k\u00f6d\u00e9si Szab\u00e1lyzat: <a href=\"https:\/\/semmelweis.hu\/gyogyszertar\/files\/2024\/09\/SE-EGYI-ROK-EMSZ.pdf\" target=\"_blank\" rel=\"noopener\">SE-EGYI-ROK-EMSZ<\/a><\/b><\/h4>\n","protected":false},"excerpt":{"rendered":"<p>Egys\u00e9gszint\u0171 M\u0171k\u00f6d\u00e9si Szab\u00e1lyzat: <a href=\"https:\/\/semmelweis.hu\/gyogyszertar\/files\/2024\/09\/SE-EGYI-ROK-EMSZ.pdf\" target=\"_blank\" rel=\"noopener\">SE-EGYI-ROK-EMSZ<\/a><\/p>\n","protected":false},"author":357,"featured_media":0,"parent":166,"menu_order":11,"comment_status":"closed","ping_status":"closed","template":"","meta":{"_acf_changed":false,"footnotes":""},"categories":[],"tags":[],"class_list":["post-10362","page","type-page","status-publish","hentry"],"acf":[],"_links":{"self":[{"href":"https:\/\/semmelweis.hu\/gyogyszertar\/wp-json\/wp\/v2\/pages\/10362","targetHints":{"allow":["GET"]}}],"collection":[{"href":"https:\/\/semmelweis.hu\/gyogyszertar\/wp-json\/wp\/v2\/pages"}],"about":[{"href":"https:\/\/semmelweis.hu\/gyogyszertar\/wp-json\/wp\/v2\/types\/page"}],"author":[{"embeddable":true,"href":"https:\/\/semmelweis.hu\/gyogyszertar\/wp-json\/wp\/v2\/users\/357"}],"replies":[{"embeddable":true,"href":"https:\/\/semmelweis.hu\/gyogyszertar\/wp-json\/wp\/v2\/comments?post=10362"}],"version-history":[{"count":3,"href":"https:\/\/semmelweis.hu\/gyogyszertar\/wp-json\/wp\/v2\/pages\/10362\/revisions"}],"predecessor-version":[{"id":10540,"href":"https:\/\/semmelweis.hu\/gyogyszertar\/wp-json\/wp\/v2\/pages\/10362\/revisions\/10540"}],"up":[{"embeddable":true,"href":"https:\/\/semmelweis.hu\/gyogyszertar\/wp-json\/wp\/v2\/pages\/166"}],"wp:attachment":[{"href":"https:\/\/semmelweis.hu\/gyogyszertar\/wp-json\/wp\/v2\/media?parent=10362"}],"wp:term":[{"taxonomy":"category","embeddable":true,"href":"https:\/\/semmelweis.hu\/gyogyszertar\/wp-json\/wp\/v2\/categories?post=10362"},{"taxonomy":"post_tag","embeddable":true,"href":"https:\/\/semmelweis.hu\/gyogyszertar\/wp-json\/wp\/v2\/tags?post=10362"}],"curies":[{"name":"wp","href":"https:\/\/api.w.org\/{rel}","templated":true}]}}